{"id":11306,"date":"2021-10-14T13:14:46","date_gmt":"2021-10-14T12:14:46","guid":{"rendered":"https:\/\/ecoforest.com\/?page_id=11306"},"modified":"2025-07-16T09:41:09","modified_gmt":"2025-07-16T08:41:09","slug":"igape","status":"publish","type":"page","link":"https:\/\/ecoforest.com\/de\/igape\/","title":{"rendered":"F\u00f6rderung \/ Subventionen"},"content":{"rendered":"\n<figure class=\"wp-block-image size-large\"><img loading=\"lazy\" decoding=\"async\" width=\"1024\" height=\"724\" src=\"https:\/\/ecoforest.com\/wp-content\/uploads\/2025\/07\/Cartel_Ayudas_Igape_FOEXGA_ga-1024x724.jpg\" alt=\"\" class=\"wp-image-50259\" title=\"\" srcset=\"https:\/\/ecoforest.com\/wp-content\/uploads\/2025\/07\/Cartel_Ayudas_Igape_FOEXGA_ga-1024x724.jpg 1024w, https:\/\/ecoforest.com\/wp-content\/uploads\/2025\/07\/Cartel_Ayudas_Igape_FOEXGA_ga-300x212.jpg 300w, https:\/\/ecoforest.com\/wp-content\/uploads\/2025\/07\/Cartel_Ayudas_Igape_FOEXGA_ga-768x543.jpg 768w, https:\/\/ecoforest.com\/wp-content\/uploads\/2025\/07\/Cartel_Ayudas_Igape_FOEXGA_ga.jpg 1190w\" sizes=\"auto, (max-width: 1024px) 100vw, 1024px\" \/><\/figure>\n\n\n<style>.kb-row-layout-id_ac3216-17 > .kt-row-column-wrap{align-content:start;}:where(.kb-row-layout-id_ac3216-17 > .kt-row-column-wrap) > .wp-block-kadence-column{justify-content:start;}.kb-row-layout-id_ac3216-17 > .kt-row-column-wrap{column-gap:var(--global-kb-gap-md, 2rem);row-gap:var(--global-kb-gap-md, 2rem);padding-top:var(--global-kb-spacing-sm, 1.5rem);padding-bottom:var(--global-kb-spacing-sm, 1.5rem);}.kb-row-layout-id_ac3216-17 > .kt-row-column-wrap > div:not(.added-for-specificity){grid-column:initial;}.kb-row-layout-id_ac3216-17 > .kt-row-column-wrap{grid-template-columns:repeat(5, minmax(0, 1fr));}.kb-row-layout-id_ac3216-17 > .kt-row-layout-overlay{opacity:0.30;}.kb-row-layout-id_ac3216-17 .kt-row-layout-bottom-sep{height:100px;}.kb-row-layout-id_ac3216-17 .kt-row-layout-bottom-sep svg{width:100%;}.kb-row-layout-id_ac3216-17 .kt-row-layout-bottom-sep svg{fill:#ffffff!important;}@media all and (max-width: 1024px){.kb-row-layout-id_ac3216-17 > .kt-row-column-wrap > div:not(.added-for-specificity){grid-column:initial;}}@media all and (max-width: 1024px){.kb-row-layout-id_ac3216-17 > .kt-row-column-wrap{grid-template-columns:repeat(5, minmax(0, 1fr));}}@media all and (max-width: 1024px){.kb-row-layout-id_ac3216-17 .kt-row-layout-bottom-sep{height:px;}}@media all and (max-width: 1024px){.kb-row-layout-id_ac3216-17 .kt-row-layout-bottom-sep svg{width:%;}}@media all and (max-width: 767px){.kb-row-layout-id_ac3216-17 > .kt-row-column-wrap > div:not(.added-for-specificity){grid-column:initial;}.kb-row-layout-id_ac3216-17 > .kt-row-column-wrap{grid-template-columns:minmax(0, 1fr);}.kb-row-layout-id_ac3216-17 .kt-row-layout-bottom-sep{height:px;}.kb-row-layout-id_ac3216-17 .kt-row-layout-bottom-sep svg{width:%;}}<\/style><div class=\"kb-row-layout-wrap kb-row-layout-id_ac3216-17 alignnone wp-block-kadence-rowlayout\"><div class=\"kt-row-column-wrap kt-has-5-columns kt-row-layout-equal kt-tab-layout-inherit kt-mobile-layout-row kt-row-valign-top\">\n<style>.kadence-column_d716a7-bc > .kt-inside-inner-col,.kadence-column_d716a7-bc > .kt-inside-inner-col:before{border-top-left-radius:0px;border-top-right-radius:0px;border-bottom-right-radius:0px;border-bottom-left-radius:0px;}.kadence-column_d716a7-bc > .kt-inside-inner-col{column-gap:var(--global-kb-gap-sm, 1rem);}.kadence-column_d716a7-bc > .kt-inside-inner-col{flex-direction:column;}.kadence-column_d716a7-bc > .kt-inside-inner-col > .aligncenter{width:100%;}.kadence-column_d716a7-bc > .kt-inside-inner-col:before{opacity:0.3;}.kadence-column_d716a7-bc{position:relative;}@media all and (max-width: 1024px){.kadence-column_d716a7-bc > .kt-inside-inner-col{flex-direction:column;justify-content:center;}}@media all and (max-width: 767px){.kadence-column_d716a7-bc > .kt-inside-inner-col{flex-direction:column;justify-content:center;}}<\/style>\n<div class=\"wp-block-kadence-column kadence-column_d716a7-bc inner-column-1\"><div class=\"kt-inside-inner-col\">\n<figure class=\"wp-block-image size-full\"><img loading=\"lazy\" decoding=\"async\" width=\"419\" height=\"131\" src=\"https:\/\/ecoforest.com\/wp-content\/uploads\/2021\/07\/logo-xunta-de-galicia.png\" alt=\"\" class=\"wp-image-1172\" title=\"\" srcset=\"https:\/\/ecoforest.com\/wp-content\/uploads\/2021\/07\/logo-xunta-de-galicia.png 419w, https:\/\/ecoforest.com\/wp-content\/uploads\/2021\/07\/logo-xunta-de-galicia-300x94.png 300w\" sizes=\"auto, (max-width: 419px) 100vw, 419px\" \/><\/figure>\n<\/div><\/div>\n\n\n<style>.kadence-column_b51d99-49 > .kt-inside-inner-col,.kadence-column_b51d99-49 > .kt-inside-inner-col:before{border-top-left-radius:0px;border-top-right-radius:0px;border-bottom-right-radius:0px;border-bottom-left-radius:0px;}.kadence-column_b51d99-49 > .kt-inside-inner-col{column-gap:var(--global-kb-gap-sm, 1rem);}.kadence-column_b51d99-49 > .kt-inside-inner-col{flex-direction:column;}.kadence-column_b51d99-49 > .kt-inside-inner-col > .aligncenter{width:100%;}.kadence-column_b51d99-49 > .kt-inside-inner-col:before{opacity:0.3;}.kadence-column_b51d99-49{text-align:center;}.kadence-column_b51d99-49{position:relative;}@media all and (max-width: 1024px){.kadence-column_b51d99-49 > .kt-inside-inner-col{flex-direction:column;justify-content:center;}}@media all and (max-width: 767px){.kadence-column_b51d99-49 > .kt-inside-inner-col{flex-direction:column;justify-content:center;}}<\/style>\n<div class=\"wp-block-kadence-column kadence-column_b51d99-49 inner-column-2\"><div class=\"kt-inside-inner-col\">\n<figure class=\"wp-block-image size-large is-resized\"><img loading=\"lazy\" decoding=\"async\" width=\"190\" height=\"165\" src=\"https:\/\/ecoforest.com\/wp-content\/uploads\/2021\/06\/logo-union-europea.png\" alt=\"\" class=\"wp-image-628\" style=\"width:120px\" title=\"\"><\/figure>\n<\/div><\/div>\n\n\n<style>.kadence-column_10a04f-32 > .kt-inside-inner-col,.kadence-column_10a04f-32 > .kt-inside-inner-col:before{border-top-left-radius:0px;border-top-right-radius:0px;border-bottom-right-radius:0px;border-bottom-left-radius:0px;}.kadence-column_10a04f-32 > .kt-inside-inner-col{column-gap:var(--global-kb-gap-sm, 1rem);}.kadence-column_10a04f-32 > .kt-inside-inner-col{flex-direction:column;}.kadence-column_10a04f-32 > .kt-inside-inner-col > .aligncenter{width:100%;}.kadence-column_10a04f-32 > .kt-inside-inner-col:before{opacity:0.3;}.kadence-column_10a04f-32{position:relative;}@media all and (max-width: 1024px){.kadence-column_10a04f-32 > .kt-inside-inner-col{flex-direction:column;justify-content:center;}}@media all and (max-width: 767px){.kadence-column_10a04f-32 > .kt-inside-inner-col{flex-direction:column;justify-content:center;}}<\/style>\n<div class=\"wp-block-kadence-column kadence-column_10a04f-32 inner-column-3\"><div class=\"kt-inside-inner-col\">\n<figure class=\"wp-block-image size-large is-resized\"><img loading=\"lazy\" decoding=\"async\" width=\"193\" height=\"96\" src=\"https:\/\/ecoforest.com\/wp-content\/uploads\/2021\/07\/logo-igape.jpg\" alt=\"\" class=\"wp-image-1170\" style=\"width:160px\" title=\"\"><\/figure>\n<\/div><\/div>\n\n\n<style>.kadence-column_16d700-60 > .kt-inside-inner-col,.kadence-column_16d700-60 > .kt-inside-inner-col:before{border-top-left-radius:0px;border-top-right-radius:0px;border-bottom-right-radius:0px;border-bottom-left-radius:0px;}.kadence-column_16d700-60 > .kt-inside-inner-col{column-gap:var(--global-kb-gap-sm, 1rem);}.kadence-column_16d700-60 > .kt-inside-inner-col{flex-direction:column;}.kadence-column_16d700-60 > .kt-inside-inner-col > .aligncenter{width:100%;}.kadence-column_16d700-60 > .kt-inside-inner-col:before{opacity:0.3;}.kadence-column_16d700-60{position:relative;}@media all and (max-width: 1024px){.kadence-column_16d700-60 > .kt-inside-inner-col{flex-direction:column;justify-content:center;}}@media all and (max-width: 767px){.kadence-column_16d700-60 > .kt-inside-inner-col{flex-direction:column;justify-content:center;}}<\/style>\n<div class=\"wp-block-kadence-column kadence-column_16d700-60 inner-column-4\"><div class=\"kt-inside-inner-col\">\n<figure class=\"wp-block-image size-large is-resized\"><img loading=\"lazy\" decoding=\"async\" width=\"180\" height=\"86\" src=\"https:\/\/ecoforest.com\/wp-content\/uploads\/2021\/07\/logo-galicia.png\" alt=\"\" class=\"wp-image-1169\" style=\"width:180px\" title=\"\"><\/figure>\n<\/div><\/div>\n\n\n<style>.kadence-column_4381a4-56 > .kt-inside-inner-col,.kadence-column_4381a4-56 > .kt-inside-inner-col:before{border-top-left-radius:0px;border-top-right-radius:0px;border-bottom-right-radius:0px;border-bottom-left-radius:0px;}.kadence-column_4381a4-56 > .kt-inside-inner-col{column-gap:var(--global-kb-gap-sm, 1rem);}.kadence-column_4381a4-56 > .kt-inside-inner-col{flex-direction:column;}.kadence-column_4381a4-56 > .kt-inside-inner-col > .aligncenter{width:100%;}.kadence-column_4381a4-56 > .kt-inside-inner-col:before{opacity:0.3;}.kadence-column_4381a4-56{position:relative;}@media all and (max-width: 1024px){.kadence-column_4381a4-56 > .kt-inside-inner-col{flex-direction:column;justify-content:center;}}@media all and (max-width: 767px){.kadence-column_4381a4-56 > .kt-inside-inner-col{flex-direction:column;justify-content:center;}}<\/style>\n<div class=\"wp-block-kadence-column kadence-column_4381a4-56 inner-column-5\"><div class=\"kt-inside-inner-col\"><\/div><\/div>\n\n<\/div><\/div>\n\n\n<p class=\"has-text-align-center\"><strong>EUROPAEISCHER FONDS FUER REGIONALE ENTWICKLUNG<\/strong><\/p>\n\n\n\n<figure class=\"wp-block-image size-full\"><img loading=\"lazy\" decoding=\"async\" width=\"760\" height=\"165\" src=\"https:\/\/ecoforest.com\/wp-content\/uploads\/2024\/05\/logo-union-europea_DE.png\" alt=\"\" class=\"wp-image-40917\" title=\"\" srcset=\"https:\/\/ecoforest.com\/wp-content\/uploads\/2024\/05\/logo-union-europea_DE.png 760w, https:\/\/ecoforest.com\/wp-content\/uploads\/2024\/05\/logo-union-europea_DE-300x65.png 300w\" sizes=\"auto, (max-width: 760px) 100vw, 760px\" \/><\/figure>\n\n\n\n<p class=\"has-text-align-center\">Biomasa Ecoforestal de Villaca\u00f1as S.L.U. hat mit der Unterst\u00fctzung von ICEX und der Kofinanzierung von europ\u00e4ischen EFRE-Mitteln am ICEX-Next Exportinitiierungsprogramm teilgenommen. Das Ziel dieser Unterst\u00fctzung ist es, zur internationalen Entwicklung des Unternehmens und seiner Umwelt beizutragen.<\/p>\n\n\n\n<figure class=\"wp-block-image size-full\"><img loading=\"lazy\" decoding=\"async\" width=\"760\" height=\"165\" src=\"https:\/\/ecoforest.com\/wp-content\/uploads\/2024\/05\/logo-union-europea_DE.png\" alt=\"\" class=\"wp-image-40917\" title=\"\" srcset=\"https:\/\/ecoforest.com\/wp-content\/uploads\/2024\/05\/logo-union-europea_DE.png 760w, https:\/\/ecoforest.com\/wp-content\/uploads\/2024\/05\/logo-union-europea_DE-300x65.png 300w\" sizes=\"auto, (max-width: 760px) 100vw, 760px\" \/><\/figure>\n\n\n\n<p class=\"has-text-align-center\">Ecoforest Geotermia S.L. hat mit der Unterst\u00fctzung von ICEX und der Kofinanzierung von europ\u00e4ischen EFRE-Mitteln am ICEX-Next Export Initiation Programme teilgenommen. Das Ziel dieser Unterst\u00fctzung ist es, zur internationalen Entwicklung des Unternehmens und seiner Umwelt beizutragen.<\/p>\n\n\n<style>.wp-block-kadence-spacer.kt-block-spacer-_6c33ba-11 .kt-block-spacer{height:60px;}.wp-block-kadence-spacer.kt-block-spacer-_6c33ba-11 .kt-divider{border-top-width:1px;height:1px;border-top-color:#eee;width:80%;border-top-style:solid;}<\/style>\n<div class=\"wp-block-kadence-spacer aligncenter kt-block-spacer-_6c33ba-11\"><div class=\"kt-block-spacer kt-block-spacer-halign-center\"><hr class=\"kt-divider\"\/><\/div><\/div>\n\n\n\n<p class=\"has-text-align-center\"><strong>VON DER EUROP\u00c4ISCHEN UNION KOFINANZIERTES PROJEKT<\/strong><\/p>\n\n\n\n<p class=\"has-text-align-center\">EFRE &#8211; Europ\u00e4ischer Fonds f\u00fcr regionale Entwicklung<\/p>\n\n\n\n<p class=\"has-text-align-center\">PROJEKT: PO\/1180\/P05. Bau einer neuen Produktionsst\u00e4tte mit zwei Modulen. Ein Modul f\u00fcr die Montage, Herstellung und Lagerung von Produkten, das uns die Erweiterung unserer Produktionsanlagen erm\u00f6glicht, und ein zweites Modul, das aus einem Erdgeschoss und zwei Stockwerken f\u00fcr das F&amp;E&amp;I-Labor und das Firmengeb\u00e4ude besteht.<\/p>\n\n\n\n<p class=\"has-text-align-center\">Erreichung eines wettbewerbsf\u00e4higeren Unternehmenssektors.<\/p>\n\n\n\n<p class=\"has-text-align-center\"><em>&#8222;Eine Art, Europa zu machen&#8220;<\/em><\/p>\n\n\n<style>.kb-row-layout-id_a4c0c3-4a > .kt-row-column-wrap{align-content:start;}:where(.kb-row-layout-id_a4c0c3-4a > .kt-row-column-wrap) > .wp-block-kadence-column{justify-content:start;}.kb-row-layout-id_a4c0c3-4a > .kt-row-column-wrap{column-gap:var(--global-kb-gap-md, 2rem);row-gap:var(--global-kb-gap-md, 2rem);padding-top:var(--global-kb-spacing-sm, 1.5rem);padding-bottom:var(--global-kb-spacing-sm, 1.5rem);grid-template-columns:repeat(2, minmax(0, 1fr));}.kb-row-layout-id_a4c0c3-4a > .kt-row-layout-overlay{opacity:0.30;}@media all and (max-width: 1024px){.kb-row-layout-id_a4c0c3-4a > .kt-row-column-wrap{grid-template-columns:repeat(2, minmax(0, 1fr));}}@media all and (max-width: 767px){.kb-row-layout-id_a4c0c3-4a > .kt-row-column-wrap{grid-template-columns:minmax(0, 1fr);}}<\/style><div class=\"kb-row-layout-wrap kb-row-layout-id_a4c0c3-4a alignnone wp-block-kadence-rowlayout\"><div class=\"kt-row-column-wrap kt-has-2-columns kt-row-layout-equal kt-tab-layout-inherit kt-mobile-layout-row kt-row-valign-top\">\n<style>.kadence-column_252571-b1 > .kt-inside-inner-col,.kadence-column_252571-b1 > .kt-inside-inner-col:before{border-top-left-radius:0px;border-top-right-radius:0px;border-bottom-right-radius:0px;border-bottom-left-radius:0px;}.kadence-column_252571-b1 > .kt-inside-inner-col{column-gap:var(--global-kb-gap-sm, 1rem);}.kadence-column_252571-b1 > .kt-inside-inner-col{flex-direction:column;}.kadence-column_252571-b1 > .kt-inside-inner-col > .aligncenter{width:100%;}.kadence-column_252571-b1 > .kt-inside-inner-col:before{opacity:0.3;}.kadence-column_252571-b1{position:relative;}@media all and (max-width: 1024px){.kadence-column_252571-b1 > .kt-inside-inner-col{flex-direction:column;justify-content:center;}}@media all and (max-width: 767px){.kadence-column_252571-b1 > .kt-inside-inner-col{flex-direction:column;justify-content:center;}}<\/style>\n<div class=\"wp-block-kadence-column kadence-column_252571-b1 inner-column-1\"><div class=\"kt-inside-inner-col\">\n<figure class=\"wp-block-image alignleft size-medium\"><img loading=\"lazy\" decoding=\"async\" width=\"300\" height=\"225\" src=\"https:\/\/ecoforest.com\/wp-content\/uploads\/2021\/07\/FOTO_igape-min-300x225.jpg\" alt=\"\" class=\"wp-image-1189\" title=\"\" srcset=\"https:\/\/ecoforest.com\/wp-content\/uploads\/2021\/07\/FOTO_igape-min-300x225.jpg 300w, https:\/\/ecoforest.com\/wp-content\/uploads\/2021\/07\/FOTO_igape-min-1024x768.jpg 1024w, https:\/\/ecoforest.com\/wp-content\/uploads\/2021\/07\/FOTO_igape-min-768x576.jpg 768w, https:\/\/ecoforest.com\/wp-content\/uploads\/2021\/07\/FOTO_igape-min-1536x1152.jpg 1536w, https:\/\/ecoforest.com\/wp-content\/uploads\/2021\/07\/FOTO_igape-min-2048x1536.jpg 2048w\" sizes=\"auto, (max-width: 300px) 100vw, 300px\" \/><\/figure>\n<\/div><\/div>\n\n\n<style>.kadence-column_d22985-45 > .kt-inside-inner-col,.kadence-column_d22985-45 > .kt-inside-inner-col:before{border-top-left-radius:0px;border-top-right-radius:0px;border-bottom-right-radius:0px;border-bottom-left-radius:0px;}.kadence-column_d22985-45 > .kt-inside-inner-col{column-gap:var(--global-kb-gap-sm, 1rem);}.kadence-column_d22985-45 > .kt-inside-inner-col{flex-direction:column;}.kadence-column_d22985-45 > .kt-inside-inner-col > .aligncenter{width:100%;}.kadence-column_d22985-45 > .kt-inside-inner-col:before{opacity:0.3;}.kadence-column_d22985-45{position:relative;}@media all and (max-width: 1024px){.kadence-column_d22985-45 > .kt-inside-inner-col{flex-direction:column;justify-content:center;}}@media all and (max-width: 767px){.kadence-column_d22985-45 > .kt-inside-inner-col{flex-direction:column;justify-content:center;}}<\/style>\n<div class=\"wp-block-kadence-column kadence-column_d22985-45 inner-column-2\"><div class=\"kt-inside-inner-col\">\n<figure class=\"wp-block-image alignright size-medium\"><img loading=\"lazy\" decoding=\"async\" width=\"300\" height=\"212\" src=\"https:\/\/ecoforest.com\/wp-content\/uploads\/2021\/07\/MODELO_CARTEL_PLACA_MINHAFP_002_page-0001-300x212.jpg\" alt=\"\" class=\"wp-image-1190\" title=\"\" srcset=\"https:\/\/ecoforest.com\/wp-content\/uploads\/2021\/07\/MODELO_CARTEL_PLACA_MINHAFP_002_page-0001-300x212.jpg 300w, https:\/\/ecoforest.com\/wp-content\/uploads\/2021\/07\/MODELO_CARTEL_PLACA_MINHAFP_002_page-0001-1024x725.jpg 1024w, https:\/\/ecoforest.com\/wp-content\/uploads\/2021\/07\/MODELO_CARTEL_PLACA_MINHAFP_002_page-0001-768x543.jpg 768w, https:\/\/ecoforest.com\/wp-content\/uploads\/2021\/07\/MODELO_CARTEL_PLACA_MINHAFP_002_page-0001-1536x1087.jpg 1536w, https:\/\/ecoforest.com\/wp-content\/uploads\/2021\/07\/MODELO_CARTEL_PLACA_MINHAFP_002_page-0001.jpg 1754w\" sizes=\"auto, (max-width: 300px) 100vw, 300px\" \/><\/figure>\n<\/div><\/div>\n\n<\/div><\/div>\n\n<style>.wp-block-kadence-spacer.kt-block-spacer-_1c7954-42 .kt-block-spacer{height:60px;}.wp-block-kadence-spacer.kt-block-spacer-_1c7954-42 .kt-divider{border-top-width:1px;height:1px;border-top-color:#eee;width:80%;border-top-style:solid;}<\/style>\n<div class=\"wp-block-kadence-spacer aligncenter kt-block-spacer-_1c7954-42\"><div class=\"kt-block-spacer kt-block-spacer-halign-center\"><hr class=\"kt-divider\"\/><\/div><\/div>\n\n\n\n<p class=\"has-text-align-center\"><strong>Igape Galicia Ausfuhrbeihilfen<\/strong><\/p>\n\n\n\n<p>Dieses Unternehmen hat einen Zuschuss aus dem Programm Igape Galicia Exporta Empresas erhalten. Hauptziel dieser Zusch\u00fcsse ist es, Anreize f\u00fcr den Au\u00dfenhandel und die Internationalisierung galicischer Unternehmen zu schaffen und zu f\u00f6rdern. Das angestrebte Ergebnis besteht darin, die Basis der exportierenden Unternehmen zu vergr\u00f6\u00dfern und die Pr\u00e4senz galicischer Unternehmen auf den internationalen M\u00e4rkten zu festigen.<\/p>\n\n\n\n<p class=\"has-text-align-center\">Die Operation wird von der Europ\u00e4ischen Union kofinanziert.<\/p>\n\n\n\n<p class=\"has-text-align-center\">Operationelles Programm EFRE Galicien 2014-2020<\/p>\n\n\n\n<p class=\"has-text-align-center\">Erreichen eines wettbewerbsf\u00e4higeren Unternehmenssektors<\/p>\n\n\n\n<p class=\"has-text-align-center\"><em>&#8222;Eine Art, Europa zu machen&#8220;<\/em><\/p>\n\n\n<style>.wp-block-kadence-spacer.kt-block-spacer-_6187c8-51 .kt-block-spacer{height:60px;}.wp-block-kadence-spacer.kt-block-spacer-_6187c8-51 .kt-divider{border-top-width:1px;height:1px;border-top-color:#eee;width:80%;border-top-style:solid;}<\/style>\n<div class=\"wp-block-kadence-spacer aligncenter kt-block-spacer-_6187c8-51\"><div class=\"kt-block-spacer kt-block-spacer-halign-center\"><hr class=\"kt-divider\"\/><\/div><\/div>\n\n\n\n<p class=\"has-text-align-center\"><strong>Igape Foexga Plan Zusch\u00fcsse 2019-2020<\/strong><\/p>\n\n\n\n<p class=\"has-text-align-center\">Dieses Unternehmen nimmt an einem Internationalisierungsprojekt teil, das von der Europ\u00e4ischen Union im Rahmen des Programms Igape Plan Foexga 2019-2020 kofinanziert wird.<br>Zur Unterst\u00fctzung des Internationalisierungsprozesses hat ECOFOREST von der Xunta de Galicia \u00fcber das vom Europ\u00e4ischen Fonds f\u00fcr regionale Entwicklung kofinanzierte Igape im Rahmen des operationellen Programms Feder de Galicia 2014-2020, OT3, Beihilfen erhalten.<\/p>\n\n\n\n<p class=\"has-text-align-center\">Eine sauberere und nachhaltigere Wirtschaft erreichen<\/p>\n\n\n\n<p class=\"has-text-align-center\"><em><em>&#8222;Eine Art, Europa zu machen&#8220;<\/em><\/em><\/p>\n\n\n<style>.wp-block-kadence-spacer.kt-block-spacer-_1328d2-32 .kt-block-spacer{height:60px;}.wp-block-kadence-spacer.kt-block-spacer-_1328d2-32 .kt-divider{border-top-width:1px;height:1px;border-top-color:#eee;width:80%;border-top-style:solid;}<\/style>\n<div class=\"wp-block-kadence-spacer aligncenter kt-block-spacer-_1328d2-32\"><div class=\"kt-block-spacer kt-block-spacer-halign-center\"><\/div><\/div>\n","protected":false},"excerpt":{"rendered":"<p>EUROPAEISCHER FONDS FUER REGIONALE ENTWICKLUNG Biomasa Ecoforestal de Villaca\u00f1as S.L.U. hat mit der Unterst\u00fctzung von ICEX und der Kofinanzierung von europ\u00e4ischen EFRE-Mitteln am ICEX-Next Exportinitiierungsprogramm teilgenommen. Das Ziel dieser Unterst\u00fctzung ist es, zur internationalen Entwicklung des Unternehmens und seiner Umwelt beizutragen. Ecoforest Geotermia S.L. hat mit der Unterst\u00fctzung von ICEX und der Kofinanzierung von europ\u00e4ischen [&hellip;]<\/p>\n","protected":false},"author":1,"featured_media":0,"parent":0,"menu_order":0,"comment_status":"closed","ping_status":"closed","template":"","meta":{"_acf_changed":false,"_kad_blocks_custom_css":"","_kad_blocks_head_custom_js":"","_kad_blocks_body_custom_js":"","_kad_blocks_footer_custom_js":"","site-sidebar-layout":"default","site-content-layout":"plain-container","ast-site-content-layout":"normal-width-container","site-content-style":"unboxed","site-sidebar-style":"unboxed","ast-global-header-display":"","ast-banner-title-visibility":"","ast-main-header-display":"","ast-hfb-above-header-display":"","ast-hfb-below-header-display":"","ast-hfb-mobile-header-display":"","site-post-title":"","ast-breadcrumbs-content":"","ast-featured-img":"","footer-sml-layout":"","ast-disable-related-posts":"","theme-transparent-header-meta":"default","adv-header-id-meta":"","stick-header-meta":"default","header-above-stick-meta":"","header-main-stick-meta":"","header-below-stick-meta":"","astra-migrate-meta-layouts":"set","ast-page-background-enabled":"default","ast-page-background-meta":{"desktop":{"background-color":"","background-image":"","background-repeat":"repeat","background-position":"center center","background-size":"auto","background-attachment":"scroll","background-type":"","background-media":"","overlay-type":"","overlay-color":"","overlay-opacity":"","overlay-gradient":""},"tablet":{"background-color":"","background-image":"","background-repeat":"repeat","background-position":"center center","background-size":"auto","background-attachment":"scroll","background-type":"","background-media":"","overlay-type":"","overlay-color":"","overlay-opacity":"","overlay-gradient":""},"mobile":{"background-color":"","background-image":"","background-repeat":"repeat","background-position":"center center","background-size":"auto","background-attachment":"scroll","background-type":"","background-media":"","overlay-type":"","overlay-color":"","overlay-opacity":"","overlay-gradient":""}},"ast-content-background-meta":{"desktop":{"background-color":"var(--ast-global-color-5)","background-image":"","background-repeat":"repeat","background-position":"center center","background-size":"auto","background-attachment":"scroll","background-type":"","background-media":"","overlay-type":"","overlay-color":"","overlay-opacity":"","overlay-gradient":""},"tablet":{"background-color":"var(--ast-global-color-5)","background-image":"","background-repeat":"repeat","background-position":"center center","background-size":"auto","background-attachment":"scroll","background-type":"","background-media":"","overlay-type":"","overlay-color":"","overlay-opacity":"","overlay-gradient":""},"mobile":{"background-color":"var(--ast-global-color-5)","background-image":"","background-repeat":"repeat","background-position":"center center","background-size":"auto","background-attachment":"scroll","background-type":"","background-media":"","overlay-type":"","overlay-color":"","overlay-opacity":"","overlay-gradient":""}},"footnotes":""},"class_list":["post-11306","page","type-page","status-publish","hentry"],"acf":[],"featured_image_src_large":false,"author_info":{"display_name":"desarrollo","author_link":"https:\/\/ecoforest.com\/de\/author\/desarrollo\/"},"comment_info":0,"taxonomy_info":[],"_links":{"self":[{"href":"https:\/\/ecoforest.com\/de\/wp-json\/wp\/v2\/pages\/11306","targetHints":{"allow":["GET"]}}],"collection":[{"href":"https:\/\/ecoforest.com\/de\/wp-json\/wp\/v2\/pages"}],"about":[{"href":"https:\/\/ecoforest.com\/de\/wp-json\/wp\/v2\/types\/page"}],"author":[{"embeddable":true,"href":"https:\/\/ecoforest.com\/de\/wp-json\/wp\/v2\/users\/1"}],"replies":[{"embeddable":true,"href":"https:\/\/ecoforest.com\/de\/wp-json\/wp\/v2\/comments?post=11306"}],"version-history":[{"count":4,"href":"https:\/\/ecoforest.com\/de\/wp-json\/wp\/v2\/pages\/11306\/revisions"}],"predecessor-version":[{"id":50273,"href":"https:\/\/ecoforest.com\/de\/wp-json\/wp\/v2\/pages\/11306\/revisions\/50273"}],"wp:attachment":[{"href":"https:\/\/ecoforest.com\/de\/wp-json\/wp\/v2\/media?parent=11306"}],"curies":[{"name":"wp","href":"https:\/\/api.w.org\/{rel}","templated":true}]}}