{"id":14394,"date":"2021-07-01T11:43:07","date_gmt":"2021-07-01T11:43:07","guid":{"rendered":"https:\/\/ecoforest.com\/newsletter\/"},"modified":"2023-05-11T13:16:46","modified_gmt":"2023-05-11T12:16:46","slug":"newsletter","status":"publish","type":"page","link":"https:\/\/ecoforest.com\/de\/newsletter\/","title":{"rendered":"Ecoforest  newsletter"},"content":{"rendered":"\n<div style=\"height:50px\" aria-hidden=\"true\" class=\"wp-block-spacer\"><\/div>\n\n\n<style>.wp-block-kadence-advancedheading.kt-adv-heading_a94c0a-f7, .wp-block-kadence-advancedheading.kt-adv-heading_a94c0a-f7[data-kb-block=\"kb-adv-heading_a94c0a-f7\"]{text-align:center;font-size:28px;font-style:normal;}.wp-block-kadence-advancedheading.kt-adv-heading_a94c0a-f7 mark.kt-highlight, .wp-block-kadence-advancedheading.kt-adv-heading_a94c0a-f7[data-kb-block=\"kb-adv-heading_a94c0a-f7\"] mark.kt-highlight{font-style:normal;color:#f76a0c;-webkit-box-decoration-break:clone;box-decoration-break:clone;padding-top:0px;padding-right:0px;padding-bottom:0px;padding-left:0px;}<\/style>\n<h1 class=\"kt-adv-heading_a94c0a-f7 wp-block-kadence-advancedheading\" data-kb-block=\"kb-adv-heading_a94c0a-f7\">Ecoforest newsletter<\/h1>\n\n\n<style>.kb-row-layout-id_0731b0-a8 > .kt-row-column-wrap{align-content:start;}:where(.kb-row-layout-id_0731b0-a8 > .kt-row-column-wrap) > .wp-block-kadence-column{justify-content:start;}.kb-row-layout-id_0731b0-a8 > .kt-row-column-wrap{column-gap:var(--global-kb-gap-md, 2rem);row-gap:var(--global-kb-gap-md, 2rem);padding-top:var(--global-kb-spacing-sm, 1.5rem);padding-bottom:var(--global-kb-spacing-sm, 1.5rem);grid-template-columns:minmax(0, calc(15% - ((var(--global-kb-gap-md, 2rem) * 2 )\/3)))minmax(0, calc(70% - ((var(--global-kb-gap-md, 2rem) * 2 )\/3)))minmax(0, calc(15% - ((var(--global-kb-gap-md, 2rem) * 2 )\/3)));}.kb-row-layout-id_0731b0-a8 > .kt-row-layout-overlay{opacity:0.30;}@media all and (max-width: 1024px){.kb-row-layout-id_0731b0-a8 > .kt-row-column-wrap > div:not(.added-for-specificity){grid-column:initial;}}@media all and (max-width: 1024px){.kb-row-layout-id_0731b0-a8 > .kt-row-column-wrap{grid-template-columns:minmax(0, 1fr) minmax(0, 2fr) minmax(0, 1fr);}}@media all and (max-width: 767px){.kb-row-layout-id_0731b0-a8 > .kt-row-column-wrap > div:not(.added-for-specificity){grid-column:initial;}.kb-row-layout-id_0731b0-a8 > .kt-row-column-wrap{grid-template-columns:minmax(0, 1fr);}}<\/style><div class=\"kb-row-layout-wrap kb-row-layout-id_0731b0-a8 alignnone wp-block-kadence-rowlayout\"><div class=\"kt-row-column-wrap kt-has-3-columns kt-row-layout-center-half kt-tab-layout-inherit kt-mobile-layout-row kt-row-valign-top\">\n<style>.kadence-column_0857a3-ac > .kt-inside-inner-col,.kadence-column_0857a3-ac > .kt-inside-inner-col:before{border-top-left-radius:0px;border-top-right-radius:0px;border-bottom-right-radius:0px;border-bottom-left-radius:0px;}.kadence-column_0857a3-ac > .kt-inside-inner-col{column-gap:var(--global-kb-gap-sm, 1rem);}.kadence-column_0857a3-ac > .kt-inside-inner-col{flex-direction:column;}.kadence-column_0857a3-ac > .kt-inside-inner-col > .aligncenter{width:100%;}.kadence-column_0857a3-ac > .kt-inside-inner-col:before{opacity:0.3;}.kadence-column_0857a3-ac{position:relative;}@media all and (max-width: 1024px){.kadence-column_0857a3-ac > .kt-inside-inner-col{flex-direction:column;justify-content:center;}}@media all and (max-width: 767px){.kadence-column_0857a3-ac > .kt-inside-inner-col{flex-direction:column;justify-content:center;}}<\/style>\n<div class=\"wp-block-kadence-column kadence-column_0857a3-ac inner-column-1\"><div class=\"kt-inside-inner-col\"><\/div><\/div>\n\n\n<style>.kadence-column_795ffc-a0 > .kt-inside-inner-col,.kadence-column_795ffc-a0 > .kt-inside-inner-col:before{border-top-left-radius:0px;border-top-right-radius:0px;border-bottom-right-radius:0px;border-bottom-left-radius:0px;}.kadence-column_795ffc-a0 > .kt-inside-inner-col{column-gap:var(--global-kb-gap-sm, 1rem);}.kadence-column_795ffc-a0 > .kt-inside-inner-col{flex-direction:column;}.kadence-column_795ffc-a0 > .kt-inside-inner-col > .aligncenter{width:100%;}.kadence-column_795ffc-a0 > .kt-inside-inner-col:before{opacity:0.3;}.kadence-column_795ffc-a0{position:relative;}@media all and (max-width: 1024px){.kadence-column_795ffc-a0 > .kt-inside-inner-col{flex-direction:column;justify-content:center;}}@media all and (max-width: 767px){.kadence-column_795ffc-a0 > .kt-inside-inner-col{flex-direction:column;justify-content:center;}}<\/style>\n<div class=\"wp-block-kadence-column kadence-column_795ffc-a0 inner-column-2\"><div class=\"kt-inside-inner-col\">\n<div class=\"wpcf7 no-js\" id=\"wpcf7-f14399-o1\" lang=\"es-ES\" dir=\"ltr\" data-wpcf7-id=\"14399\">\n<div class=\"screen-reader-response\"><p role=\"status\" aria-live=\"polite\" aria-atomic=\"true\"><\/p> <ul><\/ul><\/div>\n<form action=\"\/de\/wp-json\/wp\/v2\/pages\/14394#wpcf7-f14399-o1\" method=\"post\" class=\"wpcf7-form init\" aria-label=\"Formulario de contacto\" novalidate=\"novalidate\" data-status=\"init\">\n<fieldset class=\"hidden-fields-container\"><input type=\"hidden\" name=\"_wpcf7\" value=\"14399\" \/><input type=\"hidden\" name=\"_wpcf7_version\" value=\"6.1.5\" \/><input type=\"hidden\" name=\"_wpcf7_locale\" value=\"es_ES\" \/><input type=\"hidden\" name=\"_wpcf7_unit_tag\" value=\"wpcf7-f14399-o1\" \/><input type=\"hidden\" name=\"_wpcf7_container_post\" value=\"0\" \/><input type=\"hidden\" name=\"_wpcf7_posted_data_hash\" value=\"\" \/><input type=\"hidden\" name=\"_wpcf7_recaptcha_response\" value=\"\" \/>\n<\/fieldset>\n<div class=\"econews\">\n<label><strong> Name*<\/strong><\/label>\n    <span class=\"wpcf7-form-control-wrap\" data-name=\"yourname\"><input size=\"40\" maxlength=\"400\" class=\"wpcf7-form-control wpcf7-text wpcf7-validates-as-required\" aria-required=\"true\" aria-invalid=\"false\" value=\"\" type=\"text\" name=\"yourname\" \/><\/span> \n<br>\n<label><strong> E-Mail*<\/strong><\/label>\n    <span class=\"wpcf7-form-control-wrap\" data-name=\"youremail\"><input size=\"40\" maxlength=\"400\" class=\"wpcf7-form-control wpcf7-email wpcf7-validates-as-required wpcf7-text wpcf7-validates-as-email\" aria-required=\"true\" aria-invalid=\"false\" value=\"\" type=\"email\" name=\"youremail\" \/><\/span><br>\n\n<label><strong>Newsletter*<\/strong><\/label>\n<span class=\"wpcf7-form-control-wrap\" data-name=\"newsletter1\"><select class=\"wpcf7-form-control wpcf7-select wpcf7-validates-as-required\" aria-required=\"true\" aria-invalid=\"false\" name=\"newsletter1\"><option value=\"\">Bitte w\u00e4hlen Sie eine Option<\/option><option value=\"Pellet-Produkte\">Pellet-Produkte<\/option><option value=\"W\u00e4rmepumpen und Energiemanager\">W\u00e4rmepumpen und Energiemanager<\/option><option value=\"Beide\">Beide<\/option><\/select><\/span><br>\n\n<label><strong>Typ*<\/strong><\/label>\n<span class=\"wpcf7-form-control-wrap\" data-name=\"perfil\"><select class=\"wpcf7-form-control wpcf7-select wpcf7-validates-as-required\" aria-required=\"true\" aria-invalid=\"false\" name=\"perfil\"><option value=\"\">Bitte w\u00e4hlen Sie eine Option<\/option><option value=\"Professionell\">Professionell<\/option><option value=\"Privatperson\">Privatperson<\/option><option value=\"Beide\">Beide<\/option><\/select><\/span><br>\n<strong>Gesch\u00e4ftsbedingungen*<\/strong>\n\n<span class=\"wpcf7-form-control-wrap\" data-name=\"acept_terms_and_condition\"><span class=\"wpcf7-form-control wpcf7-checkbox wpcf7-validates-as-required\"><span class=\"wpcf7-list-item first last\"><label><input type=\"checkbox\" name=\"acept_terms_and_condition[]\" value=\"Bedingungen und Konditionen akzeptieren*\" \/><span class=\"wpcf7-list-item-label\">Bedingungen und Konditionen akzeptieren*<\/span><\/label><\/span><\/span><\/span>\n\n<br>\n<div>\n<p class=\"textopeq\"><small>In \u00dcbereinstimmung mit der Verordnung (EU) zum Schutz nat\u00fcrlicher Personen bei der Verarbeitung personenbezogener Daten und zum freien Datenverkehr informieren wir Sie dar\u00fcber, dass die in diesem Formular enthaltenen Daten in eine Datei mit personenbezogenen Daten aufgenommen werden, um Ihnen Informationen zukommen zu lassen und<span class=\"vermasprivbtn\">... <a href=\"#\" onclick=\"vertxtprivacidad()\">mehr lesen<\/a><\/span><span class=\"vermasprivtxt\" style=\"display:none\">  Handels- und Marketingaktionen im Zusammenhang mit den von ECOFOREST angebotenen Dienstleistungen durchzuf\u00fchren.<\/span><\/small><\/p>\n<p class=\"vermasprivtxt\" style=\"display:none\"><small>This site is protected by reCAPTCHA and the Google <a href=\"https:\/\/policies.google.com\/privacy\" rel=\"nofollow noopener\" target=\"_blank\">Privacy Policy<\/a> and <a href=\"https:\/\/policies.google.com\/terms\" rel=\"nofollow noopener\" target=\"_blank\">Terms of Service<\/a> apply.<\/span><\/small><\/p>\n<\/div>\n<input class=\"wpcf7-form-control wpcf7-submit has-spinner\" type=\"submit\" value=\"Senden Sie\" \/>\n<\/div><div class=\"wpcf7-response-output\" aria-hidden=\"true\"><\/div>\n<\/form>\n<\/div>\n\n<\/div><\/div>\n\n\n<style>.kadence-column_8d4ed0-4c > .kt-inside-inner-col,.kadence-column_8d4ed0-4c > .kt-inside-inner-col:before{border-top-left-radius:0px;border-top-right-radius:0px;border-bottom-right-radius:0px;border-bottom-left-radius:0px;}.kadence-column_8d4ed0-4c > .kt-inside-inner-col{column-gap:var(--global-kb-gap-sm, 1rem);}.kadence-column_8d4ed0-4c > .kt-inside-inner-col{flex-direction:column;}.kadence-column_8d4ed0-4c > .kt-inside-inner-col > .aligncenter{width:100%;}.kadence-column_8d4ed0-4c > .kt-inside-inner-col:before{opacity:0.3;}.kadence-column_8d4ed0-4c{position:relative;}@media all and (max-width: 1024px){.kadence-column_8d4ed0-4c > .kt-inside-inner-col{flex-direction:column;justify-content:center;}}@media all and (max-width: 767px){.kadence-column_8d4ed0-4c > .kt-inside-inner-col{flex-direction:column;justify-content:center;}}<\/style>\n<div class=\"wp-block-kadence-column kadence-column_8d4ed0-4c inner-column-3\"><div class=\"kt-inside-inner-col\"><\/div><\/div>\n\n<\/div><\/div>\n\n\n<div style=\"height:50px\" aria-hidden=\"true\" class=\"wp-block-spacer\"><\/div>\n","protected":false},"excerpt":{"rendered":"<p>Ecoforest newsletter<\/p>\n","protected":false},"author":1,"featured_media":0,"parent":0,"menu_order":0,"comment_status":"closed","ping_status":"closed","template":"","meta":{"_acf_changed":false,"_kad_blocks_custom_css":"","_kad_blocks_head_custom_js":"","_kad_blocks_body_custom_js":"","_kad_blocks_footer_custom_js":"","site-sidebar-layout":"default","site-content-layout":"plain-container","ast-site-content-layout":"default","site-content-style":"default","site-sidebar-style":"default","ast-global-header-display":"","ast-banner-title-visibility":"","ast-main-header-display":"","ast-hfb-above-header-display":"","ast-hfb-below-header-display":"","ast-hfb-mobile-header-display":"","site-post-title":"disabled","ast-breadcrumbs-content":"","ast-featured-img":"","footer-sml-layout":"","ast-disable-related-posts":"","theme-transparent-header-meta":"default","adv-header-id-meta":"","stick-header-meta":"default","header-above-stick-meta":"","header-main-stick-meta":"","header-below-stick-meta":"","astra-migrate-meta-layouts":"default","ast-page-background-enabled":"default","ast-page-background-meta":{"desktop":{"background-color":"","background-image":"","background-repeat":"repeat","background-position":"center center","background-size":"auto","background-attachment":"scroll","background-type":"","background-media":"","overlay-type":"","overlay-color":"","overlay-opacity":"","overlay-gradient":""},"tablet":{"background-color":"","background-image":"","background-repeat":"repeat","background-position":"center center","background-size":"auto","background-attachment":"scroll","background-type":"","background-media":"","overlay-type":"","overlay-color":"","overlay-opacity":"","overlay-gradient":""},"mobile":{"background-color":"","background-image":"","background-repeat":"repeat","background-position":"center center","background-size":"auto","background-attachment":"scroll","background-type":"","background-media":"","overlay-type":"","overlay-color":"","overlay-opacity":"","overlay-gradient":""}},"ast-content-background-meta":{"desktop":{"background-color":"var(--ast-global-color-5)","background-image":"","background-repeat":"repeat","background-position":"center center","background-size":"auto","background-attachment":"scroll","background-type":"","background-media":"","overlay-type":"","overlay-color":"","overlay-opacity":"","overlay-gradient":""},"tablet":{"background-color":"var(--ast-global-color-5)","background-image":"","background-repeat":"repeat","background-position":"center center","background-size":"auto","background-attachment":"scroll","background-type":"","background-media":"","overlay-type":"","overlay-color":"","overlay-opacity":"","overlay-gradient":""},"mobile":{"background-color":"var(--ast-global-color-5)","background-image":"","background-repeat":"repeat","background-position":"center center","background-size":"auto","background-attachment":"scroll","background-type":"","background-media":"","overlay-type":"","overlay-color":"","overlay-opacity":"","overlay-gradient":""}},"footnotes":""},"class_list":["post-14394","page","type-page","status-publish","hentry"],"acf":[],"featured_image_src_large":false,"author_info":{"display_name":"desarrollo","author_link":"https:\/\/ecoforest.com\/de\/author\/desarrollo\/"},"comment_info":0,"taxonomy_info":[],"_links":{"self":[{"href":"https:\/\/ecoforest.com\/de\/wp-json\/wp\/v2\/pages\/14394","targetHints":{"allow":["GET"]}}],"collection":[{"href":"https:\/\/ecoforest.com\/de\/wp-json\/wp\/v2\/pages"}],"about":[{"href":"https:\/\/ecoforest.com\/de\/wp-json\/wp\/v2\/types\/page"}],"author":[{"embeddable":true,"href":"https:\/\/ecoforest.com\/de\/wp-json\/wp\/v2\/users\/1"}],"replies":[{"embeddable":true,"href":"https:\/\/ecoforest.com\/de\/wp-json\/wp\/v2\/comments?post=14394"}],"version-history":[{"count":5,"href":"https:\/\/ecoforest.com\/de\/wp-json\/wp\/v2\/pages\/14394\/revisions"}],"predecessor-version":[{"id":40270,"href":"https:\/\/ecoforest.com\/de\/wp-json\/wp\/v2\/pages\/14394\/revisions\/40270"}],"wp:attachment":[{"href":"https:\/\/ecoforest.com\/de\/wp-json\/wp\/v2\/media?parent=14394"}],"curies":[{"name":"wp","href":"https:\/\/api.w.org\/{rel}","templated":true}]}}