{"id":5013,"date":"2021-06-09T00:56:19","date_gmt":"2021-06-08T23:56:19","guid":{"rendered":"https:\/\/ecoforest.com\/politica-integrada-ecoforest\/"},"modified":"2024-04-19T09:39:10","modified_gmt":"2024-04-19T08:39:10","slug":"integrated-policy-ecoforest","status":"publish","type":"page","link":"https:\/\/ecoforest.com\/de\/integrated-policy-ecoforest\/","title":{"rendered":"Integrated policy"},"content":{"rendered":"\r\n<h2 class=\"wp-block-heading\">Integrierte Politik<\/h2>\r\n\r\n\r\n\r\n<p>Alle ECOFOREST-Mitglieder verpflichten sich, die gesetzlichen und beh\u00f6rdlichen Anforderungen ihrer Kunden zu erf\u00fcllen und die Wirksamkeit ihres Qualit\u00e4ts-, Umwelt-, Sicherheits- und Gesundheitsmanagementsystems kontinuierlich zu verbessern. Aus diesem Grund stellen wir im Folgenden unsere integrierte Managementsystempolitik vor:<\/p>\r\n<p>Die strategische Linie der ECOFOREST-Gruppe, bestehend aus BIOMASA ECOFORESTAL DE VILLACA\u00d1AS SLU und ECOFOREST GEOTERMIA SL (Entwicklung, Herstellung und Verkauf von \u00d6fen, Heizkesseln und geothermischen\/aerothermischen W\u00e4rmepumpen) ist das Engagement f\u00fcr Energieeffizienz. Als Hersteller von Heizungs-, L\u00fcftungs- und Klimager\u00e4ten ist ECOFOREST bestrebt, die fortschrittlichsten Technologien im Bereich der Klimatechnik einzusetzen, mit einem klaren Bekenntnis zu Investitionen in Innovation und \u00d6kostrom.<\/p>\r\n<p>Wir bei ECOFOREST sind uns bewusst, dass wir als f\u00fchrendes Unternehmen im Bereich der Klimatisierung eine klare Verpflichtung gegen\u00fcber unserem Planeten haben, und deshalb ist die \u00f6kologische Nachhaltigkeit eine der S\u00e4ulen, auf denen unser Unternehmen ruht. Aus diesem Grund werden bei ECOFOREST einige grundlegende Handlungsprinzipien angewandt, die Teil der Umweltpolitik des Unternehmens sind:<\/p>\r\n\r\n\r\n\r\n<ul class=\"wp-block-list\">\r\n<li>Integration von Umweltmanagement und nachhaltiger Entwicklung in den Entwicklungsplan des Unternehmens.<\/li>\r\n<li>Einrichtung geeigneter Managementsysteme zur F\u00f6rderung des Recyclings innerhalb des Unternehmens.<\/li>\r\n<li>Nachhaltige Nutzung von Wasser-, Rohstoff- und Energieressourcen, um die Umweltauswirkungen im Betriebsbereich zu reduzieren.<\/li>\r\n<li>Rationelle Nutzung und Bewirtschaftung der Ressourcen, Minimierung des Aufkommens von Abf\u00e4llen, Emissionen und Ableitungen durch die Festlegung von Zielen.<\/li>\r\n<li>Kontrolle der Einhaltung der geltenden Rechtsvorschriften in allen Unternehmenszentren in Bezug auf Umwelt und Sicherheit.<\/li>\r\n<li>Entwicklung einer Kultur der Innovation in allen Aktivit\u00e4ten und Technologien des Unternehmens.<\/li>\r\n<li>Kommunikation und Information aller Arbeitnehmer \u00fcber diese integrierte Politik.<\/li>\r\n<\/ul>\r\n\r\n\r\n\r\n<p>Kommunikation und Information aller Arbeitnehmer \u00fcber diese integrierte Politik.<\/p>\r\n<p>Die vom ECOFOREST-Verwaltungsrat festgelegte Managementpolitik verfolgt die folgenden Ziele:<\/p>\r\n\r\n\r\n\r\n<ul class=\"wp-block-list\">\r\n<li>Sicherstellung einer Methodik in Bezug auf Qualit\u00e4t, Umwelt, Sicherheit und Gesundheit, die die verschiedenen Prozesse und die Beziehungen zwischen ihnen verdeutlicht.<\/li>\r\n\r\n\r\n\r\n<li>Verringerung der Nichtkonformit\u00e4ten, um einen h\u00f6heren Grad an Zufriedenheit bei unseren Kunden zu erreichen. Hierf\u00fcr werden Methoden wie QRQC, KAIZEN, LEAN usw. angewandt.<\/li>\r\n\r\n\r\n\r\n<li>Motivieren und schulen Sie das gesamte Unternehmenspersonal, damit es sich als zentraler Bestandteil des Qualit\u00e4tsniveaus des Endprodukts f\u00fchlt, und geben Sie ihm das Gef\u00fchl, daran beteiligt zu sein, indem Sie die Zusammenarbeit und die \u00dcbernahme von Eigenverantwortung bei der Umsetzung des Systems f\u00f6rdern.<\/li>\r\n\r\n\r\n\r\n<li><strong>Planung und Integration<\/strong> der Risikopr\u00e4vention am Arbeitsplatz in das Managementsystem des Unternehmens, um den Gesundheitsschutz unserer Mitarbeiter bei allen T\u00e4tigkeiten und Prozessen zu gew\u00e4hrleisten. Um dies zu tun:<br \/>\r\n<ul class=\"wp-block-list\">\r\n<li>Risiken werden vermieden und nicht vermeidbare Risiken werden regelm\u00e4\u00dfig bewertet.<\/li>\r\n<li>Die Risiken werden an ihrer Wurzel bek\u00e4mpft.<\/li>\r\n<li>Die Arbeiten werden an die Menschen angepasst, die sie ausf\u00fchren.<\/li>\r\n<li>Gefahren werden durch andere T\u00e4tigkeiten ersetzt, die keine oder nur geringe Gefahren mit sich bringen.<\/li>\r\n<li>Die Gesundheit des Personals wird regelm\u00e4\u00dfig \u00fcberwacht.<\/li>\r\n<\/ul>\r\n<\/li>\r\n<\/ul>\r\n\r\n\r\n\r\n<p>Qualit\u00e4t ist die Aufgabe aller, daher ist die aktive Beteiligung aller ECOFOREST-Mitarbeiter unerl\u00e4sslich, um die Teamarbeit sowohl bei der Pr\u00e4vention als auch bei der Analyse und Probleml\u00f6sung zu f\u00f6rdern.<\/p>\r\n<p>Die Gesch\u00e4ftsleitung verpflichtet sich, die geltenden Vorschriften und Gesetze sowie andere von der Organisation unterzeichnete Anforderungen einzuhalten.<\/p>\r\n<p>Durch die Ziele in den Bereichen Qualit\u00e4t, Umwelt, Sicherheit und Gesundheit und die Verbesserungsprojekte setzt ECOFOREST diese Managementpolitik in konkrete Ma\u00dfnahmen um.<\/p>\r\n<p>Die Gesch\u00e4ftsleitung verpflichtet sich, die Mitarbeiter zu informieren, zu schulen und zu sensibilisieren, um sicher zu arbeiten und die Unfallrate so gering wie m\u00f6glich zu halten.<\/p>\r\n<p>Zu diesem Zweck hat ECOFOREST ein Qualit\u00e4ts- und Umweltmanagementsystem entwickelt, eingef\u00fchrt und auf dem neuesten Stand gehalten, das den folgenden Normen entspricht: ISO 9001, ISO 14001, EMAS, ISO 45001, BSI-MCS (ING), FLAMME VERTE (FR), KEYMARK (EUR), WATERMARK (AUSTRALIA), NF 414 (FR), UL (EEUU), KIWA (IT), QMARK (USA\/CANADA), AHRI (USA) und ENERGY STAR (USA).<\/p>\r\n<p>DER DIREKTOR<\/p>\r\n\r\n\r\n\r\n<figure class=\"wp-block-image aligncenter size-large\"><img loading=\"lazy\" decoding=\"async\" width=\"300\" height=\"75\" class=\"wp-image-11\" src=\"https:\/\/ecoforest.com\/wp-content\/uploads\/2021\/06\/logo-ecoforest.png\" alt=\"\" title=\"\" srcset=\"https:\/\/ecoforest.com\/wp-content\/uploads\/2021\/06\/logo-ecoforest.png 300w, https:\/\/ecoforest.com\/wp-content\/uploads\/2021\/06\/logo-ecoforest-260x65.png 260w\" sizes=\"auto, (max-width: 300px) 100vw, 300px\" \/><\/figure>\r\n\r\n\r\n\r\n<p>\u00dcberarbeitung: 05<\/p>\r\n<p>Datum: 16\/04\/2024<\/p>\r\n","protected":false},"excerpt":{"rendered":"<p>Integrierte Politik Alle ECOFOREST-Mitglieder verpflichten sich, die gesetzlichen und beh\u00f6rdlichen Anforderungen ihrer Kunden zu erf\u00fcllen und die Wirksamkeit ihres Qualit\u00e4ts-, Umwelt-, Sicherheits- und Gesundheitsmanagementsystems kontinuierlich zu verbessern. Aus diesem Grund stellen wir im Folgenden unsere integrierte Managementsystempolitik vor: Die strategische Linie der ECOFOREST-Gruppe, bestehend aus BIOMASA ECOFORESTAL DE VILLACA\u00d1AS SLU und ECOFOREST GEOTERMIA SL (Entwicklung, [&hellip;]<\/p>\n","protected":false},"author":1,"featured_media":0,"parent":0,"menu_order":0,"comment_status":"closed","ping_status":"closed","template":"","meta":{"_acf_changed":false,"_kad_blocks_custom_css":"","_kad_blocks_head_custom_js":"","_kad_blocks_body_custom_js":"","_kad_blocks_footer_custom_js":"","site-sidebar-layout":"default","site-content-layout":"default","ast-site-content-layout":"default","site-content-style":"default","site-sidebar-style":"default","ast-global-header-display":"","ast-banner-title-visibility":"","ast-main-header-display":"","ast-hfb-above-header-display":"","ast-hfb-below-header-display":"","ast-hfb-mobile-header-display":"","site-post-title":"disabled","ast-breadcrumbs-content":"","ast-featured-img":"","footer-sml-layout":"","ast-disable-related-posts":"","theme-transparent-header-meta":"default","adv-header-id-meta":"","stick-header-meta":"default","header-above-stick-meta":"","header-main-stick-meta":"","header-below-stick-meta":"","astra-migrate-meta-layouts":"set","ast-page-background-enabled":"default","ast-page-background-meta":{"desktop":{"background-color":"","background-image":"","background-repeat":"repeat","background-position":"center center","background-size":"auto","background-attachment":"scroll","background-type":"","background-media":"","overlay-type":"","overlay-color":"","overlay-opacity":"","overlay-gradient":""},"tablet":{"background-color":"","background-image":"","background-repeat":"repeat","background-position":"center center","background-size":"auto","background-attachment":"scroll","background-type":"","background-media":"","overlay-type":"","overlay-color":"","overlay-opacity":"","overlay-gradient":""},"mobile":{"background-color":"","background-image":"","background-repeat":"repeat","background-position":"center center","background-size":"auto","background-attachment":"scroll","background-type":"","background-media":"","overlay-type":"","overlay-color":"","overlay-opacity":"","overlay-gradient":""}},"ast-content-background-meta":{"desktop":{"background-color":"var(--ast-global-color-5)","background-image":"","background-repeat":"repeat","background-position":"center center","background-size":"auto","background-attachment":"scroll","background-type":"","background-media":"","overlay-type":"","overlay-color":"","overlay-opacity":"","overlay-gradient":""},"tablet":{"background-color":"var(--ast-global-color-5)","background-image":"","background-repeat":"repeat","background-position":"center center","background-size":"auto","background-attachment":"scroll","background-type":"","background-media":"","overlay-type":"","overlay-color":"","overlay-opacity":"","overlay-gradient":""},"mobile":{"background-color":"var(--ast-global-color-5)","background-image":"","background-repeat":"repeat","background-position":"center center","background-size":"auto","background-attachment":"scroll","background-type":"","background-media":"","overlay-type":"","overlay-color":"","overlay-opacity":"","overlay-gradient":""}},"footnotes":""},"class_list":["post-5013","page","type-page","status-publish","hentry"],"acf":[],"featured_image_src_large":false,"author_info":{"display_name":"desarrollo","author_link":"https:\/\/ecoforest.com\/de\/author\/desarrollo\/"},"comment_info":0,"taxonomy_info":[],"_links":{"self":[{"href":"https:\/\/ecoforest.com\/de\/wp-json\/wp\/v2\/pages\/5013","targetHints":{"allow":["GET"]}}],"collection":[{"href":"https:\/\/ecoforest.com\/de\/wp-json\/wp\/v2\/pages"}],"about":[{"href":"https:\/\/ecoforest.com\/de\/wp-json\/wp\/v2\/types\/page"}],"author":[{"embeddable":true,"href":"https:\/\/ecoforest.com\/de\/wp-json\/wp\/v2\/users\/1"}],"replies":[{"embeddable":true,"href":"https:\/\/ecoforest.com\/de\/wp-json\/wp\/v2\/comments?post=5013"}],"version-history":[{"count":6,"href":"https:\/\/ecoforest.com\/de\/wp-json\/wp\/v2\/pages\/5013\/revisions"}],"predecessor-version":[{"id":40122,"href":"https:\/\/ecoforest.com\/de\/wp-json\/wp\/v2\/pages\/5013\/revisions\/40122"}],"wp:attachment":[{"href":"https:\/\/ecoforest.com\/de\/wp-json\/wp\/v2\/media?parent=5013"}],"curies":[{"name":"wp","href":"https:\/\/api.w.org\/{rel}","templated":true}]}}