{"id":6275,"date":"2021-07-25T22:46:07","date_gmt":"2021-07-25T21:46:07","guid":{"rendered":"https:\/\/ecoforest.com\/prensa-o-publicidad\/"},"modified":"2026-03-16T08:57:26","modified_gmt":"2026-03-16T07:57:26","slug":"press-advertising-form","status":"publish","type":"page","link":"https:\/\/ecoforest.com\/de\/press-advertising-form\/","title":{"rendered":"Presse oder Werbung?"},"content":{"rendered":"<style>.wp-block-kadence-advancedheading.kt-adv-heading6275_faa625-7e, .wp-block-kadence-advancedheading.kt-adv-heading6275_faa625-7e[data-kb-block=\"kb-adv-heading6275_faa625-7e\"]{text-align:center;font-size:28px;font-style:normal;}.wp-block-kadence-advancedheading.kt-adv-heading6275_faa625-7e mark.kt-highlight, .wp-block-kadence-advancedheading.kt-adv-heading6275_faa625-7e[data-kb-block=\"kb-adv-heading6275_faa625-7e\"] mark.kt-highlight{font-style:normal;color:#f76a0c;-webkit-box-decoration-break:clone;box-decoration-break:clone;padding-top:0px;padding-right:0px;padding-bottom:0px;padding-left:0px;}<\/style>\n<h2 class=\"kt-adv-heading6275_faa625-7e wp-block-kadence-advancedheading\" data-kb-block=\"kb-adv-heading6275_faa625-7e\">Presse oder Werbung?<\/h2>\n\n\n\n<p class=\"sin-margen\">Wenn Sie uns Werbung senden oder mit der Marketingabteilung in Kontakt treten m\u00f6chten, k\u00f6nnen Sie das folgende Formular ausf\u00fcllen und wir werden Ihnen kontaktieren.<\/p>\n\n\n<style>.wp-block-kadence-spacer.kt-block-spacer-6275_b16cd5-68 .kt-block-spacer{height:60px;}.wp-block-kadence-spacer.kt-block-spacer-6275_b16cd5-68 .kt-divider{border-top-width:1px;height:1px;border-top-color:#000000;width:100%;border-top-style:solid;}<\/style>\n<div class=\"wp-block-kadence-spacer aligncenter kt-block-spacer-6275_b16cd5-68\"><div class=\"kt-block-spacer kt-block-spacer-halign-center\"><\/div><\/div>\n\n\n\n<div class=\"wpcf7 no-js\" id=\"wpcf7-f30672-o1\" lang=\"es-ES\" dir=\"ltr\" data-wpcf7-id=\"30672\">\n<div class=\"screen-reader-response\"><p role=\"status\" aria-live=\"polite\" aria-atomic=\"true\"><\/p> <ul><\/ul><\/div>\n<form action=\"\/de\/wp-json\/wp\/v2\/pages\/6275#wpcf7-f30672-o1\" method=\"post\" class=\"wpcf7-form init\" aria-label=\"Formulario de contacto\" novalidate=\"novalidate\" data-status=\"init\">\n<fieldset class=\"hidden-fields-container\"><input type=\"hidden\" name=\"_wpcf7\" value=\"30672\" \/><input type=\"hidden\" name=\"_wpcf7_version\" value=\"6.1.5\" \/><input type=\"hidden\" name=\"_wpcf7_locale\" value=\"es_ES\" \/><input type=\"hidden\" name=\"_wpcf7_unit_tag\" value=\"wpcf7-f30672-o1\" \/><input type=\"hidden\" name=\"_wpcf7_container_post\" value=\"0\" \/><input type=\"hidden\" name=\"_wpcf7_posted_data_hash\" value=\"\" \/><input type=\"hidden\" name=\"_wpcf7_recaptcha_response\" value=\"\" \/>\n<\/fieldset>\n<div class=\"bloque-producto\">\n<span>Kontakt<\/span>\n<div class=\"bloque-producto-inner\">\n<label>Name<sup>*<\/sup>\n    <span class=\"wpcf7-form-control-wrap\" data-name=\"your-name\"><input size=\"40\" maxlength=\"400\" class=\"wpcf7-form-control wpcf7-text wpcf7-validates-as-required\" aria-required=\"true\" aria-invalid=\"false\" value=\"\" type=\"text\" name=\"your-name\" \/><\/span> <\/label>\n\n<label>Email <sup>*<\/sup>\n    <span class=\"wpcf7-form-control-wrap\" data-name=\"your-email\"><input size=\"40\" maxlength=\"400\" class=\"wpcf7-form-control wpcf7-email wpcf7-validates-as-required wpcf7-text wpcf7-validates-as-email\" aria-required=\"true\" aria-invalid=\"false\" value=\"\" type=\"email\" name=\"your-email\" \/><\/span> <\/label>\n\n<label>Comments\n     <span class=\"wpcf7-form-control-wrap\" data-name=\"textarea-548\"><textarea cols=\"40\" rows=\"4\" maxlength=\"200\" class=\"wpcf7-form-control wpcf7-textarea wpcf7-validates-as-required\" aria-required=\"true\" aria-invalid=\"false\" name=\"textarea-548\"><\/textarea><\/span> \n    Max:<span class=\"wpcf7-character-count down\" data-target-name=\"textarea-548\" data-starting-value=\"200\" data-current-value=\"200\" data-maximum-value=\"200\">200<\/span><\/label>\n<\/div>\n<\/div>\n\n<div class=\"bloque-legal\">\n<span>Gesch\u00e4ftsbedingungen<\/span>\n<div class=\"bloque-legal-inner\">\n<label>Gesch\u00e4ftsbedingungen<\/label>\n<div class=\"texto-legal\">\n<p>In \u00dcbereinstimmung mit der Verordnung (EU) zum Schutz nat\u00fcrlicher Personen bei der Verarbeitung personenbezogener Daten und zum freien Datenverkehr informieren wir Sie dar\u00fcber, dass die in diesem Formular enthaltenen Daten in eine Datei mit personenbezogenen Daten aufgenommen werden, um Ihnen Informationen zukommen zu lassen und Handels- und Marketingaktionen im Zusammenhang mit den von ECOFOREST angebotenen Dienstleistungen durchzuf\u00fchren.<\/p>\n<\/div>\nThis site is protected by reCAPTCHA and the Google <a href=\"https:\/\/policies.google.com\/privacy\" rel=\"nofollow noopener\" target=\"_blank\">Privacy Policy<\/a> and <a href=\"https:\/\/policies.google.com\/terms\" rel=\"nofollow noopener\" target=\"_blank\">Terms of Service<\/a> apply.\n<span class=\"wpcf7-form-control-wrap\" data-name=\"acceptance-600\"><span class=\"wpcf7-form-control wpcf7-acceptance\"><span class=\"wpcf7-list-item\"><input type=\"checkbox\" name=\"acceptance-600\" value=\"1\" aria-invalid=\"false\" \/><\/span><\/span><\/span> Accept terms and conditions\n<\/div>\n<\/div>\n<input class=\"wpcf7-form-control wpcf7-submit has-spinner\" type=\"submit\" value=\"Send\" \/><div class=\"wpcf7-response-output\" aria-hidden=\"true\"><\/div>\n<\/form>\n<\/div>\n\n","protected":false},"excerpt":{"rendered":"<p>Presse oder Werbung? Wenn Sie uns Werbung senden oder mit der Marketingabteilung in Kontakt treten m\u00f6chten, k\u00f6nnen Sie das folgende Formular ausf\u00fcllen und wir werden Ihnen kontaktieren.<\/p>\n","protected":false},"author":1,"featured_media":0,"parent":0,"menu_order":0,"comment_status":"closed","ping_status":"closed","template":"","meta":{"_acf_changed":false,"_kad_blocks_custom_css":"","_kad_blocks_head_custom_js":"","_kad_blocks_body_custom_js":"","_kad_blocks_footer_custom_js":"","site-sidebar-layout":"default","site-content-layout":"default","ast-site-content-layout":"default","site-content-style":"default","site-sidebar-style":"default","ast-global-header-display":"","ast-banner-title-visibility":"","ast-main-header-display":"","ast-hfb-above-header-display":"","ast-hfb-below-header-display":"","ast-hfb-mobile-header-display":"","site-post-title":"disabled","ast-breadcrumbs-content":"","ast-featured-img":"disabled","footer-sml-layout":"","ast-disable-related-posts":"","theme-transparent-header-meta":"default","adv-header-id-meta":"","stick-header-meta":"default","header-above-stick-meta":"","header-main-stick-meta":"","header-below-stick-meta":"","astra-migrate-meta-layouts":"set","ast-page-background-enabled":"default","ast-page-background-meta":{"desktop":{"background-color":"","background-image":"","background-repeat":"repeat","background-position":"center center","background-size":"auto","background-attachment":"scroll","background-type":"","background-media":"","overlay-type":"","overlay-color":"","overlay-opacity":"","overlay-gradient":""},"tablet":{"background-color":"","background-image":"","background-repeat":"repeat","background-position":"center center","background-size":"auto","background-attachment":"scroll","background-type":"","background-media":"","overlay-type":"","overlay-color":"","overlay-opacity":"","overlay-gradient":""},"mobile":{"background-color":"","background-image":"","background-repeat":"repeat","background-position":"center center","background-size":"auto","background-attachment":"scroll","background-type":"","background-media":"","overlay-type":"","overlay-color":"","overlay-opacity":"","overlay-gradient":""}},"ast-content-background-meta":{"desktop":{"background-color":"var(--ast-global-color-5)","background-image":"","background-repeat":"repeat","background-position":"center center","background-size":"auto","background-attachment":"scroll","background-type":"","background-media":"","overlay-type":"","overlay-color":"","overlay-opacity":"","overlay-gradient":""},"tablet":{"background-color":"var(--ast-global-color-5)","background-image":"","background-repeat":"repeat","background-position":"center center","background-size":"auto","background-attachment":"scroll","background-type":"","background-media":"","overlay-type":"","overlay-color":"","overlay-opacity":"","overlay-gradient":""},"mobile":{"background-color":"var(--ast-global-color-5)","background-image":"","background-repeat":"repeat","background-position":"center center","background-size":"auto","background-attachment":"scroll","background-type":"","background-media":"","overlay-type":"","overlay-color":"","overlay-opacity":"","overlay-gradient":""}},"footnotes":""},"class_list":["post-6275","page","type-page","status-publish","hentry"],"acf":[],"featured_image_src_large":false,"author_info":{"display_name":"desarrollo","author_link":"https:\/\/ecoforest.com\/de\/author\/desarrollo\/"},"comment_info":0,"taxonomy_info":[],"_links":{"self":[{"href":"https:\/\/ecoforest.com\/de\/wp-json\/wp\/v2\/pages\/6275","targetHints":{"allow":["GET"]}}],"collection":[{"href":"https:\/\/ecoforest.com\/de\/wp-json\/wp\/v2\/pages"}],"about":[{"href":"https:\/\/ecoforest.com\/de\/wp-json\/wp\/v2\/types\/page"}],"author":[{"embeddable":true,"href":"https:\/\/ecoforest.com\/de\/wp-json\/wp\/v2\/users\/1"}],"replies":[{"embeddable":true,"href":"https:\/\/ecoforest.com\/de\/wp-json\/wp\/v2\/comments?post=6275"}],"version-history":[{"count":6,"href":"https:\/\/ecoforest.com\/de\/wp-json\/wp\/v2\/pages\/6275\/revisions"}],"predecessor-version":[{"id":52808,"href":"https:\/\/ecoforest.com\/de\/wp-json\/wp\/v2\/pages\/6275\/revisions\/52808"}],"wp:attachment":[{"href":"https:\/\/ecoforest.com\/de\/wp-json\/wp\/v2\/media?parent=6275"}],"curies":[{"name":"wp","href":"https:\/\/api.w.org\/{rel}","templated":true}]}}