{"id":1166,"date":"2021-07-01T00:38:44","date_gmt":"2021-07-01T00:38:44","guid":{"rendered":"https:\/\/ecoforest.com\/?page_id=1166"},"modified":"2025-07-16T09:30:46","modified_gmt":"2025-07-16T08:30:46","slug":"ayudas-igape","status":"publish","type":"page","link":"https:\/\/ecoforest.com\/es\/ayudas-igape\/","title":{"rendered":"Ayudas \/ Subvenciones"},"content":{"rendered":"\n<figure class=\"wp-block-image size-large\"><img loading=\"lazy\" decoding=\"async\" width=\"1024\" height=\"724\" src=\"https:\/\/ecoforest.com\/wp-content\/uploads\/2025\/07\/Cartel_Ayudas_Igape_FOEXGA_ga-1024x724.jpg\" alt=\"\" class=\"wp-image-50259\" title=\"\" srcset=\"https:\/\/ecoforest.com\/wp-content\/uploads\/2025\/07\/Cartel_Ayudas_Igape_FOEXGA_ga-1024x724.jpg 1024w, https:\/\/ecoforest.com\/wp-content\/uploads\/2025\/07\/Cartel_Ayudas_Igape_FOEXGA_ga-300x212.jpg 300w, https:\/\/ecoforest.com\/wp-content\/uploads\/2025\/07\/Cartel_Ayudas_Igape_FOEXGA_ga-768x543.jpg 768w, https:\/\/ecoforest.com\/wp-content\/uploads\/2025\/07\/Cartel_Ayudas_Igape_FOEXGA_ga.jpg 1190w\" sizes=\"auto, (max-width: 1024px) 100vw, 1024px\" \/><\/figure>\n\n\n<style>.kb-row-layout-id_ac3216-17 > .kt-row-column-wrap{align-content:start;}:where(.kb-row-layout-id_ac3216-17 > .kt-row-column-wrap) > .wp-block-kadence-column{justify-content:start;}.kb-row-layout-id_ac3216-17 > .kt-row-column-wrap{column-gap:var(--global-kb-gap-md, 2rem);row-gap:var(--global-kb-gap-md, 2rem);padding-top:var(--global-kb-spacing-sm, 1.5rem);padding-bottom:var(--global-kb-spacing-sm, 1.5rem);}.kb-row-layout-id_ac3216-17 > .kt-row-column-wrap > div:not(.added-for-specificity){grid-column:initial;}.kb-row-layout-id_ac3216-17 > .kt-row-column-wrap{grid-template-columns:repeat(5, minmax(0, 1fr));}.kb-row-layout-id_ac3216-17 > .kt-row-layout-overlay{opacity:0.30;}.kb-row-layout-id_ac3216-17 .kt-row-layout-bottom-sep{height:100px;}.kb-row-layout-id_ac3216-17 .kt-row-layout-bottom-sep svg{width:100%;}.kb-row-layout-id_ac3216-17 .kt-row-layout-bottom-sep svg{fill:#ffffff!important;}@media all and (max-width: 1024px){.kb-row-layout-id_ac3216-17 > .kt-row-column-wrap > div:not(.added-for-specificity){grid-column:initial;}}@media all and (max-width: 1024px){.kb-row-layout-id_ac3216-17 > .kt-row-column-wrap{grid-template-columns:repeat(5, minmax(0, 1fr));}}@media all and (max-width: 1024px){.kb-row-layout-id_ac3216-17 .kt-row-layout-bottom-sep{height:px;}}@media all and (max-width: 1024px){.kb-row-layout-id_ac3216-17 .kt-row-layout-bottom-sep svg{width:%;}}@media all and (max-width: 767px){.kb-row-layout-id_ac3216-17 > .kt-row-column-wrap > div:not(.added-for-specificity){grid-column:initial;}.kb-row-layout-id_ac3216-17 > .kt-row-column-wrap{grid-template-columns:minmax(0, 1fr);}.kb-row-layout-id_ac3216-17 .kt-row-layout-bottom-sep{height:px;}.kb-row-layout-id_ac3216-17 .kt-row-layout-bottom-sep svg{width:%;}}<\/style><div class=\"kb-row-layout-wrap kb-row-layout-id_ac3216-17 alignnone wp-block-kadence-rowlayout\"><div class=\"kt-row-column-wrap kt-has-5-columns kt-row-layout-equal kt-tab-layout-inherit kt-mobile-layout-row kt-row-valign-top\">\n<style>.kadence-column_d716a7-bc > .kt-inside-inner-col,.kadence-column_d716a7-bc > .kt-inside-inner-col:before{border-top-left-radius:0px;border-top-right-radius:0px;border-bottom-right-radius:0px;border-bottom-left-radius:0px;}.kadence-column_d716a7-bc > .kt-inside-inner-col{column-gap:var(--global-kb-gap-sm, 1rem);}.kadence-column_d716a7-bc > .kt-inside-inner-col{flex-direction:column;}.kadence-column_d716a7-bc > .kt-inside-inner-col > .aligncenter{width:100%;}.kadence-column_d716a7-bc > .kt-inside-inner-col:before{opacity:0.3;}.kadence-column_d716a7-bc{position:relative;}@media all and (max-width: 1024px){.kadence-column_d716a7-bc > .kt-inside-inner-col{flex-direction:column;justify-content:center;}}@media all and (max-width: 767px){.kadence-column_d716a7-bc > .kt-inside-inner-col{flex-direction:column;justify-content:center;}}<\/style>\n<div class=\"wp-block-kadence-column kadence-column_d716a7-bc inner-column-1\"><div class=\"kt-inside-inner-col\">\n<figure class=\"wp-block-image size-full\"><img loading=\"lazy\" decoding=\"async\" width=\"419\" height=\"131\" src=\"https:\/\/ecoforest.com\/wp-content\/uploads\/2021\/07\/logo-xunta-de-galicia.png\" alt=\"\" class=\"wp-image-1172\" title=\"\" srcset=\"https:\/\/ecoforest.com\/wp-content\/uploads\/2021\/07\/logo-xunta-de-galicia.png 419w, https:\/\/ecoforest.com\/wp-content\/uploads\/2021\/07\/logo-xunta-de-galicia-300x94.png 300w\" sizes=\"auto, (max-width: 419px) 100vw, 419px\" \/><\/figure>\n<\/div><\/div>\n\n\n<style>.kadence-column_b51d99-49 > .kt-inside-inner-col,.kadence-column_b51d99-49 > .kt-inside-inner-col:before{border-top-left-radius:0px;border-top-right-radius:0px;border-bottom-right-radius:0px;border-bottom-left-radius:0px;}.kadence-column_b51d99-49 > .kt-inside-inner-col{column-gap:var(--global-kb-gap-sm, 1rem);}.kadence-column_b51d99-49 > .kt-inside-inner-col{flex-direction:column;}.kadence-column_b51d99-49 > .kt-inside-inner-col > .aligncenter{width:100%;}.kadence-column_b51d99-49 > .kt-inside-inner-col:before{opacity:0.3;}.kadence-column_b51d99-49{text-align:center;}.kadence-column_b51d99-49{position:relative;}@media all and (max-width: 1024px){.kadence-column_b51d99-49 > .kt-inside-inner-col{flex-direction:column;justify-content:center;}}@media all and (max-width: 767px){.kadence-column_b51d99-49 > .kt-inside-inner-col{flex-direction:column;justify-content:center;}}<\/style>\n<div class=\"wp-block-kadence-column kadence-column_b51d99-49 inner-column-2\"><div class=\"kt-inside-inner-col\">\n<figure class=\"wp-block-image size-large is-resized\"><img loading=\"lazy\" decoding=\"async\" width=\"190\" height=\"165\" src=\"https:\/\/ecoforest.com\/wp-content\/uploads\/2021\/06\/logo-union-europea.png\" alt=\"\" class=\"wp-image-628\" style=\"width:120px\" title=\"\"><\/figure>\n<\/div><\/div>\n\n\n<style>.kadence-column_10a04f-32 > .kt-inside-inner-col,.kadence-column_10a04f-32 > .kt-inside-inner-col:before{border-top-left-radius:0px;border-top-right-radius:0px;border-bottom-right-radius:0px;border-bottom-left-radius:0px;}.kadence-column_10a04f-32 > .kt-inside-inner-col{column-gap:var(--global-kb-gap-sm, 1rem);}.kadence-column_10a04f-32 > .kt-inside-inner-col{flex-direction:column;}.kadence-column_10a04f-32 > .kt-inside-inner-col > .aligncenter{width:100%;}.kadence-column_10a04f-32 > .kt-inside-inner-col:before{opacity:0.3;}.kadence-column_10a04f-32{position:relative;}@media all and (max-width: 1024px){.kadence-column_10a04f-32 > .kt-inside-inner-col{flex-direction:column;justify-content:center;}}@media all and (max-width: 767px){.kadence-column_10a04f-32 > .kt-inside-inner-col{flex-direction:column;justify-content:center;}}<\/style>\n<div class=\"wp-block-kadence-column kadence-column_10a04f-32 inner-column-3\"><div class=\"kt-inside-inner-col\">\n<figure class=\"wp-block-image size-large is-resized\"><img loading=\"lazy\" decoding=\"async\" width=\"193\" height=\"96\" src=\"https:\/\/ecoforest.com\/wp-content\/uploads\/2021\/07\/logo-igape.jpg\" alt=\"\" class=\"wp-image-1170\" style=\"width:160px\" title=\"\"><\/figure>\n<\/div><\/div>\n\n\n<style>.kadence-column_16d700-60 > .kt-inside-inner-col,.kadence-column_16d700-60 > .kt-inside-inner-col:before{border-top-left-radius:0px;border-top-right-radius:0px;border-bottom-right-radius:0px;border-bottom-left-radius:0px;}.kadence-column_16d700-60 > .kt-inside-inner-col{column-gap:var(--global-kb-gap-sm, 1rem);}.kadence-column_16d700-60 > .kt-inside-inner-col{flex-direction:column;}.kadence-column_16d700-60 > .kt-inside-inner-col > .aligncenter{width:100%;}.kadence-column_16d700-60 > .kt-inside-inner-col:before{opacity:0.3;}.kadence-column_16d700-60{position:relative;}@media all and (max-width: 1024px){.kadence-column_16d700-60 > .kt-inside-inner-col{flex-direction:column;justify-content:center;}}@media all and (max-width: 767px){.kadence-column_16d700-60 > .kt-inside-inner-col{flex-direction:column;justify-content:center;}}<\/style>\n<div class=\"wp-block-kadence-column kadence-column_16d700-60 inner-column-4\"><div class=\"kt-inside-inner-col\">\n<figure class=\"wp-block-image size-large is-resized\"><img loading=\"lazy\" decoding=\"async\" width=\"180\" height=\"86\" src=\"https:\/\/ecoforest.com\/wp-content\/uploads\/2021\/07\/logo-galicia.png\" alt=\"\" class=\"wp-image-1169\" style=\"width:180px\" title=\"\"><\/figure>\n<\/div><\/div>\n\n\n<style>.kadence-column_4381a4-56 > .kt-inside-inner-col,.kadence-column_4381a4-56 > .kt-inside-inner-col:before{border-top-left-radius:0px;border-top-right-radius:0px;border-bottom-right-radius:0px;border-bottom-left-radius:0px;}.kadence-column_4381a4-56 > .kt-inside-inner-col{column-gap:var(--global-kb-gap-sm, 1rem);}.kadence-column_4381a4-56 > .kt-inside-inner-col{flex-direction:column;}.kadence-column_4381a4-56 > .kt-inside-inner-col > .aligncenter{width:100%;}.kadence-column_4381a4-56 > .kt-inside-inner-col:before{opacity:0.3;}.kadence-column_4381a4-56{position:relative;}@media all and (max-width: 1024px){.kadence-column_4381a4-56 > .kt-inside-inner-col{flex-direction:column;justify-content:center;}}@media all and (max-width: 767px){.kadence-column_4381a4-56 > .kt-inside-inner-col{flex-direction:column;justify-content:center;}}<\/style>\n<div class=\"wp-block-kadence-column kadence-column_4381a4-56 inner-column-5\"><div class=\"kt-inside-inner-col\"><\/div><\/div>\n\n<\/div><\/div>\n\n\n<p class=\"has-text-align-center\"><strong>FONDO EUROPEO DE DESARROLLO REGIONAL<\/strong><\/p>\n\n\n\n<figure class=\"wp-block-image size-full\"><img loading=\"lazy\" decoding=\"async\" width=\"760\" height=\"165\" src=\"https:\/\/ecoforest.com\/wp-content\/uploads\/2024\/05\/logo-union-europea_ES.png\" alt=\"\" class=\"wp-image-40871\" title=\"\" srcset=\"https:\/\/ecoforest.com\/wp-content\/uploads\/2024\/05\/logo-union-europea_ES.png 760w, https:\/\/ecoforest.com\/wp-content\/uploads\/2024\/05\/logo-union-europea_ES-300x65.png 300w\" sizes=\"auto, (max-width: 760px) 100vw, 760px\" \/><\/figure>\n\n\n\n<p class=\"has-text-align-center\">Biomasa Ecoforestal de Villaca\u00f1as S.L.U. ha participado en el Programa de Iniciaci\u00f3n a la Exportaci\u00f3n ICEX-Next, y ha contado con el apoyo del ICEX y con la cofinanciaci\u00f3n de Fondos europeos FEDER. La finalidad de este apoyo es contribuir al desarrollo internacional de la empresa y de su entorno.<\/p>\n\n\n\n<figure class=\"wp-block-image size-full\"><img loading=\"lazy\" decoding=\"async\" width=\"760\" height=\"165\" src=\"https:\/\/ecoforest.com\/wp-content\/uploads\/2024\/05\/logo-union-europea_ES.png\" alt=\"\" class=\"wp-image-40871\" title=\"\" srcset=\"https:\/\/ecoforest.com\/wp-content\/uploads\/2024\/05\/logo-union-europea_ES.png 760w, https:\/\/ecoforest.com\/wp-content\/uploads\/2024\/05\/logo-union-europea_ES-300x65.png 300w\" sizes=\"auto, (max-width: 760px) 100vw, 760px\" \/><\/figure>\n\n\n\n<p class=\"has-text-align-center\">Ecoforest Geotermia S.L. ha participado en el Programa de Iniciaci\u00f3n a la Exportaci\u00f3n ICEX-Next, y ha contado con el apoyo del ICEX y con la cofinanciaci\u00f3n de Fondos europeos FEDER. La finalidad de este apoyo es contribuir al desarrollo internacional de la empresa y de su entorno.<\/p>\n\n\n<style>.wp-block-kadence-spacer.kt-block-spacer-_efe36d-d8 .kt-block-spacer{height:60px;}.wp-block-kadence-spacer.kt-block-spacer-_efe36d-d8 .kt-divider{border-top-width:1px;height:1px;border-top-color:#eee;width:80%;border-top-style:solid;}<\/style>\n<div class=\"wp-block-kadence-spacer aligncenter kt-block-spacer-_efe36d-d8\"><div class=\"kt-block-spacer kt-block-spacer-halign-center\"><hr class=\"kt-divider\"\/><\/div><\/div>\n\n\n\n<p class=\"has-text-align-center\"><strong>PROYECTO COFINANCIADO POR LA UNI\u00d3N EUROPEA<\/strong><\/p>\n\n\n\n<p class=\"has-text-align-center\">FEDER &#8211; Fondo Europeo de Desarrollo Regional<\/p>\n\n\n\n<p class=\"has-text-align-center\">PROYECTO: PO\/1180\/P05. Construcci\u00f3n de nueva Planta Productiva compuesta de dos m\u00f3dulos. Uno para montaje, fabricaci\u00f3n y almacenamiento de productos, lo que permitir\u00e1 ampliar nuestras instalaciones productivas y un segundo m\u00f3dulo compuesto de planta baja y dos pisos destinados a laboratorio de I+D+i y edificio corporativo.<\/p>\n\n\n\n<p class=\"has-text-align-center\">Conseguir un tejido empresarial m\u00e1s competitivo<\/p>\n\n\n\n<p class=\"has-text-align-center\"><em>\u00abUnha maneira de facer Europa\u00bb<\/em><\/p>\n\n\n<style>.kb-row-layout-id_a4c0c3-4a > .kt-row-column-wrap{align-content:start;}:where(.kb-row-layout-id_a4c0c3-4a > .kt-row-column-wrap) > .wp-block-kadence-column{justify-content:start;}.kb-row-layout-id_a4c0c3-4a > .kt-row-column-wrap{column-gap:var(--global-kb-gap-md, 2rem);row-gap:var(--global-kb-gap-md, 2rem);padding-top:var(--global-kb-spacing-sm, 1.5rem);padding-bottom:var(--global-kb-spacing-sm, 1.5rem);grid-template-columns:repeat(2, minmax(0, 1fr));}.kb-row-layout-id_a4c0c3-4a > .kt-row-layout-overlay{opacity:0.30;}@media all and (max-width: 1024px){.kb-row-layout-id_a4c0c3-4a > .kt-row-column-wrap{grid-template-columns:repeat(2, minmax(0, 1fr));}}@media all and (max-width: 767px){.kb-row-layout-id_a4c0c3-4a > .kt-row-column-wrap{grid-template-columns:minmax(0, 1fr);}}<\/style><div class=\"kb-row-layout-wrap kb-row-layout-id_a4c0c3-4a alignnone wp-block-kadence-rowlayout\"><div class=\"kt-row-column-wrap kt-has-2-columns kt-row-layout-equal kt-tab-layout-inherit kt-mobile-layout-row kt-row-valign-top\">\n<style>.kadence-column_252571-b1 > .kt-inside-inner-col,.kadence-column_252571-b1 > .kt-inside-inner-col:before{border-top-left-radius:0px;border-top-right-radius:0px;border-bottom-right-radius:0px;border-bottom-left-radius:0px;}.kadence-column_252571-b1 > .kt-inside-inner-col{column-gap:var(--global-kb-gap-sm, 1rem);}.kadence-column_252571-b1 > .kt-inside-inner-col{flex-direction:column;}.kadence-column_252571-b1 > .kt-inside-inner-col > .aligncenter{width:100%;}.kadence-column_252571-b1 > .kt-inside-inner-col:before{opacity:0.3;}.kadence-column_252571-b1{position:relative;}@media all and (max-width: 1024px){.kadence-column_252571-b1 > .kt-inside-inner-col{flex-direction:column;justify-content:center;}}@media all and (max-width: 767px){.kadence-column_252571-b1 > .kt-inside-inner-col{flex-direction:column;justify-content:center;}}<\/style>\n<div class=\"wp-block-kadence-column kadence-column_252571-b1 inner-column-1\"><div class=\"kt-inside-inner-col\">\n<figure class=\"wp-block-image alignleft size-medium\"><img loading=\"lazy\" decoding=\"async\" width=\"300\" height=\"225\" src=\"https:\/\/ecoforest.com\/wp-content\/uploads\/2021\/07\/FOTO_igape-min-300x225.jpg\" alt=\"\" class=\"wp-image-1189\" title=\"\" srcset=\"https:\/\/ecoforest.com\/wp-content\/uploads\/2021\/07\/FOTO_igape-min-300x225.jpg 300w, https:\/\/ecoforest.com\/wp-content\/uploads\/2021\/07\/FOTO_igape-min-1024x768.jpg 1024w, https:\/\/ecoforest.com\/wp-content\/uploads\/2021\/07\/FOTO_igape-min-768x576.jpg 768w, https:\/\/ecoforest.com\/wp-content\/uploads\/2021\/07\/FOTO_igape-min-1536x1152.jpg 1536w, https:\/\/ecoforest.com\/wp-content\/uploads\/2021\/07\/FOTO_igape-min-2048x1536.jpg 2048w\" sizes=\"auto, (max-width: 300px) 100vw, 300px\" \/><\/figure>\n<\/div><\/div>\n\n\n<style>.kadence-column_d22985-45 > .kt-inside-inner-col,.kadence-column_d22985-45 > .kt-inside-inner-col:before{border-top-left-radius:0px;border-top-right-radius:0px;border-bottom-right-radius:0px;border-bottom-left-radius:0px;}.kadence-column_d22985-45 > .kt-inside-inner-col{column-gap:var(--global-kb-gap-sm, 1rem);}.kadence-column_d22985-45 > .kt-inside-inner-col{flex-direction:column;}.kadence-column_d22985-45 > .kt-inside-inner-col > .aligncenter{width:100%;}.kadence-column_d22985-45 > .kt-inside-inner-col:before{opacity:0.3;}.kadence-column_d22985-45{position:relative;}@media all and (max-width: 1024px){.kadence-column_d22985-45 > .kt-inside-inner-col{flex-direction:column;justify-content:center;}}@media all and (max-width: 767px){.kadence-column_d22985-45 > .kt-inside-inner-col{flex-direction:column;justify-content:center;}}<\/style>\n<div class=\"wp-block-kadence-column kadence-column_d22985-45 inner-column-2\"><div class=\"kt-inside-inner-col\">\n<figure class=\"wp-block-image alignright size-medium\"><img loading=\"lazy\" decoding=\"async\" width=\"300\" height=\"212\" src=\"https:\/\/ecoforest.com\/wp-content\/uploads\/2021\/07\/MODELO_CARTEL_PLACA_MINHAFP_002_page-0001-300x212.jpg\" alt=\"\" class=\"wp-image-1190\" title=\"\" srcset=\"https:\/\/ecoforest.com\/wp-content\/uploads\/2021\/07\/MODELO_CARTEL_PLACA_MINHAFP_002_page-0001-300x212.jpg 300w, https:\/\/ecoforest.com\/wp-content\/uploads\/2021\/07\/MODELO_CARTEL_PLACA_MINHAFP_002_page-0001-1024x725.jpg 1024w, https:\/\/ecoforest.com\/wp-content\/uploads\/2021\/07\/MODELO_CARTEL_PLACA_MINHAFP_002_page-0001-768x543.jpg 768w, https:\/\/ecoforest.com\/wp-content\/uploads\/2021\/07\/MODELO_CARTEL_PLACA_MINHAFP_002_page-0001-1536x1087.jpg 1536w, https:\/\/ecoforest.com\/wp-content\/uploads\/2021\/07\/MODELO_CARTEL_PLACA_MINHAFP_002_page-0001.jpg 1754w\" sizes=\"auto, (max-width: 300px) 100vw, 300px\" \/><\/figure>\n<\/div><\/div>\n\n<\/div><\/div>\n\n<style>.wp-block-kadence-spacer.kt-block-spacer-_06bda6-67 .kt-block-spacer{height:60px;}.wp-block-kadence-spacer.kt-block-spacer-_06bda6-67 .kt-divider{border-top-width:1px;height:1px;border-top-color:#eee;width:80%;border-top-style:solid;}<\/style>\n<div class=\"wp-block-kadence-spacer aligncenter kt-block-spacer-_06bda6-67\"><div class=\"kt-block-spacer kt-block-spacer-halign-center\"><hr class=\"kt-divider\"\/><\/div><\/div>\n\n\n\n<figure class=\"wp-block-image size-large is-resized\"><img loading=\"lazy\" decoding=\"async\" width=\"1024\" height=\"551\" src=\"https:\/\/ecoforest.com\/wp-content\/uploads\/2024\/07\/Captura-de-pantalla-2024-07-05-090803-1024x551.png\" alt=\"\" class=\"wp-image-41518\" style=\"width:468px;height:auto\" title=\"\" srcset=\"https:\/\/ecoforest.com\/wp-content\/uploads\/2024\/07\/Captura-de-pantalla-2024-07-05-090803-1024x551.png 1024w, https:\/\/ecoforest.com\/wp-content\/uploads\/2024\/07\/Captura-de-pantalla-2024-07-05-090803-300x161.png 300w, https:\/\/ecoforest.com\/wp-content\/uploads\/2024\/07\/Captura-de-pantalla-2024-07-05-090803-768x413.png 768w, https:\/\/ecoforest.com\/wp-content\/uploads\/2024\/07\/Captura-de-pantalla-2024-07-05-090803.png 1109w\" sizes=\"auto, (max-width: 1024px) 100vw, 1024px\" \/><\/figure>\n\n\n\n<p>Esta empresa foi beneficiaria dunha axuda do programa do Igape para misions comerciais das grandes empresas. O obxectivo principal destas axudas \u00e9 incentivar e estimular o comercio exterior galego e a internacionalizaci\u00f3n das empresas galegas. O resultado que se pretende \u00e9 aumentar a base de empresas exportadoras e consolidar a presenza de empresas galegas nos mercados internacionais.<\/p>\n\n\n<style>.wp-block-kadence-spacer.kt-block-spacer-_813cd3-2b .kt-block-spacer{height:60px;}.wp-block-kadence-spacer.kt-block-spacer-_813cd3-2b .kt-divider{border-top-width:1px;height:1px;border-top-color:#eee;width:80%;border-top-style:solid;}<\/style>\n<div class=\"wp-block-kadence-spacer aligncenter kt-block-spacer-_813cd3-2b\"><div class=\"kt-block-spacer kt-block-spacer-halign-center\"><hr class=\"kt-divider\"\/><\/div><\/div>\n\n\n\n<p class=\"has-text-align-center\"><strong>Axudas do Igape Galicia Exporta Empresas<\/strong><\/p>\n\n\n\n<p class=\"has-text-align-center\">Esta empresa foi beneficiaria dunha axuda di programa do Igape Galicia Exporta Empresas. O obxectivo principal destas axudas \u00e9 incentivar e estimular o comercio exterior galego e a internacionalizaci\u00f3n das pemes galegas. O resultado que se pretende \u00e9 aumentar a base de empresas exportadoras e consolidar a presenza de empresas galegas nos mercados internacionais.<\/p>\n\n\n\n<p class=\"has-text-align-center\">Operaci\u00f3n cofinanciada pola Uni\u00f3n Europea<\/p>\n\n\n\n<p class=\"has-text-align-center\">Programa Operativo FEDER Galicia 2014-2020<\/p>\n\n\n\n<p class=\"has-text-align-center\">Conseguir un tecido empresarial m\u00e1is competitivo<\/p>\n\n\n\n<p class=\"has-text-align-center\"><em>\u00abUnha maneira de facer Europa\u00bb<\/em><\/p>\n\n\n<style>.wp-block-kadence-spacer.kt-block-spacer-_1ccecb-bc .kt-block-spacer{height:60px;}.wp-block-kadence-spacer.kt-block-spacer-_1ccecb-bc .kt-divider{border-top-width:1px;height:1px;border-top-color:#eee;width:80%;border-top-style:solid;}<\/style>\n<div class=\"wp-block-kadence-spacer aligncenter kt-block-spacer-_1ccecb-bc\"><div class=\"kt-block-spacer kt-block-spacer-halign-center\"><hr class=\"kt-divider\"\/><\/div><\/div>\n\n\n\n<p class=\"has-text-align-center\"><strong>Axudas do Igape Programa Plan Foexga 2019-2020<\/strong><\/p>\n\n\n\n<p class=\"has-text-align-center\">Esta empresa participa nun proxecto de internacionalizaci\u00f3n, Operaci\u00f3n cofinanciada pola Uni\u00f3n Europea a trav\u00e9s do programa do Igape Plan Foexga 2019-2020.<br>Como apoio ao proceso de internacionalizaci\u00f3n ECOFOREST, ten axuda concedida pola Xunta de Galicia a trav\u00e9s do Igape cofinanciado polo Fondo Europeo de Desenvolvemento Rexional no marco do operativo Feder de Galicia 2014-2020, OT3.<\/p>\n\n\n\n<p class=\"has-text-align-center\">Conseguir unha econom\u00eda mais limpa e sostible<\/p>\n\n\n\n<p class=\"has-text-align-center\"><em>\u00abUnha maneira de facer Europa\u00bb<\/em><\/p>\n\n\n<style>.wp-block-kadence-spacer.kt-block-spacer-_1328d2-32 .kt-block-spacer{height:60px;}.wp-block-kadence-spacer.kt-block-spacer-_1328d2-32 .kt-divider{border-top-width:1px;height:1px;border-top-color:#eee;width:80%;border-top-style:solid;}<\/style>\n<div class=\"wp-block-kadence-spacer aligncenter kt-block-spacer-_1328d2-32\"><div class=\"kt-block-spacer kt-block-spacer-halign-center\"><\/div><\/div>\n","protected":false},"excerpt":{"rendered":"<p>FONDO EUROPEO DE DESARROLLO REGIONAL Biomasa Ecoforestal de Villaca\u00f1as S.L.U. ha participado en el Programa de Iniciaci\u00f3n a la Exportaci\u00f3n ICEX-Next, y ha contado con el apoyo del ICEX y con la cofinanciaci\u00f3n de Fondos europeos FEDER. La finalidad de este apoyo es contribuir al desarrollo internacional de la empresa y de su entorno. Ecoforest [&hellip;]<\/p>\n","protected":false},"author":1,"featured_media":0,"parent":0,"menu_order":0,"comment_status":"closed","ping_status":"closed","template":"","meta":{"_acf_changed":false,"_kad_blocks_custom_css":"","_kad_blocks_head_custom_js":"","_kad_blocks_body_custom_js":"","_kad_blocks_footer_custom_js":"","site-sidebar-layout":"default","site-content-layout":"plain-container","ast-site-content-layout":"normal-width-container","site-content-style":"unboxed","site-sidebar-style":"unboxed","ast-global-header-display":"","ast-banner-title-visibility":"","ast-main-header-display":"","ast-hfb-above-header-display":"","ast-hfb-below-header-display":"","ast-hfb-mobile-header-display":"","site-post-title":"","ast-breadcrumbs-content":"","ast-featured-img":"","footer-sml-layout":"","ast-disable-related-posts":"","theme-transparent-header-meta":"default","adv-header-id-meta":"","stick-header-meta":"default","header-above-stick-meta":"","header-main-stick-meta":"","header-below-stick-meta":"","astra-migrate-meta-layouts":"set","ast-page-background-enabled":"default","ast-page-background-meta":{"desktop":{"background-color":"","background-image":"","background-repeat":"repeat","background-position":"center center","background-size":"auto","background-attachment":"scroll","background-type":"","background-media":"","overlay-type":"","overlay-color":"","overlay-opacity":"","overlay-gradient":""},"tablet":{"background-color":"","background-image":"","background-repeat":"repeat","background-position":"center center","background-size":"auto","background-attachment":"scroll","background-type":"","background-media":"","overlay-type":"","overlay-color":"","overlay-opacity":"","overlay-gradient":""},"mobile":{"background-color":"","background-image":"","background-repeat":"repeat","background-position":"center center","background-size":"auto","background-attachment":"scroll","background-type":"","background-media":"","overlay-type":"","overlay-color":"","overlay-opacity":"","overlay-gradient":""}},"ast-content-background-meta":{"desktop":{"background-color":"var(--ast-global-color-5)","background-image":"","background-repeat":"repeat","background-position":"center center","background-size":"auto","background-attachment":"scroll","background-type":"","background-media":"","overlay-type":"","overlay-color":"","overlay-opacity":"","overlay-gradient":""},"tablet":{"background-color":"var(--ast-global-color-5)","background-image":"","background-repeat":"repeat","background-position":"center center","background-size":"auto","background-attachment":"scroll","background-type":"","background-media":"","overlay-type":"","overlay-color":"","overlay-opacity":"","overlay-gradient":""},"mobile":{"background-color":"var(--ast-global-color-5)","background-image":"","background-repeat":"repeat","background-position":"center center","background-size":"auto","background-attachment":"scroll","background-type":"","background-media":"","overlay-type":"","overlay-color":"","overlay-opacity":"","overlay-gradient":""}},"footnotes":""},"class_list":["post-1166","page","type-page","status-publish","hentry"],"acf":[],"featured_image_src_large":false,"author_info":{"display_name":"desarrollo","author_link":"https:\/\/ecoforest.com\/es\/author\/desarrollo\/"},"comment_info":0,"taxonomy_info":[],"_links":{"self":[{"href":"https:\/\/ecoforest.com\/es\/wp-json\/wp\/v2\/pages\/1166","targetHints":{"allow":["GET"]}}],"collection":[{"href":"https:\/\/ecoforest.com\/es\/wp-json\/wp\/v2\/pages"}],"about":[{"href":"https:\/\/ecoforest.com\/es\/wp-json\/wp\/v2\/types\/page"}],"author":[{"embeddable":true,"href":"https:\/\/ecoforest.com\/es\/wp-json\/wp\/v2\/users\/1"}],"replies":[{"embeddable":true,"href":"https:\/\/ecoforest.com\/es\/wp-json\/wp\/v2\/comments?post=1166"}],"version-history":[{"count":30,"href":"https:\/\/ecoforest.com\/es\/wp-json\/wp\/v2\/pages\/1166\/revisions"}],"predecessor-version":[{"id":50268,"href":"https:\/\/ecoforest.com\/es\/wp-json\/wp\/v2\/pages\/1166\/revisions\/50268"}],"wp:attachment":[{"href":"https:\/\/ecoforest.com\/es\/wp-json\/wp\/v2\/media?parent=1166"}],"curies":[{"name":"wp","href":"https:\/\/api.w.org\/{rel}","templated":true}]}}