{"id":1264,"date":"2021-07-01T11:43:07","date_gmt":"2021-07-01T11:43:07","guid":{"rendered":"https:\/\/ecoforest.com\/?page_id=1264"},"modified":"2023-05-11T13:15:09","modified_gmt":"2023-05-11T12:15:09","slug":"newsletter","status":"publish","type":"page","link":"https:\/\/ecoforest.com\/es\/newsletter\/","title":{"rendered":"Ecoforest newsletter"},"content":{"rendered":"\n<div style=\"height:50px\" aria-hidden=\"true\" class=\"wp-block-spacer\"><\/div>\n\n\n<style>.wp-block-kadence-advancedheading.kt-adv-heading_a94c0a-f7, .wp-block-kadence-advancedheading.kt-adv-heading_a94c0a-f7[data-kb-block=\"kb-adv-heading_a94c0a-f7\"]{text-align:center;font-size:28px;font-style:normal;}.wp-block-kadence-advancedheading.kt-adv-heading_a94c0a-f7 mark.kt-highlight, .wp-block-kadence-advancedheading.kt-adv-heading_a94c0a-f7[data-kb-block=\"kb-adv-heading_a94c0a-f7\"] mark.kt-highlight{font-style:normal;color:#f76a0c;-webkit-box-decoration-break:clone;box-decoration-break:clone;padding-top:0px;padding-right:0px;padding-bottom:0px;padding-left:0px;}<\/style>\n<h1 class=\"kt-adv-heading_a94c0a-f7 wp-block-kadence-advancedheading\" data-kb-block=\"kb-adv-heading_a94c0a-f7\">Ecoforest newsletter<\/h1>\n\n\n<style>.kb-row-layout-id_b4667c-16 > .kt-row-column-wrap{align-content:start;}:where(.kb-row-layout-id_b4667c-16 > .kt-row-column-wrap) > .wp-block-kadence-column{justify-content:start;}.kb-row-layout-id_b4667c-16 > .kt-row-column-wrap{column-gap:var(--global-kb-gap-md, 2rem);row-gap:var(--global-kb-gap-md, 2rem);padding-top:var(--global-kb-spacing-sm, 1.5rem);padding-bottom:var(--global-kb-spacing-sm, 1.5rem);grid-template-columns:minmax(0, calc(15% - ((var(--global-kb-gap-md, 2rem) * 2 )\/3)))minmax(0, calc(70% - ((var(--global-kb-gap-md, 2rem) * 2 )\/3)))minmax(0, calc(15% - ((var(--global-kb-gap-md, 2rem) * 2 )\/3)));}.kb-row-layout-id_b4667c-16 > .kt-row-layout-overlay{opacity:0.30;}@media all and (max-width: 1024px){.kb-row-layout-id_b4667c-16 > .kt-row-column-wrap > div:not(.added-for-specificity){grid-column:initial;}}@media all and (max-width: 1024px){.kb-row-layout-id_b4667c-16 > .kt-row-column-wrap{grid-template-columns:minmax(0, 1fr) minmax(0, 2fr) minmax(0, 1fr);}}@media all and (max-width: 767px){.kb-row-layout-id_b4667c-16 > .kt-row-column-wrap > div:not(.added-for-specificity){grid-column:initial;}.kb-row-layout-id_b4667c-16 > .kt-row-column-wrap{grid-template-columns:minmax(0, 1fr);}}<\/style><div class=\"kb-row-layout-wrap kb-row-layout-id_b4667c-16 alignnone wp-block-kadence-rowlayout\"><div class=\"kt-row-column-wrap kt-has-3-columns kt-row-layout-center-half kt-tab-layout-inherit kt-mobile-layout-row kt-row-valign-top\">\n<style>.kadence-column_4bcf31-dd > .kt-inside-inner-col,.kadence-column_4bcf31-dd > .kt-inside-inner-col:before{border-top-left-radius:0px;border-top-right-radius:0px;border-bottom-right-radius:0px;border-bottom-left-radius:0px;}.kadence-column_4bcf31-dd > .kt-inside-inner-col{column-gap:var(--global-kb-gap-sm, 1rem);}.kadence-column_4bcf31-dd > .kt-inside-inner-col{flex-direction:column;}.kadence-column_4bcf31-dd > .kt-inside-inner-col > .aligncenter{width:100%;}.kadence-column_4bcf31-dd > .kt-inside-inner-col:before{opacity:0.3;}.kadence-column_4bcf31-dd{position:relative;}@media all and (max-width: 1024px){.kadence-column_4bcf31-dd > .kt-inside-inner-col{flex-direction:column;justify-content:center;}}@media all and (max-width: 767px){.kadence-column_4bcf31-dd > .kt-inside-inner-col{flex-direction:column;justify-content:center;}}<\/style>\n<div class=\"wp-block-kadence-column kadence-column_4bcf31-dd inner-column-1\"><div class=\"kt-inside-inner-col\"><\/div><\/div>\n\n\n<style>.kadence-column_c37f5c-f2 > .kt-inside-inner-col,.kadence-column_c37f5c-f2 > .kt-inside-inner-col:before{border-top-left-radius:0px;border-top-right-radius:0px;border-bottom-right-radius:0px;border-bottom-left-radius:0px;}.kadence-column_c37f5c-f2 > .kt-inside-inner-col{column-gap:var(--global-kb-gap-sm, 1rem);}.kadence-column_c37f5c-f2 > .kt-inside-inner-col{flex-direction:column;}.kadence-column_c37f5c-f2 > .kt-inside-inner-col > .aligncenter{width:100%;}.kadence-column_c37f5c-f2 > .kt-inside-inner-col:before{opacity:0.3;}.kadence-column_c37f5c-f2{position:relative;}@media all and (max-width: 1024px){.kadence-column_c37f5c-f2 > .kt-inside-inner-col{flex-direction:column;justify-content:center;}}@media all and (max-width: 767px){.kadence-column_c37f5c-f2 > .kt-inside-inner-col{flex-direction:column;justify-content:center;}}<\/style>\n<div class=\"wp-block-kadence-column kadence-column_c37f5c-f2 inner-column-2\"><div class=\"kt-inside-inner-col\">\n<p class=\"sin-margen\">\u00bfQuieres estar al d\u00eda con lo que est\u00e1 sucediendo en Ecoforest?<\/p>\n\n\n\n<p>S\u00edguenos en <a href=\"https:\/\/es.linkedin.com\/company\/ecoforest\" rel=\"nofollow noopener\" target=\"_blank\">LinkedIn<\/a> &#8211; <a href=\"https:\/\/www.facebook.com\/Ecoforestco\" rel=\"nofollow noopener\" target=\"_blank\">Facebook<\/a> &#8211; <a href=\"https:\/\/www.youtube.com\/user\/ecoforestvideos\" rel=\"nofollow noopener\" target=\"_blank\">YouTube<\/a> &#8211; <a href=\"https:\/\/www.instagram.com\/ecoforestgroup\/?hl=es&quot;\" rel=\"nofollow noopener\" target=\"_blank\">Instagram<\/a><\/p>\n<\/div><\/div>\n\n\n<style>.kadence-column_caa9e8-8d > .kt-inside-inner-col,.kadence-column_caa9e8-8d > .kt-inside-inner-col:before{border-top-left-radius:0px;border-top-right-radius:0px;border-bottom-right-radius:0px;border-bottom-left-radius:0px;}.kadence-column_caa9e8-8d > .kt-inside-inner-col{column-gap:var(--global-kb-gap-sm, 1rem);}.kadence-column_caa9e8-8d > .kt-inside-inner-col{flex-direction:column;}.kadence-column_caa9e8-8d > .kt-inside-inner-col > .aligncenter{width:100%;}.kadence-column_caa9e8-8d > .kt-inside-inner-col:before{opacity:0.3;}.kadence-column_caa9e8-8d{position:relative;}@media all and (max-width: 1024px){.kadence-column_caa9e8-8d > .kt-inside-inner-col{flex-direction:column;justify-content:center;}}@media all and (max-width: 767px){.kadence-column_caa9e8-8d > .kt-inside-inner-col{flex-direction:column;justify-content:center;}}<\/style>\n<div class=\"wp-block-kadence-column kadence-column_caa9e8-8d inner-column-3\"><div class=\"kt-inside-inner-col\"><\/div><\/div>\n\n<\/div><\/div>\n\n<style>.kb-row-layout-id_0731b0-a8 > .kt-row-column-wrap{align-content:start;}:where(.kb-row-layout-id_0731b0-a8 > .kt-row-column-wrap) > .wp-block-kadence-column{justify-content:start;}.kb-row-layout-id_0731b0-a8 > .kt-row-column-wrap{column-gap:var(--global-kb-gap-md, 2rem);row-gap:var(--global-kb-gap-md, 2rem);padding-top:var(--global-kb-spacing-sm, 1.5rem);padding-bottom:var(--global-kb-spacing-sm, 1.5rem);grid-template-columns:minmax(0, calc(15% - ((var(--global-kb-gap-md, 2rem) * 2 )\/3)))minmax(0, calc(70% - ((var(--global-kb-gap-md, 2rem) * 2 )\/3)))minmax(0, calc(15% - ((var(--global-kb-gap-md, 2rem) * 2 )\/3)));}.kb-row-layout-id_0731b0-a8 > .kt-row-layout-overlay{opacity:0.30;}@media all and (max-width: 1024px){.kb-row-layout-id_0731b0-a8 > .kt-row-column-wrap > div:not(.added-for-specificity){grid-column:initial;}}@media all and (max-width: 1024px){.kb-row-layout-id_0731b0-a8 > .kt-row-column-wrap{grid-template-columns:minmax(0, 1fr) minmax(0, 2fr) minmax(0, 1fr);}}@media all and (max-width: 767px){.kb-row-layout-id_0731b0-a8 > .kt-row-column-wrap > div:not(.added-for-specificity){grid-column:initial;}.kb-row-layout-id_0731b0-a8 > .kt-row-column-wrap{grid-template-columns:minmax(0, 1fr);}}<\/style><div class=\"kb-row-layout-wrap kb-row-layout-id_0731b0-a8 alignnone wp-block-kadence-rowlayout\"><div class=\"kt-row-column-wrap kt-has-3-columns kt-row-layout-center-half kt-tab-layout-inherit kt-mobile-layout-row kt-row-valign-top\">\n<style>.kadence-column_0857a3-ac > .kt-inside-inner-col,.kadence-column_0857a3-ac > .kt-inside-inner-col:before{border-top-left-radius:0px;border-top-right-radius:0px;border-bottom-right-radius:0px;border-bottom-left-radius:0px;}.kadence-column_0857a3-ac > .kt-inside-inner-col{column-gap:var(--global-kb-gap-sm, 1rem);}.kadence-column_0857a3-ac > .kt-inside-inner-col{flex-direction:column;}.kadence-column_0857a3-ac > .kt-inside-inner-col > .aligncenter{width:100%;}.kadence-column_0857a3-ac > .kt-inside-inner-col:before{opacity:0.3;}.kadence-column_0857a3-ac{position:relative;}@media all and (max-width: 1024px){.kadence-column_0857a3-ac > .kt-inside-inner-col{flex-direction:column;justify-content:center;}}@media all and (max-width: 767px){.kadence-column_0857a3-ac > .kt-inside-inner-col{flex-direction:column;justify-content:center;}}<\/style>\n<div class=\"wp-block-kadence-column kadence-column_0857a3-ac inner-column-1\"><div class=\"kt-inside-inner-col\"><\/div><\/div>\n\n\n<style>.kadence-column_795ffc-a0 > .kt-inside-inner-col,.kadence-column_795ffc-a0 > .kt-inside-inner-col:before{border-top-left-radius:0px;border-top-right-radius:0px;border-bottom-right-radius:0px;border-bottom-left-radius:0px;}.kadence-column_795ffc-a0 > .kt-inside-inner-col{column-gap:var(--global-kb-gap-sm, 1rem);}.kadence-column_795ffc-a0 > .kt-inside-inner-col{flex-direction:column;}.kadence-column_795ffc-a0 > .kt-inside-inner-col > .aligncenter{width:100%;}.kadence-column_795ffc-a0 > .kt-inside-inner-col:before{opacity:0.3;}.kadence-column_795ffc-a0{position:relative;}@media all and (max-width: 1024px){.kadence-column_795ffc-a0 > .kt-inside-inner-col{flex-direction:column;justify-content:center;}}@media all and (max-width: 767px){.kadence-column_795ffc-a0 > .kt-inside-inner-col{flex-direction:column;justify-content:center;}}<\/style>\n<div class=\"wp-block-kadence-column kadence-column_795ffc-a0 inner-column-2\"><div class=\"kt-inside-inner-col\">\n<div class=\"wpcf7 no-js\" id=\"wpcf7-f6430-o1\" lang=\"es-ES\" dir=\"ltr\" data-wpcf7-id=\"6430\">\n<div class=\"screen-reader-response\"><p role=\"status\" aria-live=\"polite\" aria-atomic=\"true\"><\/p> <ul><\/ul><\/div>\n<form action=\"\/es\/wp-json\/wp\/v2\/pages\/1264#wpcf7-f6430-o1\" method=\"post\" class=\"wpcf7-form init\" aria-label=\"Formulario de contacto\" novalidate=\"novalidate\" data-status=\"init\">\n<fieldset class=\"hidden-fields-container\"><input type=\"hidden\" name=\"_wpcf7\" value=\"6430\" \/><input type=\"hidden\" name=\"_wpcf7_version\" value=\"6.1.5\" \/><input type=\"hidden\" name=\"_wpcf7_locale\" value=\"es_ES\" \/><input type=\"hidden\" name=\"_wpcf7_unit_tag\" value=\"wpcf7-f6430-o1\" \/><input type=\"hidden\" name=\"_wpcf7_container_post\" value=\"0\" \/><input type=\"hidden\" name=\"_wpcf7_posted_data_hash\" value=\"\" \/><input type=\"hidden\" name=\"_wpcf7_recaptcha_response\" value=\"\" \/>\n<\/fieldset>\n<div class=\"econews\">\n<label><strong> Nombre*<\/strong><\/label>\n    <span class=\"wpcf7-form-control-wrap\" data-name=\"yourname\"><input size=\"40\" maxlength=\"400\" class=\"wpcf7-form-control wpcf7-text wpcf7-validates-as-required\" aria-required=\"true\" aria-invalid=\"false\" value=\"\" type=\"text\" name=\"yourname\" \/><\/span> \n<br>\n<label><strong> Email*<\/strong><\/label>\n    <span class=\"wpcf7-form-control-wrap\" data-name=\"youremail\"><input size=\"40\" maxlength=\"400\" class=\"wpcf7-form-control wpcf7-email wpcf7-validates-as-required wpcf7-text wpcf7-validates-as-email\" aria-required=\"true\" aria-invalid=\"false\" value=\"\" type=\"email\" name=\"youremail\" \/><\/span><br>\n<label><strong>Newsletter*<\/strong><\/label>\n<span class=\"wpcf7-form-control-wrap\" data-name=\"newsletter1\"><select class=\"wpcf7-form-control wpcf7-select wpcf7-validates-as-required\" aria-required=\"true\" aria-invalid=\"false\" name=\"newsletter1\"><option value=\"\">Por favor, elige una opci\u00f3n<\/option><option value=\"Biomasa\">Biomasa<\/option><option value=\"Bombas de calor y gestores energ\u00e9ticos\">Bombas de calor y gestores energ\u00e9ticos<\/option><option value=\"Biomasa y Bombas de calor\">Biomasa y Bombas de calor<\/option><\/select><\/span><br>\n\n<label><strong>Tipo*<\/strong><\/label>\n<span class=\"wpcf7-form-control-wrap\" data-name=\"perfil\"><select class=\"wpcf7-form-control wpcf7-select wpcf7-validates-as-required\" aria-required=\"true\" aria-invalid=\"false\" name=\"perfil\"><option value=\"\">Por favor, elige una opci\u00f3n<\/option><option value=\"Profesional\">Profesional<\/option><option value=\"Particular\">Particular<\/option><option value=\"Profesional y particular\">Profesional y particular<\/option><\/select><\/span><br>\n<strong>T\u00e9rminos y condiciones*<\/strong>\n\n<span class=\"wpcf7-form-control-wrap\" data-name=\"aceptar_terminos_y_condic\"><span class=\"wpcf7-form-control wpcf7-checkbox wpcf7-validates-as-required\"><span class=\"wpcf7-list-item first last\"><label><input type=\"checkbox\" name=\"aceptar_terminos_y_condic[]\" value=\"Aceptar t\u00e9rminos y condiciones*\" \/><span class=\"wpcf7-list-item-label\">Aceptar t\u00e9rminos y condiciones*<\/span><\/label><\/span><\/span><\/span>\n\n<br>\n<div>\n<p class=\"textopeq\"><small>A los efectos del Reglamento (UE) relativo a la protecci\u00f3n de las personas f\u00edsicas en lo que respecta al tratamiento de datos personales y la libre circulaci\u00f3n de \u00e9stos, le informamos de que los datos recabados en este formulario ser\u00e1n incluidos en un fichero automatizado de datos de car\u00e1cter personal cuya finalidad es el env\u00edo de informaci\u00f3n y<span class=\"vermasprivbtn\">... <a href=\"#\" onclick=\"vertxtprivacidad()\">leer m\u00e1s<\/a><\/span><span class=\"vermasprivtxt\" style=\"display:none\"> la realizaci\u00f3n de acciones comerciales y de marketing en relaci\u00f3n con los servicios que presta ECOFOREST. Estos datos ser\u00e1n recibidos por ECOFOREST, domiciliada en c\/Puerto Rico 14 \u2013 36204 Vigo (SPAIN) donde vd. podr\u00e1 acceder, rectificar, cancelar u oponer esta informaci\u00f3n. Por medio del env\u00edo del presente formulario, vd. consiente expresamente la comunicaci\u00f3n de sus datos a ECOFOREST, as\u00ed como a quien colabore con ECOFOREST en la prestaci\u00f3n de los servicios que usted solicite.<\/span><\/small><\/p>\n<p class=\"vermasprivtxt\" style=\"display:none\"><small>Este sitio est\u00e1 protegido por reCAPTCHA y Google: <a href=\"https:\/\/policies.google.com\/privacy\" rel=\"nofollow noopener\" target=\"_blank\">Pol\u00edtica de Privacidad<\/a> y <a href=\"https:\/\/policies.google.com\/terms\" rel=\"nofollow noopener\" target=\"_blank\">T\u00e9rminos del Servicio<\/a>.<\/small><\/p>\n<\/div>\n<input class=\"wpcf7-form-control wpcf7-submit has-spinner\" type=\"submit\" value=\"Enviar\" \/>\n<\/div><div class=\"wpcf7-response-output\" aria-hidden=\"true\"><\/div>\n<\/form>\n<\/div>\n\n<\/div><\/div>\n\n\n<style>.kadence-column_8d4ed0-4c > .kt-inside-inner-col,.kadence-column_8d4ed0-4c > .kt-inside-inner-col:before{border-top-left-radius:0px;border-top-right-radius:0px;border-bottom-right-radius:0px;border-bottom-left-radius:0px;}.kadence-column_8d4ed0-4c > .kt-inside-inner-col{column-gap:var(--global-kb-gap-sm, 1rem);}.kadence-column_8d4ed0-4c > .kt-inside-inner-col{flex-direction:column;}.kadence-column_8d4ed0-4c > .kt-inside-inner-col > .aligncenter{width:100%;}.kadence-column_8d4ed0-4c > .kt-inside-inner-col:before{opacity:0.3;}.kadence-column_8d4ed0-4c{position:relative;}@media all and (max-width: 1024px){.kadence-column_8d4ed0-4c > .kt-inside-inner-col{flex-direction:column;justify-content:center;}}@media all and (max-width: 767px){.kadence-column_8d4ed0-4c > .kt-inside-inner-col{flex-direction:column;justify-content:center;}}<\/style>\n<div class=\"wp-block-kadence-column kadence-column_8d4ed0-4c inner-column-3\"><div class=\"kt-inside-inner-col\"><\/div><\/div>\n\n<\/div><\/div>\n\n\n<div style=\"height:50px\" aria-hidden=\"true\" class=\"wp-block-spacer\"><\/div>\n","protected":false},"excerpt":{"rendered":"<p>Ecoforest newsletter \u00bfQuieres estar al d\u00eda con lo que est\u00e1 sucediendo en Ecoforest? S\u00edguenos en LinkedIn &#8211; Facebook &#8211; YouTube &#8211; Instagram<\/p>\n","protected":false},"author":1,"featured_media":0,"parent":0,"menu_order":0,"comment_status":"closed","ping_status":"closed","template":"","meta":{"_acf_changed":false,"_kad_blocks_custom_css":"","_kad_blocks_head_custom_js":"","_kad_blocks_body_custom_js":"","_kad_blocks_footer_custom_js":"","site-sidebar-layout":"default","site-content-layout":"plain-container","ast-site-content-layout":"default","site-content-style":"default","site-sidebar-style":"default","ast-global-header-display":"","ast-banner-title-visibility":"","ast-main-header-display":"","ast-hfb-above-header-display":"","ast-hfb-below-header-display":"","ast-hfb-mobile-header-display":"","site-post-title":"disabled","ast-breadcrumbs-content":"","ast-featured-img":"","footer-sml-layout":"","ast-disable-related-posts":"","theme-transparent-header-meta":"default","adv-header-id-meta":"","stick-header-meta":"default","header-above-stick-meta":"","header-main-stick-meta":"","header-below-stick-meta":"","astra-migrate-meta-layouts":"default","ast-page-background-enabled":"default","ast-page-background-meta":{"desktop":{"background-color":"","background-image":"","background-repeat":"repeat","background-position":"center center","background-size":"auto","background-attachment":"scroll","background-type":"","background-media":"","overlay-type":"","overlay-color":"","overlay-opacity":"","overlay-gradient":""},"tablet":{"background-color":"","background-image":"","background-repeat":"repeat","background-position":"center center","background-size":"auto","background-attachment":"scroll","background-type":"","background-media":"","overlay-type":"","overlay-color":"","overlay-opacity":"","overlay-gradient":""},"mobile":{"background-color":"","background-image":"","background-repeat":"repeat","background-position":"center center","background-size":"auto","background-attachment":"scroll","background-type":"","background-media":"","overlay-type":"","overlay-color":"","overlay-opacity":"","overlay-gradient":""}},"ast-content-background-meta":{"desktop":{"background-color":"var(--ast-global-color-5)","background-image":"","background-repeat":"repeat","background-position":"center center","background-size":"auto","background-attachment":"scroll","background-type":"","background-media":"","overlay-type":"","overlay-color":"","overlay-opacity":"","overlay-gradient":""},"tablet":{"background-color":"var(--ast-global-color-5)","background-image":"","background-repeat":"repeat","background-position":"center center","background-size":"auto","background-attachment":"scroll","background-type":"","background-media":"","overlay-type":"","overlay-color":"","overlay-opacity":"","overlay-gradient":""},"mobile":{"background-color":"var(--ast-global-color-5)","background-image":"","background-repeat":"repeat","background-position":"center center","background-size":"auto","background-attachment":"scroll","background-type":"","background-media":"","overlay-type":"","overlay-color":"","overlay-opacity":"","overlay-gradient":""}},"footnotes":""},"class_list":["post-1264","page","type-page","status-publish","hentry"],"acf":[],"featured_image_src_large":false,"author_info":{"display_name":"desarrollo","author_link":"https:\/\/ecoforest.com\/es\/author\/desarrollo\/"},"comment_info":0,"taxonomy_info":[],"_links":{"self":[{"href":"https:\/\/ecoforest.com\/es\/wp-json\/wp\/v2\/pages\/1264","targetHints":{"allow":["GET"]}}],"collection":[{"href":"https:\/\/ecoforest.com\/es\/wp-json\/wp\/v2\/pages"}],"about":[{"href":"https:\/\/ecoforest.com\/es\/wp-json\/wp\/v2\/types\/page"}],"author":[{"embeddable":true,"href":"https:\/\/ecoforest.com\/es\/wp-json\/wp\/v2\/users\/1"}],"replies":[{"embeddable":true,"href":"https:\/\/ecoforest.com\/es\/wp-json\/wp\/v2\/comments?post=1264"}],"version-history":[{"count":19,"href":"https:\/\/ecoforest.com\/es\/wp-json\/wp\/v2\/pages\/1264\/revisions"}],"predecessor-version":[{"id":40269,"href":"https:\/\/ecoforest.com\/es\/wp-json\/wp\/v2\/pages\/1264\/revisions\/40269"}],"wp:attachment":[{"href":"https:\/\/ecoforest.com\/es\/wp-json\/wp\/v2\/media?parent=1264"}],"curies":[{"name":"wp","href":"https:\/\/api.w.org\/{rel}","templated":true}]}}