{"id":1960,"date":"2021-07-25T22:46:07","date_gmt":"2021-07-25T22:46:07","guid":{"rendered":"https:\/\/ecoforest.com\/?page_id=1960"},"modified":"2023-08-30T12:46:30","modified_gmt":"2023-08-30T11:46:30","slug":"prensa-o-publicidad","status":"publish","type":"page","link":"https:\/\/ecoforest.com\/es\/prensa-o-publicidad\/","title":{"rendered":"\u00bfPrensa o publicidad?"},"content":{"rendered":"<style>.wp-block-kadence-advancedheading.kt-adv-heading_26c8be-76, .wp-block-kadence-advancedheading.kt-adv-heading_26c8be-76[data-kb-block=\"kb-adv-heading_26c8be-76\"]{text-align:center;font-size:28px;font-style:normal;}.wp-block-kadence-advancedheading.kt-adv-heading_26c8be-76 mark.kt-highlight, .wp-block-kadence-advancedheading.kt-adv-heading_26c8be-76[data-kb-block=\"kb-adv-heading_26c8be-76\"] mark.kt-highlight{font-style:normal;color:#f76a0c;-webkit-box-decoration-break:clone;box-decoration-break:clone;padding-top:0px;padding-right:0px;padding-bottom:0px;padding-left:0px;}<\/style>\n<h1 class=\"kt-adv-heading_26c8be-76 wp-block-kadence-advancedheading\" data-kb-block=\"kb-adv-heading_26c8be-76\">\u00bfPrensa o publicidad?<\/h1>\n\n\n\n<p class=\"sin-margen\">Si lo que buscas es hacernos llegar publicidad o ponerte en contacto con el equipo de marketing, puedes cubrir el siguiente formulario y nos pondremos en contacto contigo.<\/p>\n\n\n<style>.wp-block-kadence-spacer.kt-block-spacer-_20e280-f3 .kt-block-spacer{height:60px;}.wp-block-kadence-spacer.kt-block-spacer-_20e280-f3 .kt-divider{border-top-width:1px;height:1px;border-top-color:#000000;width:100%;border-top-style:solid;}<\/style>\n<div class=\"wp-block-kadence-spacer aligncenter kt-block-spacer-_20e280-f3\"><div class=\"kt-block-spacer kt-block-spacer-halign-center\"><\/div><\/div>\n\n\n\n<div class=\"wpcf7 no-js\" id=\"wpcf7-f11477-o1\" lang=\"es-ES\" dir=\"ltr\" data-wpcf7-id=\"11477\">\n<div class=\"screen-reader-response\"><p role=\"status\" aria-live=\"polite\" aria-atomic=\"true\"><\/p> <ul><\/ul><\/div>\n<form action=\"\/es\/wp-json\/wp\/v2\/pages\/1960#wpcf7-f11477-o1\" method=\"post\" class=\"wpcf7-form init\" aria-label=\"Formulario de contacto\" novalidate=\"novalidate\" data-status=\"init\">\n<fieldset class=\"hidden-fields-container\"><input type=\"hidden\" name=\"_wpcf7\" value=\"11477\" \/><input type=\"hidden\" name=\"_wpcf7_version\" value=\"6.1.5\" \/><input type=\"hidden\" name=\"_wpcf7_locale\" value=\"es_ES\" \/><input type=\"hidden\" name=\"_wpcf7_unit_tag\" value=\"wpcf7-f11477-o1\" \/><input type=\"hidden\" name=\"_wpcf7_container_post\" value=\"0\" \/><input type=\"hidden\" name=\"_wpcf7_posted_data_hash\" value=\"\" \/><input type=\"hidden\" name=\"_wpcf7_recaptcha_response\" value=\"\" \/>\n<\/fieldset>\n<div class=\"bloque-producto\">\n<span>Formulario de contacto<\/span>\n<div class=\"bloque-producto-inner\">\n<label>Nombre<sup>*<\/sup>\n    <span class=\"wpcf7-form-control-wrap\" data-name=\"your-name\"><input size=\"40\" maxlength=\"400\" class=\"wpcf7-form-control wpcf7-text wpcf7-validates-as-required\" aria-required=\"true\" aria-invalid=\"false\" value=\"\" type=\"text\" name=\"your-name\" \/><\/span> <\/label>\n\n<label>Email <sup>*<\/sup>\n    <span class=\"wpcf7-form-control-wrap\" data-name=\"your-email\"><input size=\"40\" maxlength=\"400\" class=\"wpcf7-form-control wpcf7-email wpcf7-validates-as-required wpcf7-text wpcf7-validates-as-email\" aria-required=\"true\" aria-invalid=\"false\" value=\"\" type=\"email\" name=\"your-email\" \/><\/span> <\/label>\n\n<label>Comentarios\n <span class=\"wpcf7-form-control-wrap\" data-name=\"textarea-548\"><textarea cols=\"40\" rows=\"4\" maxlength=\"200\" class=\"wpcf7-form-control wpcf7-textarea wpcf7-validates-as-required\" aria-required=\"true\" aria-invalid=\"false\" name=\"textarea-548\"><\/textarea><\/span> \n    Max:<span class=\"wpcf7-character-count down\" data-target-name=\"textarea-548\" data-starting-value=\"200\" data-current-value=\"200\" data-maximum-value=\"200\">200<\/span>\n<\/label>\n<\/div>\n<\/div>\n\n<div class=\"bloque-legal\">\n<span>T\u00e9rminos y condiciones<\/span>\n<div class=\"bloque-legal-inner\">\n<label>T\u00e9rminos y condiciones<\/label>\n<div class=\"texto-legal\">\n<p>A los efectos del Reglamento (UE) relativo a la protecci\u00f3n de las personas f\u00edsicas en lo que respecta al tratamiento de datos personales y la libre circulaci\u00f3n de \u00e9stos, le informamos de que los datos recabados en este formulario ser\u00e1n incluidos en un fichero automatizado de datos de car\u00e1cter personal cuya finalidad es el env\u00edo de informaci\u00f3n y la realizaci\u00f3n de acciones comerciales y de marketing en relaci\u00f3n con los servicios que presta ECOFOREST.<\/p>\n<p>Estos datos ser\u00e1n recibidos por ECOFOREST, domiciliada en c\/Puerto Rico 14 - 36204 Vigo (SPAIN) donde vd. podr\u00e1 acceder, rectificar, cancelar u oponer esta informaci\u00f3n.<\/p>\n<p>Por medio del env\u00edo del presente formulario, vd. consiente expresamente la comunicaci\u00f3n de sus datos a ECOFOREST, as\u00ed como a quien colabore con ECOFOREST en la prestaci\u00f3n de los servicios que usted solicite.<\/p>\n<\/div>\nEste sitio est\u00e1 protegido por reCAPTCHA y Google: <a href=\"https:\/\/policies.google.com\/privacy\" rel=\"nofollow noopener\" target=\"_blank\">Pol\u00edtica de Privacidad<\/a> y <a href=\"https:\/\/policies.google.com\/terms\" rel=\"nofollow noopener\" target=\"_blank\">T\u00e9rminos del Servicio<\/a>.\n<span class=\"wpcf7-form-control-wrap\" data-name=\"acceptance-600\"><span class=\"wpcf7-form-control wpcf7-acceptance\"><span class=\"wpcf7-list-item\"><input type=\"checkbox\" name=\"acceptance-600\" value=\"1\" aria-invalid=\"false\" \/><\/span><\/span><\/span> Aceptar t\u00e9rminos y condiciones\n<\/div>\n<\/div>\n<input class=\"wpcf7-form-control wpcf7-submit has-spinner\" type=\"submit\" value=\"Enviar\" \/><div class=\"wpcf7-response-output\" aria-hidden=\"true\"><\/div>\n<\/form>\n<\/div>\n\n","protected":false},"excerpt":{"rendered":"<p>\u00bfPrensa o publicidad? Si lo que buscas es hacernos llegar publicidad o ponerte en contacto con el equipo de marketing, puedes cubrir el siguiente formulario y nos pondremos en contacto contigo.<\/p>\n","protected":false},"author":1,"featured_media":0,"parent":0,"menu_order":0,"comment_status":"closed","ping_status":"closed","template":"","meta":{"_acf_changed":false,"_kad_blocks_custom_css":"","_kad_blocks_head_custom_js":"","_kad_blocks_body_custom_js":"","_kad_blocks_footer_custom_js":"","site-sidebar-layout":"default","site-content-layout":"default","ast-site-content-layout":"default","site-content-style":"default","site-sidebar-style":"default","ast-global-header-display":"","ast-banner-title-visibility":"","ast-main-header-display":"","ast-hfb-above-header-display":"","ast-hfb-below-header-display":"","ast-hfb-mobile-header-display":"","site-post-title":"disabled","ast-breadcrumbs-content":"","ast-featured-img":"disabled","footer-sml-layout":"","ast-disable-related-posts":"","theme-transparent-header-meta":"default","adv-header-id-meta":"","stick-header-meta":"default","header-above-stick-meta":"","header-main-stick-meta":"","header-below-stick-meta":"","astra-migrate-meta-layouts":"default","ast-page-background-enabled":"default","ast-page-background-meta":{"desktop":{"background-color":"","background-image":"","background-repeat":"repeat","background-position":"center center","background-size":"auto","background-attachment":"scroll","background-type":"","background-media":"","overlay-type":"","overlay-color":"","overlay-opacity":"","overlay-gradient":""},"tablet":{"background-color":"","background-image":"","background-repeat":"repeat","background-position":"center center","background-size":"auto","background-attachment":"scroll","background-type":"","background-media":"","overlay-type":"","overlay-color":"","overlay-opacity":"","overlay-gradient":""},"mobile":{"background-color":"","background-image":"","background-repeat":"repeat","background-position":"center center","background-size":"auto","background-attachment":"scroll","background-type":"","background-media":"","overlay-type":"","overlay-color":"","overlay-opacity":"","overlay-gradient":""}},"ast-content-background-meta":{"desktop":{"background-color":"var(--ast-global-color-5)","background-image":"","background-repeat":"repeat","background-position":"center center","background-size":"auto","background-attachment":"scroll","background-type":"","background-media":"","overlay-type":"","overlay-color":"","overlay-opacity":"","overlay-gradient":""},"tablet":{"background-color":"var(--ast-global-color-5)","background-image":"","background-repeat":"repeat","background-position":"center center","background-size":"auto","background-attachment":"scroll","background-type":"","background-media":"","overlay-type":"","overlay-color":"","overlay-opacity":"","overlay-gradient":""},"mobile":{"background-color":"var(--ast-global-color-5)","background-image":"","background-repeat":"repeat","background-position":"center center","background-size":"auto","background-attachment":"scroll","background-type":"","background-media":"","overlay-type":"","overlay-color":"","overlay-opacity":"","overlay-gradient":""}},"footnotes":""},"class_list":["post-1960","page","type-page","status-publish","hentry"],"acf":[],"featured_image_src_large":false,"author_info":{"display_name":"desarrollo","author_link":"https:\/\/ecoforest.com\/es\/author\/desarrollo\/"},"comment_info":0,"taxonomy_info":[],"_links":{"self":[{"href":"https:\/\/ecoforest.com\/es\/wp-json\/wp\/v2\/pages\/1960","targetHints":{"allow":["GET"]}}],"collection":[{"href":"https:\/\/ecoforest.com\/es\/wp-json\/wp\/v2\/pages"}],"about":[{"href":"https:\/\/ecoforest.com\/es\/wp-json\/wp\/v2\/types\/page"}],"author":[{"embeddable":true,"href":"https:\/\/ecoforest.com\/es\/wp-json\/wp\/v2\/users\/1"}],"replies":[{"embeddable":true,"href":"https:\/\/ecoforest.com\/es\/wp-json\/wp\/v2\/comments?post=1960"}],"version-history":[{"count":5,"href":"https:\/\/ecoforest.com\/es\/wp-json\/wp\/v2\/pages\/1960\/revisions"}],"predecessor-version":[{"id":52801,"href":"https:\/\/ecoforest.com\/es\/wp-json\/wp\/v2\/pages\/1960\/revisions\/52801"}],"wp:attachment":[{"href":"https:\/\/ecoforest.com\/es\/wp-json\/wp\/v2\/media?parent=1960"}],"curies":[{"name":"wp","href":"https:\/\/api.w.org\/{rel}","templated":true}]}}