{"id":221,"date":"2021-06-09T01:02:47","date_gmt":"2021-06-09T01:02:47","guid":{"rendered":"https:\/\/ecoforest.com\/?page_id=221"},"modified":"2023-08-31T11:47:02","modified_gmt":"2023-08-31T10:47:02","slug":"politica-de-cookies","status":"publish","type":"page","link":"https:\/\/ecoforest.com\/es\/politica-de-cookies\/","title":{"rendered":"Pol\u00edtica de cookies"},"content":{"rendered":"\n<h1 class=\"wp-block-heading\">Pol\u00edtica de cookies<\/h1>\n\n\n\n<hr class=\"wp-block-separator has-css-opacity\"\/>\n\n\n\n<h3 class=\"wp-block-heading\">USO DE COOKIES EN ecoforest.com, ecoforest.pt, ecoforest.fr, ecoforesthome.com<\/h3>\n\n\n\n<p>Esta pol\u00edtica de cookies forma parte del&nbsp;<a href=\"https:\/\/ecoforest.com\/es-es\/uncategorized\/205-aviso-legal-y-politica-de-privacidad-ecoforest\">aviso legal y la pol\u00edtica de privacidad<\/a>&nbsp;que regulan la web&nbsp;<a href=\"https:\/\/www.ecoforest.com\/\">www.ecoforest.com<\/a>&nbsp;y dem\u00e1s sitios web bajo la titularidad de <strong>Ecoforest<\/strong> y citados en los textos legales anteriomente mencionados.<\/p>\n\n\n\n<h3 class=\"wp-block-heading\">DEFINICI\u00d3N<\/h3>\n\n\n\n<p>Una cookie es un archivo de informaci\u00f3n que el servidor de los sitios web de&nbsp;<strong>Ecoforest<\/strong>&nbsp;env\u00eda al dispositivo (ordenador, smartphone, tablet, etc.) de quien accede a las p\u00e1ginas, para almacenar y recuperar informaci\u00f3n sobre la navegaci\u00f3n que se efect\u00faa desde dicho equipo.<\/p>\n\n\n\n<p>Existen una gran cantidad de gu\u00edas en las que se explica qu\u00e9 son las cookies y para qu\u00e9 se utilizan. Por nuestra parte, explicaremos c\u00f3mo afectan estas cookies a las p\u00e1ginas web de <strong>Ecoforest<\/strong>, pero en el caso de que se necesite m\u00e1s documentaci\u00f3n al respecto, puede consultarse la documentaci\u00f3n publicada por la Agencia Espa\u00f1ola de Protecci\u00f3n de Datos.<\/p>\n\n\n\n<h3 class=\"wp-block-heading\">TIPOS DE COOKIES<\/h3>\n\n\n\n<h4 class=\"wp-block-heading\">1. Cookies propias<\/h4>\n\n\n\n<p>Son las cookiess que se instalan en el terminal del USUARIO desde la web de <strong>Ecoforest<\/strong>.<\/p>\n\n\n\n<h4 class=\"wp-block-heading\">2. Cookies de terceros<\/h4>\n\n\n\n<p>Son las cookies que se instalan en el terminal del USUARIO desde un dominio o una p\u00e1gina web que no es gestionada por <strong>Ecoforest<\/strong>, sino por otra entidad que trata la informaci\u00f3n obtenida a trav\u00e9s de las cookies.<\/p>\n\n\n\n<h4 class=\"wp-block-heading\">3. Cookies de sesi\u00f3n<\/h4>\n\n\n\n<p>Son un tipo de cookies dise\u00f1adas para recabar y almacenar datos mientras el usuario accede a una p\u00e1gina web.<\/p>\n\n\n\n<p>Se suelen emplear para almacenar informaci\u00f3n que solo interesa conservar para la prestaci\u00f3n del servicio solicitado por el usuario en una sola ocasi\u00f3n.<\/p>\n\n\n\n<h4 class=\"wp-block-heading\">4. Cookies persistentes<\/h4>\n\n\n\n<p>Son un tipo de cookies en el que los datos siguen almacenados en el terminal y pueden ser accedidos y tratados durante un periodo definido por el responsable de la cookie, y que puede ir de unos minutos a varios a\u00f1os.<\/p>\n\n\n\n<h4 class=\"wp-block-heading\">5. Cookies de an\u00e1lisis<\/h4>\n\n\n\n<p>Son las cookies que bien tratadas por <strong>Ecoforest<\/strong> o por terceros, nos permiten realizar an\u00e1lisis estad\u00edsticos tales como n\u00famero de usuarios que entran en la web o la utilizaci\u00f3n que hacen de la misma.<\/p>\n\n\n\n<p>Para ello analizamos la navegaci\u00f3n en la web con el fin de mejorar la prestaci\u00f3n de los servicios que ofrecemos.<\/p>\n\n\n\n<h3 class=\"wp-block-heading\">USO DE COOKIES<\/h3>\n\n\n\n<p><strong>Ecoforest<\/strong> utiliza diversos tipos de cookies, las cuales se detallan a continuaci\u00f3n.<\/p>\n\n\n\n<h4 class=\"wp-block-heading\">1. Cookies propias<\/h4>\n\n\n\n<h5 class=\"wp-block-heading\">1.1. Cookies t\u00e9cnicas<\/h5>\n\n\n\n<p>Son aqu\u00e9llas que permiten al USUARIO la navegaci\u00f3n a trav\u00e9s de la p\u00e1gina web y la utilizaci\u00f3n de las diferentes opciones o servicios que en ella existen como, por ejemplo, controlar el tr\u00e1fico y la comunicaci\u00f3n de datos, identificar la sesi\u00f3n, acceder a partes de acceso restringido, recordar los elementos que integran un pedido, realizar el proceso de compra de un pedido, realizar la solicitud de inscripci\u00f3n o participaci\u00f3n en un evento, utilizar elementos de seguridad durante la navegaci\u00f3n, almacenar contenidos para la difusi\u00f3n de videos o sonido o compartir contenidos a trav\u00e9s de redes sociales.<\/p>\n\n\n\n<h5 class=\"wp-block-heading\">1.2. Cookies de rendimiento<\/h5>\n\n\n\n<p>Se trata de cookies que recogen informaci\u00f3n sobre c\u00f3mo utiliza el sitio web (por ejemplo, las p\u00e1ginas que visita o si se produce alg\u00fan error) y que tambi\u00e9n ayudan a <strong>Ecoforest<\/strong> a la localizaci\u00f3n y soluci\u00f3n de problemas de los sitios web.<\/p>\n\n\n\n<p>Toda la informaci\u00f3n recogida en las mismas es totalmente an\u00f3nima y nos ayuda a entender c\u00f3mo funciona nuestro sitio, realizando las mejoras oportunas para facilitar su navegaci\u00f3n.<\/p>\n\n\n\n<p>Dichas cookies permitir\u00e1n:<\/p>\n\n\n\n<ul class=\"wp-block-list\">\n<li>Que el USUARIO navegue por el sitio.<\/li>\n\n\n\n<li>Que <strong>Ecoforest<\/strong> recompile informaci\u00f3n sobre c\u00f3mo el USUARIO utiliza la p\u00e1gina web, para as\u00ed entender la usabilidad del sitio, y ayudarnos a implementar las mejoras necesarias.<\/li>\n<\/ul>\n\n\n\n<p>Estas cookies no recoger\u00e1n ninguna informaci\u00f3n sobre el USUARIO que pueda ser utilizada con fines publicitarios, o informaci\u00f3n acerca de sus preferencias (tales como sus datos de usuario) m\u00e1s all\u00e1 de esa visita en particular.<\/p>\n\n\n\n<h4 class=\"wp-block-heading\">2. Cookies de terceros<\/h4>\n\n\n\n<h5 class=\"wp-block-heading\">2.1. Cookies anal\u00edticas<\/h5>\n\n\n\n<p>Cookies de Google Analytics: son cookies de an\u00e1lisis que permiten el seguimiento y an\u00e1lisis del comportamiento de los USUARIOS de los sitios web a los que est\u00e1n vinculadas.<\/p>\n\n\n\n<p>La informaci\u00f3n recogida mediante este tipo de cookies se utiliza en la medici\u00f3n de la actividad de los sitios web, aplicaci\u00f3n o plataforma y para la elaboraci\u00f3n de perfiles de navegaci\u00f3n de los USUARIOS de dichos sitios, aplicaciones y plataformas, con el fin de introducir mejoras en funci\u00f3n del an\u00e1lisis de los datos de uso que hacen los USUARIOS del servicio.<\/p>\n\n\n\n<p>Google Analytics, almacena las cookies en servidores ubicados en Estados Unidos y se compromete a no compartirla con terceros, excepto en los casos en los que sea necesario para el funcionamiento del sistema o cuando la ley obligue a tal efecto.<\/p>\n\n\n\n<p>Seg\u00fan Google no guarda la direcci\u00f3n IP del USUARIO.<\/p>\n\n\n\n<p>Google Inc. es una compa\u00f1\u00eda adherida al Acuerdo de Puerto Seguro que garantiza que todos los datos transferidos ser\u00e1n tratados con un nivel de protecci\u00f3n acorde a la normativa europea. El USUARIO puede consultar informaci\u00f3n detallada a este respecto en este enlace:&nbsp;<a href=\"https:\/\/www.export.gov\/\" target=\"_blank\" rel=\"noreferrer noopener nofollow\">este enlace<\/a>.<\/p>\n\n\n\n<p>Si el USUARIO desea m\u00e1s informaci\u00f3n sobre el uso que Google da a las cookies puede acceder a la misma a trav\u00e9s de este otro enlace:&nbsp;<a href=\"https:\/\/developers.google.com\/analytics\/devguides\/collection\/analyticsjs\/cookie-usage?hl=es&amp;csw=1\" rel=\"nofollow noopener\" target=\"_blank\">este enlace<\/a>.<\/p>\n\n\n\n<h5 class=\"wp-block-heading\">2.2. Cookies de Marketing:<\/h5>\n\n\n\n<p>Dichas cookies son gestionadas por terceros, con lo que el USUARIO podr\u00e1 utilizar las herramientas de estos para restringir el uso de estas cookies.<\/p>\n\n\n\n<p>Algunas de las cookies se utilizan para enlazar a otras p\u00e1ginas web que proporcionan ciertos servicios a <strong>Ecoforest<\/strong>, como puede ser el caso de Facebook, Twitter o Google.<\/p>\n\n\n\n<p>Algunas de estas cookies modificar\u00e1n los anuncios de otras webs para adaptarlos a sus preferencias.<\/p>\n\n\n\n<p>Estas cookies permitir\u00e1n:<\/p>\n\n\n\n<ul class=\"wp-block-list\">\n<li>Enlazar con redes sociales<\/li>\n\n\n\n<li>Pasar informaci\u00f3n sobre su visita a la p\u00e1gina de <strong>Ecoforest<\/strong>.com para adaptar anuncios en otras p\u00e1ginas.<\/li>\n\n\n\n<li>Asignar comisiones por ventas referidas a trav\u00e9s del programa de afiliados.<\/li>\n<\/ul>\n\n\n\n<p><strong>2.2.1. De Doubleclick<\/strong><\/p>\n\n\n\n<p>Es una plataforma publicitaria que pertenece a Google.<\/p>\n\n\n\n<p>Las cookies de Doubleclick permiten mostrar publicidad en otros sitios web a los usuarios que previamente han visitado la Web.<\/p>\n\n\n\n<p><strong>2.2.2. De YouTube<\/strong><\/p>\n\n\n\n<p>En algunas partes de la web se utiliza YouTube para ofrecer v\u00eddeos propios.<\/p>\n\n\n\n<p>YouTube almacena informaci\u00f3n para poder generar estad\u00edsticas sobre las visitas de videos incrustados en otras p\u00e1ginas.<\/p>\n\n\n\n<p>En tanto que YouTube es titularidad de Google, se puede obtener m\u00e1s informaci\u00f3n de la pol\u00edtica de cookies en&nbsp;<a href=\"http:\/\/www.google.com\/intl\/es\/policies\/technologies\/cookies\/\" rel=\"nofollow noopener\" target=\"_blank\">este enlace<\/a>.<\/p>\n\n\n\n<p><strong>2.2.3. Del widget de Zopim<\/strong><\/p>\n\n\n\n<p>Se utilizan para el \u201clive chat\u201d (chat en vivo) para dar soporte y resolver dudas de forma directa a los clientes. Instala cookies para identificar al usuario y su dispositivo y conocer sus preferencias en cuanto al uso del m\u00f3dulo interno de Zopim, as\u00ed como para conocer la preferencia del usuario para desactivar el \u201clive chat\u201d, y cesar el uso de cookies.<\/p>\n\n\n\n<p>Se puede obtener m\u00e1s informaci\u00f3n de la pol\u00edtica de cookies de Zopim en&nbsp;<a href=\"https:\/\/www.zopim.com\/cookie\/\" target=\"_blank\" rel=\"noreferrer noopener nofollow\">este enlace<\/a>.<\/p>\n\n\n\n<p>El usuario podr\u00e1 -en cualquier momento- elegir qu\u00e9 cookies quiere que funcionen en este sitio web mediante la configuraci\u00f3n del navegador; por ejemplo:<\/p>\n\n\n\n<ul class=\"wp-block-list\">\n<li>Chrome, siguiendo&nbsp;<a href=\"http:\/\/support.google.com\/chrome\/bin\/answer.py?hl=es&amp;answer=95647\" rel=\"nofollow noopener\" target=\"_blank\">estas instrucciones<\/a>.<\/li>\n\n\n\n<li>Explorer, siguiendo&nbsp;<a href=\"http:\/\/windows.microsoft.com\/es-es\/windows7\/how-to-manage-cookies-in-internet-explorer-9\" target=\"_blank\" rel=\"noreferrer noopener nofollow\">estas instrucciones<\/a>.<\/li>\n\n\n\n<li>Firefox, siguiendo&nbsp;<a href=\"http:\/\/support.mozilla.org\/es\/kb\/habilitar-y-deshabilitar-cookies-que-los-sitios-we\" target=\"_blank\" rel=\"noreferrer noopener nofollow\">estas instrucciones<\/a>.<\/li>\n\n\n\n<li>Safari, siguiendo&nbsp;<a href=\"https:\/\/support.apple.com\/kb\/PH19214?viewlocale=es_ES&amp;locale=en_US\" target=\"_blank\" rel=\"noreferrer noopener nofollow\">estas instrucciones<\/a>.<\/li>\n\n\n\n<li>Opera, siguiendo&nbsp;<a href=\"http:\/\/help.opera.com\/Windows\/11.50\/es-ES\/cookies.html\" target=\"_blank\" rel=\"noreferrer noopener nofollow\">estas instrucciones<\/a>.<\/li>\n<\/ul>\n\n\n\n<p>Los navegadores web son las herramientas encargadas de almacenar las cookies y desde este lugar el USUARIO puede efectuar su derecho de eliminaci\u00f3n o desactivaci\u00f3n de las mismas.<\/p>\n\n\n\n<p>Ni esta web ni sus representantes legales pueden garantizar la correcta o incorrecta manipulaci\u00f3n de las cookies por parte de los mencionados navegadores.<\/p>\n\n\n\n<p>En algunos casos es necesario instalar cookies para que el navegador no olvide la decisi\u00f3n del USUARIO de no aceptaci\u00f3n de las mismas.<\/p>\n\n\n\n<p>La aceptaci\u00f3n de la presente pol\u00edtica de cookies implica que el USUARIO ha sido informado de una forma clara y completa sobre el uso de dispositivos de almacenamiento y recuperaci\u00f3n de datos (cookies) as\u00ed como que <strong>Ecoforest<\/strong> dispone del consentimiento del USUARIO para el uso de las mismas tal y como establece el art\u00edculo 22.2 de la Ley 34\/2002, de 11 de julio, de Servicios de la Sociedad de la Informaci\u00f3n y Comercio Electr\u00f3nico (LSSI-CE).<\/p>\n\n\n\n<p>Para cualquier duda o consulta acerca de esta pol\u00edtica de cookies el USUARIO puede ponerse en contacto con <strong>Ecoforest<\/strong>, a trav\u00e9s del correo electr\u00f3nico <a href=\"mailto:info@ecoforest.es\">info@ecoforest.es<\/a><\/p>\n","protected":false},"excerpt":{"rendered":"<p>Pol\u00edtica de cookies USO DE COOKIES EN ecoforest.com, ecoforest.pt, ecoforest.fr, ecoforesthome.com Esta pol\u00edtica de cookies forma parte del&nbsp;aviso legal y la pol\u00edtica de privacidad&nbsp;que regulan la web&nbsp;www.ecoforest.com&nbsp;y dem\u00e1s sitios web bajo la titularidad de Ecoforest y citados en los textos legales anteriomente mencionados. DEFINICI\u00d3N Una cookie es un archivo de informaci\u00f3n que el servidor de [&hellip;]<\/p>\n","protected":false},"author":1,"featured_media":0,"parent":0,"menu_order":0,"comment_status":"closed","ping_status":"closed","template":"","meta":{"_acf_changed":false,"_kad_blocks_custom_css":"","_kad_blocks_head_custom_js":"","_kad_blocks_body_custom_js":"","_kad_blocks_footer_custom_js":"","site-sidebar-layout":"default","site-content-layout":"default","ast-site-content-layout":"default","site-content-style":"default","site-sidebar-style":"default","ast-global-header-display":"","ast-banner-title-visibility":"","ast-main-header-display":"","ast-hfb-above-header-display":"","ast-hfb-below-header-display":"","ast-hfb-mobile-header-display":"","site-post-title":"disabled","ast-breadcrumbs-content":"","ast-featured-img":"","footer-sml-layout":"","ast-disable-related-posts":"","theme-transparent-header-meta":"default","adv-header-id-meta":"","stick-header-meta":"default","header-above-stick-meta":"","header-main-stick-meta":"","header-below-stick-meta":"","astra-migrate-meta-layouts":"default","ast-page-background-enabled":"default","ast-page-background-meta":{"desktop":{"background-color":"","background-image":"","background-repeat":"repeat","background-position":"center center","background-size":"auto","background-attachment":"scroll","background-type":"","background-media":"","overlay-type":"","overlay-color":"","overlay-opacity":"","overlay-gradient":""},"tablet":{"background-color":"","background-image":"","background-repeat":"repeat","background-position":"center center","background-size":"auto","background-attachment":"scroll","background-type":"","background-media":"","overlay-type":"","overlay-color":"","overlay-opacity":"","overlay-gradient":""},"mobile":{"background-color":"","background-image":"","background-repeat":"repeat","background-position":"center center","background-size":"auto","background-attachment":"scroll","background-type":"","background-media":"","overlay-type":"","overlay-color":"","overlay-opacity":"","overlay-gradient":""}},"ast-content-background-meta":{"desktop":{"background-color":"var(--ast-global-color-5)","background-image":"","background-repeat":"repeat","background-position":"center center","background-size":"auto","background-attachment":"scroll","background-type":"","background-media":"","overlay-type":"","overlay-color":"","overlay-opacity":"","overlay-gradient":""},"tablet":{"background-color":"var(--ast-global-color-5)","background-image":"","background-repeat":"repeat","background-position":"center center","background-size":"auto","background-attachment":"scroll","background-type":"","background-media":"","overlay-type":"","overlay-color":"","overlay-opacity":"","overlay-gradient":""},"mobile":{"background-color":"var(--ast-global-color-5)","background-image":"","background-repeat":"repeat","background-position":"center center","background-size":"auto","background-attachment":"scroll","background-type":"","background-media":"","overlay-type":"","overlay-color":"","overlay-opacity":"","overlay-gradient":""}},"footnotes":""},"class_list":["post-221","page","type-page","status-publish","hentry"],"acf":[],"featured_image_src_large":false,"author_info":{"display_name":"desarrollo","author_link":"https:\/\/ecoforest.com\/es\/author\/desarrollo\/"},"comment_info":0,"taxonomy_info":[],"_links":{"self":[{"href":"https:\/\/ecoforest.com\/es\/wp-json\/wp\/v2\/pages\/221","targetHints":{"allow":["GET"]}}],"collection":[{"href":"https:\/\/ecoforest.com\/es\/wp-json\/wp\/v2\/pages"}],"about":[{"href":"https:\/\/ecoforest.com\/es\/wp-json\/wp\/v2\/types\/page"}],"author":[{"embeddable":true,"href":"https:\/\/ecoforest.com\/es\/wp-json\/wp\/v2\/users\/1"}],"replies":[{"embeddable":true,"href":"https:\/\/ecoforest.com\/es\/wp-json\/wp\/v2\/comments?post=221"}],"version-history":[{"count":3,"href":"https:\/\/ecoforest.com\/es\/wp-json\/wp\/v2\/pages\/221\/revisions"}],"predecessor-version":[{"id":50939,"href":"https:\/\/ecoforest.com\/es\/wp-json\/wp\/v2\/pages\/221\/revisions\/50939"}],"wp:attachment":[{"href":"https:\/\/ecoforest.com\/es\/wp-json\/wp\/v2\/media?parent=221"}],"curies":[{"name":"wp","href":"https:\/\/api.w.org\/{rel}","templated":true}]}}