{"id":2241,"date":"2021-08-04T11:58:36","date_gmt":"2021-08-04T11:58:36","guid":{"rendered":"https:\/\/ecoforest.com\/?page_id=2241"},"modified":"2024-09-13T11:26:46","modified_gmt":"2024-09-13T10:26:46","slug":"accesorios-para-bombas-de-calor","status":"publish","type":"page","link":"https:\/\/ecoforest.com\/es\/bomba-de-calor\/accesorios-para-bombas-de-calor\/","title":{"rendered":"Accesorios para bombas de calor"},"content":{"rendered":"<style>.wp-block-kadence-spacer.kt-block-spacer-_5cbe83-6e .kt-block-spacer{height:20px;}.wp-block-kadence-spacer.kt-block-spacer-_5cbe83-6e .kt-divider{border-top-width:1px;height:1px;border-top-color:#eee;width:80%;border-top-style:solid;}<\/style>\n<div class=\"wp-block-kadence-spacer aligncenter kt-block-spacer-_5cbe83-6e\"><div class=\"kt-block-spacer kt-block-spacer-halign-center\"><\/div><\/div>\n\n\n<style id=\"kt-blocks_3125b2-bd\">.kt-post-loop_3125b2-bd .kadence-post-image{padding-top:0px;padding-right:100px;padding-bottom:0px;padding-left:100px;}.kt-post-loop_3125b2-bd .kt-post-grid-wrap{gap:30px 30px;}.kt-post-loop_3125b2-bd .kt-blocks-post-grid-item{border-top-width:0px;border-right-width:0px;border-bottom-width:0px;border-left-width:0px;border-top-left-radius:0px;border-top-right-radius:0px;border-bottom-right-radius:0px;border-bottom-left-radius:0px;}.kt-post-loop_3125b2-bd .kt-blocks-post-grid-item .kt-blocks-post-grid-item-inner{padding-top:0px;padding-right:0px;padding-bottom:0px;padding-left:0px;}.kt-post-loop_3125b2-bd .kt-blocks-post-grid-item .kt-blocks-post-grid-item-inner{text-align:left;}.kt-post-loop_3125b2-bd .kt-blocks-post-grid-item header{background-color:#ffffff;padding-top:10px;padding-right:0px;padding-bottom:10px;padding-left:0px;margin-top:0px;margin-right:0px;margin-bottom:0px;margin-left:0px;}.kt-post-loop_3125b2-bd .kt-blocks-post-grid-item .kt-blocks-above-categories{font-size:13px;line-height:20px;text-transform:uppercase;}.kt-post-loop_3125b2-bd .kt-blocks-post-grid-item .entry-title{padding-top:5px;padding-right:0px;padding-bottom:0px;padding-left:0px;margin-top:0px;margin-right:0px;margin-bottom:0px;margin-left:0px;font-size:24px;line-height:30px;}.kt-post-loop_3125b2-bd .entry-content{padding-top:0px;padding-right:0px;padding-bottom:0px;padding-left:0px;margin-top:0px;margin-right:0px;margin-bottom:0px;margin-left:0px;}.kt-post-loop_3125b2-bd .kt-blocks-post-footer{border-color:#aaaaaa;color:#aaaaaa;border-top-width:2px;border-right-width:0px;border-bottom-width:0px;border-left-width:0px;padding-top:5px;padding-right:0px;padding-bottom:0px;padding-left:0px;margin-top:20px;margin-right:0px;margin-bottom:0px;margin-left:0px;font-size:12px;line-height:20px;text-transform:uppercase;}.kt-post-loop_3125b2-bd .entry-content:after{height:20px;}.kt-post-loop_3125b2-bd .kt-blocks-post-footer a{color:#aaaaaa;}.kt-post-loop_3125b2-bd .kt-blocks-post-footer a:hover{color:#7f7f7f;}.kt-post-loop_3125b2-bd .kb-filter-item{border-top-width:0px;border-right-width:0px;border-bottom-width:2px;border-left-width:0px;padding-top:5px;padding-right:8px;padding-bottom:5px;padding-left:8px;margin-top:0px;margin-right:10px;margin-bottom:0px;margin-left:0px;}<\/style><div class=\"wp-block-kadence-postgrid kt-blocks-post-loop-block alignnone kt-post-loop_3125b2-bd kt-post-grid-layout-grid \"><div class=\"kt-post-grid-layout-grid-wrap kt-post-grid-wrap\" data-columns-xxl=\"2\" data-columns-xl=\"2\" data-columns-md=\"2\" data-columns-sm=\"2\" data-columns-xs=\"1\" data-columns-ss=\"1\"data-item-selector=\".kt-post-masonry-item\"><article class=\"kt-blocks-post-grid-item post-16397 ecoforest_product type-ecoforest_product status-publish has-post-thumbnail hentry category-blog ast-grid-common-col ast-full-width ast-article-post\"><div class=\"kt-blocks-post-grid-item-inner-wrap kt-feat-image-align-top kt-feat-image-mobile-align-top\"><div class=\"kadence-post-image\"><div class=\"kadence-post-image-intrisic kt-image-ratio-66-67\" style=\"padding-bottom:66.67%\"><div class=\"kadence-post-image-inner-intrisic\"><a href=\"https:\/\/ecoforest.com\/es\/productos\/blog\/ecosmart-e-source-community\/\" class=\"kadence-post-image-inner-wrap\"><img loading=\"lazy\" decoding=\"async\" width=\"768\" height=\"364\" src=\"https:\/\/ecoforest.com\/wp-content\/uploads\/2022\/03\/ecosmart_esource_ok-768x364.png\" class=\"attachment-medium_large size-medium_large wp-post-image\" alt=\"Ecoforest e-source community.\" srcset=\"https:\/\/ecoforest.com\/wp-content\/uploads\/2022\/03\/ecosmart_esource_ok-768x364.png 768w, https:\/\/ecoforest.com\/wp-content\/uploads\/2022\/03\/ecosmart_esource_ok-300x142.png 300w, https:\/\/ecoforest.com\/wp-content\/uploads\/2022\/03\/ecosmart_esource_ok.png 819w\" sizes=\"auto, (max-width: 768px) 100vw, 768px\" title=\"\"><\/a><\/div><\/div><\/div><div class=\"kt-blocks-post-grid-item-inner\"><header><h2 class=\"entry-title\"><a href=\"https:\/\/ecoforest.com\/es\/productos\/blog\/ecosmart-e-source-community\/\">ecoSMART e-source community<\/a><\/h2><div class=\"kt-blocks-post-top-meta\"><\/div><\/header><div class=\"entry-content\">Gesti\u00f3n de la energ\u00eda para comunidades y edificios El e-source permite la sustituci\u00f3n de calderas por bombas de calor en edificios comunitarios. Con este dispositivo, Ecoforest posibilita la renovaci\u00f3n de las calderas convencionales por una instalaci\u00f3n con captaci\u00f3n com\u00fan con una bomba de calor por vivienda (para producci\u00f3n individualizada) o una o varias bombas de [&hellip;]<\/div><footer class=\"kt-blocks-post-footer\"><div class=\"kt-blocks-post-footer-left\"><\/div><div class=\"kt-blocks-post-footer-right\"><\/div><\/footer><\/div><\/div><\/article><article class=\"kt-blocks-post-grid-item post-26098 ecoforest_product type-ecoforest_product status-publish has-post-thumbnail hentry category-blog ast-grid-common-col ast-full-width ast-article-post\"><div class=\"kt-blocks-post-grid-item-inner-wrap kt-feat-image-align-top kt-feat-image-mobile-align-top\"><div class=\"kadence-post-image\"><div class=\"kadence-post-image-intrisic kt-image-ratio-66-67\" style=\"padding-bottom:66.67%\"><div class=\"kadence-post-image-inner-intrisic\"><a href=\"https:\/\/ecoforest.com\/es\/productos\/blog\/aerotermos-gama-au-alta-potencia\/\" class=\"kadence-post-image-inner-wrap\"><img loading=\"lazy\" decoding=\"async\" width=\"768\" height=\"364\" src=\"https:\/\/ecoforest.com\/wp-content\/uploads\/2022\/10\/ecoforest_au_HP_menu.png\" class=\"attachment-medium_large size-medium_large wp-post-image\" alt=\"\" srcset=\"https:\/\/ecoforest.com\/wp-content\/uploads\/2022\/10\/ecoforest_au_HP_menu.png 768w, https:\/\/ecoforest.com\/wp-content\/uploads\/2022\/10\/ecoforest_au_HP_menu-300x142.png 300w\" sizes=\"auto, (max-width: 768px) 100vw, 768px\" title=\"\"><\/a><\/div><\/div><\/div><div class=\"kt-blocks-post-grid-item-inner\"><header><h2 class=\"entry-title\"><a href=\"https:\/\/ecoforest.com\/es\/productos\/blog\/aerotermos-gama-au-alta-potencia\/\">Aerotermos: Gama AU alta potencia<\/a><\/h2><div class=\"kt-blocks-post-top-meta\"><\/div><\/header><div class=\"entry-content\">La combinaci\u00f3n de nuestras bombas de calor ecoGEO+ y nuestras unidades exteriores AU ofrecen una combinaci\u00f3n entre la bomba de calor ecoGEO+ con captaci\u00f3n aerot\u00e9rmica o h\u00edbrida mediante unidades aerot\u00e9rmicas exteriores. Entre las ventajas de estas instalaciones, est\u00e1 la capacidad de reducir los costes en la instalaci\u00f3n y manterner la potencia en instalaciones en las [&hellip;]<\/div><footer class=\"kt-blocks-post-footer\"><div class=\"kt-blocks-post-footer-left\"><\/div><div class=\"kt-blocks-post-footer-right\"><\/div><\/footer><\/div><\/div><\/article><article class=\"kt-blocks-post-grid-item post-26088 ecoforest_product type-ecoforest_product status-publish has-post-thumbnail hentry category-noticias ast-grid-common-col ast-full-width ast-article-post\"><div class=\"kt-blocks-post-grid-item-inner-wrap kt-feat-image-align-top kt-feat-image-mobile-align-top\"><div class=\"kadence-post-image\"><div class=\"kadence-post-image-intrisic kt-image-ratio-66-67\" style=\"padding-bottom:66.67%\"><div class=\"kadence-post-image-inner-intrisic\"><a href=\"https:\/\/ecoforest.com\/es\/productos\/noticias\/aerotermos-gama-au-domestica\/\" class=\"kadence-post-image-inner-wrap\"><img loading=\"lazy\" decoding=\"async\" width=\"768\" height=\"364\" src=\"https:\/\/ecoforest.com\/wp-content\/uploads\/2022\/10\/ecoforest_au_menu.png\" class=\"attachment-medium_large size-medium_large wp-post-image\" alt=\"\" srcset=\"https:\/\/ecoforest.com\/wp-content\/uploads\/2022\/10\/ecoforest_au_menu.png 768w, https:\/\/ecoforest.com\/wp-content\/uploads\/2022\/10\/ecoforest_au_menu-300x142.png 300w\" sizes=\"auto, (max-width: 768px) 100vw, 768px\" title=\"\"><\/a><\/div><\/div><\/div><div class=\"kt-blocks-post-grid-item-inner\"><header><h2 class=\"entry-title\"><a href=\"https:\/\/ecoforest.com\/es\/productos\/noticias\/aerotermos-gama-au-domestica\/\">Aerotermos: Gama AU dom\u00e9stica<\/a><\/h2><div class=\"kt-blocks-post-top-meta\"><\/div><\/header><div class=\"entry-content\">La combinaci\u00f3n de nuestras bombas de calor ecoGEO+ y nuestras unidades exteriores AU ofrecen una combinaci\u00f3n entre la bomba de calor ecoGEO+ con captaci\u00f3n aerot\u00e9rmica o h\u00edbrida mediante unidades aerot\u00e9rmicas exteriores en hogares. Entre las ventajas de estas instalaciones, est\u00e1 la capacidad de reducir los costes en la instalaci\u00f3n y manterner la potencia en instalaciones [&hellip;]<\/div><footer class=\"kt-blocks-post-footer\"><div class=\"kt-blocks-post-footer-left\"><\/div><div class=\"kt-blocks-post-footer-right\"><\/div><\/footer><\/div><\/div><\/article><article class=\"kt-blocks-post-grid-item post-26156 ecoforest_product type-ecoforest_product status-publish has-post-thumbnail hentry category-blog ast-grid-common-col ast-full-width ast-article-post\"><div class=\"kt-blocks-post-grid-item-inner-wrap kt-feat-image-align-top kt-feat-image-mobile-align-top\"><div class=\"kadence-post-image\"><div class=\"kadence-post-image-intrisic kt-image-ratio-66-67\" style=\"padding-bottom:66.67%\"><div class=\"kadence-post-image-inner-intrisic\"><a href=\"https:\/\/ecoforest.com\/es\/productos\/blog\/depositos-de-acs\/\" class=\"kadence-post-image-inner-wrap\"><img loading=\"lazy\" decoding=\"async\" width=\"768\" height=\"364\" src=\"https:\/\/ecoforest.com\/wp-content\/uploads\/2022\/10\/Depositos-ACS-general-1024x485-1-768x364.png\" class=\"attachment-medium_large size-medium_large wp-post-image\" alt=\"\" srcset=\"https:\/\/ecoforest.com\/wp-content\/uploads\/2022\/10\/Depositos-ACS-general-1024x485-1-768x364.png 768w, https:\/\/ecoforest.com\/wp-content\/uploads\/2022\/10\/Depositos-ACS-general-1024x485-1-300x142.png 300w, https:\/\/ecoforest.com\/wp-content\/uploads\/2022\/10\/Depositos-ACS-general-1024x485-1.png 1024w\" sizes=\"auto, (max-width: 768px) 100vw, 768px\" title=\"\"><\/a><\/div><\/div><\/div><div class=\"kt-blocks-post-grid-item-inner\"><header><h2 class=\"entry-title\"><a href=\"https:\/\/ecoforest.com\/es\/productos\/blog\/depositos-de-acs\/\">Dep\u00f3sitos de ACS de serpent\u00edn simple<\/a><\/h2><div class=\"kt-blocks-post-top-meta\"><\/div><\/header><div class=\"entry-content\">Dep\u00f3sitos de agua caliente sanitaria fabricados en acero INOX AISI 316 dise\u00f1ados espec\u00edficamente para las bombas de calor Ecoforest.Serpentin espiral corrugado flexible con superficie de contacto \u00f3ptima y mejor transmisi\u00f3n de calor.Aislamiento t\u00e9rmico en espuma r\u00edgida de poliuretano inyectado libre de HCFC y acabado exterior en PVC semirr\u00edgido.<\/div><footer class=\"kt-blocks-post-footer\"><div class=\"kt-blocks-post-footer-left\"><\/div><div class=\"kt-blocks-post-footer-right\"><\/div><\/footer><\/div><\/div><\/article><article class=\"kt-blocks-post-grid-item post-26130 ecoforest_product type-ecoforest_product status-publish has-post-thumbnail hentry category-blog ast-grid-common-col ast-full-width ast-article-post\"><div class=\"kt-blocks-post-grid-item-inner-wrap kt-feat-image-align-top kt-feat-image-mobile-align-top\"><div class=\"kadence-post-image\"><div class=\"kadence-post-image-intrisic kt-image-ratio-66-67\" style=\"padding-bottom:66.67%\"><div class=\"kadence-post-image-inner-intrisic\"><a href=\"https:\/\/ecoforest.com\/es\/productos\/blog\/depositos-de-inercia\/\" class=\"kadence-post-image-inner-wrap\"><img loading=\"lazy\" decoding=\"async\" width=\"768\" height=\"364\" src=\"https:\/\/ecoforest.com\/wp-content\/uploads\/2022\/11\/Depositos-inercia-general-ecoforest-6-768x364.png\" class=\"attachment-medium_large size-medium_large wp-post-image\" alt=\"\" srcset=\"https:\/\/ecoforest.com\/wp-content\/uploads\/2022\/11\/Depositos-inercia-general-ecoforest-6-768x364.png 768w, https:\/\/ecoforest.com\/wp-content\/uploads\/2022\/11\/Depositos-inercia-general-ecoforest-6-300x142.png 300w, https:\/\/ecoforest.com\/wp-content\/uploads\/2022\/11\/Depositos-inercia-general-ecoforest-6.png 1024w\" sizes=\"auto, (max-width: 768px) 100vw, 768px\" title=\"\"><\/a><\/div><\/div><\/div><div class=\"kt-blocks-post-grid-item-inner\"><header><h2 class=\"entry-title\"><a href=\"https:\/\/ecoforest.com\/es\/productos\/blog\/depositos-de-inercia\/\">Dep\u00f3sitos de inercia<\/a><\/h2><div class=\"kt-blocks-post-top-meta\"><\/div><\/header><div class=\"entry-content\">En Ecoforest buscamos la comodidad para nuestros clientes, por lo que contamos con una amplia gama de dep\u00f3sitos de inercia de alta calidad, especialmente dise\u00f1ados para las bombas de calor, tanto la gama de bombas de calor aerot\u00e9rmicas como las bombas de calor geot\u00e9rmicas. Dep\u00f3sitos de inercia fabricados en acero al carbono dise\u00f1ados espec\u00edficamente para [&hellip;]<\/div><footer class=\"kt-blocks-post-footer\"><div class=\"kt-blocks-post-footer-left\"><\/div><div class=\"kt-blocks-post-footer-right\"><\/div><\/footer><\/div><\/div><\/article><\/div><\/div><!-- .wp-block-kadence-postgrid -->\n\n<style>.wp-block-kadence-spacer.kt-block-spacer-_6b4d02-4d .kt-block-spacer{height:60px;}.wp-block-kadence-spacer.kt-block-spacer-_6b4d02-4d .kt-divider{border-top-width:1px;height:1px;border-top-color:#eee;width:80%;border-top-style:solid;}<\/style>\n<div class=\"wp-block-kadence-spacer aligncenter kt-block-spacer-_6b4d02-4d\"><div class=\"kt-block-spacer kt-block-spacer-halign-center\"><\/div><\/div>\n","protected":false},"excerpt":{"rendered":"","protected":false},"author":1,"featured_media":0,"parent":1292,"menu_order":0,"comment_status":"closed","ping_status":"closed","template":"","meta":{"_acf_changed":false,"_kad_blocks_custom_css":"","_kad_blocks_head_custom_js":"","_kad_blocks_body_custom_js":"","_kad_blocks_footer_custom_js":"","site-sidebar-layout":"default","site-content-layout":"plain-container","ast-site-content-layout":"normal-width-container","site-content-style":"unboxed","site-sidebar-style":"unboxed","ast-global-header-display":"","ast-banner-title-visibility":"","ast-main-header-display":"","ast-hfb-above-header-display":"","ast-hfb-below-header-display":"","ast-hfb-mobile-header-display":"","site-post-title":"","ast-breadcrumbs-content":"","ast-featured-img":"","footer-sml-layout":"","ast-disable-related-posts":"","theme-transparent-header-meta":"default","adv-header-id-meta":"","stick-header-meta":"default","header-above-stick-meta":"","header-main-stick-meta":"","header-below-stick-meta":"","astra-migrate-meta-layouts":"set","ast-page-background-enabled":"default","ast-page-background-meta":{"desktop":{"background-color":"","background-image":"","background-repeat":"repeat","background-position":"center center","background-size":"auto","background-attachment":"scroll","background-type":"","background-media":"","overlay-type":"","overlay-color":"","overlay-opacity":"","overlay-gradient":""},"tablet":{"background-color":"","background-image":"","background-repeat":"repeat","background-position":"center center","background-size":"auto","background-attachment":"scroll","background-type":"","background-media":"","overlay-type":"","overlay-color":"","overlay-opacity":"","overlay-gradient":""},"mobile":{"background-color":"","background-image":"","background-repeat":"repeat","background-position":"center center","background-size":"auto","background-attachment":"scroll","background-type":"","background-media":"","overlay-type":"","overlay-color":"","overlay-opacity":"","overlay-gradient":""}},"ast-content-background-meta":{"desktop":{"background-color":"var(--ast-global-color-5)","background-image":"","background-repeat":"repeat","background-position":"center center","background-size":"auto","background-attachment":"scroll","background-type":"","background-media":"","overlay-type":"","overlay-color":"","overlay-opacity":"","overlay-gradient":""},"tablet":{"background-color":"var(--ast-global-color-5)","background-image":"","background-repeat":"repeat","background-position":"center center","background-size":"auto","background-attachment":"scroll","background-type":"","background-media":"","overlay-type":"","overlay-color":"","overlay-opacity":"","overlay-gradient":""},"mobile":{"background-color":"var(--ast-global-color-5)","background-image":"","background-repeat":"repeat","background-position":"center center","background-size":"auto","background-attachment":"scroll","background-type":"","background-media":"","overlay-type":"","overlay-color":"","overlay-opacity":"","overlay-gradient":""}},"footnotes":""},"class_list":["post-2241","page","type-page","status-publish","hentry"],"acf":[],"featured_image_src_large":false,"author_info":{"display_name":"desarrollo","author_link":"https:\/\/ecoforest.com\/es\/author\/desarrollo\/"},"comment_info":0,"taxonomy_info":[],"_links":{"self":[{"href":"https:\/\/ecoforest.com\/es\/wp-json\/wp\/v2\/pages\/2241","targetHints":{"allow":["GET"]}}],"collection":[{"href":"https:\/\/ecoforest.com\/es\/wp-json\/wp\/v2\/pages"}],"about":[{"href":"https:\/\/ecoforest.com\/es\/wp-json\/wp\/v2\/types\/page"}],"author":[{"embeddable":true,"href":"https:\/\/ecoforest.com\/es\/wp-json\/wp\/v2\/users\/1"}],"replies":[{"embeddable":true,"href":"https:\/\/ecoforest.com\/es\/wp-json\/wp\/v2\/comments?post=2241"}],"version-history":[{"count":10,"href":"https:\/\/ecoforest.com\/es\/wp-json\/wp\/v2\/pages\/2241\/revisions"}],"predecessor-version":[{"id":42029,"href":"https:\/\/ecoforest.com\/es\/wp-json\/wp\/v2\/pages\/2241\/revisions\/42029"}],"up":[{"embeddable":true,"href":"https:\/\/ecoforest.com\/es\/wp-json\/wp\/v2\/pages\/1292"}],"wp:attachment":[{"href":"https:\/\/ecoforest.com\/es\/wp-json\/wp\/v2\/media?parent=2241"}],"curies":[{"name":"wp","href":"https:\/\/api.w.org\/{rel}","templated":true}]}}