{"id":264,"date":"2021-06-13T18:32:21","date_gmt":"2021-06-13T18:32:21","guid":{"rendered":"https:\/\/ecoforest.com\/?page_id=264"},"modified":"2025-05-23T12:02:58","modified_gmt":"2025-05-23T11:02:58","slug":"lena","status":"publish","type":"page","link":"https:\/\/ecoforest.com\/es\/lena\/","title":{"rendered":"Calefacci\u00f3n a le\u00f1a"},"content":{"rendered":"<style>.wp-block-kadence-spacer.kt-block-spacer-_94fa5d-97 .kt-block-spacer{height:6px;}.wp-block-kadence-spacer.kt-block-spacer-_94fa5d-97 .kt-divider{border-top-width:1px;height:1px;border-top-color:#eee;width:100%;border-top-style:solid;}<\/style>\n<div class=\"wp-block-kadence-spacer aligncenter kt-block-spacer-_94fa5d-97\"><div class=\"kt-block-spacer kt-block-spacer-halign-left\"><\/div><\/div>\n\n\n\n<h1 class=\"wp-block-heading\">Calefacci\u00f3n a le\u00f1a<\/h1>\n\n\n<style>.wp-block-kadence-advancedheading.kt-adv-heading_ff95dc-db, .wp-block-kadence-advancedheading.kt-adv-heading_ff95dc-db[data-kb-block=\"kb-adv-heading_ff95dc-db\"]{margin-bottom:15px;text-align:left;font-size:24px;font-style:normal;color:#82b81d;}.wp-block-kadence-advancedheading.kt-adv-heading_ff95dc-db mark.kt-highlight, .wp-block-kadence-advancedheading.kt-adv-heading_ff95dc-db[data-kb-block=\"kb-adv-heading_ff95dc-db\"] mark.kt-highlight{font-style:normal;color:#f76a0c;-webkit-box-decoration-break:clone;box-decoration-break:clone;padding-top:0px;padding-right:0px;padding-bottom:0px;padding-left:0px;}<\/style>\n<h2 class=\"kt-adv-heading_ff95dc-db wp-block-kadence-advancedheading\" data-kb-block=\"kb-adv-heading_ff95dc-db\"><a href=\"https:\/\/ecoforest.com\/lena\/estufas-lena\/\"><\/a><a href=\"https:\/\/ecoforest.com\/es\/pellets\/\"><\/a><a href=\"https:\/\/ecoforest.com\/es\/pellets\/estufas-aire\/\"><\/a><a href=\"\/es\/lena\/estufas-lena\/\">Estufas de le\u00f1a<\/a><\/h2>\n\n\n<style>.wp-block-kadence-spacer.kt-block-spacer-_0cf0af-9a .kt-block-spacer{height:6px;}.wp-block-kadence-spacer.kt-block-spacer-_0cf0af-9a .kt-divider{border-top-width:1px;height:1px;border-top-color:#eee;width:100%;border-top-style:solid;}<\/style>\n<div class=\"wp-block-kadence-spacer aligncenter kt-block-spacer-_0cf0af-9a\"><div class=\"kt-block-spacer kt-block-spacer-halign-left\"><hr class=\"kt-divider\"\/><\/div><\/div>\n\n\n<style>.kb-row-layout-id_ba4361-96 > .kt-row-column-wrap{align-content:start;}:where(.kb-row-layout-id_ba4361-96 > .kt-row-column-wrap) > .wp-block-kadence-column{justify-content:start;}.kb-row-layout-id_ba4361-96 > .kt-row-column-wrap{column-gap:var(--global-kb-gap-none, 0rem );row-gap:var(--global-kb-gap-md, 2rem);padding-top:var(--global-kb-spacing-sm, 1.5rem);padding-bottom:var(--global-kb-spacing-sm, 1.5rem);grid-template-columns:minmax(0, calc(79.9% - ((var(--global-kb-gap-none, 0rem ) * 1 )\/2)))minmax(0, calc(20.1% - ((var(--global-kb-gap-none, 0rem ) * 1 )\/2)));}.kb-row-layout-id_ba4361-96 > .kt-row-layout-overlay{opacity:0.30;}@media all and (max-width: 1024px){.kb-row-layout-id_ba4361-96 > .kt-row-column-wrap{grid-template-columns:minmax(0, 2fr) minmax(0, 1fr);}}@media all and (max-width: 767px){.kb-row-layout-id_ba4361-96 > .kt-row-column-wrap{grid-template-columns:minmax(0, 1fr);}}<\/style><div class=\"kb-row-layout-wrap kb-row-layout-id_ba4361-96 alignnone wp-block-kadence-rowlayout\"><div class=\"kt-row-column-wrap kt-has-2-columns kt-row-layout-left-golden kt-tab-layout-inherit kt-mobile-layout-row kt-row-valign-top\">\n<style>.kadence-column_b472be-12 > .kt-inside-inner-col,.kadence-column_b472be-12 > .kt-inside-inner-col:before{border-top-left-radius:0px;border-top-right-radius:0px;border-bottom-right-radius:0px;border-bottom-left-radius:0px;}.kadence-column_b472be-12 > .kt-inside-inner-col{column-gap:var(--global-kb-gap-sm, 1rem);}.kadence-column_b472be-12 > .kt-inside-inner-col{flex-direction:column;}.kadence-column_b472be-12 > .kt-inside-inner-col > .aligncenter{width:100%;}.kadence-column_b472be-12 > .kt-inside-inner-col:before{opacity:0.3;}.kadence-column_b472be-12{position:relative;}@media all and (max-width: 1024px){.kadence-column_b472be-12 > .kt-inside-inner-col{flex-direction:column;justify-content:center;}}@media all and (max-width: 767px){.kadence-column_b472be-12 > .kt-inside-inner-col{flex-direction:column;justify-content:center;}}<\/style>\n<div class=\"wp-block-kadence-column kadence-column_b472be-12 inner-column-1\"><div class=\"kt-inside-inner-col\">\n<p>Ecoforest le presenta su nueva gama de estufas de le\u00f1a, dise\u00f1ados para lograr el mayor confort, las m\u00e1ximas prestaciones, con el m\u00e1ximo respeto por el medio ambiente, usando un combustible tan econ\u00f3mico y ecol\u00f3gico como la le\u00f1a. La calefacci\u00f3n a le\u00f1a que estabas buscando.<\/p>\n<\/div><\/div>\n\n\n<style>.kadence-column_dfc85a-76 > .kt-inside-inner-col,.kadence-column_dfc85a-76 > .kt-inside-inner-col:before{border-top-left-radius:0px;border-top-right-radius:0px;border-bottom-right-radius:0px;border-bottom-left-radius:0px;}.kadence-column_dfc85a-76 > .kt-inside-inner-col{column-gap:var(--global-kb-gap-sm, 1rem);}.kadence-column_dfc85a-76 > .kt-inside-inner-col{flex-direction:column;}.kadence-column_dfc85a-76 > .kt-inside-inner-col > .aligncenter{width:100%;}.kadence-column_dfc85a-76 > .kt-inside-inner-col:before{opacity:0.3;}.kadence-column_dfc85a-76{position:relative;}@media all and (max-width: 1024px){.kadence-column_dfc85a-76 > .kt-inside-inner-col{flex-direction:column;justify-content:center;}}@media all and (max-width: 767px){.kadence-column_dfc85a-76 > .kt-inside-inner-col{flex-direction:column;justify-content:center;}}<\/style>\n<div class=\"wp-block-kadence-column kadence-column_dfc85a-76 inner-column-2\"><div class=\"kt-inside-inner-col\">\n<figure class=\"wp-block-image size-full\"><img loading=\"lazy\" decoding=\"async\" width=\"345\" height=\"345\" src=\"https:\/\/ecoforest.com\/wp-content\/uploads\/2024\/10\/ecoforest-estufa-lena-sena-gama.jpg\" alt=\"\" class=\"wp-image-42465\" title=\"\" srcset=\"https:\/\/ecoforest.com\/wp-content\/uploads\/2024\/10\/ecoforest-estufa-lena-sena-gama.jpg 345w, https:\/\/ecoforest.com\/wp-content\/uploads\/2024\/10\/ecoforest-estufa-lena-sena-gama-300x300.jpg 300w, https:\/\/ecoforest.com\/wp-content\/uploads\/2024\/10\/ecoforest-estufa-lena-sena-gama-150x150.jpg 150w\" sizes=\"auto, (max-width: 345px) 100vw, 345px\" \/><\/figure>\n<\/div><\/div>\n\n<\/div><\/div>\n\n<style>.wp-block-kadence-advancedheading.kt-adv-heading_f3bf92-c3, .wp-block-kadence-advancedheading.kt-adv-heading_f3bf92-c3[data-kb-block=\"kb-adv-heading_f3bf92-c3\"]{margin-bottom:15px;text-align:left;font-size:24px;font-style:normal;color:#82b81d;}.wp-block-kadence-advancedheading.kt-adv-heading_f3bf92-c3 mark.kt-highlight, .wp-block-kadence-advancedheading.kt-adv-heading_f3bf92-c3[data-kb-block=\"kb-adv-heading_f3bf92-c3\"] mark.kt-highlight{font-style:normal;color:#f76a0c;-webkit-box-decoration-break:clone;box-decoration-break:clone;padding-top:0px;padding-right:0px;padding-bottom:0px;padding-left:0px;}<\/style>\n<h2 class=\"kt-adv-heading_f3bf92-c3 wp-block-kadence-advancedheading\" data-kb-block=\"kb-adv-heading_f3bf92-c3\"><a href=\"https:\/\/ecoforest.com\/es\/pellets\/estufas-aire-canalizable\/\"><\/a><a href=\"\/es\/lena\/calderas\/\">Calderas de le\u00f1a<\/a><\/h2>\n\n\n<style>.wp-block-kadence-spacer.kt-block-spacer-_2b3bec-6c .kt-block-spacer{height:6px;}.wp-block-kadence-spacer.kt-block-spacer-_2b3bec-6c .kt-divider{border-top-width:1px;height:1px;border-top-color:#eee;width:100%;border-top-style:solid;}<\/style>\n<div class=\"wp-block-kadence-spacer aligncenter kt-block-spacer-_2b3bec-6c\"><div class=\"kt-block-spacer kt-block-spacer-halign-left\"><hr class=\"kt-divider\"\/><\/div><\/div>\n\n\n<style>.kb-row-layout-id_705cdc-c8 > .kt-row-column-wrap{align-content:start;}:where(.kb-row-layout-id_705cdc-c8 > .kt-row-column-wrap) > .wp-block-kadence-column{justify-content:start;}.kb-row-layout-id_705cdc-c8 > .kt-row-column-wrap{column-gap:var(--global-kb-gap-md, 2rem);row-gap:var(--global-kb-gap-md, 2rem);padding-top:var(--global-kb-spacing-sm, 1.5rem);padding-bottom:var(--global-kb-spacing-sm, 1.5rem);grid-template-columns:minmax(0, calc(80% - ((var(--global-kb-gap-md, 2rem) * 1 )\/2)))minmax(0, calc(20% - ((var(--global-kb-gap-md, 2rem) * 1 )\/2)));}.kb-row-layout-id_705cdc-c8 > .kt-row-layout-overlay{opacity:0.30;}@media all and (max-width: 1024px){.kb-row-layout-id_705cdc-c8 > .kt-row-column-wrap{grid-template-columns:minmax(0, 2fr) minmax(0, 1fr);}}@media all and (max-width: 767px){.kb-row-layout-id_705cdc-c8 > .kt-row-column-wrap{grid-template-columns:minmax(0, 1fr);}}<\/style><div class=\"kb-row-layout-wrap kb-row-layout-id_705cdc-c8 alignnone wp-block-kadence-rowlayout\"><div class=\"kt-row-column-wrap kt-has-2-columns kt-row-layout-left-golden kt-tab-layout-inherit kt-mobile-layout-row kt-row-valign-top\">\n<style>.kadence-column_a6cd25-d4 > .kt-inside-inner-col,.kadence-column_a6cd25-d4 > .kt-inside-inner-col:before{border-top-left-radius:0px;border-top-right-radius:0px;border-bottom-right-radius:0px;border-bottom-left-radius:0px;}.kadence-column_a6cd25-d4 > .kt-inside-inner-col{column-gap:var(--global-kb-gap-sm, 1rem);}.kadence-column_a6cd25-d4 > .kt-inside-inner-col{flex-direction:column;}.kadence-column_a6cd25-d4 > .kt-inside-inner-col > .aligncenter{width:100%;}.kadence-column_a6cd25-d4 > .kt-inside-inner-col:before{opacity:0.3;}.kadence-column_a6cd25-d4{position:relative;}@media all and (max-width: 1024px){.kadence-column_a6cd25-d4 > .kt-inside-inner-col{flex-direction:column;justify-content:center;}}@media all and (max-width: 767px){.kadence-column_a6cd25-d4 > .kt-inside-inner-col{flex-direction:column;justify-content:center;}}<\/style>\n<div class=\"wp-block-kadence-column kadence-column_a6cd25-d4 inner-column-1\"><div class=\"kt-inside-inner-col\">\n<p>Las calderas de le\u00f1a Ecoforest ofrecen las m\u00e1ximas prestaciones en calefacci\u00f3n de le\u00f1a, utilizando un combustible econ\u00f3mico y ecol\u00f3gico y manteniendo la filosof\u00eda de nuestra empresa que es juntar la tegnolog\u00eda con el respeto por el medio ambiente.<\/p>\n<\/div><\/div>\n\n\n<style>.kadence-column_33ad0e-04 > .kt-inside-inner-col,.kadence-column_33ad0e-04 > .kt-inside-inner-col:before{border-top-left-radius:0px;border-top-right-radius:0px;border-bottom-right-radius:0px;border-bottom-left-radius:0px;}.kadence-column_33ad0e-04 > .kt-inside-inner-col{column-gap:var(--global-kb-gap-sm, 1rem);}.kadence-column_33ad0e-04 > .kt-inside-inner-col{flex-direction:column;}.kadence-column_33ad0e-04 > .kt-inside-inner-col > .aligncenter{width:100%;}.kadence-column_33ad0e-04 > .kt-inside-inner-col:before{opacity:0.3;}.kadence-column_33ad0e-04{position:relative;}@media all and (max-width: 1024px){.kadence-column_33ad0e-04 > .kt-inside-inner-col{flex-direction:column;justify-content:center;}}@media all and (max-width: 767px){.kadence-column_33ad0e-04 > .kt-inside-inner-col{flex-direction:column;justify-content:center;}}<\/style>\n<div class=\"wp-block-kadence-column kadence-column_33ad0e-04 inner-column-2\"><div class=\"kt-inside-inner-col\">\n<figure class=\"wp-block-image size-large\"><a href=\"\/es\/lena\/calderas\/\"><img loading=\"lazy\" decoding=\"async\" width=\"200\" height=\"200\" src=\"https:\/\/ecoforest.com\/wp-content\/uploads\/2021\/06\/firewood-boiler-fortaleza-menu.jpg\" alt=\"Calefacci\u00f3n a le\u00f1a\" class=\"wp-image-268\" title=\"\" srcset=\"https:\/\/ecoforest.com\/wp-content\/uploads\/2021\/06\/firewood-boiler-fortaleza-menu.jpg 200w, https:\/\/ecoforest.com\/wp-content\/uploads\/2021\/06\/firewood-boiler-fortaleza-menu-150x150.jpg 150w\" sizes=\"auto, (max-width: 200px) 100vw, 200px\" \/><\/a><\/figure>\n<\/div><\/div>\n\n<\/div><\/div>\n\n<style>.wp-block-kadence-spacer.kt-block-spacer-_9f6ec9-82 .kt-block-spacer{height:100px;}.wp-block-kadence-spacer.kt-block-spacer-_9f6ec9-82 .kt-divider{border-top-width:1px;height:1px;border-top-color:#eee;width:100%;border-top-style:solid;}<\/style>\n<div class=\"wp-block-kadence-spacer aligncenter kt-block-spacer-_9f6ec9-82\"><div class=\"kt-block-spacer kt-block-spacer-halign-left\"><\/div><\/div>\n","protected":false},"excerpt":{"rendered":"<p>Calefacci\u00f3n a le\u00f1a Estufas de le\u00f1a Ecoforest le presenta su nueva gama de estufas de le\u00f1a, dise\u00f1ados para lograr el mayor confort, las m\u00e1ximas prestaciones, con el m\u00e1ximo respeto por el medio ambiente, usando un combustible tan econ\u00f3mico y ecol\u00f3gico como la le\u00f1a. La calefacci\u00f3n a le\u00f1a que estabas buscando. Calderas de le\u00f1a Las calderas [&hellip;]<\/p>\n","protected":false},"author":1,"featured_media":0,"parent":0,"menu_order":0,"comment_status":"closed","ping_status":"closed","template":"","meta":{"_acf_changed":false,"_kad_blocks_custom_css":"","_kad_blocks_head_custom_js":"","_kad_blocks_body_custom_js":"","_kad_blocks_footer_custom_js":"","site-sidebar-layout":"default","site-content-layout":"plain-container","ast-site-content-layout":"normal-width-container","site-content-style":"unboxed","site-sidebar-style":"unboxed","ast-global-header-display":"","ast-banner-title-visibility":"","ast-main-header-display":"","ast-hfb-above-header-display":"","ast-hfb-below-header-display":"","ast-hfb-mobile-header-display":"","site-post-title":"disabled","ast-breadcrumbs-content":"","ast-featured-img":"","footer-sml-layout":"","ast-disable-related-posts":"","theme-transparent-header-meta":"default","adv-header-id-meta":"","stick-header-meta":"default","header-above-stick-meta":"","header-main-stick-meta":"","header-below-stick-meta":"","astra-migrate-meta-layouts":"set","ast-page-background-enabled":"default","ast-page-background-meta":{"desktop":{"background-color":"","background-image":"","background-repeat":"repeat","background-position":"center center","background-size":"auto","background-attachment":"scroll","background-type":"","background-media":"","overlay-type":"","overlay-color":"","overlay-opacity":"","overlay-gradient":""},"tablet":{"background-color":"","background-image":"","background-repeat":"repeat","background-position":"center center","background-size":"auto","background-attachment":"scroll","background-type":"","background-media":"","overlay-type":"","overlay-color":"","overlay-opacity":"","overlay-gradient":""},"mobile":{"background-color":"","background-image":"","background-repeat":"repeat","background-position":"center center","background-size":"auto","background-attachment":"scroll","background-type":"","background-media":"","overlay-type":"","overlay-color":"","overlay-opacity":"","overlay-gradient":""}},"ast-content-background-meta":{"desktop":{"background-color":"var(--ast-global-color-5)","background-image":"","background-repeat":"repeat","background-position":"center center","background-size":"auto","background-attachment":"scroll","background-type":"","background-media":"","overlay-type":"","overlay-color":"","overlay-opacity":"","overlay-gradient":""},"tablet":{"background-color":"var(--ast-global-color-5)","background-image":"","background-repeat":"repeat","background-position":"center center","background-size":"auto","background-attachment":"scroll","background-type":"","background-media":"","overlay-type":"","overlay-color":"","overlay-opacity":"","overlay-gradient":""},"mobile":{"background-color":"var(--ast-global-color-5)","background-image":"","background-repeat":"repeat","background-position":"center center","background-size":"auto","background-attachment":"scroll","background-type":"","background-media":"","overlay-type":"","overlay-color":"","overlay-opacity":"","overlay-gradient":""}},"footnotes":""},"class_list":["post-264","page","type-page","status-publish","hentry"],"acf":[],"featured_image_src_large":false,"author_info":{"display_name":"desarrollo","author_link":"https:\/\/ecoforest.com\/es\/author\/desarrollo\/"},"comment_info":0,"taxonomy_info":[],"_links":{"self":[{"href":"https:\/\/ecoforest.com\/es\/wp-json\/wp\/v2\/pages\/264","targetHints":{"allow":["GET"]}}],"collection":[{"href":"https:\/\/ecoforest.com\/es\/wp-json\/wp\/v2\/pages"}],"about":[{"href":"https:\/\/ecoforest.com\/es\/wp-json\/wp\/v2\/types\/page"}],"author":[{"embeddable":true,"href":"https:\/\/ecoforest.com\/es\/wp-json\/wp\/v2\/users\/1"}],"replies":[{"embeddable":true,"href":"https:\/\/ecoforest.com\/es\/wp-json\/wp\/v2\/comments?post=264"}],"version-history":[{"count":17,"href":"https:\/\/ecoforest.com\/es\/wp-json\/wp\/v2\/pages\/264\/revisions"}],"predecessor-version":[{"id":48889,"href":"https:\/\/ecoforest.com\/es\/wp-json\/wp\/v2\/pages\/264\/revisions\/48889"}],"wp:attachment":[{"href":"https:\/\/ecoforest.com\/es\/wp-json\/wp\/v2\/media?parent=264"}],"curies":[{"name":"wp","href":"https:\/\/api.w.org\/{rel}","templated":true}]}}