{"id":51247,"date":"2025-10-03T10:12:06","date_gmt":"2025-10-03T09:12:06","guid":{"rendered":"https:\/\/ecoforest.com\/?page_id=51247"},"modified":"2025-10-13T15:09:48","modified_gmt":"2025-10-13T14:09:48","slug":"30-aniversario","status":"publish","type":"page","link":"https:\/\/ecoforest.com\/es\/30-aniversario\/","title":{"rendered":"30 aniversario"},"content":{"rendered":"\n<div class=\"wp-block-group hero-30-anos has-ast-global-color-8-background-color has-background is-layout-constrained wp-block-group-is-layout-constrained\"><div class=\"wp-block-group__inner-container\">\n<div class=\"wp-block-group custom-container is-layout-constrained wp-block-group-is-layout-constrained\"><div class=\"wp-block-group__inner-container\">\n<figure class=\"wp-block-image aligncenter size-full\"><img loading=\"lazy\" decoding=\"async\" width=\"2560\" height=\"1749\" src=\"https:\/\/ecoforest.com\/wp-content\/uploads\/2025\/10\/AAFF_logo_30_aniversario_ecoforest-bn-scaled.png\" alt=\"Aniversario 30 a\u00f1os de Ecoforest\" class=\"wp-image-51406\" title=\"\" srcset=\"https:\/\/ecoforest.com\/wp-content\/uploads\/2025\/10\/AAFF_logo_30_aniversario_ecoforest-bn-scaled.png 2560w, https:\/\/ecoforest.com\/wp-content\/uploads\/2025\/10\/AAFF_logo_30_aniversario_ecoforest-bn-300x205.png 300w, https:\/\/ecoforest.com\/wp-content\/uploads\/2025\/10\/AAFF_logo_30_aniversario_ecoforest-bn-1024x700.png 1024w, https:\/\/ecoforest.com\/wp-content\/uploads\/2025\/10\/AAFF_logo_30_aniversario_ecoforest-bn-768x525.png 768w, https:\/\/ecoforest.com\/wp-content\/uploads\/2025\/10\/AAFF_logo_30_aniversario_ecoforest-bn-1536x1050.png 1536w, https:\/\/ecoforest.com\/wp-content\/uploads\/2025\/10\/AAFF_logo_30_aniversario_ecoforest-bn-2048x1400.png 2048w\" sizes=\"auto, (max-width: 2560px) 100vw, 2560px\" \/><\/figure>\n\n\n\n<h1 class=\"wp-block-heading has-text-align-center has-ast-global-color-5-color has-text-color has-link-color wp-elements-dab6f033ba870037a617ffa524bd627e\">30 a\u00f1os ecoforest:<br><span>La Revoluci\u00f3n Sostenible que naci\u00f3 en Galicia<\/span><\/h1>\n\n\n\n<p class=\"has-text-align-center hero has-ast-global-color-5-color has-text-color has-link-color wp-elements-bcdfb955cc66d6145b19d7a2817e7331\" style=\"font-size:20px\"> De un sue\u00f1o familiar y una <span>visi\u00f3n innovadora<\/span> hasta consolidarnos como una marca de referencia en Europa en climatizaci\u00f3n avanzada con energ\u00edas renovables.<\/p>\n<\/div><\/div>\n<\/div><\/div>\n\n\n\n<div class=\"wp-block-group historia-30-anos has-background is-layout-constrained wp-block-group-is-layout-constrained\" style=\"background-color:#f1f1f1\"><div class=\"wp-block-group__inner-container\">\n<div class=\"wp-block-columns custom-container is-layout-flex wp-container-core-columns-is-layout-28f84493 wp-block-columns-is-layout-flex\">\n<div class=\"wp-block-column has-background is-layout-flow wp-block-column-is-layout-flow\" style=\"background-color:#f1f1f1\">\n<p class=\"intro\">Nuestra Historia:<\/p>\n\n\n\n<h2 class=\"wp-block-heading has-text-color has-link-color wp-elements-f7dd4ad8eb2f1cd1825433bfd7ca2975\" style=\"color:#82b71e\">El Legado de un Visionario<\/h2>\n\n\n\n<p class=\"has-text-color has-link-color wp-elements-86a9396e28fd5d32a9cc4b3cf3d4d3fc\" style=\"color:#272727\">Hace 30 a\u00f1os, en un rinc\u00f3n escondido de Galicia, Jos\u00e9 Carlos Alonso decidi\u00f3 desafiar a los gigantes del sector con una visi\u00f3n clara:<\/p>\n\n\n\n<p class=\"cita has-text-color has-link-color wp-elements-f24a642a514f63b05b89814a7d8340e9\" style=\"color:#777777\">\u201cTransformar la forma en que las personas calientan sus hogares, con respeto por el medio ambiente y un compromiso firme con la calidad.\u201d<\/p>\n\n\n\n<p class=\"has-text-color has-link-color wp-elements-368bd9b5f5bed817969628dbd9378169\" style=\"color:#272727\">Este legado familiar sigue vivo hoy, guiando cada paso de nuestra empresa hacia un futuro m\u00e1s sostenible.<\/p>\n<\/div>\n\n\n\n<div class=\"wp-block-column is-layout-flow wp-block-column-is-layout-flow\">\n<figure class=\"wp-block-video\"><video height=\"506\" style=\"aspect-ratio: 900 \/ 506;\" width=\"900\" autoplay loop muted src=\"https:\/\/ecoforest.com\/wp-content\/uploads\/2025\/10\/eco_trailer_OP.mov\" playsinline><\/video><\/figure>\n<\/div>\n<\/div>\n<\/div><\/div>\n\n\n\n<div class=\"wp-block-cover is-light historia2-30-anos\"><img decoding=\"async\" class=\"wp-block-cover__image-background wp-image-26224 size-full\" alt=\"\" src=\"https:\/\/ecoforest.servidor.gal\/wp-content\/uploads\/2025\/10\/jose_carlos_alonso_moto.jpg\" data-object-fit=\"cover\" title=\"\"><span aria-hidden=\"true\" class=\"wp-block-cover__background has-background-dim-0 has-background-dim\" style=\"background-color:#b9b9b9\"><\/span><div class=\"wp-block-cover__inner-container is-layout-constrained wp-block-cover-is-layout-constrained\">\n<div class=\"wp-block-group custom-container is-layout-constrained wp-block-group-is-layout-constrained\"><div class=\"wp-block-group__inner-container\">\n<p class=\"has-text-align-center\">Desde sus primeros pasos <strong>vendiendo limones a los 12 a\u00f1os,<\/strong> pasando por sus viajes en moto para <strong>buscar innovaci\u00f3n en ferias internacionales,<\/strong> hasta la creaci\u00f3n de la <strong>primera hidroestufa de pellets,<\/strong> su pasi\u00f3n y perseverancia han sido el motor que impulsa Ecoforest.<\/p>\n<\/div><\/div>\n<\/div><\/div>\n\n\n\n<div class=\"wp-block-cover is-light historia2-30-anos mobile\"><img decoding=\"async\" class=\"wp-block-cover__image-background wp-image-26400 size-full\" alt=\"\" src=\"https:\/\/ecoforest.servidor.gal\/wp-content\/uploads\/2025\/10\/jose_carlos_alonso_moto_mb.jpg\" data-object-fit=\"cover\" title=\"\"><span aria-hidden=\"true\" class=\"wp-block-cover__background has-background-dim-0 has-background-dim\" style=\"background-color:#ababab\"><\/span><div class=\"wp-block-cover__inner-container is-layout-constrained wp-block-cover-is-layout-constrained\">\n<div class=\"wp-block-group custom-container is-layout-constrained wp-block-group-is-layout-constrained\"><div class=\"wp-block-group__inner-container\">\n<p class=\"has-text-align-center\">Desde sus primeros pasos <strong>vendiendo limones a los 12 a\u00f1os,<\/strong> pasando por sus viajes en moto para <strong>buscar innovaci\u00f3n en ferias internacionales,<\/strong> hasta la creaci\u00f3n de la <strong>primera hidroestufa de pellets,<\/strong> su pasi\u00f3n y perseverancia han sido el motor que impulsa Ecoforest.<\/p>\n<\/div><\/div>\n<\/div><\/div>\n\n\n\n<div class=\"wp-block-group video-30-anos is-layout-constrained wp-block-group-is-layout-constrained\"><div class=\"wp-block-group__inner-container\">\n<div class=\"wp-block-group custom-container is-layout-constrained wp-block-group-is-layout-constrained\"><div class=\"wp-block-group__inner-container\">\n<p class=\"has-text-align-center has-ast-global-color-5-color has-text-color has-link-color wp-elements-781c5e3c75d1faa4860a83c5b67c0f67\">Este legado familiar sigue vivo hoy, guiando cada paso de nuestra empresa hacia un futuro m\u00e1s sostenible.<\/p>\n\n\n\n<figure class=\"wp-block-embed is-type-rich is-provider-gestor-del-servicio wp-block-embed-gestor-del-servicio wp-embed-aspect-16-9 wp-has-aspect-ratio\"><div class=\"wp-block-embed__wrapper\">\n<iframe loading=\"lazy\" title=\"Documental 30 Aniversario Ecoforest | El viaje de Jos\u00e9 Carlos Alonso\" width=\"500\" height=\"281\" src=\"https:\/\/www.youtube.com\/embed\/y3Tt0A3-B7A?feature=oembed\" frameborder=\"0\" allow=\"accelerometer; autoplay; clipboard-write; encrypted-media; gyroscope; picture-in-picture; web-share\" referrerpolicy=\"strict-origin-when-cross-origin\" allowfullscreen><\/iframe>\n<\/div><\/figure>\n<\/div><\/div>\n<\/div><\/div>\n\n\n\n<div class=\"wp-block-group valores-30-anos has-ast-global-color-8-background-color has-background is-layout-constrained wp-block-group-is-layout-constrained\"><div class=\"wp-block-group__inner-container\">\n<div class=\"wp-block-group  custom-container is-vertical is-content-justification-center is-layout-flex wp-container-core-group-is-layout-ce155fab wp-block-group-is-layout-flex\">\n<h2 class=\"wp-block-heading has-text-align-center has-text-color has-link-color wp-elements-62a54552d67e52d1e745e314de3ee7f3\" style=\"color:#82b71e\">Valores que <span>nos definen<\/span><\/h2>\n\n\n\n<p class=\"has-text-align-center has-ast-global-color-5-color has-text-color has-link-color wp-elements-90e840a9bced6731bec9a93b3187dee1\">Humanidad, innovaci\u00f3n y compromiso: los pilares que hacen Ecoforest diferente<\/p>\n\n\n\n<div class=\"wp-block-columns valores-cards is-layout-flex wp-container-core-columns-is-layout-28f84493 wp-block-columns-is-layout-flex\">\n<div class=\"wp-block-column is-layout-flow wp-block-column-is-layout-flow\">\n<figure class=\"wp-block-image aligncenter size-full valores-section\"><img decoding=\"async\" src=\"https:\/\/ecoforest.servidor.gal\/wp-content\/uploads\/2025\/10\/icono_humanidad.png\" alt=\"\" class=\"wp-image-26242\" title=\"\"><\/figure>\n\n\n\n<h3 class=\"wp-block-heading has-text-align-center has-text-color has-link-color wp-elements-adb3f27e12a0cdedceca5e44d15e8715\" style=\"color:#82b71e;font-size:20px\">Humanidad<\/h3>\n\n\n\n<p class=\"has-text-align-center has-ast-global-color-5-color has-text-color has-link-color wp-elements-7147220a52c6c99761eec65d44a8e882\">Creemos que las personas est\u00e1n en el centro de todo. Cuidamos a nuestros clientes, colaboradores y equipo con respeto, cercan\u00eda y transparencia.<\/p>\n<\/div>\n\n\n\n<div class=\"wp-block-column is-layout-flow wp-block-column-is-layout-flow\">\n<figure class=\"wp-block-image aligncenter size-full\"><img decoding=\"async\" src=\"https:\/\/ecoforest.servidor.gal\/wp-content\/uploads\/2025\/10\/icono_innovacion.png\" alt=\"\" class=\"wp-image-26249\" title=\"\"><\/figure>\n\n\n\n<h3 class=\"wp-block-heading has-text-align-center has-text-color has-link-color wp-elements-a98fd81431de5046248da5a91f2ac518\" style=\"color:#82b71e;font-size:20px\">Innovaci\u00f3n<\/h3>\n\n\n\n<p class=\"has-text-align-center has-ast-global-color-5-color has-text-color has-link-color wp-elements-478dbca6b07423b7906cbe37c970290d\">Somos pioneros en tecnolog\u00eda sostenible. Siempre un paso adelante, desarrollando soluciones que responden a las necesidades reales del presente y del futuro.<\/p>\n<\/div>\n\n\n\n<div class=\"wp-block-column is-layout-flow wp-block-column-is-layout-flow\">\n<figure class=\"wp-block-image aligncenter size-full\"><img decoding=\"async\" src=\"https:\/\/ecoforest.servidor.gal\/wp-content\/uploads\/2025\/10\/icono_compromiso.png\" alt=\"\" class=\"wp-image-26235\" title=\"\"><\/figure>\n\n\n\n<h3 class=\"wp-block-heading has-text-align-center has-text-color has-link-color wp-elements-3dfe430f1600c7ff8d1b1a3f7433b723\" style=\"color:#82b71e;font-size:20px\">Compromiso<\/h3>\n\n\n\n<p class=\"has-text-align-center has-ast-global-color-5-color has-text-color has-link-color wp-elements-efe20eb7270106ae1345e6a2b4a7483d\">Fabricamos productos de alta calidad que garantizan eficiencia, durabilidad y respeto al medio ambiente.<\/p>\n<\/div>\n<\/div>\n<\/div>\n<\/div><\/div>\n\n\n\n<div class=\"wp-block-group crono-30-anos custom-container is-layout-constrained wp-block-group-is-layout-constrained\"><div class=\"wp-block-group__inner-container\">\n<h2 class=\"wp-block-heading has-text-align-center has-text-color has-link-color wp-elements-10a59f42c83f2a7b65c2dfd1661d03db\" style=\"color:#82b71e\">Momentos clave en 30 a\u00f1os<\/h2>\n\n\n\n<div class=\"wp-block-columns momento-cols is-layout-flex wp-container-core-columns-is-layout-28f84493 wp-block-columns-is-layout-flex\">\n<div class=\"wp-block-column col-1 has-background is-layout-flow wp-block-column-is-layout-flow\" style=\"background-color:#f8f8f8\">\n<h3 class=\"wp-block-heading has-text-color has-link-color wp-elements-22a7456611afcd060dbe64425571a7e4\" style=\"color:#82b71e\">FUNDACI\u00d3N DE LA EMPRESA<\/h3>\n\n\n\n<p>Fundado por Jos\u00e9 Carlos Alonso, en busca de un mundo mejor.<\/p>\n<\/div>\n\n\n\n<div class=\"wp-block-column col-2 is-layout-flow wp-block-column-is-layout-flow\">\n<p class=\"has-text-color has-link-color wp-elements-5e6cc524cb54c0a8d44fb6f9afbf37f2\" style=\"color:#82b71e\">1959<\/p>\n<\/div>\n<\/div>\n\n\n\n<div class=\"wp-block-columns momento-reverse-cols is-layout-flex wp-container-core-columns-is-layout-28f84493 wp-block-columns-is-layout-flex\">\n<div class=\"wp-block-column col-1 is-layout-flow wp-block-column-is-layout-flow\">\n<p class=\"has-text-color has-link-color wp-elements-7afcb2324d7fa9579466d6dcf7ff8d73\" style=\"color:#82b71e\">1993<\/p>\n<\/div>\n\n\n\n<div class=\"wp-block-column col-2 has-background is-layout-flow wp-block-column-is-layout-flow\" style=\"background-color:#f8f8f8\">\n<h3 class=\"wp-block-heading has-text-color has-link-color wp-elements-d78bea1243f71fc9b653de002eb5c954\" style=\"color:#82b71e\">IMPORTACI\u00d3N DE LA PRIMERA estufa de pellets en Europa<\/h3>\n\n\n\n<p>Actualmente cuenta con m\u00e1s de 30 modelos y presencia internacional.<\/p>\n<\/div>\n<\/div>\n\n\n\n<div class=\"wp-block-columns momento-cols is-layout-flex wp-container-core-columns-is-layout-28f84493 wp-block-columns-is-layout-flex\">\n<div class=\"wp-block-column col-1 has-background is-layout-flow wp-block-column-is-layout-flow\" style=\"background-color:#f8f8f8\">\n<h3 class=\"wp-block-heading has-text-color has-link-color wp-elements-bbaf49e862c599c6a9f7f2c64b36993f\" style=\"color:#82b71e\">fundaci\u00f3n de la marca ecoforest<\/h3>\n<\/div>\n\n\n\n<div class=\"wp-block-column col-2 is-layout-flow wp-block-column-is-layout-flow\">\n<p class=\"has-text-color has-link-color wp-elements-72daefd0361054cfaafda3d8acc2edf2\" style=\"color:#82b71e\">1995<\/p>\n<\/div>\n<\/div>\n\n\n\n<div class=\"wp-block-columns momento-reverse-cols is-layout-flex wp-container-core-columns-is-layout-28f84493 wp-block-columns-is-layout-flex\">\n<div class=\"wp-block-column col-1 is-layout-flow wp-block-column-is-layout-flow\">\n<p class=\"has-text-color has-link-color wp-elements-ea4b674f6f9f4bdead5042313ba4d152\" style=\"color:#82b71e\">1996<\/p>\n<\/div>\n\n\n\n<div class=\"wp-block-column col-2 has-background is-layout-flow wp-block-column-is-layout-flow\" style=\"background-color:#f8f8f8\">\n<h3 class=\"wp-block-heading has-text-color has-link-color wp-elements-5dd56f6358b97b753f26372e0bca7f2c\" style=\"color:#82b71e\">hIDROESTUFAS DE PELLETS<\/h3>\n\n\n\n<p>Ecoforest es el inventor de las hidroestufas de pellets.<\/p>\n<\/div>\n<\/div>\n\n\n\n<div class=\"wp-block-columns momento-cols is-layout-flex wp-container-core-columns-is-layout-28f84493 wp-block-columns-is-layout-flex\">\n<div class=\"wp-block-column col-1 has-background is-layout-flow wp-block-column-is-layout-flow\" style=\"background-color:#f8f8f8\">\n<h3 class=\"wp-block-heading has-text-color has-link-color wp-elements-6ab5fd313bb4dd360fb470b0c7216fd2\" style=\"color:#82b71e\">Bombas de calor Ecoforest<\/h3>\n\n\n\n<p>Primera bomba de calor geot\u00e9rmica con Tecnolog\u00eda Inverter.<\/p>\n<\/div>\n\n\n\n<div class=\"wp-block-column col-2 is-layout-flow wp-block-column-is-layout-flow\">\n<p class=\"has-text-color has-link-color wp-elements-9aaa375bb2d392107384908b49528330\" style=\"color:#82b71e\">2012<\/p>\n<\/div>\n<\/div>\n\n\n\n<div class=\"wp-block-columns momento-reverse-cols is-layout-flex wp-container-core-columns-is-layout-28f84493 wp-block-columns-is-layout-flex\">\n<div class=\"wp-block-column col-1 is-layout-flow wp-block-column-is-layout-flow\">\n<p class=\"has-text-color has-link-color wp-elements-0d53f0610571adb360afa8f2f45089da\" style=\"color:#82b71e\">2018<\/p>\n<\/div>\n\n\n\n<div class=\"wp-block-column col-2 has-background is-layout-flow wp-block-column-is-layout-flow\" style=\"background-color:#f8f8f8\">\n<h3 class=\"wp-block-heading has-text-color has-link-color wp-elements-6a98542e11c9c80f0aba35d47c398afe\" style=\"color:#82b71e\">NUEVA SEDE<\/h3>\n\n\n\n<p>Con esta nueva sede de 13.500 m\u00b2, Ecoforest aumenta la capacidad de producci\u00f3n en m\u00e1s de un 300%.<\/p>\n<\/div>\n<\/div>\n\n\n\n<div class=\"wp-block-columns momento-cols is-layout-flex wp-container-core-columns-is-layout-28f84493 wp-block-columns-is-layout-flex\">\n<div class=\"wp-block-column col-1 has-background is-layout-flow wp-block-column-is-layout-flow\" style=\"background-color:#f8f8f8\">\n<h3 class=\"wp-block-heading has-text-color has-link-color wp-elements-47fa5bb96c007d7a9ffb5252c1ba5f7b\" style=\"color:#82b71e\">Bombas de calor aerot\u00e9rmicas con propano<\/h3>\n\n\n\n<p>Ecoforest presenta su gama completa de bombas de calor aerot\u00e9rmicas con refrigerante natural R290.<\/p>\n<\/div>\n\n\n\n<div class=\"wp-block-column col-2 is-layout-flow wp-block-column-is-layout-flow\">\n<p class=\"has-text-color has-link-color wp-elements-32b5ea612a4738c985f436121330370b\" style=\"color:#82b71e\">2019<\/p>\n<\/div>\n<\/div>\n\n\n\n<div class=\"wp-block-columns momento-reverse-cols is-layout-flex wp-container-core-columns-is-layout-28f84493 wp-block-columns-is-layout-flex\">\n<div class=\"wp-block-column col-1 is-layout-flow wp-block-column-is-layout-flow\">\n<p class=\"has-text-color has-link-color wp-elements-23a2de6dc35df9f72d8cf28f264c36ec\" style=\"color:#82b71e\">2020<\/p>\n<\/div>\n\n\n\n<div class=\"wp-block-column col-2 has-background is-layout-flow wp-block-column-is-layout-flow\" style=\"background-color:#f8f8f8\">\n<h3 class=\"wp-block-heading has-text-color has-link-color wp-elements-2e53e55800f0398ea461d823a5401f0f\" style=\"color:#82b71e\">Primera bomba de calor geot\u00e9rmica con propano<\/h3>\n\n\n\n<p>Ecoforest lanza la primera bomba de calor geot\u00e9rmica con refrigerante natural R290 de instalaci\u00f3n interior del mundo.<\/p>\n<\/div>\n<\/div>\n\n\n\n<div class=\"wp-block-columns momento-cols is-layout-flex wp-container-core-columns-is-layout-28f84493 wp-block-columns-is-layout-flex\">\n<div class=\"wp-block-column col-1 has-background is-layout-flow wp-block-column-is-layout-flow\" style=\"background-color:#f8f8f8\">\n<h3 class=\"wp-block-heading has-text-color has-link-color wp-elements-d90fdfde8682a4c9950246b04ff0e871\" style=\"color:#82b71e\">GAMA COMPLETA DE GEOTERMIA CON R290<\/h3>\n\n\n\n<p>La gama m\u00e1s amplia de geotermia con refrigerante natural R290.<\/p>\n<\/div>\n\n\n\n<div class=\"wp-block-column col-2 is-layout-flow wp-block-column-is-layout-flow\">\n<p class=\"has-text-color has-link-color wp-elements-b6032266bbe0b0f0d9a1dbe61ab8ebb2\" style=\"color:#82b71e\">2023<\/p>\n<\/div>\n<\/div>\n\n\n\n<div class=\"wp-block-columns momento-reverse-cols is-layout-flex wp-container-core-columns-is-layout-28f84493 wp-block-columns-is-layout-flex\">\n<div class=\"wp-block-column col-1 is-layout-flow wp-block-column-is-layout-flow\">\n<p class=\"has-text-color has-link-color wp-elements-4c96711e52ec9bf50f7648b04da02e5d\" style=\"color:#82b71e\">2025<\/p>\n<\/div>\n\n\n\n<div class=\"wp-block-column col-2 has-background is-layout-flow wp-block-column-is-layout-flow\" style=\"background-color:#f8f8f8\">\n<h3 class=\"wp-block-heading has-text-color has-link-color wp-elements-e6d8696621eba9f46c662ffa9653bab6\" style=\"color:#82b71e\">PRIMERA AEROTERMIA CON HTR<\/h3>\n\n\n\n<p>Rendimientos \u00fanicos y producci\u00f3n de ACS, piscina practicamente gratis.<\/p>\n<\/div>\n<\/div>\n<\/div><\/div>\n\n\n\n<div class=\"wp-block-group futuro-30-anos is-layout-constrained wp-block-group-is-layout-constrained\"><div class=\"wp-block-group__inner-container\">\n<div class=\"wp-block-columns custom-container is-layout-flex wp-container-core-columns-is-layout-28f84493 wp-block-columns-is-layout-flex\">\n<div class=\"wp-block-column has-ast-global-color-8-background-color has-background is-layout-flow wp-block-column-is-layout-flow\">\n<h2 class=\"wp-block-heading has-text-color has-link-color wp-elements-1d98d63df7164bcbbdaa742ab03c7ef1\" style=\"color:#82b71e\">El futuro que <br>construimos juntos<\/h2>\n\n\n\n<p class=\"has-ast-global-color-5-color has-text-color has-link-color wp-elements-5e5b73ae56a7ca0abca5415faeda5692\">Con la mirada puesta en el futuro, Ecoforest contin\u00faa desarrollando soluciones energ\u00e9ticas sostenibles que cuidan tu hogar y nuestro planeta.<\/p>\n\n\n\n<p class=\"has-ast-global-color-5-color has-text-color has-link-color wp-elements-8490c2e1a96b64fce08e9345a6db0df4\">Nuestro compromiso con la calidad y la innovaci\u00f3n es m\u00e1s fuerte que nunca, porque creemos que juntos podemos crear un mundo mejor y m\u00e1s sostenible.<\/p>\n<\/div>\n\n\n\n<div class=\"wp-block-column is-layout-flow wp-block-column-is-layout-flow\">\n<figure class=\"wp-block-image size-full desktop\"><img decoding=\"async\" src=\"https:\/\/ecoforest.servidor.gal\/wp-content\/uploads\/2025\/10\/30_anos_ecoforest.jpg\" alt=\"\" class=\"wp-image-26262\" title=\"\"><\/figure>\n\n\n\n<figure class=\"wp-block-image size-full mobile\"><img decoding=\"async\" src=\"https:\/\/ecoforest.servidor.gal\/wp-content\/uploads\/2025\/10\/30_anos_ecoforest_mb.jpg\" alt=\"\" class=\"wp-image-26381\" title=\"\"><\/figure>\n<\/div>\n<\/div>\n<\/div><\/div>\n\n\n\n<div class=\"wp-block-group video2-30-anos is-layout-constrained wp-block-group-is-layout-constrained\"><div class=\"wp-block-group__inner-container\">\n<div class=\"wp-block-group custom-container is-layout-constrained wp-block-group-is-layout-constrained\"><div class=\"wp-block-group__inner-container\">\n<figure class=\"wp-block-video\"><video height=\"506\" style=\"aspect-ratio: 900 \/ 506;\" width=\"900\" controls src=\"https:\/\/ecoforest.com\/wp-content\/uploads\/2025\/10\/Evento_30_Aniversario_Ecoforest_OP.mov\" playsinline><\/video><\/figure>\n<\/div><\/div>\n<\/div><\/div>\n\n\n\n<div class=\"wp-block-cover futuro2-30-anos\"><img decoding=\"async\" class=\"wp-block-cover__image-background wp-image-26388 size-full\" alt=\"\" src=\"https:\/\/ecoforest.servidor.gal\/wp-content\/uploads\/2025\/10\/ecoforest-bg-landing.jpg\" data-object-fit=\"cover\" title=\"\"><span aria-hidden=\"true\" class=\"wp-block-cover__background has-ast-global-color-8-background-color has-background-dim-0 has-background-dim\"><\/span><div class=\"wp-block-cover__inner-container is-layout-flow wp-block-cover-is-layout-flow\">\n<div class=\"wp-block-group custom-container is-layout-constrained wp-block-group-is-layout-constrained\"><div class=\"wp-block-group__inner-container\">\n<p class=\"has-text-align-center has-ast-global-color-5-color has-text-color has-link-color wp-elements-68726a3353cc5f97826cbfb63845b19b\">Mirando al futuro<\/p>\n\n\n\n<p class=\"has-text-align-center has-text-color has-link-color wp-elements-c91664d1773c4a7730cc616fd43b1bc5\" style=\"color:#82b71e\">Los pr\u00f3ximos 30 a\u00f1os se siguen escribiendo desde la innovaci\u00f3n y la sostenibilidad.<\/p>\n\n\n\n<p class=\"has-text-align-center has-ast-global-color-5-color has-text-color has-link-color wp-elements-90d69206ac004f4d0de69eeee462f384\">&nbsp;Con la misma mentalidad del primer d\u00eda: <span>hacer las cosas bien, pensar a largo plazo, y construir futuro.<\/span><\/p>\n<\/div><\/div>\n<\/div><\/div>\n","protected":false},"excerpt":{"rendered":"<p>30 a\u00f1os ecoforest:La Revoluci\u00f3n Sostenible que naci\u00f3 en Galicia De un sue\u00f1o familiar y una visi\u00f3n innovadora hasta consolidarnos como una marca de referencia en Europa en climatizaci\u00f3n avanzada con energ\u00edas renovables. Nuestra Historia: El Legado de un Visionario Hace 30 a\u00f1os, en un rinc\u00f3n escondido de Galicia, Jos\u00e9 Carlos Alonso decidi\u00f3 desafiar a los [&hellip;]<\/p>\n","protected":false},"author":1,"featured_media":0,"parent":0,"menu_order":0,"comment_status":"closed","ping_status":"closed","template":"","meta":{"_acf_changed":false,"_kad_blocks_custom_css":"","_kad_blocks_head_custom_js":"","_kad_blocks_body_custom_js":"","_kad_blocks_footer_custom_js":"","site-sidebar-layout":"default","site-content-layout":"","ast-site-content-layout":"default","site-content-style":"default","site-sidebar-style":"default","ast-global-header-display":"","ast-banner-title-visibility":"","ast-main-header-display":"","ast-hfb-above-header-display":"","ast-hfb-below-header-display":"","ast-hfb-mobile-header-display":"","site-post-title":"","ast-breadcrumbs-content":"","ast-featured-img":"","footer-sml-layout":"","ast-disable-related-posts":"","theme-transparent-header-meta":"","adv-header-id-meta":"","stick-header-meta":"","header-above-stick-meta":"","header-main-stick-meta":"","header-below-stick-meta":"","astra-migrate-meta-layouts":"set","ast-page-background-enabled":"default","ast-page-background-meta":{"desktop":{"background-color":"","background-image":"","background-repeat":"repeat","background-position":"center center","background-size":"auto","background-attachment":"scroll","background-type":"","background-media":"","overlay-type":"","overlay-color":"","overlay-opacity":"","overlay-gradient":""},"tablet":{"background-color":"","background-image":"","background-repeat":"repeat","background-position":"center center","background-size":"auto","background-attachment":"scroll","background-type":"","background-media":"","overlay-type":"","overlay-color":"","overlay-opacity":"","overlay-gradient":""},"mobile":{"background-color":"","background-image":"","background-repeat":"repeat","background-position":"center center","background-size":"auto","background-attachment":"scroll","background-type":"","background-media":"","overlay-type":"","overlay-color":"","overlay-opacity":"","overlay-gradient":""}},"ast-content-background-meta":{"desktop":{"background-color":"var(--ast-global-color-5)","background-image":"","background-repeat":"repeat","background-position":"center center","background-size":"auto","background-attachment":"scroll","background-type":"","background-media":"","overlay-type":"","overlay-color":"","overlay-opacity":"","overlay-gradient":""},"tablet":{"background-color":"var(--ast-global-color-5)","background-image":"","background-repeat":"repeat","background-position":"center center","background-size":"auto","background-attachment":"scroll","background-type":"","background-media":"","overlay-type":"","overlay-color":"","overlay-opacity":"","overlay-gradient":""},"mobile":{"background-color":"var(--ast-global-color-5)","background-image":"","background-repeat":"repeat","background-position":"center center","background-size":"auto","background-attachment":"scroll","background-type":"","background-media":"","overlay-type":"","overlay-color":"","overlay-opacity":"","overlay-gradient":""}},"footnotes":""},"class_list":["post-51247","page","type-page","status-publish","hentry"],"acf":[],"featured_image_src_large":false,"author_info":{"display_name":"desarrollo","author_link":"https:\/\/ecoforest.com\/es\/author\/desarrollo\/"},"comment_info":0,"taxonomy_info":[],"_links":{"self":[{"href":"https:\/\/ecoforest.com\/es\/wp-json\/wp\/v2\/pages\/51247","targetHints":{"allow":["GET"]}}],"collection":[{"href":"https:\/\/ecoforest.com\/es\/wp-json\/wp\/v2\/pages"}],"about":[{"href":"https:\/\/ecoforest.com\/es\/wp-json\/wp\/v2\/types\/page"}],"author":[{"embeddable":true,"href":"https:\/\/ecoforest.com\/es\/wp-json\/wp\/v2\/users\/1"}],"replies":[{"embeddable":true,"href":"https:\/\/ecoforest.com\/es\/wp-json\/wp\/v2\/comments?post=51247"}],"version-history":[{"count":12,"href":"https:\/\/ecoforest.com\/es\/wp-json\/wp\/v2\/pages\/51247\/revisions"}],"predecessor-version":[{"id":51830,"href":"https:\/\/ecoforest.com\/es\/wp-json\/wp\/v2\/pages\/51247\/revisions\/51830"}],"wp:attachment":[{"href":"https:\/\/ecoforest.com\/es\/wp-json\/wp\/v2\/media?parent=51247"}],"curies":[{"name":"wp","href":"https:\/\/api.w.org\/{rel}","templated":true}]}}