{"id":711,"date":"2021-06-16T15:37:10","date_gmt":"2021-06-16T14:37:10","guid":{"rendered":"https:\/\/ecoforest.com\/?page_id=711"},"modified":"2023-10-17T08:06:01","modified_gmt":"2023-10-17T07:06:01","slug":"accesorios-para-calderas-de-pellets","status":"publish","type":"page","link":"https:\/\/ecoforest.com\/es\/estufas-de-pellets\/accesorios-para-calderas-de-pellets\/","title":{"rendered":"Accesorios para calderas de pellets"},"content":{"rendered":"<style id=\"kt-blocks_f7db36-ea\">.kt-post-loop_f7db36-ea .kadence-post-image{padding-top:0px;padding-right:100px;padding-bottom:0px;padding-left:100px;}.kt-post-loop_f7db36-ea .kt-post-grid-wrap{gap:0px 30px;}.kt-post-loop_f7db36-ea .kt-blocks-post-grid-item{border-top-width:0px;border-right-width:0px;border-bottom-width:0px;border-left-width:0px;border-top-left-radius:0px;border-top-right-radius:0px;border-bottom-right-radius:0px;border-bottom-left-radius:0px;}.kt-post-loop_f7db36-ea .kt-blocks-post-grid-item .kt-blocks-post-grid-item-inner{padding-top:0px;padding-right:0px;padding-bottom:0px;padding-left:0px;}.kt-post-loop_f7db36-ea .kt-blocks-post-grid-item .kt-blocks-post-grid-item-inner{text-align:left;}.kt-post-loop_f7db36-ea .kt-blocks-post-grid-item header{background-color:#ffffff;padding-top:10px;padding-right:0px;padding-bottom:10px;padding-left:0px;margin-top:0px;margin-right:0px;margin-bottom:0px;margin-left:0px;}.kt-post-loop_f7db36-ea .kt-blocks-post-grid-item .kt-blocks-above-categories{font-size:13px;line-height:20px;text-transform:uppercase;}.kt-post-loop_f7db36-ea .kt-blocks-post-grid-item .entry-title{padding-top:5px;padding-right:0px;padding-bottom:0px;padding-left:0px;margin-top:0px;margin-right:0px;margin-bottom:0px;margin-left:0px;font-size:24px;line-height:30px;}.kt-post-loop_f7db36-ea .entry-content{padding-top:0px;padding-right:0px;padding-bottom:0px;padding-left:0px;margin-top:0px;margin-right:0px;margin-bottom:0px;margin-left:0px;}.kt-post-loop_f7db36-ea .kt-blocks-post-footer{border-color:#aaaaaa;color:#aaaaaa;border-top-width:2px;border-right-width:0px;border-bottom-width:0px;border-left-width:0px;padding-top:5px;padding-right:0px;padding-bottom:0px;padding-left:0px;margin-top:20px;margin-right:0px;margin-bottom:0px;margin-left:0px;font-size:12px;line-height:20px;text-transform:uppercase;}.kt-post-loop_f7db36-ea .entry-content:after{height:20px;}.kt-post-loop_f7db36-ea .kt-blocks-post-footer a{color:#aaaaaa;}.kt-post-loop_f7db36-ea .kt-blocks-post-footer a:hover{color:#7f7f7f;}.kt-post-loop_f7db36-ea .kb-filter-item{border-top-width:0px;border-right-width:0px;border-bottom-width:2px;border-left-width:0px;padding-top:5px;padding-right:8px;padding-bottom:5px;padding-left:8px;margin-top:0px;margin-right:10px;margin-bottom:0px;margin-left:0px;}<\/style><div class=\"wp-block-kadence-postgrid kt-blocks-post-loop-block alignnone kt-post-loop_f7db36-ea kt-post-grid-layout-grid \"><div class=\"kt-post-grid-layout-grid-wrap kt-post-grid-wrap\" data-columns-xxl=\"2\" data-columns-xl=\"2\" data-columns-md=\"2\" data-columns-sm=\"2\" data-columns-xs=\"1\" data-columns-ss=\"1\"data-item-selector=\".kt-post-masonry-item\"><article class=\"kt-blocks-post-grid-item post-27338 ecoforest_product type-ecoforest_product status-publish has-post-thumbnail hentry category-accesorios-pellets ast-grid-common-col ast-full-width ast-article-post\"><div class=\"kt-blocks-post-grid-item-inner-wrap kt-feat-image-align-top kt-feat-image-mobile-align-top\"><div class=\"kadence-post-image\"><div class=\"kadence-post-image-intrisic kt-image-ratio-66-67\" style=\"padding-bottom:66.67%\"><div class=\"kadence-post-image-inner-intrisic\"><a href=\"https:\/\/ecoforest.com\/es\/productos\/biomasa\/pellets-es\/accesorios-pellets\/depositos-de-acs-de-serpentin-simple\/\" class=\"kadence-post-image-inner-wrap\"><img loading=\"lazy\" decoding=\"async\" width=\"1024\" height=\"485\" src=\"https:\/\/ecoforest.com\/wp-content\/uploads\/2022\/10\/Depositos-ACS-general-1024x485-1.png\" class=\"attachment-2048x2048 size-2048x2048 wp-post-image\" alt=\"\" srcset=\"https:\/\/ecoforest.com\/wp-content\/uploads\/2022\/10\/Depositos-ACS-general-1024x485-1.png 1024w, https:\/\/ecoforest.com\/wp-content\/uploads\/2022\/10\/Depositos-ACS-general-1024x485-1-300x142.png 300w, https:\/\/ecoforest.com\/wp-content\/uploads\/2022\/10\/Depositos-ACS-general-1024x485-1-768x364.png 768w\" sizes=\"auto, (max-width: 1024px) 100vw, 1024px\" title=\"\"><\/a><\/div><\/div><\/div><div class=\"kt-blocks-post-grid-item-inner\"><header><h2 class=\"entry-title\"><a href=\"https:\/\/ecoforest.com\/es\/productos\/biomasa\/pellets-es\/accesorios-pellets\/depositos-de-acs-de-serpentin-simple\/\">Dep\u00f3sitos de ACS de serpent\u00edn simple<\/a><\/h2><div class=\"kt-blocks-post-top-meta\"><\/div><\/header><div class=\"entry-content\">Dep\u00f3sitos de agua caliente sanitaria fabricados en acero INOX AISI 316 dise\u00f1ados espec\u00edficamente para las calderas Ecoforest.Serpent\u00edn espiral corrugado flexible con superficie de contacto \u00f3ptima y mejor transmisi\u00f3n de calor.Aislamiento t\u00e9rmico en espuma r\u00edgida de poliuretano inyectado libre de HCFC y acabado exterior en PVC semirr\u00edgido.<\/div><footer class=\"kt-blocks-post-footer\"><div class=\"kt-blocks-post-footer-left\"><\/div><div class=\"kt-blocks-post-footer-right\"><\/div><\/footer><\/div><\/div><\/article><article class=\"kt-blocks-post-grid-item post-27329 ecoforest_product type-ecoforest_product status-publish has-post-thumbnail hentry category-accesorios-pellets ast-grid-common-col ast-full-width ast-article-post\"><div class=\"kt-blocks-post-grid-item-inner-wrap kt-feat-image-align-top kt-feat-image-mobile-align-top\"><div class=\"kadence-post-image\"><div class=\"kadence-post-image-intrisic kt-image-ratio-66-67\" style=\"padding-bottom:66.67%\"><div class=\"kadence-post-image-inner-intrisic\"><a href=\"https:\/\/ecoforest.com\/es\/productos\/biomasa\/pellets-es\/accesorios-pellets\/depositos-inercia\/\" class=\"kadence-post-image-inner-wrap\"><img loading=\"lazy\" decoding=\"async\" width=\"1024\" height=\"485\" src=\"https:\/\/ecoforest.com\/wp-content\/uploads\/2022\/11\/Depositos-inercia-general-ecoforest-6.png\" class=\"attachment-2048x2048 size-2048x2048 wp-post-image\" alt=\"\" srcset=\"https:\/\/ecoforest.com\/wp-content\/uploads\/2022\/11\/Depositos-inercia-general-ecoforest-6.png 1024w, https:\/\/ecoforest.com\/wp-content\/uploads\/2022\/11\/Depositos-inercia-general-ecoforest-6-300x142.png 300w, https:\/\/ecoforest.com\/wp-content\/uploads\/2022\/11\/Depositos-inercia-general-ecoforest-6-768x364.png 768w\" sizes=\"auto, (max-width: 1024px) 100vw, 1024px\" title=\"\"><\/a><\/div><\/div><\/div><div class=\"kt-blocks-post-grid-item-inner\"><header><h2 class=\"entry-title\"><a href=\"https:\/\/ecoforest.com\/es\/productos\/biomasa\/pellets-es\/accesorios-pellets\/depositos-inercia\/\">Dep\u00f3sitos de inercia<\/a><\/h2><div class=\"kt-blocks-post-top-meta\"><\/div><\/header><div class=\"entry-content\">En Ecoforest buscamos la comodidad para nuestros clientes, por lo que contamos con una amplia gama de dep\u00f3sitos de inercia de alta calidad, especialmente dise\u00f1ados para nuestras calderas de biomasa. Dep\u00f3sitos de inercia fabricados en acero al carbono dise\u00f1ados espec\u00edficamente para calefacci\u00f3n y refrigeraci\u00f3n. Dep\u00f3sitos de inercia Entrada para dos sondas de temperatura (aplicaci\u00f3n calefacci\u00f3n [&hellip;]<\/div><footer class=\"kt-blocks-post-footer\"><div class=\"kt-blocks-post-footer-left\"><\/div><div class=\"kt-blocks-post-footer-right\"><\/div><\/footer><\/div><\/div><\/article><article class=\"kt-blocks-post-grid-item post-26144 ecoforest_product type-ecoforest_product status-publish has-post-thumbnail hentry category-accesorios-pellets ast-grid-common-col ast-full-width ast-article-post\"><div class=\"kt-blocks-post-grid-item-inner-wrap kt-feat-image-align-top kt-feat-image-mobile-align-top\"><div class=\"kadence-post-image\"><div class=\"kadence-post-image-intrisic kt-image-ratio-66-67\" style=\"padding-bottom:66.67%\"><div class=\"kadence-post-image-inner-intrisic\"><a href=\"https:\/\/ecoforest.com\/es\/productos\/biomasa\/pellets-es\/accesorios-pellets\/gestor-de-zonas\/\" class=\"kadence-post-image-inner-wrap\"><img loading=\"lazy\" decoding=\"async\" width=\"1140\" height=\"540\" src=\"https:\/\/ecoforest.com\/wp-content\/uploads\/2021\/06\/Gestor-de-zonas-general.png\" class=\"attachment-2048x2048 size-2048x2048 wp-post-image\" alt=\"\" srcset=\"https:\/\/ecoforest.com\/wp-content\/uploads\/2021\/06\/Gestor-de-zonas-general.png 1140w, https:\/\/ecoforest.com\/wp-content\/uploads\/2021\/06\/Gestor-de-zonas-general-300x142.png 300w, https:\/\/ecoforest.com\/wp-content\/uploads\/2021\/06\/Gestor-de-zonas-general-1024x485.png 1024w, https:\/\/ecoforest.com\/wp-content\/uploads\/2021\/06\/Gestor-de-zonas-general-768x364.png 768w\" sizes=\"auto, (max-width: 1140px) 100vw, 1140px\" title=\"\"><\/a><\/div><\/div><\/div><div class=\"kt-blocks-post-grid-item-inner\"><header><h2 class=\"entry-title\"><a href=\"https:\/\/ecoforest.com\/es\/productos\/biomasa\/pellets-es\/accesorios-pellets\/gestor-de-zonas\/\">Gestor de zonas<\/a><\/h2><div class=\"kt-blocks-post-top-meta\"><\/div><\/header><div class=\"entry-content\">La tecnolog\u00eda Ecoforest permite adaptar la potencia de la caldera a cada servicio de manera independiente. Gracias al gestor de zonas ahora podemos controlar con la caldera de pellets hasta 3 zonas distintas. Gestor de zonas para calderas de pellets VAP Control de tres temperaturas de impulsi\u00f3n Las estrategias de control implementadas en las calderas [&hellip;]<\/div><footer class=\"kt-blocks-post-footer\"><div class=\"kt-blocks-post-footer-left\"><\/div><div class=\"kt-blocks-post-footer-right\"><\/div><\/footer><\/div><\/div><\/article><article class=\"kt-blocks-post-grid-item post-25692 ecoforest_product type-ecoforest_product status-publish has-post-thumbnail hentry category-accesorios-pellets ast-grid-common-col ast-full-width ast-article-post\"><div class=\"kt-blocks-post-grid-item-inner-wrap kt-feat-image-align-top kt-feat-image-mobile-align-top\"><div class=\"kadence-post-image\"><div class=\"kadence-post-image-intrisic kt-image-ratio-66-67\" style=\"padding-bottom:66.67%\"><div class=\"kadence-post-image-inner-intrisic\"><a href=\"https:\/\/ecoforest.com\/es\/productos\/biomasa\/pellets-es\/accesorios-pellets\/kit-silo\/\" class=\"kadence-post-image-inner-wrap\"><img loading=\"lazy\" decoding=\"async\" width=\"870\" height=\"601\" src=\"https:\/\/ecoforest.com\/wp-content\/uploads\/2022\/10\/silos_web.png\" class=\"attachment-2048x2048 size-2048x2048 wp-post-image\" alt=\"\" srcset=\"https:\/\/ecoforest.com\/wp-content\/uploads\/2022\/10\/silos_web.png 870w, https:\/\/ecoforest.com\/wp-content\/uploads\/2022\/10\/silos_web-300x207.png 300w, https:\/\/ecoforest.com\/wp-content\/uploads\/2022\/10\/silos_web-768x531.png 768w\" sizes=\"auto, (max-width: 870px) 100vw, 870px\" title=\"\"><\/a><\/div><\/div><\/div><div class=\"kt-blocks-post-grid-item-inner\"><header><h2 class=\"entry-title\"><a href=\"https:\/\/ecoforest.com\/es\/productos\/biomasa\/pellets-es\/accesorios-pellets\/kit-silo\/\">Kit Silo<\/a><\/h2><div class=\"kt-blocks-post-top-meta\"><\/div><\/header><div class=\"entry-content\">Para dar un servicio completo a las instalaciones de calderas de pellets, Ecoforest ha renovado su gama de silos: ligeros, resistentes, de gran capacidad y con alimentaci\u00f3n autom\u00e1tica a la caldera incluida. Los silos Ecoforest se conectan a un sistema de extracci\u00f3n por aspiraci\u00f3n neum\u00e1tica a trav\u00e9s de tuber\u00edas de succi\u00f3n de pellets y de [&hellip;]<\/div><footer class=\"kt-blocks-post-footer\"><div class=\"kt-blocks-post-footer-left\"><\/div><div class=\"kt-blocks-post-footer-right\"><\/div><\/footer><\/div><\/div><\/article><\/div><\/div><!-- .wp-block-kadence-postgrid -->\n\n<style>.wp-block-kadence-spacer.kt-block-spacer-_835ebb-12 .kt-block-spacer{height:60px;}.wp-block-kadence-spacer.kt-block-spacer-_835ebb-12 .kt-divider{border-top-width:1px;height:1px;border-top-color:#eee;width:80%;border-top-style:solid;}<\/style>\n<div class=\"wp-block-kadence-spacer aligncenter kt-block-spacer-_835ebb-12\"><div class=\"kt-block-spacer kt-block-spacer-halign-center\"><\/div><\/div>\n","protected":false},"excerpt":{"rendered":"","protected":false},"author":1,"featured_media":0,"parent":5609,"menu_order":0,"comment_status":"closed","ping_status":"closed","template":"","meta":{"_acf_changed":false,"_kad_blocks_custom_css":"","_kad_blocks_head_custom_js":"","_kad_blocks_body_custom_js":"","_kad_blocks_footer_custom_js":"","site-sidebar-layout":"default","site-content-layout":"plain-container","ast-site-content-layout":"default","site-content-style":"default","site-sidebar-style":"default","ast-global-header-display":"","ast-banner-title-visibility":"","ast-main-header-display":"","ast-hfb-above-header-display":"","ast-hfb-below-header-display":"","ast-hfb-mobile-header-display":"","site-post-title":"","ast-breadcrumbs-content":"","ast-featured-img":"","footer-sml-layout":"","ast-disable-related-posts":"","theme-transparent-header-meta":"default","adv-header-id-meta":"","stick-header-meta":"default","header-above-stick-meta":"","header-main-stick-meta":"","header-below-stick-meta":"","astra-migrate-meta-layouts":"default","ast-page-background-enabled":"default","ast-page-background-meta":{"desktop":{"background-color":"","background-image":"","background-repeat":"repeat","background-position":"center center","background-size":"auto","background-attachment":"scroll","background-type":"","background-media":"","overlay-type":"","overlay-color":"","overlay-opacity":"","overlay-gradient":""},"tablet":{"background-color":"","background-image":"","background-repeat":"repeat","background-position":"center center","background-size":"auto","background-attachment":"scroll","background-type":"","background-media":"","overlay-type":"","overlay-color":"","overlay-opacity":"","overlay-gradient":""},"mobile":{"background-color":"","background-image":"","background-repeat":"repeat","background-position":"center center","background-size":"auto","background-attachment":"scroll","background-type":"","background-media":"","overlay-type":"","overlay-color":"","overlay-opacity":"","overlay-gradient":""}},"ast-content-background-meta":{"desktop":{"background-color":"var(--ast-global-color-5)","background-image":"","background-repeat":"repeat","background-position":"center center","background-size":"auto","background-attachment":"scroll","background-type":"","background-media":"","overlay-type":"","overlay-color":"","overlay-opacity":"","overlay-gradient":""},"tablet":{"background-color":"var(--ast-global-color-5)","background-image":"","background-repeat":"repeat","background-position":"center center","background-size":"auto","background-attachment":"scroll","background-type":"","background-media":"","overlay-type":"","overlay-color":"","overlay-opacity":"","overlay-gradient":""},"mobile":{"background-color":"var(--ast-global-color-5)","background-image":"","background-repeat":"repeat","background-position":"center center","background-size":"auto","background-attachment":"scroll","background-type":"","background-media":"","overlay-type":"","overlay-color":"","overlay-opacity":"","overlay-gradient":""}},"footnotes":""},"class_list":["post-711","page","type-page","status-publish","hentry"],"acf":[],"featured_image_src_large":false,"author_info":{"display_name":"desarrollo","author_link":"https:\/\/ecoforest.com\/es\/author\/desarrollo\/"},"comment_info":0,"taxonomy_info":[],"_links":{"self":[{"href":"https:\/\/ecoforest.com\/es\/wp-json\/wp\/v2\/pages\/711","targetHints":{"allow":["GET"]}}],"collection":[{"href":"https:\/\/ecoforest.com\/es\/wp-json\/wp\/v2\/pages"}],"about":[{"href":"https:\/\/ecoforest.com\/es\/wp-json\/wp\/v2\/types\/page"}],"author":[{"embeddable":true,"href":"https:\/\/ecoforest.com\/es\/wp-json\/wp\/v2\/users\/1"}],"replies":[{"embeddable":true,"href":"https:\/\/ecoforest.com\/es\/wp-json\/wp\/v2\/comments?post=711"}],"version-history":[{"count":6,"href":"https:\/\/ecoforest.com\/es\/wp-json\/wp\/v2\/pages\/711\/revisions"}],"predecessor-version":[{"id":27554,"href":"https:\/\/ecoforest.com\/es\/wp-json\/wp\/v2\/pages\/711\/revisions\/27554"}],"up":[{"embeddable":true,"href":"https:\/\/ecoforest.com\/es\/wp-json\/wp\/v2\/pages\/5609"}],"wp:attachment":[{"href":"https:\/\/ecoforest.com\/es\/wp-json\/wp\/v2\/media?parent=711"}],"curies":[{"name":"wp","href":"https:\/\/api.w.org\/{rel}","templated":true}]}}