{"id":11305,"date":"2021-10-14T13:14:24","date_gmt":"2021-10-14T12:14:24","guid":{"rendered":"https:\/\/ecoforest.com\/?page_id=11305"},"modified":"2025-07-16T09:40:06","modified_gmt":"2025-07-16T08:40:06","slug":"igape","status":"publish","type":"page","link":"https:\/\/ecoforest.com\/fr\/igape\/","title":{"rendered":"Aides \/ Subventions"},"content":{"rendered":"\n<figure class=\"wp-block-image size-large\"><img loading=\"lazy\" decoding=\"async\" width=\"1024\" height=\"724\" src=\"https:\/\/ecoforest.com\/wp-content\/uploads\/2025\/07\/Cartel_Ayudas_Igape_FOEXGA_ga-1024x724.jpg\" alt=\"\" class=\"wp-image-50259\" title=\"\" srcset=\"https:\/\/ecoforest.com\/wp-content\/uploads\/2025\/07\/Cartel_Ayudas_Igape_FOEXGA_ga-1024x724.jpg 1024w, https:\/\/ecoforest.com\/wp-content\/uploads\/2025\/07\/Cartel_Ayudas_Igape_FOEXGA_ga-300x212.jpg 300w, https:\/\/ecoforest.com\/wp-content\/uploads\/2025\/07\/Cartel_Ayudas_Igape_FOEXGA_ga-768x543.jpg 768w, https:\/\/ecoforest.com\/wp-content\/uploads\/2025\/07\/Cartel_Ayudas_Igape_FOEXGA_ga.jpg 1190w\" sizes=\"auto, (max-width: 1024px) 100vw, 1024px\" \/><\/figure>\n\n\n<style>.kb-row-layout-id_ac3216-17 > .kt-row-column-wrap{align-content:start;}:where(.kb-row-layout-id_ac3216-17 > .kt-row-column-wrap) > .wp-block-kadence-column{justify-content:start;}.kb-row-layout-id_ac3216-17 > .kt-row-column-wrap{column-gap:var(--global-kb-gap-md, 2rem);row-gap:var(--global-kb-gap-md, 2rem);padding-top:var(--global-kb-spacing-sm, 1.5rem);padding-bottom:var(--global-kb-spacing-sm, 1.5rem);}.kb-row-layout-id_ac3216-17 > .kt-row-column-wrap > div:not(.added-for-specificity){grid-column:initial;}.kb-row-layout-id_ac3216-17 > .kt-row-column-wrap{grid-template-columns:repeat(5, minmax(0, 1fr));}.kb-row-layout-id_ac3216-17 > .kt-row-layout-overlay{opacity:0.30;}.kb-row-layout-id_ac3216-17 .kt-row-layout-bottom-sep{height:100px;}.kb-row-layout-id_ac3216-17 .kt-row-layout-bottom-sep svg{width:100%;}.kb-row-layout-id_ac3216-17 .kt-row-layout-bottom-sep svg{fill:#ffffff!important;}@media all and (max-width: 1024px){.kb-row-layout-id_ac3216-17 > .kt-row-column-wrap > div:not(.added-for-specificity){grid-column:initial;}}@media all and (max-width: 1024px){.kb-row-layout-id_ac3216-17 > .kt-row-column-wrap{grid-template-columns:repeat(5, minmax(0, 1fr));}}@media all and (max-width: 1024px){.kb-row-layout-id_ac3216-17 .kt-row-layout-bottom-sep{height:px;}}@media all and (max-width: 1024px){.kb-row-layout-id_ac3216-17 .kt-row-layout-bottom-sep svg{width:%;}}@media all and (max-width: 767px){.kb-row-layout-id_ac3216-17 > .kt-row-column-wrap > div:not(.added-for-specificity){grid-column:initial;}.kb-row-layout-id_ac3216-17 > .kt-row-column-wrap{grid-template-columns:minmax(0, 1fr);}.kb-row-layout-id_ac3216-17 .kt-row-layout-bottom-sep{height:px;}.kb-row-layout-id_ac3216-17 .kt-row-layout-bottom-sep svg{width:%;}}<\/style><div class=\"kb-row-layout-wrap kb-row-layout-id_ac3216-17 alignnone wp-block-kadence-rowlayout\"><div class=\"kt-row-column-wrap kt-has-5-columns kt-row-layout-equal kt-tab-layout-inherit kt-mobile-layout-row kt-row-valign-top\">\n<style>.kadence-column_d716a7-bc > .kt-inside-inner-col,.kadence-column_d716a7-bc > .kt-inside-inner-col:before{border-top-left-radius:0px;border-top-right-radius:0px;border-bottom-right-radius:0px;border-bottom-left-radius:0px;}.kadence-column_d716a7-bc > .kt-inside-inner-col{column-gap:var(--global-kb-gap-sm, 1rem);}.kadence-column_d716a7-bc > .kt-inside-inner-col{flex-direction:column;}.kadence-column_d716a7-bc > .kt-inside-inner-col > .aligncenter{width:100%;}.kadence-column_d716a7-bc > .kt-inside-inner-col:before{opacity:0.3;}.kadence-column_d716a7-bc{position:relative;}@media all and (max-width: 1024px){.kadence-column_d716a7-bc > .kt-inside-inner-col{flex-direction:column;justify-content:center;}}@media all and (max-width: 767px){.kadence-column_d716a7-bc > .kt-inside-inner-col{flex-direction:column;justify-content:center;}}<\/style>\n<div class=\"wp-block-kadence-column kadence-column_d716a7-bc inner-column-1\"><div class=\"kt-inside-inner-col\">\n<figure class=\"wp-block-image size-full\"><img loading=\"lazy\" decoding=\"async\" width=\"419\" height=\"131\" src=\"https:\/\/ecoforest.com\/wp-content\/uploads\/2021\/07\/logo-xunta-de-galicia.png\" alt=\"\" class=\"wp-image-1172\" title=\"\" srcset=\"https:\/\/ecoforest.com\/wp-content\/uploads\/2021\/07\/logo-xunta-de-galicia.png 419w, https:\/\/ecoforest.com\/wp-content\/uploads\/2021\/07\/logo-xunta-de-galicia-300x94.png 300w\" sizes=\"auto, (max-width: 419px) 100vw, 419px\" \/><\/figure>\n<\/div><\/div>\n\n\n<style>.kadence-column_b51d99-49 > .kt-inside-inner-col,.kadence-column_b51d99-49 > .kt-inside-inner-col:before{border-top-left-radius:0px;border-top-right-radius:0px;border-bottom-right-radius:0px;border-bottom-left-radius:0px;}.kadence-column_b51d99-49 > .kt-inside-inner-col{column-gap:var(--global-kb-gap-sm, 1rem);}.kadence-column_b51d99-49 > .kt-inside-inner-col{flex-direction:column;}.kadence-column_b51d99-49 > .kt-inside-inner-col > .aligncenter{width:100%;}.kadence-column_b51d99-49 > .kt-inside-inner-col:before{opacity:0.3;}.kadence-column_b51d99-49{text-align:center;}.kadence-column_b51d99-49{position:relative;}@media all and (max-width: 1024px){.kadence-column_b51d99-49 > .kt-inside-inner-col{flex-direction:column;justify-content:center;}}@media all and (max-width: 767px){.kadence-column_b51d99-49 > .kt-inside-inner-col{flex-direction:column;justify-content:center;}}<\/style>\n<div class=\"wp-block-kadence-column kadence-column_b51d99-49 inner-column-2\"><div class=\"kt-inside-inner-col\">\n<figure class=\"wp-block-image size-large is-resized\"><img loading=\"lazy\" decoding=\"async\" width=\"190\" height=\"165\" src=\"https:\/\/ecoforest.com\/wp-content\/uploads\/2021\/06\/logo-union-europea.png\" alt=\"\" class=\"wp-image-628\" style=\"width:120px\" title=\"\"><\/figure>\n<\/div><\/div>\n\n\n<style>.kadence-column_10a04f-32 > .kt-inside-inner-col,.kadence-column_10a04f-32 > .kt-inside-inner-col:before{border-top-left-radius:0px;border-top-right-radius:0px;border-bottom-right-radius:0px;border-bottom-left-radius:0px;}.kadence-column_10a04f-32 > .kt-inside-inner-col{column-gap:var(--global-kb-gap-sm, 1rem);}.kadence-column_10a04f-32 > .kt-inside-inner-col{flex-direction:column;}.kadence-column_10a04f-32 > .kt-inside-inner-col > .aligncenter{width:100%;}.kadence-column_10a04f-32 > .kt-inside-inner-col:before{opacity:0.3;}.kadence-column_10a04f-32{position:relative;}@media all and (max-width: 1024px){.kadence-column_10a04f-32 > .kt-inside-inner-col{flex-direction:column;justify-content:center;}}@media all and (max-width: 767px){.kadence-column_10a04f-32 > .kt-inside-inner-col{flex-direction:column;justify-content:center;}}<\/style>\n<div class=\"wp-block-kadence-column kadence-column_10a04f-32 inner-column-3\"><div class=\"kt-inside-inner-col\">\n<figure class=\"wp-block-image size-large is-resized\"><img loading=\"lazy\" decoding=\"async\" width=\"193\" height=\"96\" src=\"https:\/\/ecoforest.com\/wp-content\/uploads\/2021\/07\/logo-igape.jpg\" alt=\"\" class=\"wp-image-1170\" style=\"width:160px\" title=\"\"><\/figure>\n<\/div><\/div>\n\n\n<style>.kadence-column_16d700-60 > .kt-inside-inner-col,.kadence-column_16d700-60 > .kt-inside-inner-col:before{border-top-left-radius:0px;border-top-right-radius:0px;border-bottom-right-radius:0px;border-bottom-left-radius:0px;}.kadence-column_16d700-60 > .kt-inside-inner-col{column-gap:var(--global-kb-gap-sm, 1rem);}.kadence-column_16d700-60 > .kt-inside-inner-col{flex-direction:column;}.kadence-column_16d700-60 > .kt-inside-inner-col > .aligncenter{width:100%;}.kadence-column_16d700-60 > .kt-inside-inner-col:before{opacity:0.3;}.kadence-column_16d700-60{position:relative;}@media all and (max-width: 1024px){.kadence-column_16d700-60 > .kt-inside-inner-col{flex-direction:column;justify-content:center;}}@media all and (max-width: 767px){.kadence-column_16d700-60 > .kt-inside-inner-col{flex-direction:column;justify-content:center;}}<\/style>\n<div class=\"wp-block-kadence-column kadence-column_16d700-60 inner-column-4\"><div class=\"kt-inside-inner-col\">\n<figure class=\"wp-block-image size-large is-resized\"><img loading=\"lazy\" decoding=\"async\" width=\"180\" height=\"86\" src=\"https:\/\/ecoforest.com\/wp-content\/uploads\/2021\/07\/logo-galicia.png\" alt=\"\" class=\"wp-image-1169\" style=\"width:180px\" title=\"\"><\/figure>\n<\/div><\/div>\n\n\n<style>.kadence-column_4381a4-56 > .kt-inside-inner-col,.kadence-column_4381a4-56 > .kt-inside-inner-col:before{border-top-left-radius:0px;border-top-right-radius:0px;border-bottom-right-radius:0px;border-bottom-left-radius:0px;}.kadence-column_4381a4-56 > .kt-inside-inner-col{column-gap:var(--global-kb-gap-sm, 1rem);}.kadence-column_4381a4-56 > .kt-inside-inner-col{flex-direction:column;}.kadence-column_4381a4-56 > .kt-inside-inner-col > .aligncenter{width:100%;}.kadence-column_4381a4-56 > .kt-inside-inner-col:before{opacity:0.3;}.kadence-column_4381a4-56{position:relative;}@media all and (max-width: 1024px){.kadence-column_4381a4-56 > .kt-inside-inner-col{flex-direction:column;justify-content:center;}}@media all and (max-width: 767px){.kadence-column_4381a4-56 > .kt-inside-inner-col{flex-direction:column;justify-content:center;}}<\/style>\n<div class=\"wp-block-kadence-column kadence-column_4381a4-56 inner-column-5\"><div class=\"kt-inside-inner-col\"><\/div><\/div>\n\n<\/div><\/div>\n\n\n<p class=\"has-text-align-center\"><strong>PROJET COFINANC\u00c9 PAR L&rsquo;UNION EUROP\u00c9ENNE<\/strong><\/p>\n\n\n\n<figure class=\"wp-block-image size-full\"><img loading=\"lazy\" decoding=\"async\" width=\"760\" height=\"165\" src=\"https:\/\/ecoforest.com\/wp-content\/uploads\/2024\/05\/logo-union-europea_FR.png\" alt=\"\" class=\"wp-image-40906\" title=\"\" srcset=\"https:\/\/ecoforest.com\/wp-content\/uploads\/2024\/05\/logo-union-europea_FR.png 760w, https:\/\/ecoforest.com\/wp-content\/uploads\/2024\/05\/logo-union-europea_FR-300x65.png 300w\" sizes=\"auto, (max-width: 760px) 100vw, 760px\" \/><\/figure>\n\n\n\n<p class=\"has-text-align-center\">Biomasa Ecoforestal de Villaca\u00f1as S.L.U. a particip\u00e9 au programme d&rsquo;initiation \u00e0 l&rsquo;exportation ICEX-Next, avec le soutien de l&rsquo;ICEX et le cofinancement des fonds europ\u00e9ens du FEDER. L&rsquo;objectif de ce soutien est de contribuer au d\u00e9veloppement international de l&rsquo;entreprise et de son environnement.<\/p>\n\n\n\n<figure class=\"wp-block-image size-full\"><img loading=\"lazy\" decoding=\"async\" width=\"760\" height=\"165\" src=\"https:\/\/ecoforest.com\/wp-content\/uploads\/2024\/05\/logo-union-europea_FR.png\" alt=\"\" class=\"wp-image-40906\" title=\"\" srcset=\"https:\/\/ecoforest.com\/wp-content\/uploads\/2024\/05\/logo-union-europea_FR.png 760w, https:\/\/ecoforest.com\/wp-content\/uploads\/2024\/05\/logo-union-europea_FR-300x65.png 300w\" sizes=\"auto, (max-width: 760px) 100vw, 760px\" \/><\/figure>\n\n\n\n<p class=\"has-text-align-center\">Ecoforest Geotermia S.L. a particip\u00e9 au programme d&rsquo;initiation \u00e0 l&rsquo;exportation ICEX-Next, avec le soutien de l&rsquo;ICEX et le cofinancement des fonds europ\u00e9ens du FEDER. L&rsquo;objectif de ce soutien est de contribuer au d\u00e9veloppement international de l&rsquo;entreprise et de son environnement.<\/p>\n\n\n<style>.wp-block-kadence-spacer.kt-block-spacer-_e226ca-0f .kt-block-spacer{height:60px;}.wp-block-kadence-spacer.kt-block-spacer-_e226ca-0f .kt-divider{border-top-width:1px;height:1px;border-top-color:#eee;width:80%;border-top-style:solid;}<\/style>\n<div class=\"wp-block-kadence-spacer aligncenter kt-block-spacer-_e226ca-0f\"><div class=\"kt-block-spacer kt-block-spacer-halign-center\"><hr class=\"kt-divider\"\/><\/div><\/div>\n\n\n\n<p class=\"has-text-align-center\"><strong>PROJET COFINANC\u00c9 PAR L&rsquo;UNION EUROP\u00c9ENNE<\/strong><\/p>\n\n\n\n<p class=\"has-text-align-center\">FEDER &#8211; Fonds europ\u00e9en de d\u00e9veloppement r\u00e9gional.<\/p>\n\n\n\n<p class=\"has-text-align-center\">PROJET : PO\/1180\/P05. Construction d&rsquo;une nouvelle usine de production compos\u00e9e de deux modules. L&rsquo;un pour l&rsquo;assemblage, la fabrication et le stockage des produits, qui nous permettra d&rsquo;agrandir nos installations de production, et un second module compos\u00e9 d&rsquo;un rez-de-chauss\u00e9e et de deux \u00e9tages pour le laboratoire de R&amp;D&amp;I et le b\u00e2timent de l&rsquo;entreprise.<\/p>\n\n\n\n<p class=\"has-text-align-center\">Un tissu d&rsquo;entreprises plus comp\u00e9titif.<\/p>\n\n\n\n<p class=\"has-text-align-center\"><em>\u00ab\u00a0Une fa\u00e7on de faire Europe\u00a0\u00bb<\/em><\/p>\n\n\n<style>.kb-row-layout-id_a4c0c3-4a > .kt-row-column-wrap{align-content:start;}:where(.kb-row-layout-id_a4c0c3-4a > .kt-row-column-wrap) > .wp-block-kadence-column{justify-content:start;}.kb-row-layout-id_a4c0c3-4a > .kt-row-column-wrap{column-gap:var(--global-kb-gap-md, 2rem);row-gap:var(--global-kb-gap-md, 2rem);padding-top:var(--global-kb-spacing-sm, 1.5rem);padding-bottom:var(--global-kb-spacing-sm, 1.5rem);grid-template-columns:repeat(2, minmax(0, 1fr));}.kb-row-layout-id_a4c0c3-4a > .kt-row-layout-overlay{opacity:0.30;}@media all and (max-width: 1024px){.kb-row-layout-id_a4c0c3-4a > .kt-row-column-wrap{grid-template-columns:repeat(2, minmax(0, 1fr));}}@media all and (max-width: 767px){.kb-row-layout-id_a4c0c3-4a > .kt-row-column-wrap{grid-template-columns:minmax(0, 1fr);}}<\/style><div class=\"kb-row-layout-wrap kb-row-layout-id_a4c0c3-4a alignnone wp-block-kadence-rowlayout\"><div class=\"kt-row-column-wrap kt-has-2-columns kt-row-layout-equal kt-tab-layout-inherit kt-mobile-layout-row kt-row-valign-top\">\n<style>.kadence-column_252571-b1 > .kt-inside-inner-col,.kadence-column_252571-b1 > .kt-inside-inner-col:before{border-top-left-radius:0px;border-top-right-radius:0px;border-bottom-right-radius:0px;border-bottom-left-radius:0px;}.kadence-column_252571-b1 > .kt-inside-inner-col{column-gap:var(--global-kb-gap-sm, 1rem);}.kadence-column_252571-b1 > .kt-inside-inner-col{flex-direction:column;}.kadence-column_252571-b1 > .kt-inside-inner-col > .aligncenter{width:100%;}.kadence-column_252571-b1 > .kt-inside-inner-col:before{opacity:0.3;}.kadence-column_252571-b1{position:relative;}@media all and (max-width: 1024px){.kadence-column_252571-b1 > .kt-inside-inner-col{flex-direction:column;justify-content:center;}}@media all and (max-width: 767px){.kadence-column_252571-b1 > .kt-inside-inner-col{flex-direction:column;justify-content:center;}}<\/style>\n<div class=\"wp-block-kadence-column kadence-column_252571-b1 inner-column-1\"><div class=\"kt-inside-inner-col\">\n<figure class=\"wp-block-image alignleft size-medium\"><img loading=\"lazy\" decoding=\"async\" width=\"300\" height=\"225\" src=\"https:\/\/ecoforest.com\/wp-content\/uploads\/2021\/07\/FOTO_igape-min-300x225.jpg\" alt=\"\" class=\"wp-image-1189\" title=\"\" srcset=\"https:\/\/ecoforest.com\/wp-content\/uploads\/2021\/07\/FOTO_igape-min-300x225.jpg 300w, https:\/\/ecoforest.com\/wp-content\/uploads\/2021\/07\/FOTO_igape-min-1024x768.jpg 1024w, https:\/\/ecoforest.com\/wp-content\/uploads\/2021\/07\/FOTO_igape-min-768x576.jpg 768w, https:\/\/ecoforest.com\/wp-content\/uploads\/2021\/07\/FOTO_igape-min-1536x1152.jpg 1536w, https:\/\/ecoforest.com\/wp-content\/uploads\/2021\/07\/FOTO_igape-min-2048x1536.jpg 2048w\" sizes=\"auto, (max-width: 300px) 100vw, 300px\" \/><\/figure>\n<\/div><\/div>\n\n\n<style>.kadence-column_d22985-45 > .kt-inside-inner-col,.kadence-column_d22985-45 > .kt-inside-inner-col:before{border-top-left-radius:0px;border-top-right-radius:0px;border-bottom-right-radius:0px;border-bottom-left-radius:0px;}.kadence-column_d22985-45 > .kt-inside-inner-col{column-gap:var(--global-kb-gap-sm, 1rem);}.kadence-column_d22985-45 > .kt-inside-inner-col{flex-direction:column;}.kadence-column_d22985-45 > .kt-inside-inner-col > .aligncenter{width:100%;}.kadence-column_d22985-45 > .kt-inside-inner-col:before{opacity:0.3;}.kadence-column_d22985-45{position:relative;}@media all and (max-width: 1024px){.kadence-column_d22985-45 > .kt-inside-inner-col{flex-direction:column;justify-content:center;}}@media all and (max-width: 767px){.kadence-column_d22985-45 > .kt-inside-inner-col{flex-direction:column;justify-content:center;}}<\/style>\n<div class=\"wp-block-kadence-column kadence-column_d22985-45 inner-column-2\"><div class=\"kt-inside-inner-col\">\n<figure class=\"wp-block-image alignright size-medium\"><img loading=\"lazy\" decoding=\"async\" width=\"300\" height=\"212\" src=\"https:\/\/ecoforest.com\/wp-content\/uploads\/2021\/07\/MODELO_CARTEL_PLACA_MINHAFP_002_page-0001-300x212.jpg\" alt=\"\" class=\"wp-image-1190\" title=\"\" srcset=\"https:\/\/ecoforest.com\/wp-content\/uploads\/2021\/07\/MODELO_CARTEL_PLACA_MINHAFP_002_page-0001-300x212.jpg 300w, https:\/\/ecoforest.com\/wp-content\/uploads\/2021\/07\/MODELO_CARTEL_PLACA_MINHAFP_002_page-0001-1024x725.jpg 1024w, https:\/\/ecoforest.com\/wp-content\/uploads\/2021\/07\/MODELO_CARTEL_PLACA_MINHAFP_002_page-0001-768x543.jpg 768w, https:\/\/ecoforest.com\/wp-content\/uploads\/2021\/07\/MODELO_CARTEL_PLACA_MINHAFP_002_page-0001-1536x1087.jpg 1536w, https:\/\/ecoforest.com\/wp-content\/uploads\/2021\/07\/MODELO_CARTEL_PLACA_MINHAFP_002_page-0001.jpg 1754w\" sizes=\"auto, (max-width: 300px) 100vw, 300px\" \/><\/figure>\n<\/div><\/div>\n\n<\/div><\/div>\n\n<style>.wp-block-kadence-spacer.kt-block-spacer-_a0173a-2d .kt-block-spacer{height:60px;}.wp-block-kadence-spacer.kt-block-spacer-_a0173a-2d .kt-divider{border-top-width:1px;height:1px;border-top-color:#eee;width:80%;border-top-style:solid;}<\/style>\n<div class=\"wp-block-kadence-spacer aligncenter kt-block-spacer-_a0173a-2d\"><div class=\"kt-block-spacer kt-block-spacer-halign-center\"><hr class=\"kt-divider\"\/><\/div><\/div>\n\n\n\n<p class=\"has-text-align-center\"><strong>Aide de Igape Galicia Exports Companies<\/strong><\/p>\n\n\n\n<p class=\"has-text-align-center\">Cette entreprise a b\u00e9n\u00e9fici\u00e9 d&rsquo;une subvention du programme Igape Galicia Exporta Empresas. L&rsquo;objectif principal de ces axes est d&rsquo;encourager et d&rsquo;estimer le commerce ext\u00e9rieur des produits alimentaires et l&rsquo;internationalisation des produits alimentaires. Le r\u00e9sultat escompt\u00e9 est d&rsquo;augmenter la base des entreprises exportatrices et de consolider la pr\u00e9sence des entreprises galiciennes sur les march\u00e9s internationaux.<\/p>\n\n\n\n<p class=\"has-text-align-center\">Op\u00e9ration cofinanc\u00e9e par l&rsquo;Union europ\u00e9enne.<\/p>\n\n\n\n<p class=\"has-text-align-center\">Programme op\u00e9rationnel FEDER de la Galice 2014-2020<\/p>\n\n\n\n<p class=\"has-text-align-center\">Un tissu d&rsquo;entreprises plus comp\u00e9titif.<\/p>\n\n\n\n<p class=\"has-text-align-center\"><em>\u00ab\u00a0Une fa\u00e7on de faire Europe\u00a0\u00bb<\/em><\/p>\n\n\n<style>.wp-block-kadence-spacer.kt-block-spacer-_ca94b3-0b .kt-block-spacer{height:60px;}.wp-block-kadence-spacer.kt-block-spacer-_ca94b3-0b .kt-divider{border-top-width:1px;height:1px;border-top-color:#eee;width:80%;border-top-style:solid;}<\/style>\n<div class=\"wp-block-kadence-spacer aligncenter kt-block-spacer-_ca94b3-0b\"><div class=\"kt-block-spacer kt-block-spacer-halign-center\"><hr class=\"kt-divider\"\/><\/div><\/div>\n\n\n\n<p class=\"has-text-align-center\"><strong>Aide du Igape Programme du plan Foexga 2019-2020<\/strong><\/p>\n\n\n\n<p class=\"has-text-align-center\">Cette entreprise participe \u00e0 un projet d&rsquo;internationalisation, op\u00e9ration cofinanc\u00e9e par l&rsquo;Union europ\u00e9enne \u00e0 travers le programme Igape Plan Foexga 2019-2020.<br>Pour soutenir le processus d&rsquo;internationalisation d&rsquo;ECOFOREST, la Xunta de Galicia a accord\u00e9 une aide par le biais de l&rsquo;Igape cofinanc\u00e9 par le Fonds europ\u00e9en de d\u00e9veloppement r\u00e9gional dans le cadre op\u00e9rationnel Feder de Galicia 2014-2020, OT3.<\/p>\n\n\n\n<p class=\"has-text-align-center\">Une \u00e9conomie plus propre et plus durable.<\/p>\n\n\n\n<p class=\"has-text-align-center\"><em>\u00ab\u00a0Une fa\u00e7on de faire Europe\u00a0\u00bb<\/em><\/p>\n\n\n<style>.wp-block-kadence-spacer.kt-block-spacer-_1328d2-32 .kt-block-spacer{height:60px;}.wp-block-kadence-spacer.kt-block-spacer-_1328d2-32 .kt-divider{border-top-width:1px;height:1px;border-top-color:#eee;width:80%;border-top-style:solid;}<\/style>\n<div class=\"wp-block-kadence-spacer aligncenter kt-block-spacer-_1328d2-32\"><div class=\"kt-block-spacer kt-block-spacer-halign-center\"><\/div><\/div>\n","protected":false},"excerpt":{"rendered":"<p>PROJET COFINANC\u00c9 PAR L&rsquo;UNION EUROP\u00c9ENNE Biomasa Ecoforestal de Villaca\u00f1as S.L.U. a particip\u00e9 au programme d&rsquo;initiation \u00e0 l&rsquo;exportation ICEX-Next, avec le soutien de l&rsquo;ICEX et le cofinancement des fonds europ\u00e9ens du FEDER. L&rsquo;objectif de ce soutien est de contribuer au d\u00e9veloppement international de l&rsquo;entreprise et de son environnement. Ecoforest Geotermia S.L. a particip\u00e9 au programme d&rsquo;initiation [&hellip;]<\/p>\n","protected":false},"author":1,"featured_media":0,"parent":0,"menu_order":0,"comment_status":"closed","ping_status":"closed","template":"","meta":{"_acf_changed":false,"_kad_blocks_custom_css":"","_kad_blocks_head_custom_js":"","_kad_blocks_body_custom_js":"","_kad_blocks_footer_custom_js":"","site-sidebar-layout":"default","site-content-layout":"plain-container","ast-site-content-layout":"normal-width-container","site-content-style":"unboxed","site-sidebar-style":"unboxed","ast-global-header-display":"","ast-banner-title-visibility":"","ast-main-header-display":"","ast-hfb-above-header-display":"","ast-hfb-below-header-display":"","ast-hfb-mobile-header-display":"","site-post-title":"","ast-breadcrumbs-content":"","ast-featured-img":"","footer-sml-layout":"","ast-disable-related-posts":"","theme-transparent-header-meta":"default","adv-header-id-meta":"","stick-header-meta":"default","header-above-stick-meta":"","header-main-stick-meta":"","header-below-stick-meta":"","astra-migrate-meta-layouts":"set","ast-page-background-enabled":"default","ast-page-background-meta":{"desktop":{"background-color":"","background-image":"","background-repeat":"repeat","background-position":"center center","background-size":"auto","background-attachment":"scroll","background-type":"","background-media":"","overlay-type":"","overlay-color":"","overlay-opacity":"","overlay-gradient":""},"tablet":{"background-color":"","background-image":"","background-repeat":"repeat","background-position":"center center","background-size":"auto","background-attachment":"scroll","background-type":"","background-media":"","overlay-type":"","overlay-color":"","overlay-opacity":"","overlay-gradient":""},"mobile":{"background-color":"","background-image":"","background-repeat":"repeat","background-position":"center center","background-size":"auto","background-attachment":"scroll","background-type":"","background-media":"","overlay-type":"","overlay-color":"","overlay-opacity":"","overlay-gradient":""}},"ast-content-background-meta":{"desktop":{"background-color":"var(--ast-global-color-5)","background-image":"","background-repeat":"repeat","background-position":"center center","background-size":"auto","background-attachment":"scroll","background-type":"","background-media":"","overlay-type":"","overlay-color":"","overlay-opacity":"","overlay-gradient":""},"tablet":{"background-color":"var(--ast-global-color-5)","background-image":"","background-repeat":"repeat","background-position":"center center","background-size":"auto","background-attachment":"scroll","background-type":"","background-media":"","overlay-type":"","overlay-color":"","overlay-opacity":"","overlay-gradient":""},"mobile":{"background-color":"var(--ast-global-color-5)","background-image":"","background-repeat":"repeat","background-position":"center center","background-size":"auto","background-attachment":"scroll","background-type":"","background-media":"","overlay-type":"","overlay-color":"","overlay-opacity":"","overlay-gradient":""}},"footnotes":""},"class_list":["post-11305","page","type-page","status-publish","hentry"],"acf":[],"featured_image_src_large":false,"author_info":{"display_name":"desarrollo","author_link":"https:\/\/ecoforest.com\/fr\/author\/desarrollo\/"},"comment_info":0,"taxonomy_info":[],"_links":{"self":[{"href":"https:\/\/ecoforest.com\/fr\/wp-json\/wp\/v2\/pages\/11305","targetHints":{"allow":["GET"]}}],"collection":[{"href":"https:\/\/ecoforest.com\/fr\/wp-json\/wp\/v2\/pages"}],"about":[{"href":"https:\/\/ecoforest.com\/fr\/wp-json\/wp\/v2\/types\/page"}],"author":[{"embeddable":true,"href":"https:\/\/ecoforest.com\/fr\/wp-json\/wp\/v2\/users\/1"}],"replies":[{"embeddable":true,"href":"https:\/\/ecoforest.com\/fr\/wp-json\/wp\/v2\/comments?post=11305"}],"version-history":[{"count":4,"href":"https:\/\/ecoforest.com\/fr\/wp-json\/wp\/v2\/pages\/11305\/revisions"}],"predecessor-version":[{"id":50272,"href":"https:\/\/ecoforest.com\/fr\/wp-json\/wp\/v2\/pages\/11305\/revisions\/50272"}],"wp:attachment":[{"href":"https:\/\/ecoforest.com\/fr\/wp-json\/wp\/v2\/media?parent=11305"}],"curies":[{"name":"wp","href":"https:\/\/api.w.org\/{rel}","templated":true}]}}