{"id":37069,"date":"2023-11-21T11:32:14","date_gmt":"2023-11-21T10:32:14","guid":{"rendered":"https:\/\/ecoforest.com\/?page_id=37069"},"modified":"2026-03-16T08:58:32","modified_gmt":"2026-03-16T07:58:32","slug":"vous-etes-un-contact-de-presse-ou-un-publicitaire","status":"publish","type":"page","link":"https:\/\/ecoforest.com\/fr\/vous-etes-un-contact-de-presse-ou-un-publicitaire\/","title":{"rendered":"Vous \u00eates un contact de presse ou un publicitaire ?"},"content":{"rendered":"<style>.wp-block-kadence-advancedheading.kt-adv-heading37069_9b4bed-7f, .wp-block-kadence-advancedheading.kt-adv-heading37069_9b4bed-7f[data-kb-block=\"kb-adv-heading37069_9b4bed-7f\"]{text-align:center;font-size:28px;font-style:normal;}.wp-block-kadence-advancedheading.kt-adv-heading37069_9b4bed-7f mark.kt-highlight, .wp-block-kadence-advancedheading.kt-adv-heading37069_9b4bed-7f[data-kb-block=\"kb-adv-heading37069_9b4bed-7f\"] mark.kt-highlight{font-style:normal;color:#f76a0c;-webkit-box-decoration-break:clone;box-decoration-break:clone;padding-top:0px;padding-right:0px;padding-bottom:0px;padding-left:0px;}<\/style>\n<h1 class=\"kt-adv-heading37069_9b4bed-7f wp-block-kadence-advancedheading\" data-kb-block=\"kb-adv-heading37069_9b4bed-7f\">Vous \u00eates un contact de presse ou un publicitaire ?<\/h1>\n\n\n\n<p class=\"sin-margen\">Si vous souhaitez nous envoyer de la publicit\u00e9 ou entrer en contact avec l&rsquo;\u00e9quipe Marketing, veuillez remplir le formulaire ci-dessous et nous vous contacterons.<\/p>\n\n\n\n<div class=\"wpcf7 no-js\" id=\"wpcf7-f37077-o1\" lang=\"es-ES\" dir=\"ltr\" data-wpcf7-id=\"37077\">\n<div class=\"screen-reader-response\"><p role=\"status\" aria-live=\"polite\" aria-atomic=\"true\"><\/p> <ul><\/ul><\/div>\n<form action=\"\/fr\/wp-json\/wp\/v2\/pages\/37069#wpcf7-f37077-o1\" method=\"post\" class=\"wpcf7-form init\" aria-label=\"Formulario de contacto\" novalidate=\"novalidate\" data-status=\"init\">\n<fieldset class=\"hidden-fields-container\"><input type=\"hidden\" name=\"_wpcf7\" value=\"37077\" \/><input type=\"hidden\" name=\"_wpcf7_version\" value=\"6.1.5\" \/><input type=\"hidden\" name=\"_wpcf7_locale\" value=\"es_ES\" \/><input type=\"hidden\" name=\"_wpcf7_unit_tag\" value=\"wpcf7-f37077-o1\" \/><input type=\"hidden\" name=\"_wpcf7_container_post\" value=\"0\" \/><input type=\"hidden\" name=\"_wpcf7_posted_data_hash\" value=\"\" \/><input type=\"hidden\" name=\"_wpcf7_recaptcha_response\" value=\"\" \/>\n<\/fieldset>\n<div class=\"bloque-producto\">\n    <span>Formulaire de contact<\/span>\n    <div class=\"bloque-producto-inner\">\n    <label>Nom<sup>*<\/sup>\n        <span class=\"wpcf7-form-control-wrap\" data-name=\"your-name\"><input size=\"40\" maxlength=\"400\" class=\"wpcf7-form-control wpcf7-text wpcf7-validates-as-required\" aria-required=\"true\" aria-invalid=\"false\" value=\"\" type=\"text\" name=\"your-name\" \/><\/span> <\/label>\n    \n    <label>Email <sup>*<\/sup>\n        <span class=\"wpcf7-form-control-wrap\" data-name=\"your-email\"><input size=\"40\" maxlength=\"400\" class=\"wpcf7-form-control wpcf7-email wpcf7-validates-as-required wpcf7-text wpcf7-validates-as-email\" aria-required=\"true\" aria-invalid=\"false\" value=\"\" type=\"email\" name=\"your-email\" \/><\/span> <\/label>\n    \n    <label>Commentaires\n     <span class=\"wpcf7-form-control-wrap\" data-name=\"textarea-548\"><textarea cols=\"40\" rows=\"4\" maxlength=\"200\" class=\"wpcf7-form-control wpcf7-textarea wpcf7-validates-as-required\" aria-required=\"true\" aria-invalid=\"false\" name=\"textarea-548\"><\/textarea><\/span> \n        Max:<span class=\"wpcf7-character-count down\" data-target-name=\"textarea-548\" data-starting-value=\"200\" data-current-value=\"200\" data-maximum-value=\"200\">200<\/span>\n    <\/label>\n    <\/div>\n    <\/div>\n    \n    <div class=\"bloque-legal\">\n    <span>Termes et conditions<\/span>\n    <div class=\"bloque-legal-inner\">\n    <label>Termes et conditions<\/label>\n    <div class=\"texto-legal\">\n    <p>Conform\u00e9ment au r\u00e8glement (UE) relatif \u00e0 la protection des personnes physiques \u00e0 l'\u00e9gard du traitement des donn\u00e9es \u00e0 caract\u00e8re personnel et \u00e0 la libre circulation de ces donn\u00e9es, nous vous informons que les donn\u00e9es collect\u00e9es dans ce formulaire seront incluses dans un fichier automatis\u00e9 de donn\u00e9es \u00e0 caract\u00e8re personnel dont le but est l'envoi d'informations et la r\u00e9alisation d'actions commerciales et marketing en relation avec les services fournis par ECOFOREST.<\/p>\n    <p>Ces donn\u00e9es seront re\u00e7ues par ECOFOREST, domicili\u00e9e au 14, rue Puerto Rico - 36204 Vigo (ESPAGNE), o\u00f9 vous pourrez acc\u00e9der, rectifier, annuler ou vous opposer \u00e0 ces informations.<\/p>\n    <p>En envoyant ce formulaire, vous consentez express\u00e9ment \u00e0 la communication de vos donn\u00e9es \u00e0 ECOFOREST, ainsi qu'\u00e0 toute entit\u00e9 collaborant avec ECOFOREST dans la prestation des services que vous demandez.<\/p>\n    <\/div>\n    Ce site est prot\u00e9g\u00e9 par reCAPTCHA et Google:  <a href=\"https:\/\/policies.google.com\/privacy\" rel=\"nofollow noopener\" target=\"_blank\">Politique de confidentialit\u00e9<\/a> y <a href=\"https:\/\/policies.google.com\/terms\" rel=\"nofollow noopener\" target=\"_blank\">Conditions d'utilisation<\/a>.\n    <span class=\"wpcf7-form-control-wrap\" data-name=\"acceptance-600\"><span class=\"wpcf7-form-control wpcf7-acceptance\"><span class=\"wpcf7-list-item\"><input type=\"checkbox\" name=\"acceptance-600\" value=\"1\" aria-invalid=\"false\" \/><\/span><\/span><\/span> Accepter les termes et conditions\n    <\/div>\n    <\/div>\n    <input class=\"wpcf7-form-control wpcf7-submit has-spinner\" type=\"submit\" value=\"Envoyer\" \/><div class=\"wpcf7-response-output\" aria-hidden=\"true\"><\/div>\n<\/form>\n<\/div>\n\n","protected":false},"excerpt":{"rendered":"<p>Vous \u00eates un contact de presse ou un publicitaire ? Si vous souhaitez nous envoyer de la publicit\u00e9 ou entrer en contact avec l&rsquo;\u00e9quipe Marketing, veuillez remplir le formulaire ci-dessous et nous vous contacterons.<\/p>\n","protected":false},"author":1,"featured_media":0,"parent":0,"menu_order":0,"comment_status":"closed","ping_status":"closed","template":"","meta":{"_acf_changed":false,"_kad_blocks_custom_css":"","_kad_blocks_head_custom_js":"","_kad_blocks_body_custom_js":"","_kad_blocks_footer_custom_js":"","site-sidebar-layout":"default","site-content-layout":"default","ast-site-content-layout":"default","site-content-style":"default","site-sidebar-style":"default","ast-global-header-display":"","ast-banner-title-visibility":"","ast-main-header-display":"","ast-hfb-above-header-display":"","ast-hfb-below-header-display":"","ast-hfb-mobile-header-display":"","site-post-title":"disabled","ast-breadcrumbs-content":"","ast-featured-img":"disabled","footer-sml-layout":"","ast-disable-related-posts":"","theme-transparent-header-meta":"default","adv-header-id-meta":"","stick-header-meta":"default","header-above-stick-meta":"","header-main-stick-meta":"","header-below-stick-meta":"","astra-migrate-meta-layouts":"set","ast-page-background-enabled":"default","ast-page-background-meta":{"desktop":{"background-color":"","background-image":"","background-repeat":"repeat","background-position":"center center","background-size":"auto","background-attachment":"scroll","background-type":"","background-media":"","overlay-type":"","overlay-color":"","overlay-opacity":"","overlay-gradient":""},"tablet":{"background-color":"","background-image":"","background-repeat":"repeat","background-position":"center center","background-size":"auto","background-attachment":"scroll","background-type":"","background-media":"","overlay-type":"","overlay-color":"","overlay-opacity":"","overlay-gradient":""},"mobile":{"background-color":"","background-image":"","background-repeat":"repeat","background-position":"center center","background-size":"auto","background-attachment":"scroll","background-type":"","background-media":"","overlay-type":"","overlay-color":"","overlay-opacity":"","overlay-gradient":""}},"ast-content-background-meta":{"desktop":{"background-color":"var(--ast-global-color-5)","background-image":"","background-repeat":"repeat","background-position":"center center","background-size":"auto","background-attachment":"scroll","background-type":"","background-media":"","overlay-type":"","overlay-color":"","overlay-opacity":"","overlay-gradient":""},"tablet":{"background-color":"var(--ast-global-color-5)","background-image":"","background-repeat":"repeat","background-position":"center center","background-size":"auto","background-attachment":"scroll","background-type":"","background-media":"","overlay-type":"","overlay-color":"","overlay-opacity":"","overlay-gradient":""},"mobile":{"background-color":"var(--ast-global-color-5)","background-image":"","background-repeat":"repeat","background-position":"center center","background-size":"auto","background-attachment":"scroll","background-type":"","background-media":"","overlay-type":"","overlay-color":"","overlay-opacity":"","overlay-gradient":""}},"footnotes":""},"class_list":["post-37069","page","type-page","status-publish","hentry"],"acf":[],"featured_image_src_large":false,"author_info":{"display_name":"desarrollo","author_link":"https:\/\/ecoforest.com\/fr\/author\/desarrollo\/"},"comment_info":0,"taxonomy_info":[],"_links":{"self":[{"href":"https:\/\/ecoforest.com\/fr\/wp-json\/wp\/v2\/pages\/37069","targetHints":{"allow":["GET"]}}],"collection":[{"href":"https:\/\/ecoforest.com\/fr\/wp-json\/wp\/v2\/pages"}],"about":[{"href":"https:\/\/ecoforest.com\/fr\/wp-json\/wp\/v2\/types\/page"}],"author":[{"embeddable":true,"href":"https:\/\/ecoforest.com\/fr\/wp-json\/wp\/v2\/users\/1"}],"replies":[{"embeddable":true,"href":"https:\/\/ecoforest.com\/fr\/wp-json\/wp\/v2\/comments?post=37069"}],"version-history":[{"count":6,"href":"https:\/\/ecoforest.com\/fr\/wp-json\/wp\/v2\/pages\/37069\/revisions"}],"predecessor-version":[{"id":52809,"href":"https:\/\/ecoforest.com\/fr\/wp-json\/wp\/v2\/pages\/37069\/revisions\/52809"}],"wp:attachment":[{"href":"https:\/\/ecoforest.com\/fr\/wp-json\/wp\/v2\/media?parent=37069"}],"curies":[{"name":"wp","href":"https:\/\/api.w.org\/{rel}","templated":true}]}}