{"id":5012,"date":"2021-06-09T00:56:19","date_gmt":"2021-06-09T00:56:19","guid":{"rendered":"https:\/\/ecoforest.com\/politica-integrada-ecoforest\/"},"modified":"2024-04-19T09:41:15","modified_gmt":"2024-04-19T08:41:15","slug":"politica-integrada-ecoforest","status":"publish","type":"page","link":"https:\/\/ecoforest.com\/fr\/politica-integrada-ecoforest\/","title":{"rendered":"Politique g\u00e9n\u00e9rale"},"content":{"rendered":"\r\n<h2 class=\"wp-block-heading\">Politique int\u00e9gr\u00e9e<\/h2>\r\n\r\n\r\n\r\n<p>ECOFOREST s\u2019engage, \u00e0 travers tous ses membres, \u00e0 satisfaire les exigences l\u00e9gales, r\u00e9glementaires ainsi que celles de ses clients. L\u2019entreprise assure l&rsquo;am\u00e9lioration continue de l&rsquo;efficacit\u00e9 de son syst\u00e8me de gestion de la qualit\u00e9, de l&rsquo;environnement, de la s\u00e9curit\u00e9 et de la sant\u00e9. Pour cette raison, nous pr\u00e9sentons ci-dessous notre politique relative au syst\u00e8me de gestion int\u00e9gr\u00e9e:<\/p>\r\n<p>La ligne strat\u00e9gique du groupe ECOFOREST, qui comprend BIOMASA ECOFORESTAL DE VILLACA\u00d1AS SLU et ECOFOREST GEOTERMIA SL (Conception, Fabrication et vente de Po\u00eales, Chaudi\u00e9res et Pompes \u00e4 Chaleur G\u00e9othermiques et A\u00e9rothermiques), est l\u2019engagement en faveur de l\u2019efficacit\u00e9 \u00e9nerg\u00e9tique. En tant que fabricant d\u2019\u00e9quipements de climatisation, ECOFOREST vise \u00e0 mettre en \u0153uvre les technologies les plus avanc\u00e9es dans ce secteur, tout en s\u2019engageant \u00e0 investir dans l\u2019innovation et l\u2019\u00e9nergie verte.<\/p>\r\n<p>Chez ECOFOREST nous sommes conscients qu&rsquo;en tant que leader dans le secteur de la climatisation, nous devons nous engagerpleinement pour notre plan\u00e8te. Le d\u00e9veloppement durable est donc l&rsquo;un des piliers de notre entreprise. C&rsquo;est pourquoi ECOFOREST applique certains principes de base faisant partie de sa politique environnementale\u00a0:<\/p>\r\n<ul>\r\n<li>Int\u00e9gration du respect de l&rsquo;environnement et du d\u00e9veloppement durable dans le plan de d\u00e9veloppement de l&rsquo;entreprise.<\/li>\r\n<li>\u00c9tablir des syst\u00e8mes de gestion ad\u00e9quats pour encourager le recyclage au sein de l&rsquo;entreprise.<\/li>\r\n<li>Utiliser les ressources en eau, les mati\u00e8res premi\u00e8res et les ressources \u00e9nerg\u00e9tiques de mani\u00e8re durable, en r\u00e9duisant l&rsquo;impact environnemental dans chaque domaine.<\/li>\r\n<li>Utiliser et g\u00e9rer les ressources de mani\u00e8re rationnelle, en minimisant la production de d\u00e9chets, d\u2019\u00e9missions et de rejets, tout en fixant des objectifs.<\/li>\r\n<li>Contr\u00f4le du respect de la l\u00e9gislation en vigueur dans tous les sites de l&rsquo;entreprise en mati\u00e8re d&rsquo;environnement et de s\u00e9curit\u00e9.<\/li>\r\n<li>Adapter une culture d&rsquo;innovation dans toutes les activit\u00e9s et technologies d\u00e9velopp\u00e9es au sein de l&rsquo;entreprise.<\/li>\r\n<li>Notre organisation prendra en compte si ses activit\u00e9s et\/ou ses produits peuvent avoir un impact sur le changement climatique.<\/li>\r\n<li>Communiquer et informer tout le personnel sur cette politique int\u00e9gr\u00e9e.<\/li>\r\n<\/ul>\r\n<p>ECOFOREST s&rsquo;engage \u00e0 revoir et mettre \u00e0 jour p\u00e9riodiquement cette politique environnementale.<\/p>\r\n<p>\u00a0\u00a0\u00a0\u00a0\u00a0\u00a0\u00a0\u00a0\u00a0\u00a0\u00a0 La politique g\u00e9n\u00e9rale d\u00e9finie par la direction d\u2019ECOFOREST poursuit les objectifs suivants:<\/p>\r\n<ul>\r\n<li>Assurer une m\u00e9thodologie en termes de qualit\u00e9, d\u2019environnement, de s\u00e9curit\u00e9 et de sant\u00e9 qui d\u00e9finit clairement les diff\u00e9rents processus et leurs relations entre eux.<\/li>\r\n<li>R\u00e9duire les non-conformit\u00e9s pour mieux satisfaire nos clients. Pour cela les m\u00e9thodes QRQC, KAIZEN, et LEAN sont appliqu\u00e9es.<\/li>\r\n<li>Motiver et former tous les employ\u00e9s de l&rsquo;entreprise afin qu&rsquo;ils se sentent impliqu\u00e9s au niveau de la qualit\u00e9 atteinte dans le produit final, et les encourager dans la collaboration et la prise en charge des responsabilit\u00e9s propres \u00e0 la mise en \u0153uvre du syst\u00e8me.<\/li>\r\n<li><strong>Planifier et int\u00e9grer<\/strong> la pr\u00e9vention des risques professionnels dans le syst\u00e8me de gestion de l&rsquo;entreprise, afin d&rsquo;assurer la protection de la sant\u00e9 de nos employ\u00e9s dans toutes leurs activit\u00e9s et processus. Pour cela\u00a0:<\/li>\r\n<li>Les risques seront \u00e9vit\u00e9s et les risques in\u00e9vitables seront \u00e9valu\u00e9s p\u00e9riodiquement.<\/li>\r\n<li>Les risques seront trait\u00e9s \u00e0 l&rsquo;origine.<\/li>\r\n<li>Les travaux seront adapt\u00e9s aux personnes qui les r\u00e9alisent.<\/li>\r\n<li>Les dangers seront substitu\u00e9s par ce qui l\u2019est moins ou pas du tout.<\/li>\r\n<li>La sant\u00e9 du personnel sera contr\u00f4l\u00e9e p\u00e9riodiquement.<\/li>\r\n<\/ul>\r\n<p>La qualit\u00e9 est la pr\u00e9occupation de tous, c\u2019est pour cela que la participation de tout le personnel ECOFOREST est essentielle afin de favoriser le travail d&rsquo;\u00e9quipe, \u00e0 la fois dans la pr\u00e9vention, dans l&rsquo;analyse et dans la r\u00e9solution des probl\u00e8mes.<\/p>\r\n<p>La direction s\u2019engage \u00e0 se conformer \u00e0 la r\u00e9glementation et \u00e0 la l\u00e9gislation en vigueur ainsi qu\u2019aux autres exigences impos\u00e9es par l\u2019organisation.<\/p>\r\n<p>\u00c0 travers les objectifs de qualit\u00e9, environnementaux, de s\u00e9curit\u00e9, de sant\u00e9 et ses projets d&rsquo;am\u00e9lioration, ECOFOREST traduit cette politique g\u00e9n\u00e9rale par des actions concr\u00e8tes.<\/p>\r\n<p>La direction s\u2019engage \u00e0 informer, former et sensibiliser les employ\u00e9s \u00e0 travailler en toute s\u00e9curit\u00e9 et \u00e0 maintenir le taux d\u2019accident au minimum.<\/p>\r\n<p>Pour cela, ECOFOREST a con\u00e7u, mis en \u0153uvre et maintient \u00e0 jour son syst\u00e8me de gestion de la qualit\u00e9 et de l&rsquo;environnement conform\u00e9ment aux normes ISO 9001, ISO 14001, EMAS, ISO 45001, BSI-MCS (ING), FLAMME VERTE (FR), KEYMARK (EUR), WATERMARK (AUSTRALIA), NF 414 (FR), UL ( EEUU), QMARK (USA\/CANADA), \u00a0KIWA (IT), AHRI (USA) et ENERGY STAR (USA).<\/p>\r\n\r\n\r\n\r\n<p class=\"has-text-align-center\">LA DIRECTION<\/p>\r\n\r\n\r\n\r\n<figure class=\"wp-block-image aligncenter size-large\"><img loading=\"lazy\" decoding=\"async\" width=\"300\" height=\"75\" class=\"wp-image-11\" src=\"https:\/\/ecoforest.com\/wp-content\/uploads\/2021\/06\/logo-ecoforest.png\" alt=\"\" title=\"\" srcset=\"https:\/\/ecoforest.com\/wp-content\/uploads\/2021\/06\/logo-ecoforest.png 300w, https:\/\/ecoforest.com\/wp-content\/uploads\/2021\/06\/logo-ecoforest-260x65.png 260w\" sizes=\"auto, (max-width: 300px) 100vw, 300px\" \/><\/figure>\r\n\r\n\r\n\r\n<p class=\"has-text-align-right\">R\u00e9vision: 05<\/p>\r\n\r\n\r\n\r\n<p class=\"has-text-align-right\">Date: 16\/04\/2024<\/p>\r\n","protected":false},"excerpt":{"rendered":"<p>Politique int\u00e9gr\u00e9e ECOFOREST s\u2019engage, \u00e0 travers tous ses membres, \u00e0 satisfaire les exigences l\u00e9gales, r\u00e9glementaires ainsi que celles de ses clients. L\u2019entreprise assure l&rsquo;am\u00e9lioration continue de l&rsquo;efficacit\u00e9 de son syst\u00e8me de gestion de la qualit\u00e9, de l&rsquo;environnement, de la s\u00e9curit\u00e9 et de la sant\u00e9. Pour cette raison, nous pr\u00e9sentons ci-dessous notre politique relative au syst\u00e8me [&hellip;]<\/p>\n","protected":false},"author":1,"featured_media":0,"parent":0,"menu_order":0,"comment_status":"closed","ping_status":"closed","template":"","meta":{"_acf_changed":false,"_kad_blocks_custom_css":"","_kad_blocks_head_custom_js":"","_kad_blocks_body_custom_js":"","_kad_blocks_footer_custom_js":"","site-sidebar-layout":"default","site-content-layout":"default","ast-site-content-layout":"default","site-content-style":"default","site-sidebar-style":"default","ast-global-header-display":"","ast-banner-title-visibility":"","ast-main-header-display":"","ast-hfb-above-header-display":"","ast-hfb-below-header-display":"","ast-hfb-mobile-header-display":"","site-post-title":"disabled","ast-breadcrumbs-content":"","ast-featured-img":"","footer-sml-layout":"","ast-disable-related-posts":"","theme-transparent-header-meta":"default","adv-header-id-meta":"","stick-header-meta":"default","header-above-stick-meta":"","header-main-stick-meta":"","header-below-stick-meta":"","astra-migrate-meta-layouts":"set","ast-page-background-enabled":"default","ast-page-background-meta":{"desktop":{"background-color":"","background-image":"","background-repeat":"repeat","background-position":"center center","background-size":"auto","background-attachment":"scroll","background-type":"","background-media":"","overlay-type":"","overlay-color":"","overlay-opacity":"","overlay-gradient":""},"tablet":{"background-color":"","background-image":"","background-repeat":"repeat","background-position":"center center","background-size":"auto","background-attachment":"scroll","background-type":"","background-media":"","overlay-type":"","overlay-color":"","overlay-opacity":"","overlay-gradient":""},"mobile":{"background-color":"","background-image":"","background-repeat":"repeat","background-position":"center center","background-size":"auto","background-attachment":"scroll","background-type":"","background-media":"","overlay-type":"","overlay-color":"","overlay-opacity":"","overlay-gradient":""}},"ast-content-background-meta":{"desktop":{"background-color":"var(--ast-global-color-5)","background-image":"","background-repeat":"repeat","background-position":"center center","background-size":"auto","background-attachment":"scroll","background-type":"","background-media":"","overlay-type":"","overlay-color":"","overlay-opacity":"","overlay-gradient":""},"tablet":{"background-color":"var(--ast-global-color-5)","background-image":"","background-repeat":"repeat","background-position":"center center","background-size":"auto","background-attachment":"scroll","background-type":"","background-media":"","overlay-type":"","overlay-color":"","overlay-opacity":"","overlay-gradient":""},"mobile":{"background-color":"var(--ast-global-color-5)","background-image":"","background-repeat":"repeat","background-position":"center center","background-size":"auto","background-attachment":"scroll","background-type":"","background-media":"","overlay-type":"","overlay-color":"","overlay-opacity":"","overlay-gradient":""}},"footnotes":""},"class_list":["post-5012","page","type-page","status-publish","hentry"],"acf":[],"featured_image_src_large":false,"author_info":{"display_name":"desarrollo","author_link":"https:\/\/ecoforest.com\/fr\/author\/desarrollo\/"},"comment_info":0,"taxonomy_info":[],"_links":{"self":[{"href":"https:\/\/ecoforest.com\/fr\/wp-json\/wp\/v2\/pages\/5012","targetHints":{"allow":["GET"]}}],"collection":[{"href":"https:\/\/ecoforest.com\/fr\/wp-json\/wp\/v2\/pages"}],"about":[{"href":"https:\/\/ecoforest.com\/fr\/wp-json\/wp\/v2\/types\/page"}],"author":[{"embeddable":true,"href":"https:\/\/ecoforest.com\/fr\/wp-json\/wp\/v2\/users\/1"}],"replies":[{"embeddable":true,"href":"https:\/\/ecoforest.com\/fr\/wp-json\/wp\/v2\/comments?post=5012"}],"version-history":[{"count":7,"href":"https:\/\/ecoforest.com\/fr\/wp-json\/wp\/v2\/pages\/5012\/revisions"}],"predecessor-version":[{"id":40124,"href":"https:\/\/ecoforest.com\/fr\/wp-json\/wp\/v2\/pages\/5012\/revisions\/40124"}],"wp:attachment":[{"href":"https:\/\/ecoforest.com\/fr\/wp-json\/wp\/v2\/media?parent=5012"}],"curies":[{"name":"wp","href":"https:\/\/api.w.org\/{rel}","templated":true}]}}