{"id":5309,"date":"2021-06-13T18:32:21","date_gmt":"2021-06-13T17:32:21","guid":{"rendered":"https:\/\/ecoforest.com\/lena\/"},"modified":"2025-05-23T12:03:38","modified_gmt":"2025-05-23T11:03:38","slug":"bois","status":"publish","type":"page","link":"https:\/\/ecoforest.com\/fr\/bois\/","title":{"rendered":"Bois"},"content":{"rendered":"<style>.wp-block-kadence-spacer.kt-block-spacer-_94fa5d-97 .kt-block-spacer{height:6px;}.wp-block-kadence-spacer.kt-block-spacer-_94fa5d-97 .kt-divider{border-top-width:1px;height:1px;border-top-color:#eee;width:100%;border-top-style:solid;}<\/style>\n<div class=\"wp-block-kadence-spacer aligncenter kt-block-spacer-_94fa5d-97\"><div class=\"kt-block-spacer kt-block-spacer-halign-left\"><\/div><\/div>\n\n\n\n<h1 class=\"wp-block-heading\">Bois<\/h1>\n\n\n<style>.wp-block-kadence-advancedheading.kt-adv-heading_ff95dc-db, .wp-block-kadence-advancedheading.kt-adv-heading_ff95dc-db[data-kb-block=\"kb-adv-heading_ff95dc-db\"]{margin-bottom:15px;text-align:left;font-size:24px;font-style:normal;color:#82b81d;}.wp-block-kadence-advancedheading.kt-adv-heading_ff95dc-db mark.kt-highlight, .wp-block-kadence-advancedheading.kt-adv-heading_ff95dc-db[data-kb-block=\"kb-adv-heading_ff95dc-db\"] mark.kt-highlight{font-style:normal;color:#f76a0c;-webkit-box-decoration-break:clone;box-decoration-break:clone;padding-top:0px;padding-right:0px;padding-bottom:0px;padding-left:0px;}<\/style>\n<h3 class=\"kt-adv-heading_ff95dc-db wp-block-kadence-advancedheading\" data-kb-block=\"kb-adv-heading_ff95dc-db\"><a href=\"https:\/\/ecoforest.com\/fr\/bois\/poeles-a-bois\/\">Po\u00eales \u00e0 bois<\/a><\/h3>\n\n\n<style>.wp-block-kadence-spacer.kt-block-spacer-_0cf0af-9a .kt-block-spacer{height:6px;}.wp-block-kadence-spacer.kt-block-spacer-_0cf0af-9a .kt-divider{border-top-width:1px;height:1px;border-top-color:#eee;width:100%;border-top-style:solid;}<\/style>\n<div class=\"wp-block-kadence-spacer aligncenter kt-block-spacer-_0cf0af-9a\"><div class=\"kt-block-spacer kt-block-spacer-halign-left\"><hr class=\"kt-divider\"\/><\/div><\/div>\n\n\n<style>.kb-row-layout-id_ba4361-96 > .kt-row-column-wrap{align-content:start;}:where(.kb-row-layout-id_ba4361-96 > .kt-row-column-wrap) > .wp-block-kadence-column{justify-content:start;}.kb-row-layout-id_ba4361-96 > .kt-row-column-wrap{column-gap:var(--global-kb-gap-none, 0rem );row-gap:var(--global-kb-gap-md, 2rem);padding-top:var(--global-kb-spacing-sm, 1.5rem);padding-bottom:var(--global-kb-spacing-sm, 1.5rem);grid-template-columns:minmax(0, calc(79.9% - ((var(--global-kb-gap-none, 0rem ) * 1 )\/2)))minmax(0, calc(20.1% - ((var(--global-kb-gap-none, 0rem ) * 1 )\/2)));}.kb-row-layout-id_ba4361-96 > .kt-row-layout-overlay{opacity:0.30;}@media all and (max-width: 1024px){.kb-row-layout-id_ba4361-96 > .kt-row-column-wrap{grid-template-columns:minmax(0, 2fr) minmax(0, 1fr);}}@media all and (max-width: 767px){.kb-row-layout-id_ba4361-96 > .kt-row-column-wrap{grid-template-columns:minmax(0, 1fr);}}<\/style><div class=\"kb-row-layout-wrap kb-row-layout-id_ba4361-96 alignnone wp-block-kadence-rowlayout\"><div class=\"kt-row-column-wrap kt-has-2-columns kt-row-layout-left-golden kt-tab-layout-inherit kt-mobile-layout-row kt-row-valign-top\">\n<style>.kadence-column_b472be-12 > .kt-inside-inner-col,.kadence-column_b472be-12 > .kt-inside-inner-col:before{border-top-left-radius:0px;border-top-right-radius:0px;border-bottom-right-radius:0px;border-bottom-left-radius:0px;}.kadence-column_b472be-12 > .kt-inside-inner-col{column-gap:var(--global-kb-gap-sm, 1rem);}.kadence-column_b472be-12 > .kt-inside-inner-col{flex-direction:column;}.kadence-column_b472be-12 > .kt-inside-inner-col > .aligncenter{width:100%;}.kadence-column_b472be-12 > .kt-inside-inner-col:before{opacity:0.3;}.kadence-column_b472be-12{position:relative;}@media all and (max-width: 1024px){.kadence-column_b472be-12 > .kt-inside-inner-col{flex-direction:column;justify-content:center;}}@media all and (max-width: 767px){.kadence-column_b472be-12 > .kt-inside-inner-col{flex-direction:column;justify-content:center;}}<\/style>\n<div class=\"wp-block-kadence-column kadence-column_b472be-12 inner-column-1\"><div class=\"kt-inside-inner-col\">\n<p class=\"has-black-color has-text-color\">Ecoforest pr\u00e9sente sa nouvelle gamme de po\u00eales \u00e0 bois, con\u00e7us pour obtenir un confort majeur et les performances optimales, tout en utilisant un combustible \u00e9conomique et respectueux de l\u2019environnement comme le bois.<\/p>\n<\/div><\/div>\n\n\n<style>.kadence-column_dfc85a-76 > .kt-inside-inner-col,.kadence-column_dfc85a-76 > .kt-inside-inner-col:before{border-top-left-radius:0px;border-top-right-radius:0px;border-bottom-right-radius:0px;border-bottom-left-radius:0px;}.kadence-column_dfc85a-76 > .kt-inside-inner-col{column-gap:var(--global-kb-gap-sm, 1rem);}.kadence-column_dfc85a-76 > .kt-inside-inner-col{flex-direction:column;}.kadence-column_dfc85a-76 > .kt-inside-inner-col > .aligncenter{width:100%;}.kadence-column_dfc85a-76 > .kt-inside-inner-col:before{opacity:0.3;}.kadence-column_dfc85a-76{position:relative;}@media all and (max-width: 1024px){.kadence-column_dfc85a-76 > .kt-inside-inner-col{flex-direction:column;justify-content:center;}}@media all and (max-width: 767px){.kadence-column_dfc85a-76 > .kt-inside-inner-col{flex-direction:column;justify-content:center;}}<\/style>\n<div class=\"wp-block-kadence-column kadence-column_dfc85a-76 inner-column-2\"><div class=\"kt-inside-inner-col\">\n<figure class=\"wp-block-image size-full\"><img loading=\"lazy\" decoding=\"async\" width=\"345\" height=\"345\" src=\"https:\/\/ecoforest.com\/wp-content\/uploads\/2024\/10\/ecoforest-estufa-lena-sena-gama.jpg\" alt=\"ecoforest-estufa-lena-sena-gama\" class=\"wp-image-42468\" title=\"\" srcset=\"https:\/\/ecoforest.com\/wp-content\/uploads\/2024\/10\/ecoforest-estufa-lena-sena-gama.jpg 345w, https:\/\/ecoforest.com\/wp-content\/uploads\/2024\/10\/ecoforest-estufa-lena-sena-gama-300x300.jpg 300w, https:\/\/ecoforest.com\/wp-content\/uploads\/2024\/10\/ecoforest-estufa-lena-sena-gama-150x150.jpg 150w\" sizes=\"auto, (max-width: 345px) 100vw, 345px\" \/><\/figure>\n<\/div><\/div>\n\n<\/div><\/div>\n\n<style>.wp-block-kadence-advancedheading.kt-adv-heading_f3bf92-c3, .wp-block-kadence-advancedheading.kt-adv-heading_f3bf92-c3[data-kb-block=\"kb-adv-heading_f3bf92-c3\"]{margin-bottom:15px;text-align:left;font-size:24px;font-style:normal;color:#82b81d;}.wp-block-kadence-advancedheading.kt-adv-heading_f3bf92-c3 mark.kt-highlight, .wp-block-kadence-advancedheading.kt-adv-heading_f3bf92-c3[data-kb-block=\"kb-adv-heading_f3bf92-c3\"] mark.kt-highlight{font-style:normal;color:#f76a0c;-webkit-box-decoration-break:clone;box-decoration-break:clone;padding-top:0px;padding-right:0px;padding-bottom:0px;padding-left:0px;}<\/style>\n<h3 class=\"kt-adv-heading_f3bf92-c3 wp-block-kadence-advancedheading\" data-kb-block=\"kb-adv-heading_f3bf92-c3\"><a href=\"https:\/\/ecoforest.com\/fr\/bois\/chaudieres-a-bois\/\">Chaudi\u00e8res \u00e0 bois<\/a><\/h3>\n\n\n<style>.wp-block-kadence-spacer.kt-block-spacer-_2b3bec-6c .kt-block-spacer{height:6px;}.wp-block-kadence-spacer.kt-block-spacer-_2b3bec-6c .kt-divider{border-top-width:1px;height:1px;border-top-color:#eee;width:100%;border-top-style:solid;}<\/style>\n<div class=\"wp-block-kadence-spacer aligncenter kt-block-spacer-_2b3bec-6c\"><div class=\"kt-block-spacer kt-block-spacer-halign-left\"><hr class=\"kt-divider\"\/><\/div><\/div>\n\n\n<style>.kb-row-layout-id_705cdc-c8 > .kt-row-column-wrap{align-content:start;}:where(.kb-row-layout-id_705cdc-c8 > .kt-row-column-wrap) > .wp-block-kadence-column{justify-content:start;}.kb-row-layout-id_705cdc-c8 > .kt-row-column-wrap{column-gap:var(--global-kb-gap-md, 2rem);row-gap:var(--global-kb-gap-md, 2rem);padding-top:var(--global-kb-spacing-sm, 1.5rem);padding-bottom:var(--global-kb-spacing-sm, 1.5rem);grid-template-columns:minmax(0, calc(80% - ((var(--global-kb-gap-md, 2rem) * 1 )\/2)))minmax(0, calc(20% - ((var(--global-kb-gap-md, 2rem) * 1 )\/2)));}.kb-row-layout-id_705cdc-c8 > .kt-row-layout-overlay{opacity:0.30;}@media all and (max-width: 1024px){.kb-row-layout-id_705cdc-c8 > .kt-row-column-wrap{grid-template-columns:minmax(0, 2fr) minmax(0, 1fr);}}@media all and (max-width: 767px){.kb-row-layout-id_705cdc-c8 > .kt-row-column-wrap{grid-template-columns:minmax(0, 1fr);}}<\/style><div class=\"kb-row-layout-wrap kb-row-layout-id_705cdc-c8 alignnone wp-block-kadence-rowlayout\"><div class=\"kt-row-column-wrap kt-has-2-columns kt-row-layout-left-golden kt-tab-layout-inherit kt-mobile-layout-row kt-row-valign-top\">\n<style>.kadence-column_a6cd25-d4 > .kt-inside-inner-col,.kadence-column_a6cd25-d4 > .kt-inside-inner-col:before{border-top-left-radius:0px;border-top-right-radius:0px;border-bottom-right-radius:0px;border-bottom-left-radius:0px;}.kadence-column_a6cd25-d4 > .kt-inside-inner-col{column-gap:var(--global-kb-gap-sm, 1rem);}.kadence-column_a6cd25-d4 > .kt-inside-inner-col{flex-direction:column;}.kadence-column_a6cd25-d4 > .kt-inside-inner-col > .aligncenter{width:100%;}.kadence-column_a6cd25-d4 > .kt-inside-inner-col:before{opacity:0.3;}.kadence-column_a6cd25-d4{position:relative;}@media all and (max-width: 1024px){.kadence-column_a6cd25-d4 > .kt-inside-inner-col{flex-direction:column;justify-content:center;}}@media all and (max-width: 767px){.kadence-column_a6cd25-d4 > .kt-inside-inner-col{flex-direction:column;justify-content:center;}}<\/style>\n<div class=\"wp-block-kadence-column kadence-column_a6cd25-d4 inner-column-1\"><div class=\"kt-inside-inner-col\">\n<p class=\"has-black-color has-text-color\">Les chaudi\u00e8res \u00e0 bois Ecoforest pr\u00e9sentent des performances optimales pour chauffer et produire l\u2019ECS pour un b\u00e2timent, tout en utilisant un combustible \u00e9conomique et respectueux de l\u2019environnement comme le bois. Cette ligne suit la philosophie de la soci\u00e9t\u00e9, regrouper la technologie et l\u2019engagement pour l\u2019environnement.<\/p>\n<\/div><\/div>\n\n\n<style>.kadence-column_33ad0e-04 > .kt-inside-inner-col,.kadence-column_33ad0e-04 > .kt-inside-inner-col:before{border-top-left-radius:0px;border-top-right-radius:0px;border-bottom-right-radius:0px;border-bottom-left-radius:0px;}.kadence-column_33ad0e-04 > .kt-inside-inner-col{column-gap:var(--global-kb-gap-sm, 1rem);}.kadence-column_33ad0e-04 > .kt-inside-inner-col{flex-direction:column;}.kadence-column_33ad0e-04 > .kt-inside-inner-col > .aligncenter{width:100%;}.kadence-column_33ad0e-04 > .kt-inside-inner-col:before{opacity:0.3;}.kadence-column_33ad0e-04{position:relative;}@media all and (max-width: 1024px){.kadence-column_33ad0e-04 > .kt-inside-inner-col{flex-direction:column;justify-content:center;}}@media all and (max-width: 767px){.kadence-column_33ad0e-04 > .kt-inside-inner-col{flex-direction:column;justify-content:center;}}<\/style>\n<div class=\"wp-block-kadence-column kadence-column_33ad0e-04 inner-column-2\"><div class=\"kt-inside-inner-col\">\n<figure class=\"wp-block-image size-large\"><a href=\"https:\/\/ecoforest.com\/fr\/bois\/chaudieres-a-bois\/\"><img loading=\"lazy\" decoding=\"async\" width=\"200\" height=\"200\" src=\"https:\/\/ecoforest.com\/wp-content\/uploads\/2021\/06\/firewood-boiler-fortaleza-menu.jpg\" alt=\"\" class=\"wp-image-268\" title=\"\" srcset=\"https:\/\/ecoforest.com\/wp-content\/uploads\/2021\/06\/firewood-boiler-fortaleza-menu.jpg 200w, https:\/\/ecoforest.com\/wp-content\/uploads\/2021\/06\/firewood-boiler-fortaleza-menu-150x150.jpg 150w\" sizes=\"auto, (max-width: 200px) 100vw, 200px\" \/><\/a><\/figure>\n<\/div><\/div>\n\n<\/div><\/div>\n\n<style>.wp-block-kadence-spacer.kt-block-spacer-_9f6ec9-82 .kt-block-spacer{height:100px;}.wp-block-kadence-spacer.kt-block-spacer-_9f6ec9-82 .kt-divider{border-top-width:1px;height:1px;border-top-color:#eee;width:100%;border-top-style:solid;}<\/style>\n<div class=\"wp-block-kadence-spacer aligncenter kt-block-spacer-_9f6ec9-82\"><div class=\"kt-block-spacer kt-block-spacer-halign-left\"><\/div><\/div>\n","protected":false},"excerpt":{"rendered":"<p>Bois Po\u00eales \u00e0 bois Ecoforest pr\u00e9sente sa nouvelle gamme de po\u00eales \u00e0 bois, con\u00e7us pour obtenir un confort majeur et les performances optimales, tout en utilisant un combustible \u00e9conomique et respectueux de l\u2019environnement comme le bois. Chaudi\u00e8res \u00e0 bois Les chaudi\u00e8res \u00e0 bois Ecoforest pr\u00e9sentent des performances optimales pour chauffer et produire l\u2019ECS pour un [&hellip;]<\/p>\n","protected":false},"author":1,"featured_media":0,"parent":0,"menu_order":0,"comment_status":"closed","ping_status":"closed","template":"","meta":{"_acf_changed":false,"_kad_blocks_custom_css":"","_kad_blocks_head_custom_js":"","_kad_blocks_body_custom_js":"","_kad_blocks_footer_custom_js":"","site-sidebar-layout":"default","site-content-layout":"plain-container","ast-site-content-layout":"normal-width-container","site-content-style":"unboxed","site-sidebar-style":"unboxed","ast-global-header-display":"","ast-banner-title-visibility":"","ast-main-header-display":"","ast-hfb-above-header-display":"","ast-hfb-below-header-display":"","ast-hfb-mobile-header-display":"","site-post-title":"disabled","ast-breadcrumbs-content":"","ast-featured-img":"","footer-sml-layout":"","ast-disable-related-posts":"","theme-transparent-header-meta":"default","adv-header-id-meta":"","stick-header-meta":"default","header-above-stick-meta":"","header-main-stick-meta":"","header-below-stick-meta":"","astra-migrate-meta-layouts":"set","ast-page-background-enabled":"default","ast-page-background-meta":{"desktop":{"background-color":"","background-image":"","background-repeat":"repeat","background-position":"center center","background-size":"auto","background-attachment":"scroll","background-type":"","background-media":"","overlay-type":"","overlay-color":"","overlay-opacity":"","overlay-gradient":""},"tablet":{"background-color":"","background-image":"","background-repeat":"repeat","background-position":"center center","background-size":"auto","background-attachment":"scroll","background-type":"","background-media":"","overlay-type":"","overlay-color":"","overlay-opacity":"","overlay-gradient":""},"mobile":{"background-color":"","background-image":"","background-repeat":"repeat","background-position":"center center","background-size":"auto","background-attachment":"scroll","background-type":"","background-media":"","overlay-type":"","overlay-color":"","overlay-opacity":"","overlay-gradient":""}},"ast-content-background-meta":{"desktop":{"background-color":"var(--ast-global-color-5)","background-image":"","background-repeat":"repeat","background-position":"center center","background-size":"auto","background-attachment":"scroll","background-type":"","background-media":"","overlay-type":"","overlay-color":"","overlay-opacity":"","overlay-gradient":""},"tablet":{"background-color":"var(--ast-global-color-5)","background-image":"","background-repeat":"repeat","background-position":"center center","background-size":"auto","background-attachment":"scroll","background-type":"","background-media":"","overlay-type":"","overlay-color":"","overlay-opacity":"","overlay-gradient":""},"mobile":{"background-color":"var(--ast-global-color-5)","background-image":"","background-repeat":"repeat","background-position":"center center","background-size":"auto","background-attachment":"scroll","background-type":"","background-media":"","overlay-type":"","overlay-color":"","overlay-opacity":"","overlay-gradient":""}},"footnotes":""},"class_list":["post-5309","page","type-page","status-publish","hentry"],"acf":[],"featured_image_src_large":false,"author_info":{"display_name":"desarrollo","author_link":"https:\/\/ecoforest.com\/fr\/author\/desarrollo\/"},"comment_info":0,"taxonomy_info":[],"_links":{"self":[{"href":"https:\/\/ecoforest.com\/fr\/wp-json\/wp\/v2\/pages\/5309","targetHints":{"allow":["GET"]}}],"collection":[{"href":"https:\/\/ecoforest.com\/fr\/wp-json\/wp\/v2\/pages"}],"about":[{"href":"https:\/\/ecoforest.com\/fr\/wp-json\/wp\/v2\/types\/page"}],"author":[{"embeddable":true,"href":"https:\/\/ecoforest.com\/fr\/wp-json\/wp\/v2\/users\/1"}],"replies":[{"embeddable":true,"href":"https:\/\/ecoforest.com\/fr\/wp-json\/wp\/v2\/comments?post=5309"}],"version-history":[{"count":12,"href":"https:\/\/ecoforest.com\/fr\/wp-json\/wp\/v2\/pages\/5309\/revisions"}],"predecessor-version":[{"id":48895,"href":"https:\/\/ecoforest.com\/fr\/wp-json\/wp\/v2\/pages\/5309\/revisions\/48895"}],"wp:attachment":[{"href":"https:\/\/ecoforest.com\/fr\/wp-json\/wp\/v2\/media?parent=5309"}],"curies":[{"name":"wp","href":"https:\/\/api.w.org\/{rel}","templated":true}]}}