{"id":54530,"date":"2026-05-04T13:06:21","date_gmt":"2026-05-04T12:06:21","guid":{"rendered":"https:\/\/ecoforest.com\/?page_id=54530"},"modified":"2026-05-04T13:06:25","modified_gmt":"2026-05-04T12:06:25","slug":"presse","status":"publish","type":"page","link":"https:\/\/ecoforest.com\/fr\/presse\/","title":{"rendered":"Presse"},"content":{"rendered":"<style>.wp-block-kadence-spacer.kt-block-spacer-54530_2df932-94 .kt-block-spacer{height:60px;}.wp-block-kadence-spacer.kt-block-spacer-54530_2df932-94 .kt-divider{border-top-width:1px;height:1px;border-top-color:#eee;width:80%;border-top-style:solid;}<\/style>\n<div class=\"wp-block-kadence-spacer aligncenter kt-block-spacer-54530_2df932-94\"><div class=\"kt-block-spacer kt-block-spacer-halign-center\"><\/div><\/div>\n\n\n\r\n<div class=\"section-contenidos contenidos-tabs js-contenidos-tabs position-relative\"\r\n    data-post-type=\"prensa\"\r\n    data-taxonomy=\"categorias-prensa\"\r\n    data-tags-trees=\"{&quot;pompe-a-chaleur&quot;:[{&quot;slug&quot;:&quot;aerothermie&quot;,&quot;name&quot;:&quot;Aerothermie&quot;,&quot;children&quot;:[]},{&quot;slug&quot;:&quot;geothermie&quot;,&quot;name&quot;:&quot;G\\u00e9othermie&quot;,&quot;children&quot;:[]}],&quot;todos&quot;:[{&quot;slug&quot;:&quot;aerothermie&quot;,&quot;name&quot;:&quot;Aerothermie&quot;,&quot;children&quot;:[]},{&quot;slug&quot;:&quot;geothermie&quot;,&quot;name&quot;:&quot;G\\u00e9othermie&quot;,&quot;children&quot;:[]}]}\"\r\n    data-tree-controls=\"{&quot;hiddenSlugs&quot;:[],&quot;orderSlugs&quot;:[]}\">\r\n    <div>\r\n                    <div class=\"container nav nav-pills contenidos-pills contenidos-pills-padre js-contenidos-tabs-top\" role=\"tablist\">\r\n                <div class=\"tab-container\">\r\n                    <button class=\"nav-link active\" type=\"button\" data-term=\"todos\">\r\n                        Todos                    <\/button>\r\n                    <div class=\"tab-underline active\"><\/div>\r\n                <\/div>\r\n\r\n                                    <div class=\"tab-container\">\r\n                        <button class=\"nav-link\" type=\"button\" data-term=\"pompe-a-chaleur\">\r\n                            Pompe \u00e0 chaleur                        <\/button>\r\n                        <div class=\"tab-underline\"><\/div>\r\n                    <\/div>\r\n                            <\/div>\r\n\r\n                        <div class=\"js-contenidos-tags-container\"><\/div>\r\n\r\n        \r\n        <div class=\"container contenidos-grid-container js-contenidos-grid-wrap\">\r\n            <div class=\"contenidos-grid contenidos-grid-wrapper\" data-columns-xxl=\"3\" data-columns-xl=\"3\" data-columns-md=\"3\" data-columns-sm=\"2\" data-columns-xs=\"1\">\r\n                                                                                    <div class=\"js-card-item\" data-terms=\"blog\">\r\n                            \r\n<article class=\"contenido-card\">\r\n            <div class=\"contenido-card__imagen\">\r\n            <img loading=\"lazy\" decoding=\"async\" width=\"800\" height=\"464\" src=\"https:\/\/ecoforest.com\/wp-content\/uploads\/2022\/04\/ecoforest_liinovation_et_la_qualite_soutenus_par_50_ans_dexperience.jpg\" class=\"contenido-card__img wp-post-image\" alt=\"\" srcset=\"https:\/\/ecoforest.com\/wp-content\/uploads\/2022\/04\/ecoforest_liinovation_et_la_qualite_soutenus_par_50_ans_dexperience.jpg 800w, https:\/\/ecoforest.com\/wp-content\/uploads\/2022\/04\/ecoforest_liinovation_et_la_qualite_soutenus_par_50_ans_dexperience-300x174.jpg 300w, https:\/\/ecoforest.com\/wp-content\/uploads\/2022\/04\/ecoforest_liinovation_et_la_qualite_soutenus_par_50_ans_dexperience-768x445.jpg 768w\" sizes=\"auto, (max-width: 800px) 100vw, 800px\" title=\"\">\r\n                            <div class=\"contenido-card__badges\">\r\n                                    <\/div>\r\n                    <\/div>\r\n    \r\n    <div class=\"contenido-card__content\">\r\n        <header class=\"contenido-card__header\">\r\n                            <time datetime=\"2026-05-04T16:35:05+01:00\" class=\"contenido-card__date\">\r\n                    4 mai 2026                <\/time>\r\n                        <h3 class=\"contenido-card__title\">\r\n                <a href=\"https:\/\/ecoforest.com\/fr\/prensa\/ecoforest-linnovation-et-la-qualite-soutenues-par-plus-de-50-ans-dexperience\/\">Ecoforest, l&rsquo;innovation et la qualit\u00e9 soutenues par plus de 50 ans d&rsquo;exp\u00e9rience<\/a>\r\n            <\/h3>\r\n        <\/header>\r\n\r\n            <\/div>\r\n<\/article>\r\n                        <\/div>\r\n                                                                    <div class=\"js-card-item\" data-terms=\"blog\">\r\n                            \r\n<article class=\"contenido-card\">\r\n            <div class=\"contenido-card__imagen\">\r\n            <img loading=\"lazy\" decoding=\"async\" width=\"1024\" height=\"485\" src=\"https:\/\/ecoforest.com\/wp-content\/uploads\/2021\/06\/Ecoforest-premio-empresas-Gacela-2017-1024x485.jpg\" class=\"contenido-card__img wp-post-image\" alt=\"\" srcset=\"https:\/\/ecoforest.com\/wp-content\/uploads\/2021\/06\/Ecoforest-premio-empresas-Gacela-2017-1024x485.jpg 1024w, https:\/\/ecoforest.com\/wp-content\/uploads\/2021\/06\/Ecoforest-premio-empresas-Gacela-2017-300x142.jpg 300w, https:\/\/ecoforest.com\/wp-content\/uploads\/2021\/06\/Ecoforest-premio-empresas-Gacela-2017-768x364.jpg 768w, https:\/\/ecoforest.com\/wp-content\/uploads\/2021\/06\/Ecoforest-premio-empresas-Gacela-2017.jpg 1140w\" sizes=\"auto, (max-width: 1024px) 100vw, 1024px\" title=\"\">\r\n                            <div class=\"contenido-card__badges\">\r\n                                    <\/div>\r\n                    <\/div>\r\n    \r\n    <div class=\"contenido-card__content\">\r\n        <header class=\"contenido-card__header\">\r\n                            <time datetime=\"2026-05-04T16:35:04+01:00\" class=\"contenido-card__date\">\r\n                    4 mai 2026                <\/time>\r\n                        <h3 class=\"contenido-card__title\">\r\n                <a href=\"https:\/\/ecoforest.com\/fr\/prensa\/ecoforest-identifiee-comme-empresa-gacela-2017\/\">Ecoforest, identifi\u00e9e comme \u00ab\u00a0Empresa Gacela 2017\u00a0\u00bb<\/a>\r\n            <\/h3>\r\n        <\/header>\r\n\r\n            <\/div>\r\n<\/article>\r\n                        <\/div>\r\n                                                                    <div class=\"js-card-item\" data-terms=\"blog\">\r\n                            \r\n<article class=\"contenido-card\">\r\n            <div class=\"contenido-card__imagen\">\r\n            <img loading=\"lazy\" decoding=\"async\" width=\"1000\" height=\"571\" src=\"https:\/\/ecoforest.com\/wp-content\/uploads\/2024\/11\/ecoforest_campana_dana.jpg\" class=\"contenido-card__img wp-post-image\" alt=\"Ecoforest campana DANA.\" srcset=\"https:\/\/ecoforest.com\/wp-content\/uploads\/2024\/11\/ecoforest_campana_dana.jpg 1000w, https:\/\/ecoforest.com\/wp-content\/uploads\/2024\/11\/ecoforest_campana_dana-300x171.jpg 300w, https:\/\/ecoforest.com\/wp-content\/uploads\/2024\/11\/ecoforest_campana_dana-768x439.jpg 768w\" sizes=\"auto, (max-width: 1000px) 100vw, 1000px\" title=\"\">\r\n                            <div class=\"contenido-card__badges\">\r\n                                    <\/div>\r\n                    <\/div>\r\n    \r\n    <div class=\"contenido-card__content\">\r\n        <header class=\"contenido-card__header\">\r\n                            <time datetime=\"2025-08-28T12:58:00+01:00\" class=\"contenido-card__date\">\r\n                    28 ao\u00fbt 2025                <\/time>\r\n                        <h3 class=\"contenido-card__title\">\r\n                <a href=\"https:\/\/ecoforest.com\/fr\/prensa\/ecoforest-lance-une-campagne-daide-aux-personnes-touchees-par-la-dana\/\">Ecoforest lance une campagne d&rsquo;aide aux personnes touch\u00e9es par la DANA<\/a>\r\n            <\/h3>\r\n        <\/header>\r\n\r\n            <\/div>\r\n<\/article>\r\n                        <\/div>\r\n                                                                    <div class=\"js-card-item\" data-terms=\"blog\">\r\n                            \r\n<article class=\"contenido-card\">\r\n            <div class=\"contenido-card__imagen\">\r\n            <img loading=\"lazy\" decoding=\"async\" width=\"1024\" height=\"576\" src=\"https:\/\/ecoforest.com\/wp-content\/uploads\/2025\/07\/cabecera_ld_30_aniversario-1024x576.jpg\" class=\"contenido-card__img wp-post-image\" alt=\"Ecoforest turns 30 years\" srcset=\"https:\/\/ecoforest.com\/wp-content\/uploads\/2025\/07\/cabecera_ld_30_aniversario-1024x576.jpg 1024w, https:\/\/ecoforest.com\/wp-content\/uploads\/2025\/07\/cabecera_ld_30_aniversario-300x169.jpg 300w, https:\/\/ecoforest.com\/wp-content\/uploads\/2025\/07\/cabecera_ld_30_aniversario-768x432.jpg 768w, https:\/\/ecoforest.com\/wp-content\/uploads\/2025\/07\/cabecera_ld_30_aniversario-1536x864.jpg 1536w, https:\/\/ecoforest.com\/wp-content\/uploads\/2025\/07\/cabecera_ld_30_aniversario.jpg 1920w\" sizes=\"auto, (max-width: 1024px) 100vw, 1024px\" title=\"\">\r\n                            <div class=\"contenido-card__badges\">\r\n                                    <\/div>\r\n                    <\/div>\r\n    \r\n    <div class=\"contenido-card__content\">\r\n        <header class=\"contenido-card__header\">\r\n                            <time datetime=\"2025-07-15T13:44:00+01:00\" class=\"contenido-card__date\">\r\n                    15 juillet 2025                <\/time>\r\n                        <h3 class=\"contenido-card__title\">\r\n                <a href=\"https:\/\/ecoforest.com\/fr\/prensa\/ecoforest-fete-30-ans-dinnovation-dans-le-domaine-de-la-climatisation-durable\/\">Ecoforest f\u00eate 30 ans d&rsquo;innovation dans le domaine de la climatisation durable<\/a>\r\n            <\/h3>\r\n        <\/header>\r\n\r\n            <\/div>\r\n<\/article>\r\n                        <\/div>\r\n                                                                    <div class=\"js-card-item\" data-terms=\"aerothermie blog\">\r\n                            \r\n<article class=\"contenido-card\">\r\n            <div class=\"contenido-card__imagen\">\r\n            <img loading=\"lazy\" decoding=\"async\" width=\"1024\" height=\"485\" src=\"https:\/\/ecoforest.com\/wp-content\/uploads\/2025\/06\/ecoforest_ecogeo_hp_htr_superheater.jpg\" class=\"contenido-card__img wp-post-image\" alt=\"The Ecoforest R&amp;D team involved in the project of incorporating HTR technology into the ecoGEO+ HP model, from left to right,\" srcset=\"https:\/\/ecoforest.com\/wp-content\/uploads\/2025\/06\/ecoforest_ecogeo_hp_htr_superheater.jpg 1024w, https:\/\/ecoforest.com\/wp-content\/uploads\/2025\/06\/ecoforest_ecogeo_hp_htr_superheater-300x142.jpg 300w, https:\/\/ecoforest.com\/wp-content\/uploads\/2025\/06\/ecoforest_ecogeo_hp_htr_superheater-768x364.jpg 768w\" sizes=\"auto, (max-width: 1024px) 100vw, 1024px\" title=\"\">\r\n                            <div class=\"contenido-card__badges\">\r\n                                            <span class=\"contenido-badge\">Pompe \u00e0 chaleur<\/span>\r\n                                            <span class=\"contenido-badge\">Aerothermie<\/span>\r\n                                    <\/div>\r\n                    <\/div>\r\n    \r\n    <div class=\"contenido-card__content\">\r\n        <header class=\"contenido-card__header\">\r\n                            <time datetime=\"2025-06-26T15:59:00+01:00\" class=\"contenido-card__date\">\r\n                    26 juin 2025                <\/time>\r\n                        <h3 class=\"contenido-card__title\">\r\n                <a href=\"https:\/\/ecoforest.com\/fr\/prensa\/ecoforest-etend-sa-technologie-htr-aux-pompes-a-chaleur-de-haute-puissance-pour-les-batiments-collectifs-et-tertiaires\/\">Ecoforest \u00e9tend sa technologie HTR aux pompes \u00e0 chaleur de haute puissance pour les b\u00e2timents collectifs et tertiaires<\/a>\r\n            <\/h3>\r\n        <\/header>\r\n\r\n            <\/div>\r\n<\/article>\r\n                        <\/div>\r\n                                                                    <div class=\"js-card-item\" data-terms=\"aerothermie blog geothermie\">\r\n                            \r\n<article class=\"contenido-card\">\r\n            <div class=\"contenido-card__imagen\">\r\n            <img loading=\"lazy\" decoding=\"async\" width=\"1024\" height=\"485\" src=\"https:\/\/ecoforest.com\/wp-content\/uploads\/2025\/04\/ecoforest_app_bomba_de_calor_vok.png\" class=\"contenido-card__img wp-post-image\" alt=\"App Ecoforest de bomba de calor.\" srcset=\"https:\/\/ecoforest.com\/wp-content\/uploads\/2025\/04\/ecoforest_app_bomba_de_calor_vok.png 1024w, https:\/\/ecoforest.com\/wp-content\/uploads\/2025\/04\/ecoforest_app_bomba_de_calor_vok-300x142.png 300w, https:\/\/ecoforest.com\/wp-content\/uploads\/2025\/04\/ecoforest_app_bomba_de_calor_vok-768x364.png 768w\" sizes=\"auto, (max-width: 1024px) 100vw, 1024px\" title=\"\">\r\n                            <div class=\"contenido-card__badges\">\r\n                                            <span class=\"contenido-badge\">Pompe \u00e0 chaleur<\/span>\r\n                                            <span class=\"contenido-badge\">Aerothermie<\/span>\r\n                                            <span class=\"contenido-badge\">G\u00e9othermie<\/span>\r\n                                    <\/div>\r\n                    <\/div>\r\n    \r\n    <div class=\"contenido-card__content\">\r\n        <header class=\"contenido-card__header\">\r\n                            <time datetime=\"2025-04-02T11:59:00+01:00\" class=\"contenido-card__date\">\r\n                    2 avril 2025                <\/time>\r\n                        <h3 class=\"contenido-card__title\">\r\n                <a href=\"https:\/\/ecoforest.com\/fr\/prensa\/application-pompe-a-chaleur-ecoforest-le-controle-total-au-bout-des-doigts\/\">Application pompe \u00e0 chaleur Ecoforest : le contr\u00f4le total au bout des doigts<\/a>\r\n            <\/h3>\r\n        <\/header>\r\n\r\n            <\/div>\r\n<\/article>\r\n                        <\/div>\r\n                                                                    <div class=\"js-card-item\" data-terms=\"blog\">\r\n                            \r\n<article class=\"contenido-card\">\r\n            <div class=\"contenido-card__imagen\">\r\n            <img loading=\"lazy\" decoding=\"async\" width=\"800\" height=\"460\" src=\"https:\/\/ecoforest.com\/wp-content\/uploads\/2023\/10\/instalacion_ecoforest_sunthalpy_web.png\" class=\"contenido-card__img wp-post-image\" alt=\"Collage combinando una bomba de calor geot\u00e9rmica de Ecoforest y una habitaci\u00f3n con el emisor de baja entalp\u00eda sunthadress de Sunthalpy.\" srcset=\"https:\/\/ecoforest.com\/wp-content\/uploads\/2023\/10\/instalacion_ecoforest_sunthalpy_web.png 800w, https:\/\/ecoforest.com\/wp-content\/uploads\/2023\/10\/instalacion_ecoforest_sunthalpy_web-300x173.png 300w, https:\/\/ecoforest.com\/wp-content\/uploads\/2023\/10\/instalacion_ecoforest_sunthalpy_web-768x442.png 768w\" sizes=\"auto, (max-width: 800px) 100vw, 800px\" title=\"\">\r\n                            <div class=\"contenido-card__badges\">\r\n                                    <\/div>\r\n                    <\/div>\r\n    \r\n    <div class=\"contenido-card__content\">\r\n        <header class=\"contenido-card__header\">\r\n                            <time datetime=\"2025-02-25T09:06:00+01:00\" class=\"contenido-card__date\">\r\n                    25 f\u00e9vrier 2025                <\/time>\r\n                        <h3 class=\"contenido-card__title\">\r\n                <a href=\"https:\/\/ecoforest.com\/fr\/prensa\/ecoforest-et-sunthalpy-commencent-a-commercialiser-conjointement-des-solutions-defficacite-energetique\/\">Ecoforest et Sunthalpy commencent \u00e0 commercialiser conjointement des solutions d&rsquo;efficacit\u00e9 \u00e9nerg\u00e9tique<\/a>\r\n            <\/h3>\r\n        <\/header>\r\n\r\n            <\/div>\r\n<\/article>\r\n                        <\/div>\r\n                                                                    <div class=\"js-card-item\" data-terms=\"aerothermie blog\">\r\n                            \r\n<article class=\"contenido-card\">\r\n            <div class=\"contenido-card__imagen\">\r\n            <img loading=\"lazy\" decoding=\"async\" width=\"1024\" height=\"592\" src=\"https:\/\/ecoforest.com\/wp-content\/uploads\/2024\/09\/ecoforest_equipo_comercial_ecoAIR_6_24_PRO.png\" class=\"contenido-card__img wp-post-image\" alt=\"Ecoforest commercial team with the new R290 air-source heat pump ecoAIR+ 6-24 PRO.\" srcset=\"https:\/\/ecoforest.com\/wp-content\/uploads\/2024\/09\/ecoforest_equipo_comercial_ecoAIR_6_24_PRO.png 1024w, https:\/\/ecoforest.com\/wp-content\/uploads\/2024\/09\/ecoforest_equipo_comercial_ecoAIR_6_24_PRO-300x173.png 300w, https:\/\/ecoforest.com\/wp-content\/uploads\/2024\/09\/ecoforest_equipo_comercial_ecoAIR_6_24_PRO-768x444.png 768w\" sizes=\"auto, (max-width: 1024px) 100vw, 1024px\" title=\"\">\r\n                            <div class=\"contenido-card__badges\">\r\n                                            <span class=\"contenido-badge\">Pompe \u00e0 chaleur<\/span>\r\n                                            <span class=\"contenido-badge\">Aerothermie<\/span>\r\n                                    <\/div>\r\n                    <\/div>\r\n    \r\n    <div class=\"contenido-card__content\">\r\n        <header class=\"contenido-card__header\">\r\n                            <time datetime=\"2024-09-17T09:48:00+01:00\" class=\"contenido-card__date\">\r\n                    17 septembre 2024                <\/time>\r\n                        <h3 class=\"contenido-card__title\">\r\n                <a href=\"https:\/\/ecoforest.com\/fr\/prensa\/la-nouvelle-pompe-a-chaleur-ecoforest-ecoair%e2%81%ba-6-24-pro-elargit-sa-gamme-avec-r290-a-24-kw\/\">La nouvelle pompe \u00e0 chaleur Ecoforest ecoAIR\u207a 6-24 PRO \u00e9largit sa gamme avec R290 \u00e0 24 kW<\/a>\r\n            <\/h3>\r\n        <\/header>\r\n\r\n            <\/div>\r\n<\/article>\r\n                        <\/div>\r\n                                                                    <div class=\"js-card-item\" data-terms=\"blog\">\r\n                            \r\n<article class=\"contenido-card\">\r\n            <div class=\"contenido-card__imagen\">\r\n            <img loading=\"lazy\" decoding=\"async\" width=\"800\" height=\"464\" src=\"https:\/\/ecoforest.com\/wp-content\/uploads\/2024\/05\/Ecoforest_blog_bioloto.jpg\" class=\"contenido-card__img wp-post-image\" alt=\"Ecoforest organiza un concurso entre las instalaciones de sus clientes.\" srcset=\"https:\/\/ecoforest.com\/wp-content\/uploads\/2024\/05\/Ecoforest_blog_bioloto.jpg 800w, https:\/\/ecoforest.com\/wp-content\/uploads\/2024\/05\/Ecoforest_blog_bioloto-300x174.jpg 300w, https:\/\/ecoforest.com\/wp-content\/uploads\/2024\/05\/Ecoforest_blog_bioloto-768x445.jpg 768w\" sizes=\"auto, (max-width: 800px) 100vw, 800px\" title=\"\">\r\n                            <div class=\"contenido-card__badges\">\r\n                                    <\/div>\r\n                    <\/div>\r\n    \r\n    <div class=\"contenido-card__content\">\r\n        <header class=\"contenido-card__header\">\r\n                            <time datetime=\"2024-05-28T16:42:00+01:00\" class=\"contenido-card__date\">\r\n                    28 mai 2024                <\/time>\r\n                        <h3 class=\"contenido-card__title\">\r\n                <a href=\"https:\/\/ecoforest.com\/fr\/prensa\/ecoforest-organise-une-tombola-biolotto-parmi-les-acheteurs-de-poeles-et-de-chaudieres-ecoforest\/\">Ecoforest organise une tombola BioLotto parmi les acheteurs de po\u00eales et de chaudi\u00e8res Ecoforest<\/a>\r\n            <\/h3>\r\n        <\/header>\r\n\r\n            <\/div>\r\n<\/article>\r\n                        <\/div>\r\n                                                                    <div class=\"js-card-item\" data-terms=\"blog\">\r\n                            \r\n<article class=\"contenido-card\">\r\n            <div class=\"contenido-card__imagen\">\r\n            <img loading=\"lazy\" decoding=\"async\" width=\"768\" height=\"446\" src=\"https:\/\/ecoforest.com\/wp-content\/uploads\/2024\/03\/R290_mostra_convegno_R290.png\" class=\"contenido-card__img wp-post-image\" alt=\"\" srcset=\"https:\/\/ecoforest.com\/wp-content\/uploads\/2024\/03\/R290_mostra_convegno_R290.png 768w, https:\/\/ecoforest.com\/wp-content\/uploads\/2024\/03\/R290_mostra_convegno_R290-300x174.png 300w\" sizes=\"auto, (max-width: 768px) 100vw, 768px\" title=\"\">\r\n                            <div class=\"contenido-card__badges\">\r\n                                    <\/div>\r\n                    <\/div>\r\n    \r\n    <div class=\"contenido-card__content\">\r\n        <header class=\"contenido-card__header\">\r\n                            <time datetime=\"2024-03-07T14:24:00+01:00\" class=\"contenido-card__date\">\r\n                    7 mars 2024                <\/time>\r\n                        <h3 class=\"contenido-card__title\">\r\n                <a href=\"https:\/\/ecoforest.com\/fr\/prensa\/ecoforest-va-plus-loin-dans-son-engagement-en-faveur-du-refrigerant-naturel-r290\/\">Ecoforest va plus loin dans son engagement en faveur du r\u00e9frig\u00e9rant naturel R290<\/a>\r\n            <\/h3>\r\n        <\/header>\r\n\r\n            <\/div>\r\n<\/article>\r\n                        <\/div>\r\n                                                                    <\/div>\r\n        <\/div>\r\n\r\n        <div class=\"container contenidos-paginacion-wrap js-contenidos-paginacion\" style=\"display:none;\">\r\n            <div class=\"contenidos-paginacion\">\r\n                <button class=\"paginacion-btn paginacion-prev\" data-action=\"prev\" disabled>\r\n                    <span aria-hidden=\"true\">&laquo;<\/span>\r\n                    <span class=\"sr-only\">Anterior<\/span>\r\n                <\/button>\r\n\r\n                <div class=\"paginacion-numeros js-paginacion-numeros\"><\/div>\r\n\r\n                <button class=\"paginacion-btn paginacion-next\" data-action=\"next\">\r\n                    <span aria-hidden=\"true\">&raquo;<\/span>\r\n                    <span class=\"sr-only\">Siguiente<\/span>\r\n                <\/button>\r\n            <\/div>\r\n        <\/div>\r\n    <\/div>\r\n<\/div>\r\n\r\n\n\n\n<style>.wp-block-kadence-spacer.kt-block-spacer-54530_cd0046-c6 .kt-block-spacer{height:60px;}.wp-block-kadence-spacer.kt-block-spacer-54530_cd0046-c6 .kt-divider{border-top-width:1px;height:1px;border-top-color:#eee;width:80%;border-top-style:solid;}<\/style>\n<div class=\"wp-block-kadence-spacer aligncenter kt-block-spacer-54530_cd0046-c6\"><div class=\"kt-block-spacer kt-block-spacer-halign-center\"><\/div><\/div>\n","protected":false},"excerpt":{"rendered":"","protected":false},"author":1,"featured_media":0,"parent":0,"menu_order":0,"comment_status":"closed","ping_status":"closed","template":"","meta":{"_acf_changed":false,"_kad_blocks_custom_css":"","_kad_blocks_head_custom_js":"","_kad_blocks_body_custom_js":"","_kad_blocks_footer_custom_js":"","site-sidebar-layout":"default","site-content-layout":"","ast-site-content-layout":"default","site-content-style":"default","site-sidebar-style":"default","ast-global-header-display":"","ast-banner-title-visibility":"","ast-main-header-display":"","ast-hfb-above-header-display":"","ast-hfb-below-header-display":"","ast-hfb-mobile-header-display":"","site-post-title":"","ast-breadcrumbs-content":"","ast-featured-img":"","footer-sml-layout":"","ast-disable-related-posts":"","theme-transparent-header-meta":"","adv-header-id-meta":"","stick-header-meta":"","header-above-stick-meta":"","header-main-stick-meta":"","header-below-stick-meta":"","astra-migrate-meta-layouts":"set","ast-page-background-enabled":"default","ast-page-background-meta":{"desktop":{"background-color":"","background-image":"","background-repeat":"repeat","background-position":"center center","background-size":"auto","background-attachment":"scroll","background-type":"","background-media":"","overlay-type":"","overlay-color":"","overlay-opacity":"","overlay-gradient":""},"tablet":{"background-color":"","background-image":"","background-repeat":"repeat","background-position":"center center","background-size":"auto","background-attachment":"scroll","background-type":"","background-media":"","overlay-type":"","overlay-color":"","overlay-opacity":"","overlay-gradient":""},"mobile":{"background-color":"","background-image":"","background-repeat":"repeat","background-position":"center center","background-size":"auto","background-attachment":"scroll","background-type":"","background-media":"","overlay-type":"","overlay-color":"","overlay-opacity":"","overlay-gradient":""}},"ast-content-background-meta":{"desktop":{"background-color":"var(--ast-global-color-5)","background-image":"","background-repeat":"repeat","background-position":"center center","background-size":"auto","background-attachment":"scroll","background-type":"","background-media":"","overlay-type":"","overlay-color":"","overlay-opacity":"","overlay-gradient":""},"tablet":{"background-color":"var(--ast-global-color-5)","background-image":"","background-repeat":"repeat","background-position":"center center","background-size":"auto","background-attachment":"scroll","background-type":"","background-media":"","overlay-type":"","overlay-color":"","overlay-opacity":"","overlay-gradient":""},"mobile":{"background-color":"var(--ast-global-color-5)","background-image":"","background-repeat":"repeat","background-position":"center center","background-size":"auto","background-attachment":"scroll","background-type":"","background-media":"","overlay-type":"","overlay-color":"","overlay-opacity":"","overlay-gradient":""}},"footnotes":""},"class_list":["post-54530","page","type-page","status-publish","hentry"],"acf":[],"featured_image_src_large":false,"author_info":{"display_name":"desarrollo","author_link":"https:\/\/ecoforest.com\/fr\/author\/desarrollo\/"},"comment_info":0,"taxonomy_info":[],"_links":{"self":[{"href":"https:\/\/ecoforest.com\/fr\/wp-json\/wp\/v2\/pages\/54530","targetHints":{"allow":["GET"]}}],"collection":[{"href":"https:\/\/ecoforest.com\/fr\/wp-json\/wp\/v2\/pages"}],"about":[{"href":"https:\/\/ecoforest.com\/fr\/wp-json\/wp\/v2\/types\/page"}],"author":[{"embeddable":true,"href":"https:\/\/ecoforest.com\/fr\/wp-json\/wp\/v2\/users\/1"}],"replies":[{"embeddable":true,"href":"https:\/\/ecoforest.com\/fr\/wp-json\/wp\/v2\/comments?post=54530"}],"version-history":[{"count":1,"href":"https:\/\/ecoforest.com\/fr\/wp-json\/wp\/v2\/pages\/54530\/revisions"}],"predecessor-version":[{"id":54531,"href":"https:\/\/ecoforest.com\/fr\/wp-json\/wp\/v2\/pages\/54530\/revisions\/54531"}],"wp:attachment":[{"href":"https:\/\/ecoforest.com\/fr\/wp-json\/wp\/v2\/media?parent=54530"}],"curies":[{"name":"wp","href":"https:\/\/api.w.org\/{rel}","templated":true}]}}