{"id":6344,"date":"2021-07-01T11:04:11","date_gmt":"2021-07-01T10:04:11","guid":{"rendered":"https:\/\/ecoforest.com\/distribuidor-form\/"},"modified":"2024-01-18T12:41:24","modified_gmt":"2024-01-18T11:41:24","slug":"demander-devis","status":"publish","type":"page","link":"https:\/\/ecoforest.com\/fr\/demander-devis\/","title":{"rendered":"Trouver mon installateur officiel"},"content":{"rendered":"<style>.wp-block-kadence-advancedheading.kt-adv-heading_26c8be-76, .wp-block-kadence-advancedheading.kt-adv-heading_26c8be-76[data-kb-block=\"kb-adv-heading_26c8be-76\"]{text-align:center;font-size:28px;font-style:normal;}.wp-block-kadence-advancedheading.kt-adv-heading_26c8be-76 mark.kt-highlight, .wp-block-kadence-advancedheading.kt-adv-heading_26c8be-76[data-kb-block=\"kb-adv-heading_26c8be-76\"] mark.kt-highlight{font-style:normal;color:#f76a0c;-webkit-box-decoration-break:clone;box-decoration-break:clone;padding-top:0px;padding-right:0px;padding-bottom:0px;padding-left:0px;}<\/style>\n<h1 class=\"kt-adv-heading_26c8be-76 wp-block-kadence-advancedheading\" data-kb-block=\"kb-adv-heading_26c8be-76\">Demander un devis \/ des informations sur le produit<\/h1>\n\n\n\n<p>Vous souhaitez acqu\u00e9rir un \u00e9quipement Ecoforest? Nous avons un r\u00e9seau d\u2019installateurs et de distributeurs officiels par tout dans le monde avec les comp\u00e9tences et l\u2019expertise n\u00e9cessaires pour vous garantir le meilleur service.<\/p>\n\n\n\n<p>Veuillez remplir le formulaire ci-dessous et notre \u00e9quipe commerciale vous contactera.<\/p>\n\n\n<style>.wp-block-kadence-spacer.kt-block-spacer-_20e280-f3 .kt-block-spacer{height:60px;}.wp-block-kadence-spacer.kt-block-spacer-_20e280-f3 .kt-divider{border-top-width:1px;height:1px;border-top-color:#000000;width:100%;border-top-style:solid;}<\/style>\n<div class=\"wp-block-kadence-spacer aligncenter kt-block-spacer-_20e280-f3\"><div class=\"kt-block-spacer kt-block-spacer-halign-center\"><\/div><\/div>\n\n\n\n<div class=\"wpcf7 no-js\" id=\"wpcf7-f11156-o1\" lang=\"es-ES\" dir=\"ltr\" data-wpcf7-id=\"11156\">\n<div class=\"screen-reader-response\"><p role=\"status\" aria-live=\"polite\" aria-atomic=\"true\"><\/p> <ul><\/ul><\/div>\n<form action=\"\/fr\/wp-json\/wp\/v2\/pages\/6344#wpcf7-f11156-o1\" method=\"post\" class=\"wpcf7-form init\" aria-label=\"Formulario de contacto\" novalidate=\"novalidate\" data-status=\"init\">\n<fieldset class=\"hidden-fields-container\"><input type=\"hidden\" name=\"_wpcf7\" value=\"11156\" \/><input type=\"hidden\" name=\"_wpcf7_version\" value=\"6.1.5\" \/><input type=\"hidden\" name=\"_wpcf7_locale\" value=\"es_ES\" \/><input type=\"hidden\" name=\"_wpcf7_unit_tag\" value=\"wpcf7-f11156-o1\" \/><input type=\"hidden\" name=\"_wpcf7_container_post\" value=\"0\" \/><input type=\"hidden\" name=\"_wpcf7_posted_data_hash\" value=\"\" \/><input type=\"hidden\" name=\"_wpcf7_recaptcha_response\" value=\"\" \/>\n<\/fieldset>\n<div class=\"bloque-contacto\">\n<span>Contact<\/span>\n<div class=\"bloque-contacto-inner\">\n<div class=\"info\">\n<span>Informations personnelles<\/span>\n<label>Nom <sup>*<\/sup>\n    <span class=\"wpcf7-form-control-wrap\" data-name=\"your-name\"><input size=\"40\" maxlength=\"400\" class=\"wpcf7-form-control wpcf7-text wpcf7-validates-as-required\" aria-required=\"true\" aria-invalid=\"false\" value=\"\" type=\"text\" name=\"your-name\" \/><\/span> <\/label>\n\n<label>Email <sup>*<\/sup>\n    <span class=\"wpcf7-form-control-wrap\" data-name=\"your-email\"><input size=\"40\" maxlength=\"400\" class=\"wpcf7-form-control wpcf7-email wpcf7-validates-as-required wpcf7-text wpcf7-validates-as-email\" aria-required=\"true\" aria-invalid=\"false\" value=\"\" type=\"email\" name=\"your-email\" \/><\/span> <\/label>\n<label>T\u00e9l\u00e9phone <sup>*<\/sup>\n    <span class=\"wpcf7-form-control-wrap\" data-name=\"tel-548\"><input size=\"40\" maxlength=\"400\" class=\"wpcf7-form-control wpcf7-tel wpcf7-validates-as-required wpcf7-text wpcf7-validates-as-tel\" aria-required=\"true\" aria-invalid=\"false\" value=\"\" type=\"tel\" name=\"tel-548\" \/><\/span> <\/label>\n<\/div>\n<div class=\"ubicacion\">\n<span>Localisation<\/span>\n<label>Pays <sup>*<\/sup>\n     <span class=\"wpcf7-form-control-wrap\" data-name=\"country-548\"><select class=\"wpcf7-form-control wpcf7-select wpcf7-validates-as-required\" aria-required=\"true\" aria-invalid=\"false\" name=\"country-548\"><option value=\"Francia\">France<\/option><option value=\"Afganist\u00e1n\">Afghanistan<\/option><option value=\"Sud\u00e1frica\">Afrique du Sud<\/option><option value=\"Albania\">Albanie<\/option><option value=\"Argelia\">Alg\u00e9rie<\/option><option value=\"Alemania\">Allemagne<\/option><option value=\"Andorra\">Andorre<\/option><option value=\"Angola\">Angola<\/option><option value=\"Anguila\">Anguilla<\/option><option value=\"Ant\u00e1rtida\">Antarctique<\/option><option value=\"Antigua y Barbuda\">Antigua-et-Barbuda<\/option><option value=\"Antillas Neerlandesas\">Antilles n\u00e9erlandaises<\/option><option value=\"Arabia Saud\u00ed\">Arabie saoudite<\/option><option value=\"Argentina\">Argentine<\/option><option value=\"Armenia\">Arm\u00e9nie<\/option><option value=\"Aruba\">Aruba<\/option><option value=\"Australia\">Australie<\/option><option value=\"Austria\">Autriche<\/option><option value=\"Azerbaiy\u00e1n\">Azerba\u00efdjan<\/option><option value=\"Bahamas\">Bahamas<\/option><option value=\"Bahr\u00e1in\">Bahre\u00efn<\/option><option value=\"Bangladesh\">Bangladesh<\/option><option value=\"Barbados\">Barbade<\/option><option value=\"Palaos\">Belau ; Palau<\/option><option value=\"B\u00e9lgica\">Belgique<\/option><option value=\"Belice\">Belize<\/option><option value=\"Bermudas\">Bermudes<\/option><option value=\"But\u00e1n\">Bhoutan<\/option><option value=\"Birmania\">Birmanie<\/option><option value=\"Bielorrusia\">Bi\u00e9lorussie<\/option><option value=\"Bolivia\">Bolivie<\/option><option value=\"Bosnia y Hercegovina\">Bosnie-Herz\u00e9govine<\/option><option value=\"Botsuana\">Botswana<\/option><option value=\"Brun\u00e9i\">Brunei<\/option><option value=\"Brasil\">Br\u00e9sil<\/option><option value=\"Bulgaria\">Bulgarie<\/option><option value=\"Burkina Faso\">Burkina Faso<\/option><option value=\"Burundi\">Burundi<\/option><option value=\"Ben\u00edn\">B\u00e9nin<\/option><option value=\"Camboya\">Cambodge<\/option><option value=\"Camer\u00fan\">Cameroun<\/option><option value=\"Canad\u00e1\">Canada<\/option><option value=\"Cabo Verde\">Cap-Vert<\/option><option value=\"Chile\">Chili<\/option><option value=\"China\">Chine<\/option><option value=\"Chipre\">Chypre<\/option><option value=\"Colombia\">Colombie<\/option><option value=\"Comoras\">Comores<\/option><option value=\"Congo\">Congo<\/option><option value=\"Corea del Norte\">Cor\u00e9e du Nord<\/option><option value=\"Corea del Sur\">Cor\u00e9e du Sud<\/option><option value=\"Costa Rica\">Costa Rica<\/option><option value=\"Croacia\">Croatie<\/option><option value=\"Cuba\">Cuba<\/option><option value=\"Costa de Marfil\">C\u00f4te dIvoire<\/option><option value=\"Dinamarca\">Danemark<\/option><option value=\"Yibuti\">Djibouti<\/option><option value=\"Dominica\">Dominique<\/option><option value=\"Egipto\">\u00c9gypte<\/option><option value=\"Emiratos \u00c1rabes Unidos\">\u00c9mirats arabes unis<\/option><option value=\"Ecuador\">\u00c9quateur<\/option><option value=\"Eritrea\">\u00c9rythr\u00e9e<\/option><option value=\"Espa\u00f1a\">Espagne<\/option><option value=\"Estonia\">Estonie<\/option><option value=\"Estados Unidos\">\u00c9tats-Unis<\/option><option value=\"Etiop\u00eda\">\u00c9thiopie<\/option><option value=\"Finlandia\">Finlande<\/option><option value=\"Francia\">France<\/option><option value=\"Gab\u00f3n\">Gabon<\/option><option value=\"Gambia\">Gambie<\/option><option value=\"Ghana\">Ghana<\/option><option value=\"Gibraltar\">Gibraltar<\/option><option value=\"Granada\">Grenade<\/option><option value=\"Groenlandia\">Groenland<\/option><option value=\"Grecia\">Gr\u00e8ce<\/option><option value=\"Guadalupe\">Guadeloupe<\/option><option value=\"Guam\">Guam<\/option><option value=\"Guatemala\">Guatemala<\/option><option value=\"Guinea Ecuatorial\">Guin\u00e9e \u00e9quatoriale<\/option><option value=\"Guinea-Bissau\">Guin\u00e9e-Bissao<\/option><option value=\"Guinea\">Guin\u00e9e<\/option><option value=\"Guyana\">Guyana<\/option><option value=\"Guayana Francesa\">Guyane fran\u00e7aise<\/option><option value=\"Georgia\">G\u00e9orgie<\/option><option value=\"Hait\u00ed\">Ha\u00efti<\/option><option value=\"Honduras\">Honduras<\/option><option value=\"Hong Kong\">Hong Kong<\/option><option value=\"Hungr\u00eda\">Hongrie<\/option><option value=\"Isla Bouvet\">Ile Bouvet<\/option><option value=\"Isla Christmas\">Ile Christmas<\/option><option value=\"Isla Norfolk\">Ile Norfolk<\/option><option value=\"Islas Caim\u00e1n\">Iles Cayman<\/option><option value=\"Islas Cook\">Iles Cook<\/option><option value=\"Islas Cocos\">Iles des Cocos (Keeling)<\/option><option value=\"Islas Malvinas\">Iles Falkland<\/option><option value=\"Fiyi\">Iles Fidji<\/option><option value=\"Islas Feroe\">Iles F\u00e9ro\u00e9<\/option><option value=\"Islas Georgia del Sur y Sandwich del Sur\">Iles G\u00e9orgie du Sud et Sandwich du Sud<\/option><option value=\"Islas Heard y McDonald\">Iles Heard et McDonald<\/option><option value=\"Islas Marshall\">Iles Marshall<\/option><option value=\"Islas menores alejadas de los Estados Unidos\">Iles mineures \u00e9loign\u00e9es des \u00c9tats-Unis<\/option><option value=\"Islas Pitcairn\">Iles Pitcairn<\/option><option value=\"Islas Salom\u00f3n\">Iles Salomon<\/option><option value=\"Svalbard y Jan Mayen\">Iles Svalbard et Jan Mayen<\/option><option value=\"Islas Turcas y Caicos\">Iles Turks-et-Caicos<\/option><option value=\"Islas V\u00edrgenes Americanas\">Iles Vierges am\u00e9ricaines<\/option><option value=\"Islas V\u00edrgenes Brit\u00e1nicas\">Iles Vierges britanniques<\/option><option value=\"India (la)\">Inde<\/option><option value=\"Indonesia\">Indon\u00e9sie<\/option><option value=\"Ir\u00e1n\">Iran<\/option><option value=\"Iraq\">Iraq<\/option><option value=\"Irlanda\">Irlande<\/option><option value=\"Islandia\">Islande<\/option><option value=\"Israel\">Isra\u00ebl<\/option><option value=\"Italia\">Italie<\/option><option value=\"Jamaica\">Jama\u00efque<\/option><option value=\"Jap\u00f3n\">Japon<\/option><option value=\"Jordania\">Jordanie<\/option><option value=\"Kazajist\u00e1n\">Kazakhstan<\/option><option value=\"Kenia\">Kenya<\/option><option value=\"Kirguizist\u00e1n\">Kirghizistan<\/option><option value=\"Kiribati\">Kiribati<\/option><option value=\"Kuwait\">Kowe\u00eft<\/option><option value=\"Laos\">Laos<\/option><option value=\"Lesoto\">Lesotho<\/option><option value=\"Letonia\">Lettonie<\/option><option value=\"L\u00edbano\">Liban<\/option><option value=\"Liberia\">Liberia<\/option><option value=\"Libia\">Libye<\/option><option value=\"Liechtenstein\">Liechtenstein<\/option><option value=\"Lituania\">Lituanie<\/option><option value=\"Luxemburgo\">Luxembourg<\/option><option value=\"Macao\">Macao<\/option><option value=\"Macedonia\">Mac\u00e9doine<\/option><option value=\"Madagascar\">Madagascar<\/option><option value=\"Malasia\">Malaisie<\/option><option value=\"Malaui\">Malawi<\/option><option value=\"Maldivas\">Maldives<\/option><option value=\"Mal\u00ed\">Mali<\/option><option value=\"Malta\">Malte<\/option><option value=\"Islas Marianas del Norte\">Mariannes du Nord<\/option><option value=\"Marruecos\">Maroc<\/option><option value=\"Martinica\">Martinique<\/option><option value=\"Mauricio\">Maurice<\/option><option value=\"Mauritania\">Mauritanie<\/option><option value=\"Mayotte\">Mayotte<\/option><option value=\"M\u00e9xico\">Mexique<\/option><option value=\"Micronesia\">Micron\u00e9sie<\/option><option value=\"Moldavia\">Moldavie<\/option><option value=\"M\u00f3naco\">Monaco<\/option><option value=\"Mongolia\">Mongolie<\/option><option value=\"Montserrat\">Montserrat<\/option><option value=\"Mozambique\">Mozambique<\/option><option value=\"Namibia\">Namibie<\/option><option value=\"Nauru\">Nauru<\/option><option value=\"Nicaragua\">Nicaragua<\/option><option value=\"Nigeria\">Nigeria<\/option><option value=\"N\u00edger\">Niger<\/option><option value=\"Niue\">Niou\u00e9<\/option><option value=\"Noruega\">Norv\u00e8ge<\/option><option value=\"Nueva Caledonia\">Nouvelle-Cal\u00e9donie<\/option><option value=\"Nueva Zelanda\">Nouvelle-Z\u00e9lande<\/option><option value=\"Nepal\">N\u00e9pal<\/option><option value=\"Om\u00e1n\">Oman<\/option><option value=\"Uganda\">Ouganda<\/option><option value=\"Uzbekist\u00e1n\">Ouzb\u00e9kistan<\/option><option value=\"Pakist\u00e1n\">Pakistan<\/option><option value=\"Panam\u00e1\">Panama<\/option><option value=\"Pap\u00faa-Nueva Guinea\">Papouasie-Nouvelle-Guin\u00e9e<\/option><option value=\"Paraguay\">Paraguay<\/option><option value=\"Pa\u00edses Bajos\">Pays-Bas<\/option><option value=\"Filipinas\">Philippines<\/option><option value=\"Polonia\">Pologne<\/option><option value=\"Polinesia Francesa\">Polyn\u00e9sie fran\u00e7aise<\/option><option value=\"Puerto Rico\">Porto Rico<\/option><option value=\"Portugal\">Portugal<\/option><option value=\"Per\u00fa\">P\u00e9rou<\/option><option value=\"Qatar\">Qatar<\/option><option value=\"Ruman\u00eda\">Roumanie<\/option><option value=\"Reino Unido\">Royaume-Uni<\/option><option value=\"Rusia\">Russie<\/option><option value=\"Ruanda\">Rwanda<\/option><option value=\"Rep\u00fablica Centroafricana\">R\u00e9publique centrafricaine<\/option><option value=\"Rep\u00fablica Dominicana\">R\u00e9publique dominicaine<\/option><option value=\"Rep\u00fablica Democr\u00e1tica del Congo\">R\u00e9publique d\u00e9mocratique du Congo<\/option><option value=\"Rep\u00fablica Checa\">R\u00e9publique tch\u00e8que<\/option><option value=\"Reuni\u00f3n\">R\u00e9union<\/option><option value=\"S\u00e1hara Occidental\">Sahara occidental<\/option><option value=\"San Crist\u00f3bal y Nieves\">Saint-Christophe-et-Ni\u00e9v\u00e8s<\/option><option value=\"San Marino\">Saint-Marin<\/option><option value=\"San Pedro y Miquel\u00f3n\">Saint-Pierre-et-Miquelon<\/option><option value=\"El Vaticano\">Saint-Si\u00e8ge<\/option><option value=\"San Vicente y las Granadinas\">Saint-Vincent-et-les-Grenadines<\/option><option value=\"Santa Helena\">Sainte-H\u00e9l\u00e8ne<\/option><option value=\"Santa Luc\u00eda\">Sainte-Lucie<\/option><option value=\"El Salvador\">Salvador<\/option><option value=\"Samoa Americana\">Samoa am\u00e9ricaines<\/option><option value=\"Samoa\">Samoa<\/option><option value=\"Santo Tom\u00e9 y Pr\u00edncipe\">Sao Tom\u00e9-et-Principe<\/option><option value=\"Serbia\">Serbian<\/option><option value=\"Seychelles\">Seychelles<\/option><option value=\"Sierra Leona\">Sierra Leone<\/option><option value=\"Singapur\">Singapour<\/option><option value=\"Eslovaquia\">Slovaquie<\/option><option value=\"Eslovenia\">Slov\u00e9nie<\/option><option value=\"Somalia\">Somalie<\/option><option value=\"Sud\u00e1n\">Soudan<\/option><option value=\"Sri Lanka\">Sri Lanka<\/option><option value=\"Suiza\">Suisse<\/option><option value=\"Surinam\">Suriname<\/option><option value=\"Suecia\">Su\u00e8de<\/option><option value=\"Suazilandia\">Swaziland<\/option><option value=\"Siria\">Syrie<\/option><option value=\"Senegal\">S\u00e9n\u00e9gal<\/option><option value=\"Tayikist\u00e1n\">Tadjikistan<\/option><option value=\"Tanzania\">Tanzanie<\/option><option value=\"Taiw\u00e1n\">Ta\u00efwan<\/option><option value=\"Chad\">Tchad<\/option><option value=\"Territorios Australes Franceses\">Terres australes fran\u00e7aises<\/option><option value=\"Territorio Brit\u00e1nico del Oc\u00e9ano Indico\">Territoire britannique de lOc\u00e9an Indien<\/option><option value=\"Tailandia\">Tha\u00eflande<\/option><option value=\"Timor Oriental\">Timor Oriental<\/option><option value=\"Togo\">Togo<\/option><option value=\"Tokelau\">Tok\u00e9laou<\/option><option value=\"Tonga\">Tonga<\/option><option value=\"Trinidad y Tobago\">Trinit\u00e9-et-Tobago<\/option><option value=\"T\u00fanez\">Tunisie<\/option><option value=\"Turkmenist\u00e1n\">Turkm\u00e9nistan<\/option><option value=\"Turqu\u00eda\">Turquie<\/option><option value=\"Tuvalu\">Tuvalu<\/option><option value=\"Ucrania\">Ukraine<\/option><option value=\"Uruguay\">Uruguay<\/option><option value=\"Vanuatu\">Vanuatu<\/option><option value=\"Venezuela\">Venezuela<\/option><option value=\"Vietnam\">Vi\u00eat Nam<\/option><option value=\"Wallis y Futuna\">Wallis-et-Futuna<\/option><option value=\"Yemen\">Y\u00e9men<\/option><option value=\"Zambia\">Zambie<\/option><option value=\"Zimbabue\">Zimbabwe<\/option><\/select><\/span> <\/label>\n\n<label>Code postal<sup>*<\/sup>\n    <span class=\"wpcf7-form-control-wrap\" data-name=\"codigo-548\"><input size=\"40\" maxlength=\"400\" class=\"wpcf7-form-control wpcf7-text wpcf7-validates-as-required\" aria-required=\"true\" aria-invalid=\"false\" value=\"\" type=\"text\" name=\"codigo-548\" \/><\/span> <\/label>\n\n<label>D\u00e9partement <sup>*<\/sup>\n    <span class=\"wpcf7-form-control-wrap\" data-name=\"provincia-548\"><input size=\"40\" maxlength=\"400\" class=\"wpcf7-form-control wpcf7-text wpcf7-validates-as-required\" aria-required=\"true\" aria-invalid=\"false\" value=\"\" type=\"text\" name=\"provincia-548\" \/><\/span> <\/label>\n\n<label>Ville <sup>*<\/sup>\n    <span class=\"wpcf7-form-control-wrap\" data-name=\"poblacion-548\"><input size=\"40\" maxlength=\"400\" class=\"wpcf7-form-control wpcf7-text wpcf7-validates-as-required\" aria-required=\"true\" aria-invalid=\"false\" value=\"\" type=\"text\" name=\"poblacion-548\" \/><\/span> <\/label>\n<\/div>\n<\/div>\n<\/div>\n\n<div class=\"bloque-producto\">\n<span>Produit<\/span>\n<div class=\"bloque-producto-inner\">\n<label>Famille de produits<sup>*<\/sup>\n    <span class=\"wpcf7-form-control-wrap\" data-name=\"producto-548\"><select class=\"wpcf7-form-control wpcf7-select wpcf7-validates-as-required\" aria-required=\"true\" aria-invalid=\"false\" name=\"producto-548\"><option value=\"Po\u00eales \u00e0 granul\u00e9s\">Po\u00eales \u00e0 granul\u00e9s<\/option><option value=\"Chaudi\u00e8res \u00e0 granul\u00e9s\">Chaudi\u00e8res \u00e0 granul\u00e9s<\/option><option value=\"Po\u00eales ou chaudi\u00e8res \u00e0 bois\">Po\u00eales ou chaudi\u00e8res \u00e0 bois<\/option><option value=\"Pompe \u00e0 chaleur g\u00e9othermique\">Pompe \u00e0 chaleur g\u00e9othermique<\/option><option value=\"Pompe \u00e0 chaleur a\u00e9rothermique\">Pompe \u00e0 chaleur a\u00e9rothermique<\/option><option value=\"Gestionnaire \u00e9nerg\u00e9tique\">Gestionnaire \u00e9nerg\u00e9tique<\/option><\/select><\/span> <\/label>\n\n<label>Commentaires <sup>*<\/sup>\n   <span class=\"wpcf7-form-control-wrap\" data-name=\"textarea-548\"><textarea cols=\"40\" rows=\"4\" maxlength=\"200\" class=\"wpcf7-form-control wpcf7-textarea wpcf7-validates-as-required\" aria-required=\"true\" aria-invalid=\"false\" name=\"textarea-548\"><\/textarea><\/span> \n    Max:<span class=\"wpcf7-character-count down\" data-target-name=\"textarea-548\" data-starting-value=\"200\" data-current-value=\"200\" data-maximum-value=\"200\">200<\/span> <\/label>\n\n<\/div>\n<\/div>\n\n<div class=\"bloque-legal\">\n<span>T\u00e9rminos y condiciones<\/span>\n<div class=\"bloque-legal-inner\">\n<label>Termes et conditions<\/label>\n<div class=\"texto-legal\">\n<p>Conform\u00e9ment aux normes \u00e9tablies dans la R\u00e8glementation Europ\u00e9ene (UE) concernant la protection des donn\u00e9es personnelles des personnes physiques et de la libre circulation de ces donn\u00e9es, nous tenons \u00e0 vous informer que les donn\u00e9es qui apparaissent dans ce formulaire seront inclues dans un fichier automatique de donn\u00e9es personnelles dont la finalit\u00e9 est l\u2019envoi d\u2019information et la r\u00e9alisation d\u2019actions commerciales et de marketing concernant les services fournis par ECOFOREST.<\/p>\n<p>Ces donn\u00e9es seront re\u00e7ues par ECOFOREST (Puerto Rico 14 - 36204 Vigo, Espagne) o\u00f9 vous pouvez acc\u00e9der, rectifier, annuler ou vous opposer \u00e0 ces informations.<\/p>\n<p>En envoyant ce formulaire, vous consentez express\u00e9ment \u00e0 la communication de vos donn\u00e9es \u00e0 ECOFOREST, ainsi que \u00e0 toute personne collaborant avec ECOFOREST dans la fourniture des services que vous demandez.<\/p>\n<\/div>\nCe site est prot\u00e9g\u00e9 par reCAPTCHA et la <a href=\"https:\/\/policies.google.com\/privacy\" rel=\"nofollow noopener\" target=\"_blank\">Politique de confidentialit\u00e9<\/a> ainsi que les <a href=\"https:\/\/policies.google.com\/terms\" rel=\"nofollow noopener\" target=\"_blank\">Conditions d'utilisation<\/a> de Google s'appliquent.\n<input class=\"wpcf7-form-control wpcf7-hidden\" value=\"fr\" type=\"hidden\" name=\"idioma\" \/>\n<span class=\"wpcf7-form-control-wrap\" data-name=\"acceptance-600\"><span class=\"wpcf7-form-control wpcf7-acceptance\"><span class=\"wpcf7-list-item\"><input type=\"checkbox\" name=\"acceptance-600\" value=\"1\" aria-invalid=\"false\" \/><\/span><\/span><\/span> Accepter les termes et conditions\n<\/div>\n<\/div>\n<input class=\"wpcf7-form-control wpcf7-submit has-spinner\" type=\"submit\" value=\"Envoyer\" \/><div class=\"wpcf7-response-output\" aria-hidden=\"true\"><\/div>\n<\/form>\n<\/div>\n\n","protected":false},"excerpt":{"rendered":"<p>Demander un devis \/ des informations sur le produit Vous souhaitez acqu\u00e9rir un \u00e9quipement Ecoforest? Nous avons un r\u00e9seau d\u2019installateurs et de distributeurs officiels par tout dans le monde avec les comp\u00e9tences et l\u2019expertise n\u00e9cessaires pour vous garantir le meilleur service. Veuillez remplir le formulaire ci-dessous et notre \u00e9quipe commerciale vous contactera.<\/p>\n","protected":false},"author":1,"featured_media":0,"parent":0,"menu_order":0,"comment_status":"closed","ping_status":"closed","template":"","meta":{"_acf_changed":false,"_kad_blocks_custom_css":"","_kad_blocks_head_custom_js":"","_kad_blocks_body_custom_js":"","_kad_blocks_footer_custom_js":"","site-sidebar-layout":"default","site-content-layout":"default","ast-site-content-layout":"default","site-content-style":"default","site-sidebar-style":"default","ast-global-header-display":"","ast-banner-title-visibility":"","ast-main-header-display":"","ast-hfb-above-header-display":"","ast-hfb-below-header-display":"","ast-hfb-mobile-header-display":"","site-post-title":"disabled","ast-breadcrumbs-content":"","ast-featured-img":"","footer-sml-layout":"","ast-disable-related-posts":"","theme-transparent-header-meta":"default","adv-header-id-meta":"","stick-header-meta":"default","header-above-stick-meta":"","header-main-stick-meta":"","header-below-stick-meta":"","astra-migrate-meta-layouts":"set","ast-page-background-enabled":"default","ast-page-background-meta":{"desktop":{"background-color":"","background-image":"","background-repeat":"repeat","background-position":"center center","background-size":"auto","background-attachment":"scroll","background-type":"","background-media":"","overlay-type":"","overlay-color":"","overlay-opacity":"","overlay-gradient":""},"tablet":{"background-color":"","background-image":"","background-repeat":"repeat","background-position":"center center","background-size":"auto","background-attachment":"scroll","background-type":"","background-media":"","overlay-type":"","overlay-color":"","overlay-opacity":"","overlay-gradient":""},"mobile":{"background-color":"","background-image":"","background-repeat":"repeat","background-position":"center center","background-size":"auto","background-attachment":"scroll","background-type":"","background-media":"","overlay-type":"","overlay-color":"","overlay-opacity":"","overlay-gradient":""}},"ast-content-background-meta":{"desktop":{"background-color":"var(--ast-global-color-5)","background-image":"","background-repeat":"repeat","background-position":"center center","background-size":"auto","background-attachment":"scroll","background-type":"","background-media":"","overlay-type":"","overlay-color":"","overlay-opacity":"","overlay-gradient":""},"tablet":{"background-color":"var(--ast-global-color-5)","background-image":"","background-repeat":"repeat","background-position":"center center","background-size":"auto","background-attachment":"scroll","background-type":"","background-media":"","overlay-type":"","overlay-color":"","overlay-opacity":"","overlay-gradient":""},"mobile":{"background-color":"var(--ast-global-color-5)","background-image":"","background-repeat":"repeat","background-position":"center center","background-size":"auto","background-attachment":"scroll","background-type":"","background-media":"","overlay-type":"","overlay-color":"","overlay-opacity":"","overlay-gradient":""}},"footnotes":""},"class_list":["post-6344","page","type-page","status-publish","hentry"],"acf":[],"featured_image_src_large":false,"author_info":{"display_name":"desarrollo","author_link":"https:\/\/ecoforest.com\/fr\/author\/desarrollo\/"},"comment_info":0,"taxonomy_info":[],"_links":{"self":[{"href":"https:\/\/ecoforest.com\/fr\/wp-json\/wp\/v2\/pages\/6344","targetHints":{"allow":["GET"]}}],"collection":[{"href":"https:\/\/ecoforest.com\/fr\/wp-json\/wp\/v2\/pages"}],"about":[{"href":"https:\/\/ecoforest.com\/fr\/wp-json\/wp\/v2\/types\/page"}],"author":[{"embeddable":true,"href":"https:\/\/ecoforest.com\/fr\/wp-json\/wp\/v2\/users\/1"}],"replies":[{"embeddable":true,"href":"https:\/\/ecoforest.com\/fr\/wp-json\/wp\/v2\/comments?post=6344"}],"version-history":[{"count":8,"href":"https:\/\/ecoforest.com\/fr\/wp-json\/wp\/v2\/pages\/6344\/revisions"}],"predecessor-version":[{"id":38885,"href":"https:\/\/ecoforest.com\/fr\/wp-json\/wp\/v2\/pages\/6344\/revisions\/38885"}],"wp:attachment":[{"href":"https:\/\/ecoforest.com\/fr\/wp-json\/wp\/v2\/media?parent=6344"}],"curies":[{"name":"wp","href":"https:\/\/api.w.org\/{rel}","templated":true}]}}