{"id":6459,"date":"2021-06-15T22:44:44","date_gmt":"2021-06-15T21:44:44","guid":{"rendered":"https:\/\/ecoforest.com\/pellets\/calderas-de-pellets\/"},"modified":"2025-05-23T12:23:51","modified_gmt":"2025-05-23T11:23:51","slug":"chaudieres-a-pellets","status":"publish","type":"page","link":"https:\/\/ecoforest.com\/fr\/granules\/chaudieres-a-pellets\/","title":{"rendered":"Chaudi\u00e8re \u00e0 pellets"},"content":{"rendered":"<style>.wp-block-kadence-spacer.kt-block-spacer-_ed9f73-17 .kt-block-spacer{height:6px;}.wp-block-kadence-spacer.kt-block-spacer-_ed9f73-17 .kt-divider{border-top-width:1px;height:1px;border-top-color:#eee;width:80%;border-top-style:solid;}<\/style>\n<div class=\"wp-block-kadence-spacer aligncenter kt-block-spacer-_ed9f73-17\"><div class=\"kt-block-spacer kt-block-spacer-halign-center\"><\/div><\/div>\n\n\n\n<script src=\"https:\/\/cdnjs.cloudflare.com\/ajax\/libs\/slick-carousel\/1.8.1\/slick.min.js\" integrity=\"sha512-XtmMtDEcNz2j7ekrtHvOVR4iwwaD6o\/FUJe6+Zq+HgcCsk3kj4uSQQR8weQ2QVj1o0Pk6PwYLohm206ZzNfubg==\" crossorigin=\"anonymous\" referrerpolicy=\"no-referrer\"><\/script>\n\n<style>\n\t.slick-slider {\n\t\toverflow: hidden;\n\t\tposition: relative;\n\t\tmargin-bottom: 27px;\n\t}\n\n\t.general_columnas_custom {\n\t\twidth: 100%;\n\t\tmargin: auto;\n\t\tmargin-bottom: 40px;\n\t}\n\n\t.columnas_custom {\n\t\tfloat: left;\n\t\twidth: 30%;\n\t\tborder-bottom: 1px solid #abb8c3;\n\t\tmargin-right: 1.5%;\n\t\tmargin-left: 1.5%;\n\t\tmargin-top: 40px;\n\t}\n\n\t.columnas_custom .slick-prev {\n\t\tposition: absolute;\n\t\tdisplay: block;\n\t\theight: 50px;\n\t\twidth: 30px;\n\t\tline-height: 0px;\n\t\ttext-align: center;\n\t\tfont-size: 0px;\n\t\tcursor: pointer;\n\t\tbackground: rgba(0, 0, 0, 0.8);\n\t\tcolor: white;\n\t\ttop: 50%;\n\t\ttransform: translate(0, -50%);\n\t\tpadding: 0;\n\t\tborder: none;\n\t\toutline: none;\n\t\tbox-shadow: none;\n\t\ttransition: opacity .4s ease-in-out;\n\t\topacity: .25;\n\t\tz-index: 1;\n\t}\n\n\t.columnas_custom .slick-next:before {\n\t\tborder-style: solid;\n\t\tborder-width: 2px 2px 0 0;\n\t\tcontent: '';\n\t\tdisplay: inline-block;\n\t\theight: 10px;\n\t\tposition: relative;\n\t\ttop: 0px;\n\t\tleft: -2px;\n\t\ttransform: rotate(45deg);\n\t\tvertical-align: top;\n\t\twidth: 10px;\n\t}\n\n\t.columnas_custom .slick-prev:before {\n\t\tborder-style: solid;\n\t\tborder-width: 2px 2px 0 0;\n\t\tcontent: '';\n\t\tdisplay: inline-block;\n\t\theight: 10px;\n\t\tposition: relative;\n\t\ttop: 0px;\n\t\tleft: -2px;\n\t\ttransform: rotate(220deg);\n\t\tvertical-align: top;\n\t\twidth: 10px;\n\t}\n\n\t.columnas_custom .slick-next {\n\t\tposition: absolute;\n\t\tdisplay: block;\n\t\theight: 50px;\n\t\twidth: 30px;\n\t\tline-height: 0px;\n\t\ttext-align: center;\n\t\tfont-size: 0px;\n\t\tcursor: pointer;\n\t\tbackground: rgba(0, 0, 0, 0.8);\n\t\tcolor: white;\n\t\ttop: 50%;\n\t\tright: 0;\n\t\ttransform: translate(0, -50%);\n\t\tpadding: 0;\n\t\tborder: none;\n\t\toutline: none;\n\t\tbox-shadow: none;\n\t\ttransition: opacity .4s ease-in-out;\n\t\topacity: .25;\n\t\tz-index: 1;\n\n\t}\n\n\t.hidden-slider {\n\t\tdisplay: none;\n\t}\n\n\t.wp-block-kadence-advancedheading {\n\t\tfont-size: 26px;\n\t\tfont-weight: 300;\n\t}\n\n\n\t@media (max-width: 767px) {\n\n\t\t.columnas_custom {\n\t\t\twidth: 100%;\n\t\t\tmargin: 0;\n\t\t}\n\n\n\t}\n\n\t.description {\n\t\tdisplay: -webkit-box;\n\t\t-webkit-line-clamp: 1;\n\t\t-webkit-box-orient: vertical;\n\t\toverflow: hidden;\n\t}\n<\/style>\n\n<div class=\"wp-block-kadence-rowlayout\">\n\t<h1>Chaudi\u00e8re \u00e0 pellets<\/h1>\n\n\t<div class=\"general_columnas_custom\">\n\n\t\t\n\t\t\t\t<div class=\"columnas_custom\">\n\n\t\t\t\t\t<div class=\"general_slider hidden-slider\">\n\n\t\t\t\t\t\t\t\t\t\t\t\t\t\t\t\t\t\t\t\t\t<img decoding=\"async\" src=\"https:\/\/ecoforest.com\/wp-content\/uploads\/2021\/07\/estufa-pellets-aire-VAP_5-20.jpg\" height=\"210px\" alt=\"\" title=\"\">\n\t\t\t\t\t\t\t\t\t\t\t\t\t\t\t<img decoding=\"async\" src=\"https:\/\/ecoforest.com\/wp-content\/uploads\/2021\/07\/caldera-pellets-vap-5-20_esquema.png\" height=\"210px\" alt=\"\" title=\"\">\n\t\t\t\t\t\t\t\t\t\t\t\t\t\n\t\t\t\t\t<\/div>\n\n\t\t\t\t\t<span class=\"wp-block-kadence-advancedheading\">\n\t\t\t\t\t\t<a href=https:\/\/ecoforest.com\/fr\/produits\/biomasse\/granules\/chaudieres-a-pellets\/vap-5-20\/>\n\t\t\t\t\t\t\tVap 5-20\t\t\t\t\t\t<\/a>\n\t\t\t\t\t<\/span>\n\n\t\t\t\t\t<ul class=\"has-black-color has-text-color\">\n\t\t\t\t\t\t\t\t\t\t\t\t\t\t\t\t\t\t\t<li>\n\t\t\t\t\t\t\t\tRendement calorifique: 20 kW\t\t\t\t\t\t\t<\/li>\n\t\t\t\t\t\t\n\t\t\t\t\t\t\t\t\t\t\t\t\t<li>\n\t\t\t\t\t\t\t\t<p class=\"description\">Chaudi\u00e8re \u00e0 pellets \u00ab\u00a0Vap 5-20\u00a0\u00bb<\/p>\t\t\t\t\t\t\t<\/li>\n\t\t\t\t\t\t\t\t\t\t\t<\/ul>\n\n\t\t\t\t<\/div>\n\t\t\n\t\t\t\t<div class=\"columnas_custom\">\n\n\t\t\t\t\t<div class=\"general_slider hidden-slider\">\n\n\t\t\t\t\t\t\t\t\t\t\t\t\t\t\t\t\t\t\t\t\t<img decoding=\"async\" src=\"https:\/\/ecoforest.com\/wp-content\/uploads\/2021\/07\/estufa-pellets-aire-vap_24.jpg\" height=\"210px\" alt=\"\" title=\"\">\n\t\t\t\t\t\t\t\t\t\t\t\t\t\t\t<img decoding=\"async\" src=\"https:\/\/ecoforest.com\/wp-content\/uploads\/2021\/06\/caldera-pellets-vap-24-verde.jpg\" height=\"210px\" alt=\"\" title=\"\">\n\t\t\t\t\t\t\t\t\t\t\t\t\t\n\t\t\t\t\t<\/div>\n\n\t\t\t\t\t<span class=\"wp-block-kadence-advancedheading\">\n\t\t\t\t\t\t<a href=https:\/\/ecoforest.com\/fr\/produits\/biomasse\/granules\/chaudieres-a-pellets\/vap-24\/>\n\t\t\t\t\t\t\tVap 24\t\t\t\t\t\t<\/a>\n\t\t\t\t\t<\/span>\n\n\t\t\t\t\t<ul class=\"has-black-color has-text-color\">\n\t\t\t\t\t\t\t\t\t\t\t\t\t\t\t\t\t\t\t<li>\n\t\t\t\t\t\t\t\tRendement calorifique: 24 kW\t\t\t\t\t\t\t<\/li>\n\t\t\t\t\t\t\n\t\t\t\t\t\t\t\t\t\t\t\t\t<li>\n\t\t\t\t\t\t\t\t<p class=\"description\">Chaudi\u00e8re \u00e0 pellet<\/p>\t\t\t\t\t\t\t<\/li>\n\t\t\t\t\t\t\t\t\t\t\t<\/ul>\n\n\t\t\t\t<\/div>\n\t\t\n\t\t\t\t<div class=\"columnas_custom\">\n\n\t\t\t\t\t<div class=\"general_slider hidden-slider\">\n\n\t\t\t\t\t\t\t\t\t\t\t\t\t\t\t\t\t\t\t\t\t<img decoding=\"async\" src=\"https:\/\/ecoforest.com\/wp-content\/uploads\/2021\/06\/caldera-pellets-cantina-nova.jpg\" height=\"210px\" alt=\"\" title=\"\">\n\t\t\t\t\t\t\t\t\t\t\t\t\t\t\t<img decoding=\"async\" src=\"https:\/\/ecoforest.com\/wp-content\/uploads\/2021\/06\/caldera-pellets-cantina-nova-verde.jpg\" height=\"210px\" alt=\"\" title=\"\">\n\t\t\t\t\t\t\t\t\t\t\t\t\t\n\t\t\t\t\t<\/div>\n\n\t\t\t\t\t<span class=\"wp-block-kadence-advancedheading\">\n\t\t\t\t\t\t<a href=https:\/\/ecoforest.com\/fr\/produits\/biomasse\/granules\/chaudieres-a-pellets\/cantina-nova-24-30\/>\n\t\t\t\t\t\t\tCantina Nova 30\t\t\t\t\t\t<\/a>\n\t\t\t\t\t<\/span>\n\n\t\t\t\t\t<ul class=\"has-black-color has-text-color\">\n\t\t\t\t\t\t\t\t\t\t\t\t\t\t\t\t\t\t\t<li>\n\t\t\t\t\t\t\t\tRendement calorifique: 30 kW\t\t\t\t\t\t\t<\/li>\n\t\t\t\t\t\t\n\t\t\t\t\t\t\t\t\t\t\t\t\t<li>\n\t\t\t\t\t\t\t\t<p class=\"description\">Chaudi\u00e8re \u00e0 pellets<\/p>\t\t\t\t\t\t\t<\/li>\n\t\t\t\t\t\t\t\t\t\t\t<\/ul>\n\n\t\t\t\t<\/div>\n\t\t\n\t\t\t\t<div class=\"columnas_custom\">\n\n\t\t\t\t\t<div class=\"general_slider hidden-slider\">\n\n\t\t\t\t\t\t\t\t\t\t\t\t\t\t\t\t\t\t\t\t\t<img decoding=\"async\" src=\"https:\/\/ecoforest.com\/wp-content\/uploads\/2021\/07\/estufa-pellets-aire-vap_30.jpg\" height=\"210px\" alt=\"\" title=\"\">\n\t\t\t\t\t\t\t\t\t\t\t\t\t\t\t<img decoding=\"async\" src=\"https:\/\/ecoforest.com\/wp-content\/uploads\/2021\/06\/caldera-pellets-vap-30-verde.jpg\" height=\"210px\" alt=\"\" title=\"\">\n\t\t\t\t\t\t\t\t\t\t\t\t\t\n\t\t\t\t\t<\/div>\n\n\t\t\t\t\t<span class=\"wp-block-kadence-advancedheading\">\n\t\t\t\t\t\t<a href=https:\/\/ecoforest.com\/fr\/produits\/biomasse\/granules\/chaudieres-a-pellets\/vap-30\/>\n\t\t\t\t\t\t\tVap 30\t\t\t\t\t\t<\/a>\n\t\t\t\t\t<\/span>\n\n\t\t\t\t\t<ul class=\"has-black-color has-text-color\">\n\t\t\t\t\t\t\t\t\t\t\t\t\t\t\t\t\t\t\t<li>\n\t\t\t\t\t\t\t\tRendement calorifique: 30,2 kW\t\t\t\t\t\t\t<\/li>\n\t\t\t\t\t\t\n\t\t\t\t\t\t\t\t\t\t\t\t\t<li>\n\t\t\t\t\t\t\t\t<p class=\"description\">Chaudi\u00e8re \u00e0 pellet<\/p>\t\t\t\t\t\t\t<\/li>\n\t\t\t\t\t\t\t\t\t\t\t<\/ul>\n\n\t\t\t\t<\/div>\n\t\t\n\t\t\t\t<div class=\"columnas_custom\">\n\n\t\t\t\t\t<div class=\"general_slider hidden-slider\">\n\n\t\t\t\t\t\t\t\t\t\t\t\t\t\t\t\t\t\t\t\t\t<img decoding=\"async\" src=\"https:\/\/ecoforest.com\/wp-content\/uploads\/2021\/06\/caldera-pellets-vap-100.jpg\" height=\"210px\" alt=\"\" title=\"\">\n\t\t\t\t\t\t\t\t\t\t\t\t\t\t\t<img decoding=\"async\" src=\"https:\/\/ecoforest.com\/wp-content\/uploads\/2021\/07\/caldera-pellets-vap-100-verde.png\" height=\"210px\" alt=\"\" title=\"\">\n\t\t\t\t\t\t\t\t\t\t\t\t\t\n\t\t\t\t\t<\/div>\n\n\t\t\t\t\t<span class=\"wp-block-kadence-advancedheading\">\n\t\t\t\t\t\t<a href=https:\/\/ecoforest.com\/fr\/produits\/biomasse\/granules\/chaudieres-a-pellets\/vap-100\/>\n\t\t\t\t\t\t\tVap 100\t\t\t\t\t\t<\/a>\n\t\t\t\t\t<\/span>\n\n\t\t\t\t\t<ul class=\"has-black-color has-text-color\">\n\t\t\t\t\t\t\t\t\t\t\t\t\t\t\t\t\t\t\t<li>\n\t\t\t\t\t\t\t\tRendement calorifique: 100 kW\t\t\t\t\t\t\t<\/li>\n\t\t\t\t\t\t\n\t\t\t\t\t\t\t\t\t\t\t\t\t<li>\n\t\t\t\t\t\t\t\t<p class=\"description\">Chaudi\u00e8re \u00e0 pellet<\/p>\t\t\t\t\t\t\t<\/li>\n\t\t\t\t\t\t\t\t\t\t\t<\/ul>\n\n\t\t\t\t<\/div>\n\t\t\n\t<\/div>\n<\/div>\n<script>\n\tjQuery(document).ready(function($) {\n\t\tjQuery(window).on('load', function() {\n\t\t\t$('.general_slider').each(function() {\n\t\t\t\tconst slider = $(this);\n\t\t\t\tslider.slick({\n\t\t\t\t\tdots: false,\n\t\t\t\t\tinfinite: true,\n\t\t\t\t\tspeed: 300,\n\t\t\t\t\tslidesToShow: 1,\n\t\t\t\t});\n\t\t\t\tslider.removeClass('hidden-slider');\n\t\t\t});\n\t\t});\n\t});\n<\/script>\n\n<style>.wp-block-kadence-spacer.kt-block-spacer-_64295f-36 .kt-block-spacer{height:20px;}.wp-block-kadence-spacer.kt-block-spacer-_64295f-36 .kt-divider{border-top-width:1px;height:1px;border-top-color:#eee;width:80%;border-top-style:solid;}<\/style>\n<div class=\"wp-block-kadence-spacer aligncenter kt-block-spacer-_64295f-36\"><div class=\"kt-block-spacer kt-block-spacer-halign-center\"><\/div><\/div>\n\n\n<style>.wp-block-kadence-advancedheading.kt-adv-heading_9c8b85-d5, .wp-block-kadence-advancedheading.kt-adv-heading_9c8b85-d5[data-kb-block=\"kb-adv-heading_9c8b85-d5\"]{text-align:left;font-size:30px;font-style:normal;color:#82b81d;}.wp-block-kadence-advancedheading.kt-adv-heading_9c8b85-d5 mark.kt-highlight, .wp-block-kadence-advancedheading.kt-adv-heading_9c8b85-d5[data-kb-block=\"kb-adv-heading_9c8b85-d5\"] mark.kt-highlight{font-style:normal;color:#f76a0c;-webkit-box-decoration-break:clone;box-decoration-break:clone;padding-top:0px;padding-right:0px;padding-bottom:0px;padding-left:0px;}<\/style>\n<h1 class=\"kt-adv-heading_9c8b85-d5 wp-block-kadence-advancedheading\" data-kb-block=\"kb-adv-heading_9c8b85-d5\">Chaudi\u00e8res \u00e0 granul\u00e9s<\/h1>\n\n\n\n<p>Le futur des chaudi\u00e8res \u00e0 granul\u00e9s passe par la production de chauffage avec un rendement sup\u00e9rieur \u00e0 90% et garantir les basses \u00e9missions afin de garantir aussi la bonne qualit\u00e9 de l\u2019air. Certaine d\u2019entre les chaudi\u00e8res \u00e0 granul\u00e9s Ecoforest ont \u00e9t\u00e9 homologu\u00e9es Classe 5, ce qui repr\u00e9sente une garantie de conformit\u00e9 avec les normes Europ\u00e9ennes les plus exigeantes.<\/p>\n\n\n<style>.wp-block-kadence-spacer.kt-block-spacer-_484724-4a .kt-block-spacer{height:100px;}.wp-block-kadence-spacer.kt-block-spacer-_484724-4a .kt-divider{border-top-width:1px;height:1px;border-top-color:#eee;width:80%;border-top-style:solid;}<\/style>\n<div class=\"wp-block-kadence-spacer aligncenter kt-block-spacer-_484724-4a\"><div class=\"kt-block-spacer kt-block-spacer-halign-center\"><\/div><\/div>\n","protected":false},"excerpt":{"rendered":"<p>Chaudi\u00e8res \u00e0 granul\u00e9s Le futur des chaudi\u00e8res \u00e0 granul\u00e9s passe par la production de chauffage avec un rendement sup\u00e9rieur \u00e0 90% et garantir les basses \u00e9missions afin de garantir aussi la bonne qualit\u00e9 de l\u2019air. Certaine d\u2019entre les chaudi\u00e8res \u00e0 granul\u00e9s Ecoforest ont \u00e9t\u00e9 homologu\u00e9es Classe 5, ce qui repr\u00e9sente une garantie de conformit\u00e9 avec [&hellip;]<\/p>\n","protected":false},"author":1,"featured_media":0,"parent":7578,"menu_order":0,"comment_status":"closed","ping_status":"closed","template":"","meta":{"_acf_changed":false,"_kad_blocks_custom_css":"","_kad_blocks_head_custom_js":"","_kad_blocks_body_custom_js":"","_kad_blocks_footer_custom_js":"","site-sidebar-layout":"default","site-content-layout":"plain-container","ast-site-content-layout":"normal-width-container","site-content-style":"unboxed","site-sidebar-style":"unboxed","ast-global-header-display":"","ast-banner-title-visibility":"","ast-main-header-display":"","ast-hfb-above-header-display":"","ast-hfb-below-header-display":"","ast-hfb-mobile-header-display":"","site-post-title":"disabled","ast-breadcrumbs-content":"","ast-featured-img":"","footer-sml-layout":"","ast-disable-related-posts":"","theme-transparent-header-meta":"default","adv-header-id-meta":"","stick-header-meta":"default","header-above-stick-meta":"","header-main-stick-meta":"","header-below-stick-meta":"","astra-migrate-meta-layouts":"set","ast-page-background-enabled":"default","ast-page-background-meta":{"desktop":{"background-color":"","background-image":"","background-repeat":"repeat","background-position":"center center","background-size":"auto","background-attachment":"scroll","background-type":"","background-media":"","overlay-type":"","overlay-color":"","overlay-opacity":"","overlay-gradient":""},"tablet":{"background-color":"","background-image":"","background-repeat":"repeat","background-position":"center center","background-size":"auto","background-attachment":"scroll","background-type":"","background-media":"","overlay-type":"","overlay-color":"","overlay-opacity":"","overlay-gradient":""},"mobile":{"background-color":"","background-image":"","background-repeat":"repeat","background-position":"center center","background-size":"auto","background-attachment":"scroll","background-type":"","background-media":"","overlay-type":"","overlay-color":"","overlay-opacity":"","overlay-gradient":""}},"ast-content-background-meta":{"desktop":{"background-color":"var(--ast-global-color-5)","background-image":"","background-repeat":"repeat","background-position":"center center","background-size":"auto","background-attachment":"scroll","background-type":"","background-media":"","overlay-type":"","overlay-color":"","overlay-opacity":"","overlay-gradient":""},"tablet":{"background-color":"var(--ast-global-color-5)","background-image":"","background-repeat":"repeat","background-position":"center center","background-size":"auto","background-attachment":"scroll","background-type":"","background-media":"","overlay-type":"","overlay-color":"","overlay-opacity":"","overlay-gradient":""},"mobile":{"background-color":"var(--ast-global-color-5)","background-image":"","background-repeat":"repeat","background-position":"center center","background-size":"auto","background-attachment":"scroll","background-type":"","background-media":"","overlay-type":"","overlay-color":"","overlay-opacity":"","overlay-gradient":""}},"footnotes":""},"class_list":["post-6459","page","type-page","status-publish","hentry"],"acf":[],"featured_image_src_large":false,"author_info":{"display_name":"desarrollo","author_link":"https:\/\/ecoforest.com\/fr\/author\/desarrollo\/"},"comment_info":0,"taxonomy_info":[],"_links":{"self":[{"href":"https:\/\/ecoforest.com\/fr\/wp-json\/wp\/v2\/pages\/6459","targetHints":{"allow":["GET"]}}],"collection":[{"href":"https:\/\/ecoforest.com\/fr\/wp-json\/wp\/v2\/pages"}],"about":[{"href":"https:\/\/ecoforest.com\/fr\/wp-json\/wp\/v2\/types\/page"}],"author":[{"embeddable":true,"href":"https:\/\/ecoforest.com\/fr\/wp-json\/wp\/v2\/users\/1"}],"replies":[{"embeddable":true,"href":"https:\/\/ecoforest.com\/fr\/wp-json\/wp\/v2\/comments?post=6459"}],"version-history":[{"count":10,"href":"https:\/\/ecoforest.com\/fr\/wp-json\/wp\/v2\/pages\/6459\/revisions"}],"predecessor-version":[{"id":48919,"href":"https:\/\/ecoforest.com\/fr\/wp-json\/wp\/v2\/pages\/6459\/revisions\/48919"}],"up":[{"embeddable":true,"href":"https:\/\/ecoforest.com\/fr\/wp-json\/wp\/v2\/pages\/7578"}],"wp:attachment":[{"href":"https:\/\/ecoforest.com\/fr\/wp-json\/wp\/v2\/media?parent=6459"}],"curies":[{"name":"wp","href":"https:\/\/api.w.org\/{rel}","templated":true}]}}