{"id":7226,"date":"2021-08-04T11:58:36","date_gmt":"2021-08-04T10:58:36","guid":{"rendered":"https:\/\/ecoforest.com\/accesorios-para-bombas-de-calor\/"},"modified":"2024-09-13T11:28:53","modified_gmt":"2024-09-13T10:28:53","slug":"accessoires-pompe-a-chaleur","status":"publish","type":"page","link":"https:\/\/ecoforest.com\/fr\/pompe-chaleur\/accessoires-pompe-a-chaleur\/","title":{"rendered":"Accessoires pompe \u00e0 chaleur"},"content":{"rendered":"<style>.wp-block-kadence-spacer.kt-block-spacer-_8aa05c-59 .kt-block-spacer{height:20px;}.wp-block-kadence-spacer.kt-block-spacer-_8aa05c-59 .kt-divider{border-top-width:1px;height:1px;border-top-color:#eee;width:80%;border-top-style:solid;}<\/style>\n<div class=\"wp-block-kadence-spacer aligncenter kt-block-spacer-_8aa05c-59\"><div class=\"kt-block-spacer kt-block-spacer-halign-center\"><\/div><\/div>\n\n\n<style id=\"kt-blocks_6cfe9a-f3\">.kt-post-loop_6cfe9a-f3 .kadence-post-image{padding-top:0px;padding-right:100px;padding-bottom:0px;padding-left:100px;}.kt-post-loop_6cfe9a-f3 .kt-post-grid-wrap{gap:0px 30px;}.kt-post-loop_6cfe9a-f3 .kt-blocks-post-grid-item{border-top-width:0px;border-right-width:0px;border-bottom-width:0px;border-left-width:0px;border-top-left-radius:0px;border-top-right-radius:0px;border-bottom-right-radius:0px;border-bottom-left-radius:0px;}.kt-post-loop_6cfe9a-f3 .kt-blocks-post-grid-item .kt-blocks-post-grid-item-inner{padding-top:0px;padding-right:0px;padding-bottom:0px;padding-left:0px;}.kt-post-loop_6cfe9a-f3 .kt-blocks-post-grid-item .kt-blocks-post-grid-item-inner{text-align:left;}.kt-post-loop_6cfe9a-f3 .kt-blocks-post-grid-item header{background-color:#ffffff;padding-top:10px;padding-right:0px;padding-bottom:10px;padding-left:0px;margin-top:0px;margin-right:0px;margin-bottom:0px;margin-left:0px;}.kt-post-loop_6cfe9a-f3 .kt-blocks-post-grid-item .kt-blocks-above-categories{font-size:13px;line-height:20px;text-transform:uppercase;}.kt-post-loop_6cfe9a-f3 .kt-blocks-post-grid-item .entry-title{padding-top:5px;padding-right:0px;padding-bottom:0px;padding-left:0px;margin-top:0px;margin-right:0px;margin-bottom:0px;margin-left:0px;font-size:24px;line-height:30px;}.kt-post-loop_6cfe9a-f3 .entry-content{padding-top:0px;padding-right:0px;padding-bottom:0px;padding-left:0px;margin-top:0px;margin-right:0px;margin-bottom:0px;margin-left:0px;}.kt-post-loop_6cfe9a-f3 .kt-blocks-post-footer{border-color:#aaaaaa;color:#aaaaaa;border-top-width:2px;border-right-width:0px;border-bottom-width:0px;border-left-width:0px;padding-top:5px;padding-right:0px;padding-bottom:0px;padding-left:0px;margin-top:20px;margin-right:0px;margin-bottom:0px;margin-left:0px;font-size:12px;line-height:20px;text-transform:uppercase;}.kt-post-loop_6cfe9a-f3 .entry-content:after{height:20px;}.kt-post-loop_6cfe9a-f3 .kt-blocks-post-footer a{color:#aaaaaa;}.kt-post-loop_6cfe9a-f3 .kt-blocks-post-footer a:hover{color:#7f7f7f;}.kt-post-loop_6cfe9a-f3 .kb-filter-item{border-top-width:0px;border-right-width:0px;border-bottom-width:2px;border-left-width:0px;padding-top:5px;padding-right:8px;padding-bottom:5px;padding-left:8px;margin-top:0px;margin-right:10px;margin-bottom:0px;margin-left:0px;}<\/style><div class=\"wp-block-kadence-postgrid kt-blocks-post-loop-block alignnone kt-post-loop_6cfe9a-f3 kt-post-grid-layout-grid \"><div class=\"kt-post-grid-layout-grid-wrap kt-post-grid-wrap\" data-columns-xxl=\"2\" data-columns-xl=\"2\" data-columns-md=\"2\" data-columns-sm=\"2\" data-columns-xs=\"1\" data-columns-ss=\"1\"data-item-selector=\".kt-post-masonry-item\"><article class=\"kt-blocks-post-grid-item post-25607 ecoforest_product type-ecoforest_product status-publish has-post-thumbnail hentry category-gestionnaires-energetiques category-gestores-energeticos ast-grid-common-col ast-full-width ast-article-post\"><div class=\"kt-blocks-post-grid-item-inner-wrap kt-feat-image-align-top kt-feat-image-mobile-align-top\"><div class=\"kadence-post-image\"><div class=\"kadence-post-image-intrisic kt-image-ratio-66-67\" style=\"padding-bottom:66.67%\"><div class=\"kadence-post-image-inner-intrisic\"><a href=\"https:\/\/ecoforest.com\/fr\/produits\/bombas-de-calor\/gestores-energeticos\/ecosmart-e-source-community\/\" class=\"kadence-post-image-inner-wrap\"><img loading=\"lazy\" decoding=\"async\" width=\"819\" height=\"388\" src=\"https:\/\/ecoforest.com\/wp-content\/uploads\/2022\/03\/ecosmart_esource_ok.png\" class=\"attachment-2048x2048 size-2048x2048 wp-post-image\" alt=\"Ecoforest e-source community.\" srcset=\"https:\/\/ecoforest.com\/wp-content\/uploads\/2022\/03\/ecosmart_esource_ok.png 819w, https:\/\/ecoforest.com\/wp-content\/uploads\/2022\/03\/ecosmart_esource_ok-300x142.png 300w, https:\/\/ecoforest.com\/wp-content\/uploads\/2022\/03\/ecosmart_esource_ok-768x364.png 768w\" sizes=\"auto, (max-width: 819px) 100vw, 819px\" title=\"\"><\/a><\/div><\/div><\/div><div class=\"kt-blocks-post-grid-item-inner\"><header><h2 class=\"entry-title\"><a href=\"https:\/\/ecoforest.com\/fr\/produits\/bombas-de-calor\/gestores-energeticos\/ecosmart-e-source-community\/\">ecoSMART e-source community<\/a><\/h2><div class=\"kt-blocks-post-top-meta\"><\/div><\/header><div class=\"entry-content\">ecoSMART e-source community Communaut\u00e9s \u00e9nerg\u00e9tiques L\u00b4ecoSMART e-source community permet la gestion de l\u00b4\u00e9nergie dans les immeubles r\u00e9sidentiels, tant pour les nouvelles constructions que pour le remplacement des anciennes chaudi\u00e8res. Avec ce dispositif, Ecoforest permet l\u00b4usage d\u00b4un captage commun avec une pompe \u00e0 chaleur individuelle par appartement. Cette innovation pr\u00e9sente des grandes avantages tels qu\u00b4un syst\u00e8me [&hellip;]<\/div><footer class=\"kt-blocks-post-footer\"><div class=\"kt-blocks-post-footer-left\"><\/div><div class=\"kt-blocks-post-footer-right\"><\/div><\/footer><\/div><\/div><\/article><article class=\"kt-blocks-post-grid-item post-26104 ecoforest_product type-ecoforest_product status-publish has-post-thumbnail hentry category-accessoires-pompe-chaleur ast-grid-common-col ast-full-width ast-article-post\"><div class=\"kt-blocks-post-grid-item-inner-wrap kt-feat-image-align-top kt-feat-image-mobile-align-top\"><div class=\"kadence-post-image\"><div class=\"kadence-post-image-intrisic kt-image-ratio-66-67\" style=\"padding-bottom:66.67%\"><div class=\"kadence-post-image-inner-intrisic\"><a href=\"https:\/\/ecoforest.com\/fr\/produits\/pompe-chaleur\/accessoires-pompe-chaleur\/aerothermes-gamme-haute-puissance-au\/\" class=\"kadence-post-image-inner-wrap\"><img loading=\"lazy\" decoding=\"async\" width=\"768\" height=\"364\" src=\"https:\/\/ecoforest.com\/wp-content\/uploads\/2022\/10\/ecoforest_au_HP_menu.png\" class=\"attachment-2048x2048 size-2048x2048 wp-post-image\" alt=\"\" srcset=\"https:\/\/ecoforest.com\/wp-content\/uploads\/2022\/10\/ecoforest_au_HP_menu.png 768w, https:\/\/ecoforest.com\/wp-content\/uploads\/2022\/10\/ecoforest_au_HP_menu-300x142.png 300w\" sizes=\"auto, (max-width: 768px) 100vw, 768px\" title=\"\"><\/a><\/div><\/div><\/div><div class=\"kt-blocks-post-grid-item-inner\"><header><h2 class=\"entry-title\"><a href=\"https:\/\/ecoforest.com\/fr\/produits\/pompe-chaleur\/accessoires-pompe-chaleur\/aerothermes-gamme-haute-puissance-au\/\">Aeroth\u00e8rmes: Gamme Haute Puissance AU<\/a><\/h2><div class=\"kt-blocks-post-top-meta\"><\/div><\/header><div class=\"entry-content\">Aeroth\u00e8rmes: Gamme Haute Puissance AU La combinaison de nos pompes \u00e0 chaleur ecoGEO+ et de nos unit\u00e9s ext\u00e9rieures AU permet de combiner la pompe \u00e0 chaleur ecoGEO+ avec une pompe \u00e0 chaleur \u00e0 air ou une pompe \u00e0 chaleur hybride avec des unit\u00e9s ext\u00e9rieures de pompe \u00e0 chaleur \u00e0 air. Parmi les avantages de ces [&hellip;]<\/div><footer class=\"kt-blocks-post-footer\"><div class=\"kt-blocks-post-footer-left\"><\/div><div class=\"kt-blocks-post-footer-right\"><\/div><\/footer><\/div><\/div><\/article><article class=\"kt-blocks-post-grid-item post-26121 ecoforest_product type-ecoforest_product status-publish has-post-thumbnail hentry category-accessoires-pompe-chaleur ast-grid-common-col ast-full-width ast-article-post\"><div class=\"kt-blocks-post-grid-item-inner-wrap kt-feat-image-align-top kt-feat-image-mobile-align-top\"><div class=\"kadence-post-image\"><div class=\"kadence-post-image-intrisic kt-image-ratio-66-67\" style=\"padding-bottom:66.67%\"><div class=\"kadence-post-image-inner-intrisic\"><a href=\"https:\/\/ecoforest.com\/fr\/produits\/pompe-chaleur\/accessoires-pompe-chaleur\/aerothermes-gamme-au-domestique\/\" class=\"kadence-post-image-inner-wrap\"><img loading=\"lazy\" decoding=\"async\" width=\"768\" height=\"364\" src=\"https:\/\/ecoforest.com\/wp-content\/uploads\/2022\/10\/ecoforest_au_menu.png\" class=\"attachment-2048x2048 size-2048x2048 wp-post-image\" alt=\"\" srcset=\"https:\/\/ecoforest.com\/wp-content\/uploads\/2022\/10\/ecoforest_au_menu.png 768w, https:\/\/ecoforest.com\/wp-content\/uploads\/2022\/10\/ecoforest_au_menu-300x142.png 300w\" sizes=\"auto, (max-width: 768px) 100vw, 768px\" title=\"\"><\/a><\/div><\/div><\/div><div class=\"kt-blocks-post-grid-item-inner\"><header><h2 class=\"entry-title\"><a href=\"https:\/\/ecoforest.com\/fr\/produits\/pompe-chaleur\/accessoires-pompe-chaleur\/aerothermes-gamme-au-domestique\/\">A\u00e9rothermes: Gamme AU domestique<\/a><\/h2><div class=\"kt-blocks-post-top-meta\"><\/div><\/header><div class=\"entry-content\">A\u00e9rothermes: Gamme AU domestique L&rsquo;association de nos pompes \u00e0 chaleur ecoGEO+ et de nos unit\u00e9s ext\u00e9rieures AU permet de combiner la pompe \u00e0 chaleur ecoGEO+ avec l&rsquo;a\u00e9rothermie ou la pompe \u00e0 chaleur hybride avec les unit\u00e9s ext\u00e9rieures a\u00e9rothermiques dans les habitations. Les avantages de ces syst\u00e8mes comprennent la possibilit\u00e9 de r\u00e9duire les co\u00fbts d&rsquo;installation et [&hellip;]<\/div><footer class=\"kt-blocks-post-footer\"><div class=\"kt-blocks-post-footer-left\"><\/div><div class=\"kt-blocks-post-footer-right\"><\/div><\/footer><\/div><\/div><\/article><article class=\"kt-blocks-post-grid-item post-26138 ecoforest_product type-ecoforest_product status-publish has-post-thumbnail hentry category-accessoires-pompe-chaleur ast-grid-common-col ast-full-width ast-article-post\"><div class=\"kt-blocks-post-grid-item-inner-wrap kt-feat-image-align-top kt-feat-image-mobile-align-top\"><div class=\"kadence-post-image\"><div class=\"kadence-post-image-intrisic kt-image-ratio-66-67\" style=\"padding-bottom:66.67%\"><div class=\"kadence-post-image-inner-intrisic\"><a href=\"https:\/\/ecoforest.com\/fr\/produits\/pompe-chaleur\/accessoires-pompe-chaleur\/ballons-tampon\/\" class=\"kadence-post-image-inner-wrap\"><img loading=\"lazy\" decoding=\"async\" width=\"1024\" height=\"485\" src=\"https:\/\/ecoforest.com\/wp-content\/uploads\/2022\/11\/Depositos-inercia-general-ecoforest-6.png\" class=\"attachment-2048x2048 size-2048x2048 wp-post-image\" alt=\"\" srcset=\"https:\/\/ecoforest.com\/wp-content\/uploads\/2022\/11\/Depositos-inercia-general-ecoforest-6.png 1024w, https:\/\/ecoforest.com\/wp-content\/uploads\/2022\/11\/Depositos-inercia-general-ecoforest-6-300x142.png 300w, https:\/\/ecoforest.com\/wp-content\/uploads\/2022\/11\/Depositos-inercia-general-ecoforest-6-768x364.png 768w\" sizes=\"auto, (max-width: 1024px) 100vw, 1024px\" title=\"\"><\/a><\/div><\/div><\/div><div class=\"kt-blocks-post-grid-item-inner\"><header><h2 class=\"entry-title\"><a href=\"https:\/\/ecoforest.com\/fr\/produits\/pompe-chaleur\/accessoires-pompe-chaleur\/ballons-tampon\/\">Ballons d\u2019accumulation en acier au carbone<\/a><\/h2><div class=\"kt-blocks-post-top-meta\"><\/div><\/header><div class=\"entry-content\">Ballons d&rsquo;accumulation en acier au carbone Chez Ecoforest, nous recherchons le confort pour nos clients, c\u00b4est pourquoi nous avons une large gamme de ballons tampons de haute qualit\u00e9, sp\u00e9cialement con\u00e7us pour les pompes \u00e0 chaleur, aussi bien la gamme des pompes \u00e0 chaleur a\u00e9rothermiques que celle des pompes \u00e0 chaleur g\u00e9othermiques. Ces r\u00e9servoirs tampons \u00e0 [&hellip;]<\/div><footer class=\"kt-blocks-post-footer\"><div class=\"kt-blocks-post-footer-left\"><\/div><div class=\"kt-blocks-post-footer-right\"><\/div><\/footer><\/div><\/div><\/article><article class=\"kt-blocks-post-grid-item post-26163 ecoforest_product type-ecoforest_product status-publish has-post-thumbnail hentry category-accessoires-pompe-chaleur ast-grid-common-col ast-full-width ast-article-post\"><div class=\"kt-blocks-post-grid-item-inner-wrap kt-feat-image-align-top kt-feat-image-mobile-align-top\"><div class=\"kadence-post-image\"><div class=\"kadence-post-image-intrisic kt-image-ratio-66-67\" style=\"padding-bottom:66.67%\"><div class=\"kadence-post-image-inner-intrisic\"><a href=\"https:\/\/ecoforest.com\/fr\/produits\/pompe-chaleur\/accessoires-pompe-chaleur\/ballons-d-ecs\/\" class=\"kadence-post-image-inner-wrap\"><img loading=\"lazy\" decoding=\"async\" width=\"1024\" height=\"485\" src=\"https:\/\/ecoforest.com\/wp-content\/uploads\/2022\/10\/Depositos-ACS-general-1024x485-1.png\" class=\"attachment-2048x2048 size-2048x2048 wp-post-image\" alt=\"\" srcset=\"https:\/\/ecoforest.com\/wp-content\/uploads\/2022\/10\/Depositos-ACS-general-1024x485-1.png 1024w, https:\/\/ecoforest.com\/wp-content\/uploads\/2022\/10\/Depositos-ACS-general-1024x485-1-300x142.png 300w, https:\/\/ecoforest.com\/wp-content\/uploads\/2022\/10\/Depositos-ACS-general-1024x485-1-768x364.png 768w\" sizes=\"auto, (max-width: 1024px) 100vw, 1024px\" title=\"\"><\/a><\/div><\/div><\/div><div class=\"kt-blocks-post-grid-item-inner\"><header><h2 class=\"entry-title\"><a href=\"https:\/\/ecoforest.com\/fr\/produits\/pompe-chaleur\/accessoires-pompe-chaleur\/ballons-d-ecs\/\">Ballons ECS \u00e0 Serpentin Simple<\/a><\/h2><div class=\"kt-blocks-post-top-meta\"><\/div><\/header><div class=\"entry-content\">Ballons ECS \u00e0 Serpentin Simple (200 l &#8211; 2000 l) Ballons ECS en acier INOX AISI 316 con\u00e7us sp\u00e9cifiquement pour les pompes \u00e0 chaleur EcoforestSerpentin spirale ondul\u00e9 flexible pr\u00e9sentant une surface de contact optimale et une meilleure transmission de la chaleurIsolation thermique en mousse rigide de polyur\u00e9thane inject\u00e9 libre de HCFC et finission ext\u00e9rieure en [&hellip;]<\/div><footer class=\"kt-blocks-post-footer\"><div class=\"kt-blocks-post-footer-left\"><\/div><div class=\"kt-blocks-post-footer-right\"><\/div><\/footer><\/div><\/div><\/article><\/div><\/div><!-- .wp-block-kadence-postgrid -->\n\n<style>.wp-block-kadence-spacer.kt-block-spacer-_29c2c7-df .kt-block-spacer{height:60px;}.wp-block-kadence-spacer.kt-block-spacer-_29c2c7-df .kt-divider{border-top-width:1px;height:1px;border-top-color:#eee;width:80%;border-top-style:solid;}<\/style>\n<div class=\"wp-block-kadence-spacer aligncenter kt-block-spacer-_29c2c7-df\"><div class=\"kt-block-spacer kt-block-spacer-halign-center\"><\/div><\/div>\n","protected":false},"excerpt":{"rendered":"","protected":false},"author":1,"featured_media":0,"parent":33248,"menu_order":0,"comment_status":"closed","ping_status":"closed","template":"","meta":{"_acf_changed":false,"_kad_blocks_custom_css":"","_kad_blocks_head_custom_js":"","_kad_blocks_body_custom_js":"","_kad_blocks_footer_custom_js":"","site-sidebar-layout":"default","site-content-layout":"plain-container","ast-site-content-layout":"normal-width-container","site-content-style":"unboxed","site-sidebar-style":"unboxed","ast-global-header-display":"","ast-banner-title-visibility":"","ast-main-header-display":"","ast-hfb-above-header-display":"","ast-hfb-below-header-display":"","ast-hfb-mobile-header-display":"","site-post-title":"","ast-breadcrumbs-content":"","ast-featured-img":"","footer-sml-layout":"","ast-disable-related-posts":"","theme-transparent-header-meta":"default","adv-header-id-meta":"","stick-header-meta":"default","header-above-stick-meta":"","header-main-stick-meta":"","header-below-stick-meta":"","astra-migrate-meta-layouts":"set","ast-page-background-enabled":"default","ast-page-background-meta":{"desktop":{"background-color":"","background-image":"","background-repeat":"repeat","background-position":"center center","background-size":"auto","background-attachment":"scroll","background-type":"","background-media":"","overlay-type":"","overlay-color":"","overlay-opacity":"","overlay-gradient":""},"tablet":{"background-color":"","background-image":"","background-repeat":"repeat","background-position":"center center","background-size":"auto","background-attachment":"scroll","background-type":"","background-media":"","overlay-type":"","overlay-color":"","overlay-opacity":"","overlay-gradient":""},"mobile":{"background-color":"","background-image":"","background-repeat":"repeat","background-position":"center center","background-size":"auto","background-attachment":"scroll","background-type":"","background-media":"","overlay-type":"","overlay-color":"","overlay-opacity":"","overlay-gradient":""}},"ast-content-background-meta":{"desktop":{"background-color":"var(--ast-global-color-5)","background-image":"","background-repeat":"repeat","background-position":"center center","background-size":"auto","background-attachment":"scroll","background-type":"","background-media":"","overlay-type":"","overlay-color":"","overlay-opacity":"","overlay-gradient":""},"tablet":{"background-color":"var(--ast-global-color-5)","background-image":"","background-repeat":"repeat","background-position":"center center","background-size":"auto","background-attachment":"scroll","background-type":"","background-media":"","overlay-type":"","overlay-color":"","overlay-opacity":"","overlay-gradient":""},"mobile":{"background-color":"var(--ast-global-color-5)","background-image":"","background-repeat":"repeat","background-position":"center center","background-size":"auto","background-attachment":"scroll","background-type":"","background-media":"","overlay-type":"","overlay-color":"","overlay-opacity":"","overlay-gradient":""}},"footnotes":""},"class_list":["post-7226","page","type-page","status-publish","hentry"],"acf":[],"featured_image_src_large":false,"author_info":{"display_name":"desarrollo","author_link":"https:\/\/ecoforest.com\/fr\/author\/desarrollo\/"},"comment_info":0,"taxonomy_info":[],"_links":{"self":[{"href":"https:\/\/ecoforest.com\/fr\/wp-json\/wp\/v2\/pages\/7226","targetHints":{"allow":["GET"]}}],"collection":[{"href":"https:\/\/ecoforest.com\/fr\/wp-json\/wp\/v2\/pages"}],"about":[{"href":"https:\/\/ecoforest.com\/fr\/wp-json\/wp\/v2\/types\/page"}],"author":[{"embeddable":true,"href":"https:\/\/ecoforest.com\/fr\/wp-json\/wp\/v2\/users\/1"}],"replies":[{"embeddable":true,"href":"https:\/\/ecoforest.com\/fr\/wp-json\/wp\/v2\/comments?post=7226"}],"version-history":[{"count":6,"href":"https:\/\/ecoforest.com\/fr\/wp-json\/wp\/v2\/pages\/7226\/revisions"}],"predecessor-version":[{"id":42035,"href":"https:\/\/ecoforest.com\/fr\/wp-json\/wp\/v2\/pages\/7226\/revisions\/42035"}],"up":[{"embeddable":true,"href":"https:\/\/ecoforest.com\/fr\/wp-json\/wp\/v2\/pages\/33248"}],"wp:attachment":[{"href":"https:\/\/ecoforest.com\/fr\/wp-json\/wp\/v2\/media?parent=7226"}],"curies":[{"name":"wp","href":"https:\/\/api.w.org\/{rel}","templated":true}]}}