{"id":8601,"date":"2021-06-16T15:37:10","date_gmt":"2021-06-16T14:37:10","guid":{"rendered":"https:\/\/ecoforest.com\/accesorios-para-calderas-de-pellets\/"},"modified":"2023-10-18T09:02:51","modified_gmt":"2023-10-18T08:02:51","slug":"accessoires-pour-chaudieres-a-granules","status":"publish","type":"page","link":"https:\/\/ecoforest.com\/fr\/granules\/accessoires-pour-chaudieres-a-granules\/","title":{"rendered":"Accessoires pour chaudi\u00e8res \u00e0 granul\u00e9s"},"content":{"rendered":"<style id=\"kt-blocks_f7db36-ea\">.kt-post-loop_f7db36-ea .kadence-post-image{padding-top:0px;padding-right:100px;padding-bottom:0px;padding-left:100px;}.kt-post-loop_f7db36-ea .kt-post-grid-wrap{gap:0px 30px;}.kt-post-loop_f7db36-ea .kt-blocks-post-grid-item{border-top-width:0px;border-right-width:0px;border-bottom-width:0px;border-left-width:0px;border-top-left-radius:0px;border-top-right-radius:0px;border-bottom-right-radius:0px;border-bottom-left-radius:0px;}.kt-post-loop_f7db36-ea .kt-blocks-post-grid-item .kt-blocks-post-grid-item-inner{padding-top:0px;padding-right:0px;padding-bottom:0px;padding-left:0px;}.kt-post-loop_f7db36-ea .kt-blocks-post-grid-item .kt-blocks-post-grid-item-inner{text-align:left;}.kt-post-loop_f7db36-ea .kt-blocks-post-grid-item header{background-color:#ffffff;padding-top:10px;padding-right:0px;padding-bottom:10px;padding-left:0px;margin-top:0px;margin-right:0px;margin-bottom:0px;margin-left:0px;}.kt-post-loop_f7db36-ea .kt-blocks-post-grid-item .kt-blocks-above-categories{font-size:13px;line-height:20px;text-transform:uppercase;}.kt-post-loop_f7db36-ea .kt-blocks-post-grid-item .entry-title{padding-top:5px;padding-right:0px;padding-bottom:0px;padding-left:0px;margin-top:0px;margin-right:0px;margin-bottom:0px;margin-left:0px;font-size:24px;line-height:30px;}.kt-post-loop_f7db36-ea .entry-content{padding-top:0px;padding-right:0px;padding-bottom:0px;padding-left:0px;margin-top:0px;margin-right:0px;margin-bottom:0px;margin-left:0px;}.kt-post-loop_f7db36-ea .kt-blocks-post-footer{border-color:#aaaaaa;color:#aaaaaa;border-top-width:2px;border-right-width:0px;border-bottom-width:0px;border-left-width:0px;padding-top:5px;padding-right:0px;padding-bottom:0px;padding-left:0px;margin-top:20px;margin-right:0px;margin-bottom:0px;margin-left:0px;font-size:12px;line-height:20px;text-transform:uppercase;}.kt-post-loop_f7db36-ea .entry-content:after{height:20px;}.kt-post-loop_f7db36-ea .kt-blocks-post-footer a{color:#aaaaaa;}.kt-post-loop_f7db36-ea .kt-blocks-post-footer a:hover{color:#7f7f7f;}.kt-post-loop_f7db36-ea .kb-filter-item{border-top-width:0px;border-right-width:0px;border-bottom-width:2px;border-left-width:0px;padding-top:5px;padding-right:8px;padding-bottom:5px;padding-left:8px;margin-top:0px;margin-right:10px;margin-bottom:0px;margin-left:0px;}<\/style><div class=\"wp-block-kadence-postgrid kt-blocks-post-loop-block alignnone kt-post-loop_f7db36-ea kt-post-grid-layout-grid \"><div class=\"kt-post-grid-layout-grid-wrap kt-post-grid-wrap\" data-columns-xxl=\"2\" data-columns-xl=\"2\" data-columns-md=\"2\" data-columns-sm=\"2\" data-columns-xs=\"1\" data-columns-ss=\"1\"data-item-selector=\".kt-post-masonry-item\"><article class=\"kt-blocks-post-grid-item post-25739 ecoforest_product type-ecoforest_product status-publish has-post-thumbnail hentry category-accessoires ast-grid-common-col ast-full-width ast-article-post\"><div class=\"kt-blocks-post-grid-item-inner-wrap kt-feat-image-align-top kt-feat-image-mobile-align-top\"><div class=\"kadence-post-image\"><div class=\"kadence-post-image-intrisic kt-image-ratio-66-67\" style=\"padding-bottom:66.67%\"><div class=\"kadence-post-image-inner-intrisic\"><a href=\"https:\/\/ecoforest.com\/fr\/produits\/biomasse\/granules\/accessoires\/kit-silo\/\" class=\"kadence-post-image-inner-wrap\"><img loading=\"lazy\" decoding=\"async\" width=\"870\" height=\"601\" src=\"https:\/\/ecoforest.com\/wp-content\/uploads\/2022\/10\/silos_web.png\" class=\"attachment-2048x2048 size-2048x2048 wp-post-image\" alt=\"\" srcset=\"https:\/\/ecoforest.com\/wp-content\/uploads\/2022\/10\/silos_web.png 870w, https:\/\/ecoforest.com\/wp-content\/uploads\/2022\/10\/silos_web-300x207.png 300w, https:\/\/ecoforest.com\/wp-content\/uploads\/2022\/10\/silos_web-768x531.png 768w\" sizes=\"auto, (max-width: 870px) 100vw, 870px\" title=\"\"><\/a><\/div><\/div><\/div><div class=\"kt-blocks-post-grid-item-inner\"><header><h2 class=\"entry-title\"><a href=\"https:\/\/ecoforest.com\/fr\/produits\/biomasse\/granules\/accessoires\/kit-silo\/\">Kit Silo<\/a><\/h2><div class=\"kt-blocks-post-top-meta\"><\/div><\/header><div class=\"entry-content\">Kit Silo, automatisez votre installation Afin de proposer une offre globale pour l\u2019installation de chaudi\u00e8re \u00e0 pellets, Ecoforest pr\u00e9sente sa nouvelle gamme de silos : l\u00e9gers, r\u00e9sistants, de grande capacit\u00e9, avec filtres \u00e0 poussi\u00e8re et avec alimentation automatique \u00e0 la chaudi\u00e8re. Les silos Ecoforest sont connect\u00e9s \u00e0 un syst\u00e8me d\u2019extraction par aspiration pneumatique via des [&hellip;]<\/div><footer class=\"kt-blocks-post-footer\"><div class=\"kt-blocks-post-footer-left\"><\/div><div class=\"kt-blocks-post-footer-right\"><\/div><\/footer><\/div><\/div><\/article><article class=\"kt-blocks-post-grid-item post-26151 ecoforest_product type-ecoforest_product status-publish has-post-thumbnail hentry category-accessoires ast-grid-common-col ast-full-width ast-article-post\"><div class=\"kt-blocks-post-grid-item-inner-wrap kt-feat-image-align-top kt-feat-image-mobile-align-top\"><div class=\"kadence-post-image\"><div class=\"kadence-post-image-intrisic kt-image-ratio-66-67\" style=\"padding-bottom:66.67%\"><div class=\"kadence-post-image-inner-intrisic\"><a href=\"https:\/\/ecoforest.com\/fr\/produits\/biomasse\/granules\/accessoires\/gestionnaire-de-zones\/\" class=\"kadence-post-image-inner-wrap\"><img loading=\"lazy\" decoding=\"async\" width=\"1140\" height=\"540\" src=\"https:\/\/ecoforest.com\/wp-content\/uploads\/2021\/06\/Gestor-de-zonas-general.png\" class=\"attachment-2048x2048 size-2048x2048 wp-post-image\" alt=\"\" srcset=\"https:\/\/ecoforest.com\/wp-content\/uploads\/2021\/06\/Gestor-de-zonas-general.png 1140w, https:\/\/ecoforest.com\/wp-content\/uploads\/2021\/06\/Gestor-de-zonas-general-300x142.png 300w, https:\/\/ecoforest.com\/wp-content\/uploads\/2021\/06\/Gestor-de-zonas-general-1024x485.png 1024w, https:\/\/ecoforest.com\/wp-content\/uploads\/2021\/06\/Gestor-de-zonas-general-768x364.png 768w\" sizes=\"auto, (max-width: 1140px) 100vw, 1140px\" title=\"\"><\/a><\/div><\/div><\/div><div class=\"kt-blocks-post-grid-item-inner\"><header><h2 class=\"entry-title\"><a href=\"https:\/\/ecoforest.com\/fr\/produits\/biomasse\/granules\/accessoires\/gestionnaire-de-zones\/\">Gestionnaire de zones<\/a><\/h2><div class=\"kt-blocks-post-top-meta\"><\/div><\/header><div class=\"entry-content\">Gestionnaire de zones (Chaudi\u00e9re \u00e0 pellets) La technologie Ecoforest permet d\u2019adapter la puissance de la chaudi\u00e8re \u00e0 chaque zone ind\u00e9pendamment. La chaudi\u00e8re s\u2019adapte \u00e0 l\u2019installation. Gestionnaire de zones Contr\u00f4lez jusqu&rsquo;\u00e0 trois temp\u00e9ratures de d\u00e9part diff\u00e9rentes Les strat\u00e9gies de contr\u00f4le mises en place dans les chaudi\u00e8res VAP permettent, par la r\u00e9gulation de trois groupes de m\u00e9lange, [&hellip;]<\/div><footer class=\"kt-blocks-post-footer\"><div class=\"kt-blocks-post-footer-left\"><\/div><div class=\"kt-blocks-post-footer-right\"><\/div><\/footer><\/div><\/div><\/article><article class=\"kt-blocks-post-grid-item post-27333 ecoforest_product type-ecoforest_product status-publish has-post-thumbnail hentry category-accessoires ast-grid-common-col ast-full-width ast-article-post\"><div class=\"kt-blocks-post-grid-item-inner-wrap kt-feat-image-align-top kt-feat-image-mobile-align-top\"><div class=\"kadence-post-image\"><div class=\"kadence-post-image-intrisic kt-image-ratio-66-67\" style=\"padding-bottom:66.67%\"><div class=\"kadence-post-image-inner-intrisic\"><a href=\"https:\/\/ecoforest.com\/fr\/produits\/biomasse\/granules\/accessoires\/ballons-daccumulation-en-acier-au-carbone\/\" class=\"kadence-post-image-inner-wrap\"><img loading=\"lazy\" decoding=\"async\" width=\"1024\" height=\"485\" src=\"https:\/\/ecoforest.com\/wp-content\/uploads\/2022\/11\/Depositos-inercia-general-ecoforest-6.png\" class=\"attachment-2048x2048 size-2048x2048 wp-post-image\" alt=\"\" srcset=\"https:\/\/ecoforest.com\/wp-content\/uploads\/2022\/11\/Depositos-inercia-general-ecoforest-6.png 1024w, https:\/\/ecoforest.com\/wp-content\/uploads\/2022\/11\/Depositos-inercia-general-ecoforest-6-300x142.png 300w, https:\/\/ecoforest.com\/wp-content\/uploads\/2022\/11\/Depositos-inercia-general-ecoforest-6-768x364.png 768w\" sizes=\"auto, (max-width: 1024px) 100vw, 1024px\" title=\"\"><\/a><\/div><\/div><\/div><div class=\"kt-blocks-post-grid-item-inner\"><header><h2 class=\"entry-title\"><a href=\"https:\/\/ecoforest.com\/fr\/produits\/biomasse\/granules\/accessoires\/ballons-daccumulation-en-acier-au-carbone\/\">Ballons d\u2019accumulation<\/a><\/h2><div class=\"kt-blocks-post-top-meta\"><\/div><\/header><div class=\"entry-content\">Ballons d&rsquo;accumulation en acier au carbone Chez Ecoforest, nous recherchons le confort pour nos clients, c\u00b4est pourquoi nous avons une large gamme de ballons tampons de haute qualit\u00e9, sp\u00e9cialement con\u00e7us pour les chaudi\u00e8res Ecoforest. Ces r\u00e9servoirs tampons \u00e0 haute performance d\u00b4\u00e9change thermique et \u00e0 haute isolation pour minimiser les pertes de chaleur sont le compl\u00e9ment [&hellip;]<\/div><footer class=\"kt-blocks-post-footer\"><div class=\"kt-blocks-post-footer-left\"><\/div><div class=\"kt-blocks-post-footer-right\"><\/div><\/footer><\/div><\/div><\/article><article class=\"kt-blocks-post-grid-item post-27334 ecoforest_product type-ecoforest_product status-publish has-post-thumbnail hentry category-accessoires ast-grid-common-col ast-full-width ast-article-post\"><div class=\"kt-blocks-post-grid-item-inner-wrap kt-feat-image-align-top kt-feat-image-mobile-align-top\"><div class=\"kadence-post-image\"><div class=\"kadence-post-image-intrisic kt-image-ratio-66-67\" style=\"padding-bottom:66.67%\"><div class=\"kadence-post-image-inner-intrisic\"><a href=\"https:\/\/ecoforest.com\/fr\/produits\/biomasse\/granules\/accessoires\/ballons-ecs-a-serpentin-simple\/\" class=\"kadence-post-image-inner-wrap\"><img loading=\"lazy\" decoding=\"async\" width=\"1024\" height=\"485\" src=\"https:\/\/ecoforest.com\/wp-content\/uploads\/2022\/10\/Depositos-ACS-general-1024x485-1.png\" class=\"attachment-2048x2048 size-2048x2048 wp-post-image\" alt=\"\" srcset=\"https:\/\/ecoforest.com\/wp-content\/uploads\/2022\/10\/Depositos-ACS-general-1024x485-1.png 1024w, https:\/\/ecoforest.com\/wp-content\/uploads\/2022\/10\/Depositos-ACS-general-1024x485-1-300x142.png 300w, https:\/\/ecoforest.com\/wp-content\/uploads\/2022\/10\/Depositos-ACS-general-1024x485-1-768x364.png 768w\" sizes=\"auto, (max-width: 1024px) 100vw, 1024px\" title=\"\"><\/a><\/div><\/div><\/div><div class=\"kt-blocks-post-grid-item-inner\"><header><h2 class=\"entry-title\"><a href=\"https:\/\/ecoforest.com\/fr\/produits\/biomasse\/granules\/accessoires\/ballons-ecs-a-serpentin-simple\/\">Ballons ECS \u00e0 Serpentin Simple<\/a><\/h2><div class=\"kt-blocks-post-top-meta\"><\/div><\/header><div class=\"entry-content\">Ballons ECS \u00e0 Serpentin Simple Ballons ECS en acier INOX AISI 316 con\u00e7us sp\u00e9cifiquement pour les chaudi\u00e8res Ecoforest.Serpentin spirale ondul\u00e9 flexible pr\u00e9sentant une surface de contact optimale et une meilleure transmission de la chaleur.Isolation thermique en mousse rigide de polyur\u00e9thane inject\u00e9 libre de HCFC et finission ext\u00e9rieure en PVC semi-rigide.<\/div><footer class=\"kt-blocks-post-footer\"><div class=\"kt-blocks-post-footer-left\"><\/div><div class=\"kt-blocks-post-footer-right\"><\/div><\/footer><\/div><\/div><\/article><\/div><\/div><!-- .wp-block-kadence-postgrid -->\n\n<style>.wp-block-kadence-spacer.kt-block-spacer-_835ebb-12 .kt-block-spacer{height:60px;}.wp-block-kadence-spacer.kt-block-spacer-_835ebb-12 .kt-divider{border-top-width:1px;height:1px;border-top-color:#eee;width:80%;border-top-style:solid;}<\/style>\n<div class=\"wp-block-kadence-spacer aligncenter kt-block-spacer-_835ebb-12\"><div class=\"kt-block-spacer kt-block-spacer-halign-center\"><\/div><\/div>\n","protected":false},"excerpt":{"rendered":"","protected":false},"author":1,"featured_media":0,"parent":7578,"menu_order":0,"comment_status":"closed","ping_status":"closed","template":"","meta":{"_acf_changed":false,"_kad_blocks_custom_css":"","_kad_blocks_head_custom_js":"","_kad_blocks_body_custom_js":"","_kad_blocks_footer_custom_js":"","site-sidebar-layout":"default","site-content-layout":"plain-container","ast-site-content-layout":"default","site-content-style":"default","site-sidebar-style":"default","ast-global-header-display":"","ast-banner-title-visibility":"","ast-main-header-display":"","ast-hfb-above-header-display":"","ast-hfb-below-header-display":"","ast-hfb-mobile-header-display":"","site-post-title":"","ast-breadcrumbs-content":"","ast-featured-img":"","footer-sml-layout":"","ast-disable-related-posts":"","theme-transparent-header-meta":"default","adv-header-id-meta":"","stick-header-meta":"default","header-above-stick-meta":"","header-main-stick-meta":"","header-below-stick-meta":"","astra-migrate-meta-layouts":"default","ast-page-background-enabled":"default","ast-page-background-meta":{"desktop":{"background-color":"","background-image":"","background-repeat":"repeat","background-position":"center center","background-size":"auto","background-attachment":"scroll","background-type":"","background-media":"","overlay-type":"","overlay-color":"","overlay-opacity":"","overlay-gradient":""},"tablet":{"background-color":"","background-image":"","background-repeat":"repeat","background-position":"center center","background-size":"auto","background-attachment":"scroll","background-type":"","background-media":"","overlay-type":"","overlay-color":"","overlay-opacity":"","overlay-gradient":""},"mobile":{"background-color":"","background-image":"","background-repeat":"repeat","background-position":"center center","background-size":"auto","background-attachment":"scroll","background-type":"","background-media":"","overlay-type":"","overlay-color":"","overlay-opacity":"","overlay-gradient":""}},"ast-content-background-meta":{"desktop":{"background-color":"var(--ast-global-color-5)","background-image":"","background-repeat":"repeat","background-position":"center center","background-size":"auto","background-attachment":"scroll","background-type":"","background-media":"","overlay-type":"","overlay-color":"","overlay-opacity":"","overlay-gradient":""},"tablet":{"background-color":"var(--ast-global-color-5)","background-image":"","background-repeat":"repeat","background-position":"center center","background-size":"auto","background-attachment":"scroll","background-type":"","background-media":"","overlay-type":"","overlay-color":"","overlay-opacity":"","overlay-gradient":""},"mobile":{"background-color":"var(--ast-global-color-5)","background-image":"","background-repeat":"repeat","background-position":"center center","background-size":"auto","background-attachment":"scroll","background-type":"","background-media":"","overlay-type":"","overlay-color":"","overlay-opacity":"","overlay-gradient":""}},"footnotes":""},"class_list":["post-8601","page","type-page","status-publish","hentry"],"acf":[],"featured_image_src_large":false,"author_info":{"display_name":"desarrollo","author_link":"https:\/\/ecoforest.com\/fr\/author\/desarrollo\/"},"comment_info":0,"taxonomy_info":[],"_links":{"self":[{"href":"https:\/\/ecoforest.com\/fr\/wp-json\/wp\/v2\/pages\/8601","targetHints":{"allow":["GET"]}}],"collection":[{"href":"https:\/\/ecoforest.com\/fr\/wp-json\/wp\/v2\/pages"}],"about":[{"href":"https:\/\/ecoforest.com\/fr\/wp-json\/wp\/v2\/types\/page"}],"author":[{"embeddable":true,"href":"https:\/\/ecoforest.com\/fr\/wp-json\/wp\/v2\/users\/1"}],"replies":[{"embeddable":true,"href":"https:\/\/ecoforest.com\/fr\/wp-json\/wp\/v2\/comments?post=8601"}],"version-history":[{"count":6,"href":"https:\/\/ecoforest.com\/fr\/wp-json\/wp\/v2\/pages\/8601\/revisions"}],"predecessor-version":[{"id":27558,"href":"https:\/\/ecoforest.com\/fr\/wp-json\/wp\/v2\/pages\/8601\/revisions\/27558"}],"up":[{"embeddable":true,"href":"https:\/\/ecoforest.com\/fr\/wp-json\/wp\/v2\/pages\/7578"}],"wp:attachment":[{"href":"https:\/\/ecoforest.com\/fr\/wp-json\/wp\/v2\/media?parent=8601"}],"curies":[{"name":"wp","href":"https:\/\/api.w.org\/{rel}","templated":true}]}}