{"id":54526,"date":"2026-05-04T13:04:23","date_gmt":"2026-05-04T12:04:23","guid":{"rendered":"https:\/\/ecoforest.com\/?page_id=54526"},"modified":"2026-05-04T13:07:03","modified_gmt":"2026-05-04T12:07:03","slug":"pers","status":"publish","type":"page","link":"https:\/\/ecoforest.com\/nl\/pers\/","title":{"rendered":"Pers"},"content":{"rendered":"<style>.wp-block-kadence-spacer.kt-block-spacer-54526_5bb05f-d2 .kt-block-spacer{height:60px;}.wp-block-kadence-spacer.kt-block-spacer-54526_5bb05f-d2 .kt-divider{border-top-width:1px;height:1px;border-top-color:#eee;width:80%;border-top-style:solid;}<\/style>\n<div class=\"wp-block-kadence-spacer aligncenter kt-block-spacer-54526_5bb05f-d2\"><div class=\"kt-block-spacer kt-block-spacer-halign-center\"><\/div><\/div>\n\n\n\r\n<div class=\"section-contenidos contenidos-tabs js-contenidos-tabs position-relative\"\r\n    data-post-type=\"prensa\"\r\n    data-taxonomy=\"categorias-prensa\"\r\n    data-tags-trees=\"{&quot;warmtepompen&quot;:[{&quot;slug&quot;:&quot;aerothermisch&quot;,&quot;name&quot;:&quot;Aerothermisch&quot;,&quot;children&quot;:[]},{&quot;slug&quot;:&quot;geothermisch&quot;,&quot;name&quot;:&quot;Geothermisch&quot;,&quot;children&quot;:[]}],&quot;todos&quot;:[{&quot;slug&quot;:&quot;aerothermisch&quot;,&quot;name&quot;:&quot;Aerothermisch&quot;,&quot;children&quot;:[]},{&quot;slug&quot;:&quot;geothermisch&quot;,&quot;name&quot;:&quot;Geothermisch&quot;,&quot;children&quot;:[]}]}\"\r\n    data-tree-controls=\"{&quot;hiddenSlugs&quot;:[],&quot;orderSlugs&quot;:[]}\">\r\n    <div>\r\n                    <div class=\"container nav nav-pills contenidos-pills contenidos-pills-padre js-contenidos-tabs-top\" role=\"tablist\">\r\n                <div class=\"tab-container\">\r\n                    <button class=\"nav-link active\" type=\"button\" data-term=\"todos\">\r\n                        Todos                    <\/button>\r\n                    <div class=\"tab-underline active\"><\/div>\r\n                <\/div>\r\n\r\n                                    <div class=\"tab-container\">\r\n                        <button class=\"nav-link\" type=\"button\" data-term=\"warmtepompen\">\r\n                            Warmtepompen                        <\/button>\r\n                        <div class=\"tab-underline\"><\/div>\r\n                    <\/div>\r\n                            <\/div>\r\n\r\n                        <div class=\"js-contenidos-tags-container\"><\/div>\r\n\r\n        \r\n        <div class=\"container contenidos-grid-container js-contenidos-grid-wrap\">\r\n            <div class=\"contenidos-grid contenidos-grid-wrapper\" data-columns-xxl=\"3\" data-columns-xl=\"3\" data-columns-md=\"3\" data-columns-sm=\"2\" data-columns-xs=\"1\">\r\n                                                                                    <div class=\"js-card-item\" data-terms=\"aerothermisch blog\">\r\n                            \r\n<article class=\"contenido-card\">\r\n            <div class=\"contenido-card__imagen\">\r\n            <img loading=\"lazy\" decoding=\"async\" width=\"1024\" height=\"576\" src=\"https:\/\/ecoforest.com\/wp-content\/uploads\/2025\/07\/cabecera_ld_30_aniversario-1024x576.jpg\" class=\"contenido-card__img wp-post-image\" alt=\"Ecoforest turns 30 years\" srcset=\"https:\/\/ecoforest.com\/wp-content\/uploads\/2025\/07\/cabecera_ld_30_aniversario-1024x576.jpg 1024w, https:\/\/ecoforest.com\/wp-content\/uploads\/2025\/07\/cabecera_ld_30_aniversario-300x169.jpg 300w, https:\/\/ecoforest.com\/wp-content\/uploads\/2025\/07\/cabecera_ld_30_aniversario-768x432.jpg 768w, https:\/\/ecoforest.com\/wp-content\/uploads\/2025\/07\/cabecera_ld_30_aniversario-1536x864.jpg 1536w, https:\/\/ecoforest.com\/wp-content\/uploads\/2025\/07\/cabecera_ld_30_aniversario.jpg 1920w\" sizes=\"auto, (max-width: 1024px) 100vw, 1024px\" title=\"\">\r\n                            <div class=\"contenido-card__badges\">\r\n                                            <span class=\"contenido-badge\">Warmtepompen<\/span>\r\n                                            <span class=\"contenido-badge\">Aerothermisch<\/span>\r\n                                    <\/div>\r\n                    <\/div>\r\n    \r\n    <div class=\"contenido-card__content\">\r\n        <header class=\"contenido-card__header\">\r\n                            <time datetime=\"2026-04-29T09:07:42+01:00\" class=\"contenido-card__date\">\r\n                    29 april 2026                <\/time>\r\n                        <h3 class=\"contenido-card__title\">\r\n                <a href=\"https:\/\/ecoforest.com\/nl\/prensa\/ecoforest-viert-30-jaar-innovatie-op-het-gebied-van-duurzame-klimaatbeheersing\/\">Ecoforest viert 30 jaar innovatie op het gebied van duurzame klimaatbeheersing<\/a>\r\n            <\/h3>\r\n        <\/header>\r\n\r\n            <\/div>\r\n<\/article>\r\n                        <\/div>\r\n                                                                    <div class=\"js-card-item\" data-terms=\"aerothermisch blog\">\r\n                            \r\n<article class=\"contenido-card\">\r\n            <div class=\"contenido-card__imagen\">\r\n            <img loading=\"lazy\" decoding=\"async\" width=\"1024\" height=\"485\" src=\"https:\/\/ecoforest.com\/wp-content\/uploads\/2025\/06\/ecoforest_ecogeo_hp_htr_superheater.jpg\" class=\"contenido-card__img wp-post-image\" alt=\"The Ecoforest R&amp;D team involved in the project of incorporating HTR technology into the ecoGEO+ HP model, from left to right,\" srcset=\"https:\/\/ecoforest.com\/wp-content\/uploads\/2025\/06\/ecoforest_ecogeo_hp_htr_superheater.jpg 1024w, https:\/\/ecoforest.com\/wp-content\/uploads\/2025\/06\/ecoforest_ecogeo_hp_htr_superheater-300x142.jpg 300w, https:\/\/ecoforest.com\/wp-content\/uploads\/2025\/06\/ecoforest_ecogeo_hp_htr_superheater-768x364.jpg 768w\" sizes=\"auto, (max-width: 1024px) 100vw, 1024px\" title=\"\">\r\n                            <div class=\"contenido-card__badges\">\r\n                                            <span class=\"contenido-badge\">Warmtepompen<\/span>\r\n                                            <span class=\"contenido-badge\">Aerothermisch<\/span>\r\n                                    <\/div>\r\n                    <\/div>\r\n    \r\n    <div class=\"contenido-card__content\">\r\n        <header class=\"contenido-card__header\">\r\n                            <time datetime=\"2026-04-29T09:07:42+01:00\" class=\"contenido-card__date\">\r\n                    29 april 2026                <\/time>\r\n                        <h3 class=\"contenido-card__title\">\r\n                <a href=\"https:\/\/ecoforest.com\/nl\/prensa\/ecoforest-breidt-zijn-htr-technologie-uit-naar-krachtige-warmtepompen-voor-meergezinswoningen-en-dienstgebouwen\/\">Ecoforest breidt zijn HTR-technologie uit naar krachtige warmtepompen voor meergezinswoningen en dienstgebouwen<\/a>\r\n            <\/h3>\r\n        <\/header>\r\n\r\n            <\/div>\r\n<\/article>\r\n                        <\/div>\r\n                                                                    <div class=\"js-card-item\" data-terms=\"blog\">\r\n                            \r\n<article class=\"contenido-card\">\r\n            <div class=\"contenido-card__imagen\">\r\n            <img loading=\"lazy\" decoding=\"async\" width=\"800\" height=\"460\" src=\"https:\/\/ecoforest.com\/wp-content\/uploads\/2023\/10\/instalacion_ecoforest_sunthalpy_web.png\" class=\"contenido-card__img wp-post-image\" alt=\"Collage combinando una bomba de calor geot\u00e9rmica de Ecoforest y una habitaci\u00f3n con el emisor de baja entalp\u00eda sunthadress de Sunthalpy.\" srcset=\"https:\/\/ecoforest.com\/wp-content\/uploads\/2023\/10\/instalacion_ecoforest_sunthalpy_web.png 800w, https:\/\/ecoforest.com\/wp-content\/uploads\/2023\/10\/instalacion_ecoforest_sunthalpy_web-300x173.png 300w, https:\/\/ecoforest.com\/wp-content\/uploads\/2023\/10\/instalacion_ecoforest_sunthalpy_web-768x442.png 768w\" sizes=\"auto, (max-width: 800px) 100vw, 800px\" title=\"\">\r\n                            <div class=\"contenido-card__badges\">\r\n                                    <\/div>\r\n                    <\/div>\r\n    \r\n    <div class=\"contenido-card__content\">\r\n        <header class=\"contenido-card__header\">\r\n                            <time datetime=\"2026-04-29T09:07:42+01:00\" class=\"contenido-card__date\">\r\n                    29 april 2026                <\/time>\r\n                        <h3 class=\"contenido-card__title\">\r\n                <a href=\"https:\/\/ecoforest.com\/nl\/prensa\/ecoforest-en-sunthalpy-beginnen-gezamenlijke-marketing-van-energie-efficiente-oplossingen\/\">Ecoforest en Sunthalpy beginnen gezamenlijke marketing van energie-effici\u00ebnte oplossingen<\/a>\r\n            <\/h3>\r\n        <\/header>\r\n\r\n            <\/div>\r\n<\/article>\r\n                        <\/div>\r\n                                                                    <div class=\"js-card-item\" data-terms=\"blog\">\r\n                            \r\n<article class=\"contenido-card\">\r\n            <div class=\"contenido-card__imagen\">\r\n            <img loading=\"lazy\" decoding=\"async\" width=\"1000\" height=\"571\" src=\"https:\/\/ecoforest.com\/wp-content\/uploads\/2024\/11\/ecoforest_campana_dana.jpg\" class=\"contenido-card__img wp-post-image\" alt=\"Ecoforest campana DANA.\" srcset=\"https:\/\/ecoforest.com\/wp-content\/uploads\/2024\/11\/ecoforest_campana_dana.jpg 1000w, https:\/\/ecoforest.com\/wp-content\/uploads\/2024\/11\/ecoforest_campana_dana-300x171.jpg 300w, https:\/\/ecoforest.com\/wp-content\/uploads\/2024\/11\/ecoforest_campana_dana-768x439.jpg 768w\" sizes=\"auto, (max-width: 1000px) 100vw, 1000px\" title=\"\">\r\n                            <div class=\"contenido-card__badges\">\r\n                                    <\/div>\r\n                    <\/div>\r\n    \r\n    <div class=\"contenido-card__content\">\r\n        <header class=\"contenido-card__header\">\r\n                            <time datetime=\"2025-07-05T14:04:00+01:00\" class=\"contenido-card__date\">\r\n                    5 juli 2025                <\/time>\r\n                        <h3 class=\"contenido-card__title\">\r\n                <a href=\"https:\/\/ecoforest.com\/nl\/prensa\/ecoforest-lanceert-een-hulpactie-voor-slachtoffers-van-de-dana\/\">Ecoforest lanceert een hulpactie voor slachtoffers van de DANA<\/a>\r\n            <\/h3>\r\n        <\/header>\r\n\r\n            <\/div>\r\n<\/article>\r\n                        <\/div>\r\n                                                                    <div class=\"js-card-item\" data-terms=\"aerothermisch blog geothermisch\">\r\n                            \r\n<article class=\"contenido-card\">\r\n            <div class=\"contenido-card__imagen\">\r\n            <img loading=\"lazy\" decoding=\"async\" width=\"1024\" height=\"485\" src=\"https:\/\/ecoforest.com\/wp-content\/uploads\/2025\/04\/ecoforest_app_bomba_de_calor_vok.png\" class=\"contenido-card__img wp-post-image\" alt=\"App Ecoforest de bomba de calor.\" srcset=\"https:\/\/ecoforest.com\/wp-content\/uploads\/2025\/04\/ecoforest_app_bomba_de_calor_vok.png 1024w, https:\/\/ecoforest.com\/wp-content\/uploads\/2025\/04\/ecoforest_app_bomba_de_calor_vok-300x142.png 300w, https:\/\/ecoforest.com\/wp-content\/uploads\/2025\/04\/ecoforest_app_bomba_de_calor_vok-768x364.png 768w\" sizes=\"auto, (max-width: 1024px) 100vw, 1024px\" title=\"\">\r\n                            <div class=\"contenido-card__badges\">\r\n                                            <span class=\"contenido-badge\">Warmtepompen<\/span>\r\n                                            <span class=\"contenido-badge\">Aerothermisch<\/span>\r\n                                            <span class=\"contenido-badge\">Geothermisch<\/span>\r\n                                    <\/div>\r\n                    <\/div>\r\n    \r\n    <div class=\"contenido-card__content\">\r\n        <header class=\"contenido-card__header\">\r\n                            <time datetime=\"2025-03-04T16:57:00+01:00\" class=\"contenido-card__date\">\r\n                    4 maart 2025                <\/time>\r\n                        <h3 class=\"contenido-card__title\">\r\n                <a href=\"https:\/\/ecoforest.com\/nl\/prensa\/ecoforest-warmtepomp-app-volledige-controle-binnen-handbereik\/\">Ecoforest warmtepomp app: volledige controle binnen handbereik<\/a>\r\n            <\/h3>\r\n        <\/header>\r\n\r\n            <\/div>\r\n<\/article>\r\n                        <\/div>\r\n                                                                    <div class=\"js-card-item\" data-terms=\"blog\">\r\n                            \r\n<article class=\"contenido-card\">\r\n            <div class=\"contenido-card__imagen\">\r\n            <img loading=\"lazy\" decoding=\"async\" width=\"400\" height=\"252\" src=\"https:\/\/ecoforest.com\/wp-content\/uploads\/2021\/06\/fabrica-ecoforest-porto-molle.jpg\" class=\"contenido-card__img wp-post-image\" alt=\"\" srcset=\"https:\/\/ecoforest.com\/wp-content\/uploads\/2021\/06\/fabrica-ecoforest-porto-molle.jpg 400w, https:\/\/ecoforest.com\/wp-content\/uploads\/2021\/06\/fabrica-ecoforest-porto-molle-300x189.jpg 300w\" sizes=\"auto, (max-width: 400px) 100vw, 400px\" title=\"\">\r\n                            <div class=\"contenido-card__badges\">\r\n                                    <\/div>\r\n                    <\/div>\r\n    \r\n    <div class=\"contenido-card__content\">\r\n        <header class=\"contenido-card__header\">\r\n                            <time datetime=\"2025-02-24T09:07:42+01:00\" class=\"contenido-card__date\">\r\n                    24 februari 2025                <\/time>\r\n                        <h3 class=\"contenido-card__title\">\r\n                <a href=\"https:\/\/ecoforest.com\/nl\/prensa\/ecoforest-innovatie-en-kwaliteit-ondersteund-door-meer-dan-50-jaar-ervaring\/\">Ecoforest, innovatie en kwaliteit ondersteund door meer dan 50 jaar ervaring<\/a>\r\n            <\/h3>\r\n        <\/header>\r\n\r\n            <\/div>\r\n<\/article>\r\n                        <\/div>\r\n                                                                    <div class=\"js-card-item\" data-terms=\"aerothermisch blog\">\r\n                            \r\n<article class=\"contenido-card\">\r\n            <div class=\"contenido-card__imagen\">\r\n            <img loading=\"lazy\" decoding=\"async\" width=\"1024\" height=\"592\" src=\"https:\/\/ecoforest.com\/wp-content\/uploads\/2024\/09\/ecoforest_equipo_comercial_ecoAIR_6_24_PRO.png\" class=\"contenido-card__img wp-post-image\" alt=\"Ecoforest commercial team with the new R290 air-source heat pump ecoAIR+ 6-24 PRO.\" srcset=\"https:\/\/ecoforest.com\/wp-content\/uploads\/2024\/09\/ecoforest_equipo_comercial_ecoAIR_6_24_PRO.png 1024w, https:\/\/ecoforest.com\/wp-content\/uploads\/2024\/09\/ecoforest_equipo_comercial_ecoAIR_6_24_PRO-300x173.png 300w, https:\/\/ecoforest.com\/wp-content\/uploads\/2024\/09\/ecoforest_equipo_comercial_ecoAIR_6_24_PRO-768x444.png 768w\" sizes=\"auto, (max-width: 1024px) 100vw, 1024px\" title=\"\">\r\n                            <div class=\"contenido-card__badges\">\r\n                                            <span class=\"contenido-badge\">Warmtepompen<\/span>\r\n                                            <span class=\"contenido-badge\">Aerothermisch<\/span>\r\n                                    <\/div>\r\n                    <\/div>\r\n    \r\n    <div class=\"contenido-card__content\">\r\n        <header class=\"contenido-card__header\">\r\n                            <time datetime=\"2025-02-24T09:07:42+01:00\" class=\"contenido-card__date\">\r\n                    24 februari 2025                <\/time>\r\n                        <h3 class=\"contenido-card__title\">\r\n                <a href=\"https:\/\/ecoforest.com\/nl\/prensa\/de-nieuwe-ecoforest-ecoair%e2%81%ba-6-24-pro-luchtverhitter-breidt-zijn-assortiment-uit-met-r290-tot-24-kw\/\">De nieuwe Ecoforest ecoAIR\u207a 6-24 PRO luchtverhitter breidt zijn assortiment uit met R290 tot 24 kW.<\/a>\r\n            <\/h3>\r\n        <\/header>\r\n\r\n            <\/div>\r\n<\/article>\r\n                        <\/div>\r\n                                                                    <div class=\"js-card-item\" data-terms=\"blog\">\r\n                            \r\n<article class=\"contenido-card\">\r\n            <div class=\"contenido-card__imagen\">\r\n            <img loading=\"lazy\" decoding=\"async\" width=\"1024\" height=\"485\" src=\"https:\/\/ecoforest.com\/wp-content\/uploads\/2017\/09\/Ecoforest-premio-empresas-Gacela-20171-1024x485.jpg\" class=\"contenido-card__img wp-post-image\" alt=\"\" srcset=\"https:\/\/ecoforest.com\/wp-content\/uploads\/2017\/09\/Ecoforest-premio-empresas-Gacela-20171-1024x485.jpg 1024w, https:\/\/ecoforest.com\/wp-content\/uploads\/2017\/09\/Ecoforest-premio-empresas-Gacela-20171-300x142.jpg 300w, https:\/\/ecoforest.com\/wp-content\/uploads\/2017\/09\/Ecoforest-premio-empresas-Gacela-20171-768x364.jpg 768w, https:\/\/ecoforest.com\/wp-content\/uploads\/2017\/09\/Ecoforest-premio-empresas-Gacela-20171.jpg 1140w\" sizes=\"auto, (max-width: 1024px) 100vw, 1024px\" title=\"\">\r\n                            <div class=\"contenido-card__badges\">\r\n                                    <\/div>\r\n                    <\/div>\r\n    \r\n    <div class=\"contenido-card__content\">\r\n        <header class=\"contenido-card__header\">\r\n                            <time datetime=\"2017-09-19T09:07:42+01:00\" class=\"contenido-card__date\">\r\n                    19 september 2017                <\/time>\r\n                        <h3 class=\"contenido-card__title\">\r\n                <a href=\"https:\/\/ecoforest.com\/nl\/prensa\/ecoforest-geidentificeerd-als-empresa-gacela-2017\/\">Ecoforest, ge\u00efdentificeerd als &#8220;Empresa Gacela 2017&#8221;.<\/a>\r\n            <\/h3>\r\n        <\/header>\r\n\r\n            <\/div>\r\n<\/article>\r\n                        <\/div>\r\n                                                                    <\/div>\r\n        <\/div>\r\n\r\n        <div class=\"container contenidos-paginacion-wrap js-contenidos-paginacion\" style=\"display:none;\">\r\n            <div class=\"contenidos-paginacion\">\r\n                <button class=\"paginacion-btn paginacion-prev\" data-action=\"prev\" disabled>\r\n                    <span aria-hidden=\"true\">&laquo;<\/span>\r\n                    <span class=\"sr-only\">Anterior<\/span>\r\n                <\/button>\r\n\r\n                <div class=\"paginacion-numeros js-paginacion-numeros\"><\/div>\r\n\r\n                <button class=\"paginacion-btn paginacion-next\" data-action=\"next\">\r\n                    <span aria-hidden=\"true\">&raquo;<\/span>\r\n                    <span class=\"sr-only\">Siguiente<\/span>\r\n                <\/button>\r\n            <\/div>\r\n        <\/div>\r\n    <\/div>\r\n<\/div>\r\n\r\n\n\n\n<style>.wp-block-kadence-spacer.kt-block-spacer-54526_a69549-b9 .kt-block-spacer{height:60px;}.wp-block-kadence-spacer.kt-block-spacer-54526_a69549-b9 .kt-divider{border-top-width:1px;height:1px;border-top-color:#eee;width:80%;border-top-style:solid;}<\/style>\n<div class=\"wp-block-kadence-spacer aligncenter kt-block-spacer-54526_a69549-b9\"><div class=\"kt-block-spacer kt-block-spacer-halign-center\"><\/div><\/div>\n","protected":false},"excerpt":{"rendered":"","protected":false},"author":1,"featured_media":0,"parent":0,"menu_order":0,"comment_status":"closed","ping_status":"closed","template":"","meta":{"_acf_changed":false,"_kad_blocks_custom_css":"","_kad_blocks_head_custom_js":"","_kad_blocks_body_custom_js":"","_kad_blocks_footer_custom_js":"","site-sidebar-layout":"default","site-content-layout":"","ast-site-content-layout":"default","site-content-style":"default","site-sidebar-style":"default","ast-global-header-display":"","ast-banner-title-visibility":"","ast-main-header-display":"","ast-hfb-above-header-display":"","ast-hfb-below-header-display":"","ast-hfb-mobile-header-display":"","site-post-title":"","ast-breadcrumbs-content":"","ast-featured-img":"","footer-sml-layout":"","ast-disable-related-posts":"","theme-transparent-header-meta":"","adv-header-id-meta":"","stick-header-meta":"","header-above-stick-meta":"","header-main-stick-meta":"","header-below-stick-meta":"","astra-migrate-meta-layouts":"set","ast-page-background-enabled":"default","ast-page-background-meta":{"desktop":{"background-color":"","background-image":"","background-repeat":"repeat","background-position":"center center","background-size":"auto","background-attachment":"scroll","background-type":"","background-media":"","overlay-type":"","overlay-color":"","overlay-opacity":"","overlay-gradient":""},"tablet":{"background-color":"","background-image":"","background-repeat":"repeat","background-position":"center center","background-size":"auto","background-attachment":"scroll","background-type":"","background-media":"","overlay-type":"","overlay-color":"","overlay-opacity":"","overlay-gradient":""},"mobile":{"background-color":"","background-image":"","background-repeat":"repeat","background-position":"center center","background-size":"auto","background-attachment":"scroll","background-type":"","background-media":"","overlay-type":"","overlay-color":"","overlay-opacity":"","overlay-gradient":""}},"ast-content-background-meta":{"desktop":{"background-color":"var(--ast-global-color-5)","background-image":"","background-repeat":"repeat","background-position":"center center","background-size":"auto","background-attachment":"scroll","background-type":"","background-media":"","overlay-type":"","overlay-color":"","overlay-opacity":"","overlay-gradient":""},"tablet":{"background-color":"var(--ast-global-color-5)","background-image":"","background-repeat":"repeat","background-position":"center center","background-size":"auto","background-attachment":"scroll","background-type":"","background-media":"","overlay-type":"","overlay-color":"","overlay-opacity":"","overlay-gradient":""},"mobile":{"background-color":"var(--ast-global-color-5)","background-image":"","background-repeat":"repeat","background-position":"center center","background-size":"auto","background-attachment":"scroll","background-type":"","background-media":"","overlay-type":"","overlay-color":"","overlay-opacity":"","overlay-gradient":""}},"footnotes":""},"class_list":["post-54526","page","type-page","status-publish","hentry"],"acf":[],"featured_image_src_large":false,"author_info":{"display_name":"desarrollo","author_link":"https:\/\/ecoforest.com\/nl\/author\/desarrollo\/"},"comment_info":0,"taxonomy_info":[],"_links":{"self":[{"href":"https:\/\/ecoforest.com\/nl\/wp-json\/wp\/v2\/pages\/54526","targetHints":{"allow":["GET"]}}],"collection":[{"href":"https:\/\/ecoforest.com\/nl\/wp-json\/wp\/v2\/pages"}],"about":[{"href":"https:\/\/ecoforest.com\/nl\/wp-json\/wp\/v2\/types\/page"}],"author":[{"embeddable":true,"href":"https:\/\/ecoforest.com\/nl\/wp-json\/wp\/v2\/users\/1"}],"replies":[{"embeddable":true,"href":"https:\/\/ecoforest.com\/nl\/wp-json\/wp\/v2\/comments?post=54526"}],"version-history":[{"count":2,"href":"https:\/\/ecoforest.com\/nl\/wp-json\/wp\/v2\/pages\/54526\/revisions"}],"predecessor-version":[{"id":54532,"href":"https:\/\/ecoforest.com\/nl\/wp-json\/wp\/v2\/pages\/54526\/revisions\/54532"}],"wp:attachment":[{"href":"https:\/\/ecoforest.com\/nl\/wp-json\/wp\/v2\/media?parent=54526"}],"curies":[{"name":"wp","href":"https:\/\/api.w.org\/{rel}","templated":true}]}}