{"id":5014,"date":"2021-06-09T00:56:19","date_gmt":"2021-06-09T00:56:19","guid":{"rendered":"https:\/\/ecoforest.com\/politica-integrada-ecoforest\/"},"modified":"2024-04-19T09:46:46","modified_gmt":"2024-04-19T08:46:46","slug":"politica-integrada-ecoforest","status":"publish","type":"page","link":"https:\/\/ecoforest.com\/pt-pt\/politica-integrada-ecoforest\/","title":{"rendered":"Pol\u00edtica Integrada Ecoforest"},"content":{"rendered":"\r\n<h1 class=\"wp-block-heading\">Pol\u00edtica integrada<\/h1>\r\n<h2 class=\"wp-block-heading\">\r\n\r\n<\/h2>\r\n<p>O grupo ECOFOREST, que inclui BIOMASA ECOFORESTAL DE VILLACA\u00d1AS SLU e ECOFOREST GEOTERMIA SL (Conce\u00e7\u00e3o, Fabrico e venda de Fog\u00f5es, Caldeiras e Bombas Geot\u00e9rmicas\/Aerot\u00e9rmicas) atrav\u00e9s de todos os seus membros, est\u00e1 empenhado em satisfazer os requisitos (legais, regulamentares e dos seus clientes) e na melhoria cont\u00ednua da efic\u00e1cia do seu Sistema de Gest\u00e3o da Qualidade, Ambiente e Seguran\u00e7a e Sa\u00fade. Por este motivo, apresentamos de seguida a nossa pol\u00edtica de sistema de gest\u00e3o integrado:<br \/>A ECOFOREST tem como linha estrat\u00e9gica o compromisso com a efici\u00eancia energ\u00e9tica. Como fabricante de equipamentos de ar condicionado, a ECOFOREST procura implementar as tecnologias mais avan\u00e7adas no sector da climatiza\u00e7\u00e3o, com uma aposta clara no investimento em inova\u00e7\u00e3o e energia verde.<\/p>\r\n<p>Na ECOFOREST entendemos que, como empresa l\u00edder no sector da climatiza\u00e7\u00e3o, temos um claro compromisso com o nosso planeta e, por isso, a sustentabilidade ambiental \u00e9 um dos pilares em que se baseia a nossa empresa. Por este motivo, a ECOFOREST aplica alguns princ\u00edpios b\u00e1sicos de atua\u00e7\u00e3o, que fazem parte da pol\u00edtica da empresa:<\/p>\r\n<ul>\r\n<li>Integra\u00e7\u00e3o da gest\u00e3o ambiental e do desenvolvimento sustent\u00e1vel no plano de desenvolvimento da empresa.<\/li>\r\n<li>Estabelecer sistemas de gest\u00e3o adequados para promover a reciclagem na empresa.<\/li>\r\n<li>Utilizar de forma sustent\u00e1vel os recursos h\u00eddricos, as mat\u00e9rias-primas e os recursos energ\u00e9ticos, reduzindo o impacto ambiental na \u00e1rea de atua\u00e7\u00e3o.<\/li>\r\n<li>Utiliza\u00e7\u00e3o e gest\u00e3o racional dos recursos, minimizando a produ\u00e7\u00e3o de res\u00edduos, emiss\u00f5es e descargas atrav\u00e9s da defini\u00e7\u00e3o de objectivos.<\/li>\r\n<li>Controlo do cumprimento da legisla\u00e7\u00e3o em vigor em todos os centros da empresa em mat\u00e9ria de ambiente e seguran\u00e7a.<\/li>\r\n<li>Desenvolvimento de uma cultura de inova\u00e7\u00e3o em todas as actividades e tecnologias desenvolvidas na empresa.<\/li>\r\n<li>A nossa organiza\u00e7\u00e3o ter\u00e1 em conta se as suas actividades e\/ou produtos podem ter um impacto nas altera\u00e7\u00f5es clim\u00e1ticas.<\/li>\r\n<li>Comunicar e informar todos os colaboradores sobre esta Pol\u00edtica Integrada.<\/li>\r\n<\/ul>\r\n<p>A ECOFOREST compromete-se a rever e atualizar periodicamente esta Pol\u00edtica.<\/p>\r\n<p><br \/>A Pol\u00edtica de Gest\u00e3o definida pela Dire\u00e7\u00e3o da ECOFOREST visa os seguintes objectivos<\/p>\r\n<ul>\r\n<li>Assegurar uma metodologia, em termos de qualidade, ambiente e sa\u00fade e seguran\u00e7a, que clarifique os diferentes processos e as rela\u00e7\u00f5es entre eles.<\/li>\r\n<li>Reduzir as n\u00e3o-conformidades de forma a atingir um maior grau de satisfa\u00e7\u00e3o dos clientes. Para o efeito, s\u00e3o aplicadas metodologias como o QRQC, KAIZEN, LEAN, &#8230;..<\/li>\r\n<li>Motivar e formar todo o pessoal da empresa para que se sinta parte fundamental do n\u00edvel de qualidade alcan\u00e7ado no produto final, e fazer com que participe, incentivando a colabora\u00e7\u00e3o e a assun\u00e7\u00e3o das responsabilidades intr\u00ednsecas \u00e0 implementa\u00e7\u00e3o do sistema.<\/li>\r\n<li><strong>Planear e integrar <\/strong>a preven\u00e7\u00e3o dos riscos profissionais no sistema de gest\u00e3o da organiza\u00e7\u00e3o, para garantir a prote\u00e7\u00e3o da sa\u00fade dos nossos trabalhadores em todas as suas actividades e processos. Para o efeito:<\/li>\r\n<li>Os riscos ser\u00e3o evitados e os riscos inevit\u00e1veis ser\u00e3o avaliados regularmente.<\/li>\r\n<li>Os riscos ser\u00e3o combatidos na origem.<\/li>\r\n<li>Adaptar os postos de trabalho \u00e0s pessoas que os executam.<\/li>\r\n<li>Substituir o que \u00e9 perigoso pelo que \u00e9 pouco ou nada perigoso.<\/li>\r\n<li>A sa\u00fade do pessoal \u00e9 objeto de um acompanhamento regular.<\/li>\r\n<\/ul>\r\n<p>A qualidade \u00e9 uma tarefa de todos, por isso, a participa\u00e7\u00e3o ativa de todo o pessoal da ECOFOREST \u00e9 essencial, encorajando o trabalho de equipa, tanto na preven\u00e7\u00e3o como na an\u00e1lise e solu\u00e7\u00e3o de problemas.<\/p>\r\n<p>A dire\u00e7\u00e3o est\u00e1 empenhada em cumprir os regulamentos e a legisla\u00e7\u00e3o em vigor e outros requisitos que a organiza\u00e7\u00e3o subscreva.<\/p>\r\n<p>Atrav\u00e9s dos seus Objectivos de Qualidade, Ambiente, Sa\u00fade e Seguran\u00e7a e dos seus projectos de melhoria, a ECOFOREST traduz esta pol\u00edtica de gest\u00e3o em ac\u00e7\u00f5es concretas.<\/p>\r\n<p>A dire\u00e7\u00e3o compromete-se a informar, formar e sensibilizar os trabalhadores para que trabalhem com seguran\u00e7a e mantenham a taxa de acidentes o mais baixa poss\u00edvel.<\/p>\r\n<p>Por tudo isto, a ECOFOREST concebeu, implementou e mant\u00e9m atualizado o seu Sistema de Gest\u00e3o da Qualidade e do Ambiente em conformidade com as normas ISO 9001, ISO 14001, EMAS, ISO 45001, BSI-MCS (ING), FLAMME VERTE (FR), KEYMARK (EUR), WATERMARK (AUSTR\u00c1LIA), NF 414 (FR), UL (USA), KIWA (IT), QMARK (USA\/CANADA), AHRI (USA) e ENERGY STAR (USA).<\/p>\r\n<h2 class=\"wp-block-heading\">\r\n\r\n<\/h2>\r\n\r\n\r\n\r\n<p class=\"has-text-align-center\">A DIREC\u00c7\u00c3O<\/p>\r\n\r\n\r\n\r\n<figure class=\"wp-block-image aligncenter size-large\"><img loading=\"lazy\" decoding=\"async\" width=\"300\" height=\"75\" class=\"wp-image-11\" src=\"https:\/\/ecoforest.com\/wp-content\/uploads\/2021\/06\/logo-ecoforest.png\" alt=\"\" title=\"\" srcset=\"https:\/\/ecoforest.com\/wp-content\/uploads\/2021\/06\/logo-ecoforest.png 300w, https:\/\/ecoforest.com\/wp-content\/uploads\/2021\/06\/logo-ecoforest-260x65.png 260w\" sizes=\"auto, (max-width: 300px) 100vw, 300px\" \/><\/figure>\r\n\r\n\r\n\r\n<p class=\"has-text-align-right\">Revis\u00e3o: 05<\/p>\r\n\r\n\r\n\r\n<p class=\"has-text-align-right\">Data:16\/04\/2024<\/p>\r\n","protected":false},"excerpt":{"rendered":"<p>Pol\u00edtica integrada O grupo ECOFOREST, que inclui BIOMASA ECOFORESTAL DE VILLACA\u00d1AS SLU e ECOFOREST GEOTERMIA SL (Conce\u00e7\u00e3o, Fabrico e venda de Fog\u00f5es, Caldeiras e Bombas Geot\u00e9rmicas\/Aerot\u00e9rmicas) atrav\u00e9s de todos os seus membros, est\u00e1 empenhado em satisfazer os requisitos (legais, regulamentares e dos seus clientes) e na melhoria cont\u00ednua da efic\u00e1cia do seu Sistema de Gest\u00e3o [&hellip;]<\/p>\n","protected":false},"author":1,"featured_media":0,"parent":0,"menu_order":0,"comment_status":"closed","ping_status":"closed","template":"","meta":{"_acf_changed":false,"_kad_blocks_custom_css":"","_kad_blocks_head_custom_js":"","_kad_blocks_body_custom_js":"","_kad_blocks_footer_custom_js":"","site-sidebar-layout":"default","site-content-layout":"default","ast-site-content-layout":"default","site-content-style":"default","site-sidebar-style":"default","ast-global-header-display":"","ast-banner-title-visibility":"","ast-main-header-display":"","ast-hfb-above-header-display":"","ast-hfb-below-header-display":"","ast-hfb-mobile-header-display":"","site-post-title":"disabled","ast-breadcrumbs-content":"","ast-featured-img":"","footer-sml-layout":"","ast-disable-related-posts":"","theme-transparent-header-meta":"default","adv-header-id-meta":"","stick-header-meta":"default","header-above-stick-meta":"","header-main-stick-meta":"","header-below-stick-meta":"","astra-migrate-meta-layouts":"set","ast-page-background-enabled":"default","ast-page-background-meta":{"desktop":{"background-color":"","background-image":"","background-repeat":"repeat","background-position":"center center","background-size":"auto","background-attachment":"scroll","background-type":"","background-media":"","overlay-type":"","overlay-color":"","overlay-opacity":"","overlay-gradient":""},"tablet":{"background-color":"","background-image":"","background-repeat":"repeat","background-position":"center center","background-size":"auto","background-attachment":"scroll","background-type":"","background-media":"","overlay-type":"","overlay-color":"","overlay-opacity":"","overlay-gradient":""},"mobile":{"background-color":"","background-image":"","background-repeat":"repeat","background-position":"center center","background-size":"auto","background-attachment":"scroll","background-type":"","background-media":"","overlay-type":"","overlay-color":"","overlay-opacity":"","overlay-gradient":""}},"ast-content-background-meta":{"desktop":{"background-color":"var(--ast-global-color-5)","background-image":"","background-repeat":"repeat","background-position":"center center","background-size":"auto","background-attachment":"scroll","background-type":"","background-media":"","overlay-type":"","overlay-color":"","overlay-opacity":"","overlay-gradient":""},"tablet":{"background-color":"var(--ast-global-color-5)","background-image":"","background-repeat":"repeat","background-position":"center center","background-size":"auto","background-attachment":"scroll","background-type":"","background-media":"","overlay-type":"","overlay-color":"","overlay-opacity":"","overlay-gradient":""},"mobile":{"background-color":"var(--ast-global-color-5)","background-image":"","background-repeat":"repeat","background-position":"center center","background-size":"auto","background-attachment":"scroll","background-type":"","background-media":"","overlay-type":"","overlay-color":"","overlay-opacity":"","overlay-gradient":""}},"footnotes":""},"class_list":["post-5014","page","type-page","status-publish","hentry"],"acf":[],"featured_image_src_large":false,"author_info":{"display_name":"desarrollo","author_link":"https:\/\/ecoforest.com\/pt-pt\/author\/desarrollo\/"},"comment_info":0,"taxonomy_info":[],"_links":{"self":[{"href":"https:\/\/ecoforest.com\/pt-pt\/wp-json\/wp\/v2\/pages\/5014","targetHints":{"allow":["GET"]}}],"collection":[{"href":"https:\/\/ecoforest.com\/pt-pt\/wp-json\/wp\/v2\/pages"}],"about":[{"href":"https:\/\/ecoforest.com\/pt-pt\/wp-json\/wp\/v2\/types\/page"}],"author":[{"embeddable":true,"href":"https:\/\/ecoforest.com\/pt-pt\/wp-json\/wp\/v2\/users\/1"}],"replies":[{"embeddable":true,"href":"https:\/\/ecoforest.com\/pt-pt\/wp-json\/wp\/v2\/comments?post=5014"}],"version-history":[{"count":8,"href":"https:\/\/ecoforest.com\/pt-pt\/wp-json\/wp\/v2\/pages\/5014\/revisions"}],"predecessor-version":[{"id":40127,"href":"https:\/\/ecoforest.com\/pt-pt\/wp-json\/wp\/v2\/pages\/5014\/revisions\/40127"}],"wp:attachment":[{"href":"https:\/\/ecoforest.com\/pt-pt\/wp-json\/wp\/v2\/media?parent=5014"}],"curies":[{"name":"wp","href":"https:\/\/api.w.org\/{rel}","templated":true}]}}