{"id":6325,"date":"2021-06-07T08:29:54","date_gmt":"2021-06-07T07:29:54","guid":{"rendered":"https:\/\/ecoforest.com\/gestores-energeticos\/"},"modified":"2023-12-15T11:59:12","modified_gmt":"2023-12-15T10:59:12","slug":"gestores-energeticos","status":"publish","type":"page","link":"https:\/\/ecoforest.com\/pt-pt\/bomba-de-calor\/gestores-energeticos\/","title":{"rendered":"Gestores energ\u00e9ticos"},"content":{"rendered":"<style>.kb-row-layout-id_39c4b7-e0 > .kt-row-column-wrap{align-content:start;}:where(.kb-row-layout-id_39c4b7-e0 > .kt-row-column-wrap) > .wp-block-kadence-column{justify-content:start;}.kb-row-layout-id_39c4b7-e0 > .kt-row-column-wrap{column-gap:var(--global-kb-gap-md, 2rem);row-gap:var(--global-kb-gap-md, 2rem);padding-top:var(--global-kb-spacing-sm, 1.5rem);padding-bottom:var(--global-kb-spacing-sm, 1.5rem);grid-template-columns:repeat(2, minmax(0, 1fr));}.kb-row-layout-id_39c4b7-e0 > .kt-row-layout-overlay{opacity:0.30;}@media all and (max-width: 1024px){.kb-row-layout-id_39c4b7-e0 > .kt-row-column-wrap{grid-template-columns:repeat(2, minmax(0, 1fr));}}@media all and (max-width: 767px){.kb-row-layout-id_39c4b7-e0 > .kt-row-column-wrap{grid-template-columns:minmax(0, 1fr);}}<\/style><div class=\"kb-row-layout-wrap kb-row-layout-id_39c4b7-e0 alignnone wp-block-kadence-rowlayout\"><div class=\"kt-row-column-wrap kt-has-2-columns kt-row-layout-equal kt-tab-layout-inherit kt-mobile-layout-row kt-row-valign-top\">\n<style>.kadence-column_21e56a-fd > .kt-inside-inner-col,.kadence-column_21e56a-fd > .kt-inside-inner-col:before{border-top-left-radius:0px;border-top-right-radius:0px;border-bottom-right-radius:0px;border-bottom-left-radius:0px;}.kadence-column_21e56a-fd > .kt-inside-inner-col{column-gap:var(--global-kb-gap-sm, 1rem);}.kadence-column_21e56a-fd > .kt-inside-inner-col{flex-direction:column;}.kadence-column_21e56a-fd > .kt-inside-inner-col > .aligncenter{width:100%;}.kadence-column_21e56a-fd > .kt-inside-inner-col:before{opacity:0.3;}.kadence-column_21e56a-fd{position:relative;}@media all and (max-width: 1024px){.kadence-column_21e56a-fd > .kt-inside-inner-col{flex-direction:column;justify-content:center;}}@media all and (max-width: 767px){.kadence-column_21e56a-fd > .kt-inside-inner-col{flex-direction:column;justify-content:center;}}<\/style>\n<div class=\"wp-block-kadence-column kadence-column_21e56a-fd inner-column-1\"><div class=\"kt-inside-inner-col\">\n<figure class=\"wp-block-image size-large\"><a href=\"\/pt-pt\/produtos\/bomba-de-calor\/gestores-energeticos\/ecosmart-e-manager\/\"><img loading=\"lazy\" decoding=\"async\" width=\"1024\" height=\"485\" src=\"https:\/\/ecoforest.com\/wp-content\/uploads\/2021\/06\/ecoSMAR-e-manager-es-1024x485.jpg\" alt=\"\" class=\"wp-image-189\" title=\"\" srcset=\"https:\/\/ecoforest.com\/wp-content\/uploads\/2021\/06\/ecoSMAR-e-manager-es-1024x485.jpg 1024w, https:\/\/ecoforest.com\/wp-content\/uploads\/2021\/06\/ecoSMAR-e-manager-es-300x142.jpg 300w, https:\/\/ecoforest.com\/wp-content\/uploads\/2021\/06\/ecoSMAR-e-manager-es-768x364.jpg 768w, https:\/\/ecoforest.com\/wp-content\/uploads\/2021\/06\/ecoSMAR-e-manager-es.jpg 1140w\" sizes=\"auto, (max-width: 1024px) 100vw, 1024px\" \/><\/a><\/figure>\n\n\n<style>.wp-block-kadence-advancedheading.kt-adv-heading_d37a1c-69, .wp-block-kadence-advancedheading.kt-adv-heading_d37a1c-69[data-kb-block=\"kb-adv-heading_d37a1c-69\"]{font-size:25px;font-style:normal;}.wp-block-kadence-advancedheading.kt-adv-heading_d37a1c-69 mark.kt-highlight, .wp-block-kadence-advancedheading.kt-adv-heading_d37a1c-69[data-kb-block=\"kb-adv-heading_d37a1c-69\"] mark.kt-highlight{font-style:normal;color:#f76a0c;-webkit-box-decoration-break:clone;box-decoration-break:clone;padding-top:0px;padding-right:0px;padding-bottom:0px;padding-left:0px;}<\/style>\n<h2 class=\"kt-adv-heading_d37a1c-69 wp-block-kadence-advancedheading has-black-color has-text-color\" data-kb-block=\"kb-adv-heading_d37a1c-69\"><a href=\"\/pt-pt\/produtos\/bomba-de-calor\/gestores-energeticos\/ecosmart-e-manager\/\"><span class=\"has-inline-color has-black-color\">ecoSMART e-manager<\/span><\/a><\/h2>\n\n\n\n<p class=\"has-text-color\" style=\"color:#82b81d\"><strong><strong><strong><a href=\"\/pt-pt\/produtos\/bomba-de-calor\/gestores-energeticos\/ecosmart-e-manager\/\"><strong><strong><strong>Assume controlo da energia que produzes e decide como a usar<\/strong><\/strong><\/strong><\/a><\/strong><\/strong><\/strong><\/p>\n\n\n\n<ul class=\"has-black-color has-text-color wp-block-list\">\n<li>Bilan z\u00e9ro entre production et consommation<\/li>\n\n\n\n<li>LBalan\u00e7o zero entre a produ\u00e7\u00e3o e o consumo<\/li>\n\n\n\n<li>Limita\u00e7\u00e3o de pot\u00eancia el\u00e9ctrica de toda a instala\u00e7\u00e3o<\/li>\n\n\n\n<li>Possibilidade de conectar at\u00e9 4 cargas n\u00e3o cr\u00edticas<\/li>\n\n\n\n<li>Controlo de tarifa para adaptar o consumo com a tarifa contractada<\/li>\n\n\n\n<li>Equipado com Inversor Solar (at\u00e9 5kW) e baterias de l\u00edtio. Capacidade de acumula\u00e7\u00e3o modular desde 2.4kWh at\u00e9 12kWh<\/li>\n\n\n\n<li>Smart grid ready<\/li>\n<\/ul>\n\n\n<style>.wp-block-kadence-spacer.kt-block-spacer-_180292-90 .kt-block-spacer{height:60px;}.wp-block-kadence-spacer.kt-block-spacer-_180292-90 .kt-divider{border-top-width:1px;height:1px;border-top-color:#eee;width:100%;border-top-style:solid;}<\/style>\n<div class=\"wp-block-kadence-spacer aligncenter kt-block-spacer-_180292-90\"><div class=\"kt-block-spacer kt-block-spacer-halign-center\"><hr class=\"kt-divider\"\/><\/div><\/div>\n<\/div><\/div>\n\n\n<style>.kadence-column_febaf7-a2 > .kt-inside-inner-col,.kadence-column_febaf7-a2 > .kt-inside-inner-col:before{border-top-left-radius:0px;border-top-right-radius:0px;border-bottom-right-radius:0px;border-bottom-left-radius:0px;}.kadence-column_febaf7-a2 > .kt-inside-inner-col{column-gap:var(--global-kb-gap-sm, 1rem);}.kadence-column_febaf7-a2 > .kt-inside-inner-col{flex-direction:column;}.kadence-column_febaf7-a2 > .kt-inside-inner-col > .aligncenter{width:100%;}.kadence-column_febaf7-a2 > .kt-inside-inner-col:before{opacity:0.3;}.kadence-column_febaf7-a2{position:relative;}@media all and (max-width: 1024px){.kadence-column_febaf7-a2 > .kt-inside-inner-col{flex-direction:column;justify-content:center;}}@media all and (max-width: 767px){.kadence-column_febaf7-a2 > .kt-inside-inner-col{flex-direction:column;justify-content:center;}}<\/style>\n<div class=\"wp-block-kadence-column kadence-column_febaf7-a2 inner-column-2\"><div class=\"kt-inside-inner-col\">\n<figure class=\"wp-block-image size-large\"><a href=\"\/pt-pt\/produtos\/bomba-de-calor\/gestores-energeticos\/ecosmart-e-system\/\"><img loading=\"lazy\" decoding=\"async\" width=\"1024\" height=\"485\" src=\"https:\/\/ecoforest.com\/wp-content\/uploads\/2021\/06\/ecoSMAR-e-system-es-1024x485.jpg\" alt=\"\" class=\"wp-image-190\" title=\"\" srcset=\"https:\/\/ecoforest.com\/wp-content\/uploads\/2021\/06\/ecoSMAR-e-system-es-1024x485.jpg 1024w, https:\/\/ecoforest.com\/wp-content\/uploads\/2021\/06\/ecoSMAR-e-system-es-300x142.jpg 300w, https:\/\/ecoforest.com\/wp-content\/uploads\/2021\/06\/ecoSMAR-e-system-es-768x364.jpg 768w, https:\/\/ecoforest.com\/wp-content\/uploads\/2021\/06\/ecoSMAR-e-system-es.jpg 1140w\" sizes=\"auto, (max-width: 1024px) 100vw, 1024px\" \/><\/a><\/figure>\n\n\n<style>.wp-block-kadence-advancedheading.kt-adv-heading_a979fb-a8, .wp-block-kadence-advancedheading.kt-adv-heading_a979fb-a8[data-kb-block=\"kb-adv-heading_a979fb-a8\"]{font-size:25px;font-style:normal;}.wp-block-kadence-advancedheading.kt-adv-heading_a979fb-a8 mark.kt-highlight, .wp-block-kadence-advancedheading.kt-adv-heading_a979fb-a8[data-kb-block=\"kb-adv-heading_a979fb-a8\"] mark.kt-highlight{font-style:normal;color:#f76a0c;-webkit-box-decoration-break:clone;box-decoration-break:clone;padding-top:0px;padding-right:0px;padding-bottom:0px;padding-left:0px;}<\/style>\n<h2 class=\"kt-adv-heading_a979fb-a8 wp-block-kadence-advancedheading has-black-color has-text-color\" data-kb-block=\"kb-adv-heading_a979fb-a8\"><a href=\"\/pt-pt\/produtos\/bomba-de-calor\/gestores-energeticos\/ecosmart-e-system\/\"><span class=\"has-inline-color has-black-color\">ecoSMART e-system<\/span><\/a><\/h2>\n\n\n\n<p class=\"has-text-color\" style=\"color:#82b81d\"><strong><strong><strong><strong><a href=\"\/pt-pt\/produtos\/bomba-de-calor\/gestores-energeticos\/ecosmart-e-system\/\"><strong><strong><strong>Assume controlo da energia que produzes e decide como a usar<\/strong><\/strong><\/strong><\/a><\/strong><\/strong><\/strong><\/strong><\/p>\n\n\n\n<ul class=\"has-black-color has-text-color wp-block-list\">\n<li>Balan\u00e7o zero entre a produ\u00e7\u00e3o e o consumo<\/li>\n\n\n\n<li>Limita\u00e7\u00e3o de pot\u00eancia el\u00e9ctrica de toda a instala\u00e7\u00e3o<\/li>\n\n\n\n<li>Possibilidade de conectar at\u00e9 4 cargas n\u00e3o cr\u00edticas<\/li>\n\n\n\n<li>Controlo de tarifa para adaptar o consumo com a tarifa contractada<\/li>\n\n\n\n<li>Smart grid ready<\/li>\n<\/ul>\n\n\n<style>.wp-block-kadence-spacer.kt-block-spacer-_d3e3f0-11 .kt-block-spacer{height:60px;}.wp-block-kadence-spacer.kt-block-spacer-_d3e3f0-11 .kt-divider{border-top-width:1px;height:1px;border-top-color:#eee;width:100%;border-top-style:solid;}<\/style>\n<div class=\"wp-block-kadence-spacer aligncenter kt-block-spacer-_d3e3f0-11\"><div class=\"kt-block-spacer kt-block-spacer-halign-center\"><hr class=\"kt-divider\"\/><\/div><\/div>\n<\/div><\/div>\n\n<\/div><\/div>\n\n<style>.kb-row-layout-id_e0ed84-d3 > .kt-row-column-wrap{align-content:start;}:where(.kb-row-layout-id_e0ed84-d3 > .kt-row-column-wrap) > .wp-block-kadence-column{justify-content:start;}.kb-row-layout-id_e0ed84-d3 > .kt-row-column-wrap{column-gap:var(--global-kb-gap-md, 2rem);row-gap:var(--global-kb-gap-md, 2rem);padding-top:var(--global-kb-spacing-sm, 1.5rem);padding-bottom:var(--global-kb-spacing-sm, 1.5rem);grid-template-columns:minmax(0, 1fr);}.kb-row-layout-id_e0ed84-d3 > .kt-row-layout-overlay{opacity:0.30;}@media all and (max-width: 1024px){.kb-row-layout-id_e0ed84-d3 > .kt-row-column-wrap{grid-template-columns:minmax(0, 1fr);}}@media all and (max-width: 767px){.kb-row-layout-id_e0ed84-d3 > .kt-row-column-wrap{grid-template-columns:minmax(0, 1fr);}}<\/style><div class=\"kb-row-layout-wrap kb-row-layout-id_e0ed84-d3 alignnone wp-block-kadence-rowlayout\"><div class=\"kt-row-column-wrap kt-has-1-columns kt-row-layout-equal kt-tab-layout-inherit kt-mobile-layout-row kt-row-valign-top\">\n<style>.kadence-column_d12cb5-4f > .kt-inside-inner-col,.kadence-column_d12cb5-4f > .kt-inside-inner-col:before{border-top-left-radius:0px;border-top-right-radius:0px;border-bottom-right-radius:0px;border-bottom-left-radius:0px;}.kadence-column_d12cb5-4f > .kt-inside-inner-col{column-gap:var(--global-kb-gap-sm, 1rem);}.kadence-column_d12cb5-4f > .kt-inside-inner-col{flex-direction:column;}.kadence-column_d12cb5-4f > .kt-inside-inner-col > .aligncenter{width:100%;}.kadence-column_d12cb5-4f > .kt-inside-inner-col:before{opacity:0.3;}.kadence-column_d12cb5-4f{position:relative;}@media all and (max-width: 1024px){.kadence-column_d12cb5-4f > .kt-inside-inner-col{flex-direction:column;justify-content:center;}}@media all and (max-width: 767px){.kadence-column_d12cb5-4f > .kt-inside-inner-col{flex-direction:column;justify-content:center;}}<\/style>\n<div class=\"wp-block-kadence-column kadence-column_d12cb5-4f inner-column-1\"><div class=\"kt-inside-inner-col\"><\/div><\/div>\n\n<\/div><\/div>\n\n<style>.wp-block-kadence-spacer.kt-block-spacer-_6002fa-4b .kt-block-spacer{height:60px;}.wp-block-kadence-spacer.kt-block-spacer-_6002fa-4b .kt-divider{border-top-width:1px;height:1px;border-top-color:#eee;width:80%;border-top-style:solid;}<\/style>\n<div class=\"wp-block-kadence-spacer aligncenter kt-block-spacer-_6002fa-4b\"><div class=\"kt-block-spacer kt-block-spacer-halign-center\"><\/div><\/div>\n","protected":false},"excerpt":{"rendered":"<p>ecoSMART e-manager Assume controlo da energia que produzes e decide como a usar ecoSMART e-system Assume controlo da energia que produzes e decide como a usar<\/p>\n","protected":false},"author":1,"featured_media":0,"parent":33250,"menu_order":0,"comment_status":"closed","ping_status":"closed","template":"","meta":{"_acf_changed":false,"_kad_blocks_custom_css":"","_kad_blocks_head_custom_js":"","_kad_blocks_body_custom_js":"","_kad_blocks_footer_custom_js":"","site-sidebar-layout":"default","site-content-layout":"plain-container","ast-site-content-layout":"normal-width-container","site-content-style":"unboxed","site-sidebar-style":"unboxed","ast-global-header-display":"","ast-banner-title-visibility":"","ast-main-header-display":"","ast-hfb-above-header-display":"","ast-hfb-below-header-display":"","ast-hfb-mobile-header-display":"","site-post-title":"","ast-breadcrumbs-content":"","ast-featured-img":"","footer-sml-layout":"","ast-disable-related-posts":"","theme-transparent-header-meta":"default","adv-header-id-meta":"","stick-header-meta":"default","header-above-stick-meta":"","header-main-stick-meta":"","header-below-stick-meta":"","astra-migrate-meta-layouts":"set","ast-page-background-enabled":"default","ast-page-background-meta":{"desktop":{"background-color":"","background-image":"","background-repeat":"repeat","background-position":"center center","background-size":"auto","background-attachment":"scroll","background-type":"","background-media":"","overlay-type":"","overlay-color":"","overlay-opacity":"","overlay-gradient":""},"tablet":{"background-color":"","background-image":"","background-repeat":"repeat","background-position":"center center","background-size":"auto","background-attachment":"scroll","background-type":"","background-media":"","overlay-type":"","overlay-color":"","overlay-opacity":"","overlay-gradient":""},"mobile":{"background-color":"","background-image":"","background-repeat":"repeat","background-position":"center center","background-size":"auto","background-attachment":"scroll","background-type":"","background-media":"","overlay-type":"","overlay-color":"","overlay-opacity":"","overlay-gradient":""}},"ast-content-background-meta":{"desktop":{"background-color":"var(--ast-global-color-5)","background-image":"","background-repeat":"repeat","background-position":"center center","background-size":"auto","background-attachment":"scroll","background-type":"","background-media":"","overlay-type":"","overlay-color":"","overlay-opacity":"","overlay-gradient":""},"tablet":{"background-color":"var(--ast-global-color-5)","background-image":"","background-repeat":"repeat","background-position":"center center","background-size":"auto","background-attachment":"scroll","background-type":"","background-media":"","overlay-type":"","overlay-color":"","overlay-opacity":"","overlay-gradient":""},"mobile":{"background-color":"var(--ast-global-color-5)","background-image":"","background-repeat":"repeat","background-position":"center center","background-size":"auto","background-attachment":"scroll","background-type":"","background-media":"","overlay-type":"","overlay-color":"","overlay-opacity":"","overlay-gradient":""}},"footnotes":""},"class_list":["post-6325","page","type-page","status-publish","hentry"],"acf":[],"featured_image_src_large":false,"author_info":{"display_name":"desarrollo","author_link":"https:\/\/ecoforest.com\/pt-pt\/author\/desarrollo\/"},"comment_info":0,"taxonomy_info":[],"_links":{"self":[{"href":"https:\/\/ecoforest.com\/pt-pt\/wp-json\/wp\/v2\/pages\/6325","targetHints":{"allow":["GET"]}}],"collection":[{"href":"https:\/\/ecoforest.com\/pt-pt\/wp-json\/wp\/v2\/pages"}],"about":[{"href":"https:\/\/ecoforest.com\/pt-pt\/wp-json\/wp\/v2\/types\/page"}],"author":[{"embeddable":true,"href":"https:\/\/ecoforest.com\/pt-pt\/wp-json\/wp\/v2\/users\/1"}],"replies":[{"embeddable":true,"href":"https:\/\/ecoforest.com\/pt-pt\/wp-json\/wp\/v2\/comments?post=6325"}],"version-history":[{"count":8,"href":"https:\/\/ecoforest.com\/pt-pt\/wp-json\/wp\/v2\/pages\/6325\/revisions"}],"predecessor-version":[{"id":38237,"href":"https:\/\/ecoforest.com\/pt-pt\/wp-json\/wp\/v2\/pages\/6325\/revisions\/38237"}],"up":[{"embeddable":true,"href":"https:\/\/ecoforest.com\/pt-pt\/wp-json\/wp\/v2\/pages\/33250"}],"wp:attachment":[{"href":"https:\/\/ecoforest.com\/pt-pt\/wp-json\/wp\/v2\/media?parent=6325"}],"curies":[{"name":"wp","href":"https:\/\/api.w.org\/{rel}","templated":true}]}}