{"id":6347,"date":"2021-07-01T11:04:11","date_gmt":"2021-07-01T10:04:11","guid":{"rendered":"https:\/\/ecoforest.com\/distribuidor-form\/"},"modified":"2024-01-18T12:46:22","modified_gmt":"2024-01-18T11:46:22","slug":"pedir-orcamento","status":"publish","type":"page","link":"https:\/\/ecoforest.com\/pt-pt\/pedir-orcamento\/","title":{"rendered":"\u00c1 procura de um instalador"},"content":{"rendered":"<style>.wp-block-kadence-advancedheading.kt-adv-heading_26c8be-76, .wp-block-kadence-advancedheading.kt-adv-heading_26c8be-76[data-kb-block=\"kb-adv-heading_26c8be-76\"]{text-align:center;font-size:28px;font-style:normal;}.wp-block-kadence-advancedheading.kt-adv-heading_26c8be-76 mark.kt-highlight, .wp-block-kadence-advancedheading.kt-adv-heading_26c8be-76[data-kb-block=\"kb-adv-heading_26c8be-76\"] mark.kt-highlight{font-style:normal;color:#f76a0c;-webkit-box-decoration-break:clone;box-decoration-break:clone;padding-top:0px;padding-right:0px;padding-bottom:0px;padding-left:0px;}<\/style>\n<h1 class=\"kt-adv-heading_26c8be-76 wp-block-kadence-advancedheading\" data-kb-block=\"kb-adv-heading_26c8be-76\">Pedir um or\u00e7amento \/ informa\u00e7\u00f5es sobre o produto<\/h1>\n\n\n\n<p>Procura adquirir um equipamento Ecoforest? A Ecoforest t\u00eam uma rede de instaladores e distribuidores oficiais ao redor do mundo, com os conhecimentos necess\u00e1rios para lhe oferecer o melhor servi\u00e7o.<\/p>\n\n\n\n<p>Por favor, complete o formul\u00e1rio e a nossa equipa comercial entrar\u00e1 em contacto consigo o mais brevemente poss\u00edvel.<\/p>\n\n\n<style>.wp-block-kadence-spacer.kt-block-spacer-_20e280-f3 .kt-block-spacer{height:60px;}.wp-block-kadence-spacer.kt-block-spacer-_20e280-f3 .kt-divider{border-top-width:1px;height:1px;border-top-color:#000000;width:100%;border-top-style:solid;}<\/style>\n<div class=\"wp-block-kadence-spacer aligncenter kt-block-spacer-_20e280-f3\"><div class=\"kt-block-spacer kt-block-spacer-halign-center\"><\/div><\/div>\n\n\n\n<div class=\"wpcf7 no-js\" id=\"wpcf7-f11154-o1\" lang=\"es-ES\" dir=\"ltr\" data-wpcf7-id=\"11154\">\n<div class=\"screen-reader-response\"><p role=\"status\" aria-live=\"polite\" aria-atomic=\"true\"><\/p> <ul><\/ul><\/div>\n<form action=\"\/pt-pt\/wp-json\/wp\/v2\/pages\/6347#wpcf7-f11154-o1\" method=\"post\" class=\"wpcf7-form init\" aria-label=\"Formulario de contacto\" novalidate=\"novalidate\" data-status=\"init\">\n<fieldset class=\"hidden-fields-container\"><input type=\"hidden\" name=\"_wpcf7\" value=\"11154\" \/><input type=\"hidden\" name=\"_wpcf7_version\" value=\"6.1.5\" \/><input type=\"hidden\" name=\"_wpcf7_locale\" value=\"es_ES\" \/><input type=\"hidden\" name=\"_wpcf7_unit_tag\" value=\"wpcf7-f11154-o1\" \/><input type=\"hidden\" name=\"_wpcf7_container_post\" value=\"0\" \/><input type=\"hidden\" name=\"_wpcf7_posted_data_hash\" value=\"\" \/><input type=\"hidden\" name=\"_wpcf7_recaptcha_response\" value=\"\" \/>\n<\/fieldset>\n<div class=\"bloque-contacto\">\n<span>Contato<\/span>\n<div class=\"bloque-contacto-inner\">\n<div class=\"info\">\n<span>Informa\u00e7\u00e3o pessoal<\/span>\n<label>Nome <sup>*<\/sup>\n    <span class=\"wpcf7-form-control-wrap\" data-name=\"your-name\"><input size=\"40\" maxlength=\"400\" class=\"wpcf7-form-control wpcf7-text wpcf7-validates-as-required\" aria-required=\"true\" aria-invalid=\"false\" value=\"\" type=\"text\" name=\"your-name\" \/><\/span> <\/label>\n\n<label>Email <sup>*<\/sup>\n    <span class=\"wpcf7-form-control-wrap\" data-name=\"your-email\"><input size=\"40\" maxlength=\"400\" class=\"wpcf7-form-control wpcf7-email wpcf7-validates-as-required wpcf7-text wpcf7-validates-as-email\" aria-required=\"true\" aria-invalid=\"false\" value=\"\" type=\"email\" name=\"your-email\" \/><\/span> <\/label>\n<label>Telefone <sup>*<\/sup>\n    <span class=\"wpcf7-form-control-wrap\" data-name=\"tel-548\"><input size=\"40\" maxlength=\"400\" class=\"wpcf7-form-control wpcf7-tel wpcf7-validates-as-required wpcf7-text wpcf7-validates-as-tel\" aria-required=\"true\" aria-invalid=\"false\" value=\"\" type=\"tel\" name=\"tel-548\" \/><\/span> <\/label>\n<\/div>\n<div class=\"ubicacion\">\n<span>Localiza\u00e7\u00e3o<\/span>\n<label>Pa\u00eds <sup>*<\/sup>\n    <span class=\"wpcf7-form-control-wrap\" data-name=\"country-548\"><select class=\"wpcf7-form-control wpcf7-select wpcf7-validates-as-required\" aria-required=\"true\" aria-invalid=\"false\" name=\"country-548\"><option value=\"Portugal\">Portugal<\/option><option value=\"Afganist\u00e1n\">Afeganist\u00e3o<\/option><option value=\"Sud\u00e1frica\">\u00c1frica do Sul<\/option><option value=\"Albania\">Alb\u00e2nia<\/option><option value=\"Alemania\">Alemanha<\/option><option value=\"Andorra\">Andorra<\/option><option value=\"Angola\">Angola<\/option><option value=\"Anguila\">Anguila<\/option><option value=\"Antillas Neerlandesas\">Antilhas Neerlandesas<\/option><option value=\"Ant\u00e1rtida\">Ant\u00e1rctida<\/option><option value=\"Antigua y Barbuda\">Ant\u00edgua e Barbuda<\/option><option value=\"Argentina\">Argentina<\/option><option value=\"Argelia\">Arg\u00e9lia<\/option><option value=\"Armenia\">Arm\u00e9nia<\/option><option value=\"Aruba\">Aruba<\/option><option value=\"Arabia Saud\u00ed\">Ar\u00e1bia Saudita<\/option><option value=\"Australia\">Austr\u00e1lia<\/option><option value=\"Austria\">\u00c1ustria<\/option><option value=\"Azerbaiy\u00e1n\">Azerbaij\u00e3o<\/option><option value=\"Bahamas\">Baamas<\/option><option value=\"Bangladesh\">Bangladeche<\/option><option value=\"Barbados\">Barbados<\/option><option value=\"Bahr\u00e1in\">Bar\u00e9m<\/option><option value=\"Belice\">Belize<\/option><option value=\"Ben\u00edn\">Benim<\/option><option value=\"Bermudas\">Bermudas<\/option><option value=\"Bielorrusia\">Bielorr\u00fassia<\/option><option value=\"Birmania\">Birm\u00e2nia<\/option><option value=\"Bolivia\">Bol\u00edvia<\/option><option value=\"Botsuana\">Botsuana<\/option><option value=\"Brasil\">Brasil<\/option><option value=\"Brun\u00e9i\">Brunei<\/option><option value=\"Bulgaria\">Bulg\u00e1ria<\/option><option value=\"Burkina Faso\">Burquina Faso<\/option><option value=\"Burundi\">Bur\u00fandi<\/option><option value=\"But\u00e1n\">But\u00e3o<\/option><option value=\"B\u00e9lgica\">B\u00e9lgica<\/option><option value=\"Bosnia y Hercegovina\">B\u00f3snia e Herzegovina<\/option><option value=\"Cabo Verde\">Cabo Verde<\/option><option value=\"Camer\u00fan\">Camar\u00f5es<\/option><option value=\"Camboya\">Camboja<\/option><option value=\"Canad\u00e1\">Canad\u00e1<\/option><option value=\"Qatar\">Catar<\/option><option value=\"Kazajist\u00e1n\">Cazaquist\u00e3o<\/option><option value=\"Chad\">Chade<\/option><option value=\"Chile\">Chile<\/option><option value=\"China\">China<\/option><option value=\"Chipre\">Chipre<\/option><option value=\"Colombia\">Col\u00f4mbia<\/option><option value=\"Comoras\">Comores<\/option><option value=\"Congo\">Congo-Brazzaville<\/option><option value=\"Rep\u00fablica Democr\u00e1tica del Congo\">Congo-Kinshasa<\/option><option value=\"Corea del Norte\">Coreia do Norte<\/option><option value=\"Corea del Sur\">Coreia do Sul<\/option><option value=\"Costa de Marfil\">Costa do Marfim<\/option><option value=\"Costa Rica\">Costa Rica<\/option><option value=\"Croacia\">Cro\u00e1cia<\/option><option value=\"Cuba\">Cuba<\/option><option value=\"Dinamarca\">Dinamarca<\/option><option value=\"Dominica\">Dom\u00ednica<\/option><option value=\"Egipto\">Egipto<\/option><option value=\"Emiratos \u00c1rabes Unidos\">Emiratos \u00c1rabes Unidos<\/option><option value=\"Ecuador\">Equador<\/option><option value=\"Eritrea\">Eritreia<\/option><option value=\"Eslovaquia\">Eslov\u00e1quia<\/option><option value=\"Eslovenia\">Eslov\u00e9nia<\/option><option value=\"Espa\u00f1a\">Espanha<\/option><option value=\"Estados Unidos\">Estados Unidos<\/option><option value=\"Estonia\">Est\u00f3nia<\/option><option value=\"Etiop\u00eda\">Eti\u00f3pia<\/option><option value=\"Islas Feroe\">Faro\u00e9<\/option><option value=\"Fiyi\">Fiji<\/option><option value=\"Filipinas\">Filipinas<\/option><option value=\"Finlandia\">Finl\u00e2ndia<\/option><option value=\"Francia\">Fran\u00e7a<\/option><option value=\"Gab\u00f3n\">Gab\u00e3o<\/option><option value=\"Ghana\">Gana<\/option><option value=\"Islas Georgia del Sur y Sandwich del Sur\">Ge\u00f3rgia do Sul e Sandwich do Sul<\/option><option value=\"Georgia\">Ge\u00f3rgia<\/option><option value=\"Gibraltar\">Gibraltar<\/option><option value=\"Granada\">Granada<\/option><option value=\"Groenlandia\">Gronel\u00e2ndia<\/option><option value=\"Grecia\">Gr\u00e9cia<\/option><option value=\"Guadalupe\">Guadalupe<\/option><option value=\"Guam\">Guame<\/option><option value=\"Guatemala\">Guatemala<\/option><option value=\"Guayana Francesa\">Guiana Francesa<\/option><option value=\"Guyana\">Guiana<\/option><option value=\"Guinea Ecuatorial\">Guin\u00e9 Equatorial<\/option><option value=\"Guinea-Bissau\">Guin\u00e9-Bissau<\/option><option value=\"Guinea\">Guin\u00e9<\/option><option value=\"Gambia\">G\u00e2mbia<\/option><option value=\"Hait\u00ed\">Haiti<\/option><option value=\"Honduras\">Honduras<\/option><option value=\"Hong Kong\">Hong Kong<\/option><option value=\"Hungr\u00eda\">Hungria<\/option><option value=\"Isla Bouvet\">Ilha Bouvet<\/option><option value=\"Isla Christmas\">Ilha do Natal<\/option><option value=\"Isla Norfolk\">Ilha Norfolk<\/option><option value=\"Islas Caim\u00e1n\">Ilhas Caim\u00e3o<\/option><option value=\"Islas Cook\">Ilhas Cook<\/option><option value=\"Islas Cocos\">Ilhas dos Cocos<\/option><option value=\"Islas Malvinas\">Ilhas Falkland<\/option><option value=\"Islas Heard y McDonald\">Ilhas Heard e McDonald<\/option><option value=\"Islas Marshall\">Ilhas Marshall<\/option><option value=\"Islas menores alejadas de los Estados Unidos\">Ilhas Menores Distantes dos Estados Unidos<\/option><option value=\"Islas Salom\u00f3n\">Ilhas Salom\u00e3o<\/option><option value=\"Islas Turcas y Caicos\">Ilhas Turcas e Caicos<\/option><option value=\"Islas V\u00edrgenes Americanas\">Ilhas Virgens Americanas<\/option><option value=\"Islas V\u00edrgenes Brit\u00e1nicas\">Ilhas Virgens Brit\u00e2nicas<\/option><option value=\"India (la)\">\u00cdndia<\/option><option value=\"Indonesia\">Indon\u00e9sia<\/option><option value=\"Iraq\">Iraque<\/option><option value=\"Irlanda\">Irlanda<\/option><option value=\"Ir\u00e1n\">Ir\u00e3o<\/option><option value=\"Islandia\">Isl\u00e2ndia<\/option><option value=\"Israel\">Israel<\/option><option value=\"Italia\">It\u00e1lia<\/option><option value=\"Yemen\">I\u00e9men<\/option><option value=\"Jamaica\">Jamaica<\/option><option value=\"Jap\u00f3n\">Jap\u00e3o<\/option><option value=\"Yibuti\">Jibuti<\/option><option value=\"Jordania\">Jord\u00e2nia<\/option><option value=\"Kuwait\">Kuwait<\/option><option value=\"Laos\">Laos<\/option><option value=\"Lesoto\">Lesoto<\/option><option value=\"Letonia\">Let\u00f3nia<\/option><option value=\"Liberia\">Lib\u00e9ria<\/option><option value=\"Liechtenstein\">Listenstaine<\/option><option value=\"Lituania\">Litu\u00e2nia<\/option><option value=\"Luxemburgo\">Luxemburgo<\/option><option value=\"L\u00edbano\">L\u00edbano<\/option><option value=\"Libia\">L\u00edbia<\/option><option value=\"Macao\">Macau<\/option><option value=\"Macedonia\">Maced\u00f3nia<\/option><option value=\"Madagascar\">Madag\u00e1scar<\/option><option value=\"Maldivas\">Maldivas<\/option><option value=\"Mal\u00ed\">Mali<\/option><option value=\"Malta\">Malta<\/option><option value=\"Malasia\">Mal\u00e1sia<\/option><option value=\"Malaui\">Mal\u00e1vi<\/option><option value=\"Islas Marianas del Norte\">Marianas do Norte<\/option><option value=\"Marruecos\">Marrocos<\/option><option value=\"Martinica\">Martinica<\/option><option value=\"Mauritania\">Maurit\u00e2nia<\/option><option value=\"Mauricio\">Maur\u00edcia<\/option><option value=\"Mayotte\">Mayotte<\/option><option value=\"Micronesia\">Micron\u00e9sia<\/option><option value=\"Moldavia\">Mold\u00e1via<\/option><option value=\"Mongolia\">Mong\u00f3lia<\/option><option value=\"Montserrat\">Monserrate<\/option><option value=\"Mozambique\">Mo\u00e7ambique<\/option><option value=\"M\u00e9xico\">M\u00e9xico<\/option><option value=\"M\u00f3naco\">M\u00f3naco<\/option><option value=\"Namibia\">Nam\u00edbia<\/option><option value=\"Nauru\">Nauru<\/option><option value=\"Nepal\">Nepal<\/option><option value=\"Nicaragua\">Nicar\u00e1gua<\/option><option value=\"Nigeria\">Nig\u00e9ria<\/option><option value=\"Niue\">Niue<\/option><option value=\"Noruega\">Noruega<\/option><option value=\"Nueva Caledonia\">Nova Caled\u00f3nia<\/option><option value=\"Nueva Zelanda\">Nova Zel\u00e2ndia<\/option><option value=\"N\u00edger\">N\u00edger<\/option><option value=\"Om\u00e1n\">Om\u00e3<\/option><option value=\"Palaos\">Palau<\/option><option value=\"Panam\u00e1\">Panam\u00e1<\/option><option value=\"Pap\u00faa-Nueva Guinea\">Papua-Nova Guin\u00e9<\/option><option value=\"Pakist\u00e1n\">Paquist\u00e3o<\/option><option value=\"Paraguay\">Paraguai<\/option><option value=\"Pa\u00edses Bajos\">Pa\u00edses Baixos<\/option><option value=\"Per\u00fa\">Peru<\/option><option value=\"Islas Pitcairn\">Pitcairn<\/option><option value=\"Polinesia Francesa\">Polin\u00e9sia Francesa<\/option><option value=\"Polonia\">Pol\u00f3nia<\/option><option value=\"Puerto Rico\">Porto Rico<\/option><option value=\"Portugal\">Portugal<\/option><option value=\"Kirguizist\u00e1n\">Quirguizist\u00e3o<\/option><option value=\"Kiribati\">Quirib\u00e1ti<\/option><option value=\"Kenia\">Qu\u00e9nia<\/option><option value=\"Reino Unido\">Reino Unido<\/option><option value=\"Rep\u00fablica Centroafricana\">Rep\u00fablica Centro-Africana<\/option><option value=\"Rep\u00fablica Checa\">Rep\u00fablica Checa<\/option><option value=\"Rep\u00fablica Dominicana\">Rep\u00fablica Dominicana<\/option><option value=\"Reuni\u00f3n\">Reuni\u00e3o<\/option><option value=\"Ruman\u00eda\">Rom\u00e9nia<\/option><option value=\"Ruanda\">Ruanda<\/option><option value=\"Rusia\">R\u00fassia<\/option><option value=\"El Salvador\">Salvador<\/option><option value=\"Samoa Americana\">Samoa Americana<\/option><option value=\"Samoa\">Samoa<\/option><option value=\"Santa Helena\">Santa Helena<\/option><option value=\"Santa Luc\u00eda\">Santa L\u00facia<\/option><option value=\"S\u00e1hara Occidental\">Sara Ocidental<\/option><option value=\"Seychelles\">Seicheles<\/option><option value=\"Senegal\">Senegal<\/option><option value=\"Serbia\">Serbia<\/option><option value=\"Sierra Leona\">Serra Leoa<\/option><option value=\"Singapur\">Singapura<\/option><option value=\"Somalia\">Som\u00e1lia<\/option><option value=\"Sri Lanka\">Sri Lanca<\/option><option value=\"Suazilandia\">Suazil\u00e2ndia<\/option><option value=\"Sud\u00e1n\">Sud\u00e3o<\/option><option value=\"Surinam\">Suriname<\/option><option value=\"Suecia\">Su\u00e9cia<\/option><option value=\"Suiza\">Su\u00ed\u00e7a<\/option><option value=\"Svalbard y Jan Mayen\">Svalbard e Jan Mayen<\/option><option value=\"San Crist\u00f3bal y Nieves\">S\u00e3o Crist\u00f3v\u00e3o e Neves<\/option><option value=\"San Marino\">S\u00e3o Marinho<\/option><option value=\"San Pedro y Miquel\u00f3n\">S\u00e3o Pedro e Miquelon<\/option><option value=\"Santo Tom\u00e9 y Pr\u00edncipe\">S\u00e3o Tom\u00e9 e Pr\u00edncipe<\/option><option value=\"San Vicente y las Granadinas\">S\u00e3o Vicente e Granadinas<\/option><option value=\"Siria\">S\u00edria<\/option><option value=\"Tailandia\">Tail\u00e2ndia<\/option><option value=\"Taiw\u00e1n\">Taiwan<\/option><option value=\"Tayikist\u00e1n\">Tajiquist\u00e3o<\/option><option value=\"Tanzania\">Tanz\u00e2nia<\/option><option value=\"Territorio Brit\u00e1nico del Oc\u00e9ano Indico\">Territ\u00f3rio Brit\u00e2nico do Oceano \u00cdndico<\/option><option value=\"Territorios Australes Franceses\">Territ\u00f3rios Austrais Franceses<\/option><option value=\"Timor Oriental\">Timor Leste<\/option><option value=\"Togo\">Togo<\/option><option value=\"Tokelau\">Tokelau<\/option><option value=\"Tonga\">Tonga<\/option><option value=\"Trinidad y Tobago\">Trindade e Tobago<\/option><option value=\"T\u00fanez\">Tun\u00edsia<\/option><option value=\"Turkmenist\u00e1n\">Turquemenist\u00e3o<\/option><option value=\"Turqu\u00eda\">Turquia<\/option><option value=\"Tuvalu\">Tuvalu<\/option><option value=\"Ucrania\">Ucr\u00e2nia<\/option><option value=\"Uganda\">Uganda<\/option><option value=\"Uruguay\">Uruguai<\/option><option value=\"Uzbekist\u00e1n\">Usbequist\u00e3o<\/option><option value=\"Vanuatu\">Vanuatu<\/option><option value=\"El Vaticano\">Vaticano<\/option><option value=\"Venezuela\">Venezuela<\/option><option value=\"Vietnam\">Vietname<\/option><option value=\"Wallis y Futuna\">Wallis e Futuna<\/option><option value=\"Zimbabue\">Zimbabu\u00e9<\/option><option value=\"Zambia\">Z\u00e2mbia<\/option><\/select><\/span> <\/label>\n\n<label>C\u00f3digo postal <sup>*<\/sup>\n    <span class=\"wpcf7-form-control-wrap\" data-name=\"codigo-548\"><input size=\"40\" maxlength=\"400\" class=\"wpcf7-form-control wpcf7-text wpcf7-validates-as-required\" aria-required=\"true\" aria-invalid=\"false\" value=\"\" type=\"text\" name=\"codigo-548\" \/><\/span> <\/label>\n\n<label>Regi\u00e3o <sup>*<\/sup>\n    <span class=\"wpcf7-form-control-wrap\" data-name=\"provincia-548\"><input size=\"40\" maxlength=\"400\" class=\"wpcf7-form-control wpcf7-text wpcf7-validates-as-required\" aria-required=\"true\" aria-invalid=\"false\" value=\"\" type=\"text\" name=\"provincia-548\" \/><\/span> <\/label>\n\n<label>Localidade <sup>*<\/sup>\n    <span class=\"wpcf7-form-control-wrap\" data-name=\"poblacion-548\"><input size=\"40\" maxlength=\"400\" class=\"wpcf7-form-control wpcf7-text wpcf7-validates-as-required\" aria-required=\"true\" aria-invalid=\"false\" value=\"\" type=\"text\" name=\"poblacion-548\" \/><\/span> <\/label>\n<\/div>\n<\/div>\n<\/div>\n\n<div class=\"bloque-producto\">\n<span>Produto<\/span>\n<div class=\"bloque-producto-inner\">\n<label>Familia de produto<sup>*<\/sup>\n    <span class=\"wpcf7-form-control-wrap\" data-name=\"producto-548\"><select class=\"wpcf7-form-control wpcf7-select wpcf7-validates-as-required\" aria-required=\"true\" aria-invalid=\"false\" name=\"producto-548\"><option value=\"Salamandra de pellets\">Salamandra de pellets<\/option><option value=\"Caldeira de pellets\">Caldeira de pellets<\/option><option value=\"Salamandra ou caldeira de lenha\">Salamandra ou caldeira de lenha<\/option><option value=\"Bomba de calor geot\u00e9rmica\">Bomba de calor geot\u00e9rmica<\/option><option value=\"Bomba de calor aerot\u00e9rmica\">Bomba de calor aerot\u00e9rmica<\/option><option value=\"Gestores energeticos\">Gestores energeticos<\/option><\/select><\/span> <\/label>\n\n<label>Coment\u00e1rios <sup>*<\/sup>\n    <span class=\"wpcf7-form-control-wrap\" data-name=\"textarea-548\"><textarea cols=\"40\" rows=\"4\" maxlength=\"200\" class=\"wpcf7-form-control wpcf7-textarea wpcf7-validates-as-required\" aria-required=\"true\" aria-invalid=\"false\" name=\"textarea-548\"><\/textarea><\/span> \n    Max:<span class=\"wpcf7-character-count down\" data-target-name=\"textarea-548\" data-starting-value=\"200\" data-current-value=\"200\" data-maximum-value=\"200\">200<\/span> <\/label>\n\n<\/div>\n<\/div>\n\n<div class=\"bloque-legal\">\n<span>Termos e condi\u00e7\u00f5es<\/span>\n<div class=\"bloque-legal-inner\">\n<label>Termos e condi\u00e7\u00f5es<\/label>\n<div class=\"texto-legal\">\n<p>Em conformidade com o regulamento (UE) relativo \u00e0 protec\u00e7\u00e3o das pessoas singulares no que diz respeito ao tratamento de dados pessoais e \u00e0 sua livre circula\u00e7\u00e3o, informamos que os dados contidos neste formul\u00e1rio ser\u00e3o inclu\u00eddos num ficheiro de dados pessoais com a finalidade de lhe fornecer informa\u00e7\u00f5es e realizar ac\u00e7\u00f5es comerciais e de marketing relacionadas com os servi\u00e7os oferecidos pela ECOFOREST.<\/p>\n<\/div>\nThis site is protected by reCAPTCHA and the Google <a href=\"https:\/\/policies.google.com\/privacy\" rel=\"nofollow noopener\" target=\"_blank\">Privacy Policy<\/a> and <a href=\"https:\/\/policies.google.com\/terms\" rel=\"nofollow noopener\" target=\"_blank\">Terms of Service<\/a> apply.\n<input class=\"wpcf7-form-control wpcf7-hidden\" value=\"pt\" type=\"hidden\" name=\"idioma\" \/>\n<span class=\"wpcf7-form-control-wrap\" data-name=\"acceptance-600\"><span class=\"wpcf7-form-control wpcf7-acceptance\"><span class=\"wpcf7-list-item\"><input type=\"checkbox\" name=\"acceptance-600\" value=\"1\" aria-invalid=\"false\" \/><\/span><\/span><\/span> Aceito termos e condi\u00e7\u00f5es\n<\/div>\n<\/div>\n<input class=\"wpcf7-form-control wpcf7-submit has-spinner\" type=\"submit\" value=\"Enviar\" \/><div class=\"wpcf7-response-output\" aria-hidden=\"true\"><\/div>\n<\/form>\n<\/div>\n\n","protected":false},"excerpt":{"rendered":"<p>Pedir um or\u00e7amento \/ informa\u00e7\u00f5es sobre o produto Procura adquirir um equipamento Ecoforest? A Ecoforest t\u00eam uma rede de instaladores e distribuidores oficiais ao redor do mundo, com os conhecimentos necess\u00e1rios para lhe oferecer o melhor servi\u00e7o. Por favor, complete o formul\u00e1rio e a nossa equipa comercial entrar\u00e1 em contacto consigo o mais brevemente poss\u00edvel.<\/p>\n","protected":false},"author":1,"featured_media":0,"parent":0,"menu_order":0,"comment_status":"closed","ping_status":"closed","template":"","meta":{"_acf_changed":false,"_kad_blocks_custom_css":"","_kad_blocks_head_custom_js":"","_kad_blocks_body_custom_js":"","_kad_blocks_footer_custom_js":"","site-sidebar-layout":"default","site-content-layout":"default","ast-site-content-layout":"default","site-content-style":"default","site-sidebar-style":"default","ast-global-header-display":"","ast-banner-title-visibility":"","ast-main-header-display":"","ast-hfb-above-header-display":"","ast-hfb-below-header-display":"","ast-hfb-mobile-header-display":"","site-post-title":"disabled","ast-breadcrumbs-content":"","ast-featured-img":"","footer-sml-layout":"","ast-disable-related-posts":"","theme-transparent-header-meta":"default","adv-header-id-meta":"","stick-header-meta":"default","header-above-stick-meta":"","header-main-stick-meta":"","header-below-stick-meta":"","astra-migrate-meta-layouts":"set","ast-page-background-enabled":"default","ast-page-background-meta":{"desktop":{"background-color":"","background-image":"","background-repeat":"repeat","background-position":"center center","background-size":"auto","background-attachment":"scroll","background-type":"","background-media":"","overlay-type":"","overlay-color":"","overlay-opacity":"","overlay-gradient":""},"tablet":{"background-color":"","background-image":"","background-repeat":"repeat","background-position":"center center","background-size":"auto","background-attachment":"scroll","background-type":"","background-media":"","overlay-type":"","overlay-color":"","overlay-opacity":"","overlay-gradient":""},"mobile":{"background-color":"","background-image":"","background-repeat":"repeat","background-position":"center center","background-size":"auto","background-attachment":"scroll","background-type":"","background-media":"","overlay-type":"","overlay-color":"","overlay-opacity":"","overlay-gradient":""}},"ast-content-background-meta":{"desktop":{"background-color":"var(--ast-global-color-5)","background-image":"","background-repeat":"repeat","background-position":"center center","background-size":"auto","background-attachment":"scroll","background-type":"","background-media":"","overlay-type":"","overlay-color":"","overlay-opacity":"","overlay-gradient":""},"tablet":{"background-color":"var(--ast-global-color-5)","background-image":"","background-repeat":"repeat","background-position":"center center","background-size":"auto","background-attachment":"scroll","background-type":"","background-media":"","overlay-type":"","overlay-color":"","overlay-opacity":"","overlay-gradient":""},"mobile":{"background-color":"var(--ast-global-color-5)","background-image":"","background-repeat":"repeat","background-position":"center center","background-size":"auto","background-attachment":"scroll","background-type":"","background-media":"","overlay-type":"","overlay-color":"","overlay-opacity":"","overlay-gradient":""}},"footnotes":""},"class_list":["post-6347","page","type-page","status-publish","hentry"],"acf":[],"featured_image_src_large":false,"author_info":{"display_name":"desarrollo","author_link":"https:\/\/ecoforest.com\/pt-pt\/author\/desarrollo\/"},"comment_info":0,"taxonomy_info":[],"_links":{"self":[{"href":"https:\/\/ecoforest.com\/pt-pt\/wp-json\/wp\/v2\/pages\/6347","targetHints":{"allow":["GET"]}}],"collection":[{"href":"https:\/\/ecoforest.com\/pt-pt\/wp-json\/wp\/v2\/pages"}],"about":[{"href":"https:\/\/ecoforest.com\/pt-pt\/wp-json\/wp\/v2\/types\/page"}],"author":[{"embeddable":true,"href":"https:\/\/ecoforest.com\/pt-pt\/wp-json\/wp\/v2\/users\/1"}],"replies":[{"embeddable":true,"href":"https:\/\/ecoforest.com\/pt-pt\/wp-json\/wp\/v2\/comments?post=6347"}],"version-history":[{"count":8,"href":"https:\/\/ecoforest.com\/pt-pt\/wp-json\/wp\/v2\/pages\/6347\/revisions"}],"predecessor-version":[{"id":38878,"href":"https:\/\/ecoforest.com\/pt-pt\/wp-json\/wp\/v2\/pages\/6347\/revisions\/38878"}],"wp:attachment":[{"href":"https:\/\/ecoforest.com\/pt-pt\/wp-json\/wp\/v2\/media?parent=6347"}],"curies":[{"name":"wp","href":"https:\/\/api.w.org\/{rel}","templated":true}]}}