{"id":7232,"date":"2021-08-04T11:58:36","date_gmt":"2021-08-04T10:58:36","guid":{"rendered":"https:\/\/ecoforest.com\/accesorios-para-bombas-de-calor\/"},"modified":"2024-09-13T11:29:37","modified_gmt":"2024-09-13T10:29:37","slug":"accesorios","status":"publish","type":"page","link":"https:\/\/ecoforest.com\/pt-pt\/bomba-de-calor\/accesorios\/","title":{"rendered":"Accesorios bombas de calor"},"content":{"rendered":"<style>.wp-block-kadence-spacer.kt-block-spacer-_8f8862-8f .kt-block-spacer{height:20px;}.wp-block-kadence-spacer.kt-block-spacer-_8f8862-8f .kt-divider{border-top-width:1px;height:1px;border-top-color:#eee;width:80%;border-top-style:solid;}<\/style>\n<div class=\"wp-block-kadence-spacer aligncenter kt-block-spacer-_8f8862-8f\"><div class=\"kt-block-spacer kt-block-spacer-halign-center\"><\/div><\/div>\n\n\n<style id=\"kt-blocks_6cfe9a-f3\">.kt-post-loop_6cfe9a-f3 .kadence-post-image{padding-top:0px;padding-right:100px;padding-bottom:0px;padding-left:100px;}.kt-post-loop_6cfe9a-f3 .kt-post-grid-wrap{gap:0px 30px;}.kt-post-loop_6cfe9a-f3 .kt-blocks-post-grid-item{border-top-width:0px;border-right-width:0px;border-bottom-width:0px;border-left-width:0px;border-top-left-radius:0px;border-top-right-radius:0px;border-bottom-right-radius:0px;border-bottom-left-radius:0px;}.kt-post-loop_6cfe9a-f3 .kt-blocks-post-grid-item .kt-blocks-post-grid-item-inner{padding-top:0px;padding-right:0px;padding-bottom:0px;padding-left:0px;}.kt-post-loop_6cfe9a-f3 .kt-blocks-post-grid-item .kt-blocks-post-grid-item-inner{text-align:left;}.kt-post-loop_6cfe9a-f3 .kt-blocks-post-grid-item header{background-color:#ffffff;padding-top:10px;padding-right:0px;padding-bottom:10px;padding-left:0px;margin-top:0px;margin-right:0px;margin-bottom:0px;margin-left:0px;}.kt-post-loop_6cfe9a-f3 .kt-blocks-post-grid-item .kt-blocks-above-categories{font-size:13px;line-height:20px;text-transform:uppercase;}.kt-post-loop_6cfe9a-f3 .kt-blocks-post-grid-item .entry-title{padding-top:5px;padding-right:0px;padding-bottom:0px;padding-left:0px;margin-top:0px;margin-right:0px;margin-bottom:0px;margin-left:0px;font-size:24px;line-height:30px;}.kt-post-loop_6cfe9a-f3 .entry-content{padding-top:0px;padding-right:0px;padding-bottom:0px;padding-left:0px;margin-top:0px;margin-right:0px;margin-bottom:0px;margin-left:0px;}.kt-post-loop_6cfe9a-f3 .kt-blocks-post-footer{border-color:#aaaaaa;color:#aaaaaa;border-top-width:2px;border-right-width:0px;border-bottom-width:0px;border-left-width:0px;padding-top:5px;padding-right:0px;padding-bottom:0px;padding-left:0px;margin-top:20px;margin-right:0px;margin-bottom:0px;margin-left:0px;font-size:12px;line-height:20px;text-transform:uppercase;}.kt-post-loop_6cfe9a-f3 .entry-content:after{height:20px;}.kt-post-loop_6cfe9a-f3 .kt-blocks-post-footer a{color:#aaaaaa;}.kt-post-loop_6cfe9a-f3 .kt-blocks-post-footer a:hover{color:#7f7f7f;}.kt-post-loop_6cfe9a-f3 .kb-filter-item{border-top-width:0px;border-right-width:0px;border-bottom-width:2px;border-left-width:0px;padding-top:5px;padding-right:8px;padding-bottom:5px;padding-left:8px;margin-top:0px;margin-right:10px;margin-bottom:0px;margin-left:0px;}<\/style><div class=\"wp-block-kadence-postgrid kt-blocks-post-loop-block alignnone kt-post-loop_6cfe9a-f3 kt-post-grid-layout-grid \"><div class=\"kt-post-grid-layout-grid-wrap kt-post-grid-wrap\" data-columns-xxl=\"2\" data-columns-xl=\"2\" data-columns-md=\"2\" data-columns-sm=\"2\" data-columns-xs=\"1\" data-columns-ss=\"1\"data-item-selector=\".kt-post-masonry-item\"><article class=\"kt-blocks-post-grid-item post-25656 ecoforest_product type-ecoforest_product status-publish has-post-thumbnail hentry category-gestores-energeticos ast-grid-common-col ast-full-width ast-article-post\"><div class=\"kt-blocks-post-grid-item-inner-wrap kt-feat-image-align-top kt-feat-image-mobile-align-top\"><div class=\"kadence-post-image\"><div class=\"kadence-post-image-intrisic kt-image-ratio-66-67\" style=\"padding-bottom:66.67%\"><div class=\"kadence-post-image-inner-intrisic\"><a href=\"https:\/\/ecoforest.com\/pt-pt\/produtos\/bombas-de-calor\/gestores-energeticos\/ecosmart-e-source-community\/\" class=\"kadence-post-image-inner-wrap\"><img loading=\"lazy\" decoding=\"async\" width=\"819\" height=\"388\" src=\"https:\/\/ecoforest.com\/wp-content\/uploads\/2022\/03\/ecosmart_esource_ok.png\" class=\"attachment-2048x2048 size-2048x2048 wp-post-image\" alt=\"Ecoforest e-source community.\" srcset=\"https:\/\/ecoforest.com\/wp-content\/uploads\/2022\/03\/ecosmart_esource_ok.png 819w, https:\/\/ecoforest.com\/wp-content\/uploads\/2022\/03\/ecosmart_esource_ok-300x142.png 300w, https:\/\/ecoforest.com\/wp-content\/uploads\/2022\/03\/ecosmart_esource_ok-768x364.png 768w\" sizes=\"auto, (max-width: 819px) 100vw, 819px\" title=\"\"><\/a><\/div><\/div><\/div><div class=\"kt-blocks-post-grid-item-inner\"><header><h2 class=\"entry-title\"><a href=\"https:\/\/ecoforest.com\/pt-pt\/produtos\/bombas-de-calor\/gestores-energeticos\/ecosmart-e-source-community\/\">ecoSMART e-source community<\/a><\/h2><div class=\"kt-blocks-post-top-meta\"><\/div><\/header><div class=\"entry-content\">ecoSMART e-source community Control of multiple dwellings The ecoSMART e-source community allows the management of energy systems in newly-built community buildings or for replacing old boilers. With this device, Ecoforest enables the installation of a common source system with a single heat pump per house for individual production. This innovative device offers great advantages as [&hellip;]<\/div><footer class=\"kt-blocks-post-footer\"><div class=\"kt-blocks-post-footer-left\"><\/div><div class=\"kt-blocks-post-footer-right\"><\/div><\/footer><\/div><\/div><\/article><article class=\"kt-blocks-post-grid-item post-26103 ecoforest_product type-ecoforest_product status-publish has-post-thumbnail hentry category-accesorios ast-grid-common-col ast-full-width ast-article-post\"><div class=\"kt-blocks-post-grid-item-inner-wrap kt-feat-image-align-top kt-feat-image-mobile-align-top\"><div class=\"kadence-post-image\"><div class=\"kadence-post-image-intrisic kt-image-ratio-66-67\" style=\"padding-bottom:66.67%\"><div class=\"kadence-post-image-inner-intrisic\"><a href=\"https:\/\/ecoforest.com\/pt-pt\/produtos\/bomba-de-calor\/accesorios\/aerotermos-gama-au-alta-potencia\/\" class=\"kadence-post-image-inner-wrap\"><img loading=\"lazy\" decoding=\"async\" width=\"768\" height=\"364\" src=\"https:\/\/ecoforest.com\/wp-content\/uploads\/2022\/10\/ecoforest_au_HP_menu.png\" class=\"attachment-2048x2048 size-2048x2048 wp-post-image\" alt=\"\" srcset=\"https:\/\/ecoforest.com\/wp-content\/uploads\/2022\/10\/ecoforest_au_HP_menu.png 768w, https:\/\/ecoforest.com\/wp-content\/uploads\/2022\/10\/ecoforest_au_HP_menu-300x142.png 300w\" sizes=\"auto, (max-width: 768px) 100vw, 768px\" title=\"\"><\/a><\/div><\/div><\/div><div class=\"kt-blocks-post-grid-item-inner\"><header><h2 class=\"entry-title\"><a href=\"https:\/\/ecoforest.com\/pt-pt\/produtos\/bomba-de-calor\/accesorios\/aerotermos-gama-au-alta-potencia\/\">Aerotermos: gama de alta pot\u00eancia AU<\/a><\/h2><div class=\"kt-blocks-post-top-meta\"><\/div><\/header><div class=\"entry-content\">Aerotermos: gama de alta pot\u00eancia AU A combina\u00e7\u00e3o das nossas bombas de calor ecoGEO+ e as nossas unidades exteriores AU oferece uma combina\u00e7\u00e3o da bomba de calor ecoGEO+ com bomba de calor de fonte de ar ou bomba de calor h\u00edbrida com unidades exteriores de bomba de calor de fonte de ar. Entre as vantagens [&hellip;]<\/div><footer class=\"kt-blocks-post-footer\"><div class=\"kt-blocks-post-footer-left\"><\/div><div class=\"kt-blocks-post-footer-right\"><\/div><\/footer><\/div><\/div><\/article><article class=\"kt-blocks-post-grid-item post-26093 ecoforest_product type-ecoforest_product status-publish has-post-thumbnail hentry category-accesorios ast-grid-common-col ast-full-width ast-article-post\"><div class=\"kt-blocks-post-grid-item-inner-wrap kt-feat-image-align-top kt-feat-image-mobile-align-top\"><div class=\"kadence-post-image\"><div class=\"kadence-post-image-intrisic kt-image-ratio-66-67\" style=\"padding-bottom:66.67%\"><div class=\"kadence-post-image-inner-intrisic\"><a href=\"https:\/\/ecoforest.com\/pt-pt\/produtos\/bomba-de-calor\/accesorios\/aerotermos-gama-au-domestica\/\" class=\"kadence-post-image-inner-wrap\"><img loading=\"lazy\" decoding=\"async\" width=\"768\" height=\"364\" src=\"https:\/\/ecoforest.com\/wp-content\/uploads\/2022\/10\/ecoforest_au_menu.png\" class=\"attachment-2048x2048 size-2048x2048 wp-post-image\" alt=\"\" srcset=\"https:\/\/ecoforest.com\/wp-content\/uploads\/2022\/10\/ecoforest_au_menu.png 768w, https:\/\/ecoforest.com\/wp-content\/uploads\/2022\/10\/ecoforest_au_menu-300x142.png 300w\" sizes=\"auto, (max-width: 768px) 100vw, 768px\" title=\"\"><\/a><\/div><\/div><\/div><div class=\"kt-blocks-post-grid-item-inner\"><header><h2 class=\"entry-title\"><a href=\"https:\/\/ecoforest.com\/pt-pt\/produtos\/bomba-de-calor\/accesorios\/aerotermos-gama-au-domestica\/\">Aerotermos: Gama AU dom\u00e9stica<\/a><\/h2><div class=\"kt-blocks-post-top-meta\"><\/div><\/header><div class=\"entry-content\">Aerotermos: Gama AU dom\u00e9stica A combina\u00e7\u00e3o das nossas bombas de calor ecoGEO+ e as nossas unidades exteriores AU oferece uma combina\u00e7\u00e3o da bomba de calor ecoGEO+ com bombas de calor aerot\u00e9rmicas ou h\u00edbridas com unidades exteriores aerot\u00e9rmicas em casas. As vantagens destes sistemas incluem a capacidade de reduzir os custos de instala\u00e7\u00e3o e manter a [&hellip;]<\/div><footer class=\"kt-blocks-post-footer\"><div class=\"kt-blocks-post-footer-left\"><\/div><div class=\"kt-blocks-post-footer-right\"><\/div><\/footer><\/div><\/div><\/article><article class=\"kt-blocks-post-grid-item post-26142 ecoforest_product type-ecoforest_product status-publish has-post-thumbnail hentry category-accesorios ast-grid-common-col ast-full-width ast-article-post\"><div class=\"kt-blocks-post-grid-item-inner-wrap kt-feat-image-align-top kt-feat-image-mobile-align-top\"><div class=\"kadence-post-image\"><div class=\"kadence-post-image-intrisic kt-image-ratio-66-67\" style=\"padding-bottom:66.67%\"><div class=\"kadence-post-image-inner-intrisic\"><a href=\"https:\/\/ecoforest.com\/pt-pt\/produtos\/bomba-de-calor\/accesorios\/depositos-de-inercia\/\" class=\"kadence-post-image-inner-wrap\"><img loading=\"lazy\" decoding=\"async\" width=\"1024\" height=\"485\" src=\"https:\/\/ecoforest.com\/wp-content\/uploads\/2022\/11\/Depositos-inercia-general-ecoforest-6.png\" class=\"attachment-2048x2048 size-2048x2048 wp-post-image\" alt=\"\" srcset=\"https:\/\/ecoforest.com\/wp-content\/uploads\/2022\/11\/Depositos-inercia-general-ecoforest-6.png 1024w, https:\/\/ecoforest.com\/wp-content\/uploads\/2022\/11\/Depositos-inercia-general-ecoforest-6-300x142.png 300w, https:\/\/ecoforest.com\/wp-content\/uploads\/2022\/11\/Depositos-inercia-general-ecoforest-6-768x364.png 768w\" sizes=\"auto, (max-width: 1024px) 100vw, 1024px\" title=\"\"><\/a><\/div><\/div><\/div><div class=\"kt-blocks-post-grid-item-inner\"><header><h2 class=\"entry-title\"><a href=\"https:\/\/ecoforest.com\/pt-pt\/produtos\/bomba-de-calor\/accesorios\/depositos-de-inercia\/\">Dep\u00f3sitos de in\u00e9rcia<\/a><\/h2><div class=\"kt-blocks-post-top-meta\"><\/div><\/header><div class=\"entry-content\">Dep\u00f3sitos de in\u00e9rcia para bombas de calor Na Ecoforest procuramos fornecer o m\u00e1ximo conforto aos nossos clientes, por isso disponibilizamos uma vasta gama de dep\u00f3sitos de in\u00e9rcia de alta qualidade, especialmente concebidos para funcionamento com as bombas de calor Ecoforest, tanto a gama de bombas de calor aerot\u00e9rmicas como as bombas de calor geot\u00e9rmicas. Estes [&hellip;]<\/div><footer class=\"kt-blocks-post-footer\"><div class=\"kt-blocks-post-footer-left\"><\/div><div class=\"kt-blocks-post-footer-right\"><\/div><\/footer><\/div><\/div><\/article><\/div><\/div><!-- .wp-block-kadence-postgrid -->\n\n<style>.wp-block-kadence-spacer.kt-block-spacer-_29c2c7-df .kt-block-spacer{height:60px;}.wp-block-kadence-spacer.kt-block-spacer-_29c2c7-df .kt-divider{border-top-width:1px;height:1px;border-top-color:#eee;width:80%;border-top-style:solid;}<\/style>\n<div class=\"wp-block-kadence-spacer aligncenter kt-block-spacer-_29c2c7-df\"><div class=\"kt-block-spacer kt-block-spacer-halign-center\"><\/div><\/div>\n","protected":false},"excerpt":{"rendered":"","protected":false},"author":1,"featured_media":0,"parent":33250,"menu_order":0,"comment_status":"closed","ping_status":"closed","template":"","meta":{"_acf_changed":false,"_kad_blocks_custom_css":"","_kad_blocks_head_custom_js":"","_kad_blocks_body_custom_js":"","_kad_blocks_footer_custom_js":"","site-sidebar-layout":"default","site-content-layout":"plain-container","ast-site-content-layout":"normal-width-container","site-content-style":"unboxed","site-sidebar-style":"unboxed","ast-global-header-display":"","ast-banner-title-visibility":"","ast-main-header-display":"","ast-hfb-above-header-display":"","ast-hfb-below-header-display":"","ast-hfb-mobile-header-display":"","site-post-title":"","ast-breadcrumbs-content":"","ast-featured-img":"","footer-sml-layout":"","ast-disable-related-posts":"","theme-transparent-header-meta":"default","adv-header-id-meta":"","stick-header-meta":"default","header-above-stick-meta":"","header-main-stick-meta":"","header-below-stick-meta":"","astra-migrate-meta-layouts":"set","ast-page-background-enabled":"default","ast-page-background-meta":{"desktop":{"background-color":"","background-image":"","background-repeat":"repeat","background-position":"center center","background-size":"auto","background-attachment":"scroll","background-type":"","background-media":"","overlay-type":"","overlay-color":"","overlay-opacity":"","overlay-gradient":""},"tablet":{"background-color":"","background-image":"","background-repeat":"repeat","background-position":"center center","background-size":"auto","background-attachment":"scroll","background-type":"","background-media":"","overlay-type":"","overlay-color":"","overlay-opacity":"","overlay-gradient":""},"mobile":{"background-color":"","background-image":"","background-repeat":"repeat","background-position":"center center","background-size":"auto","background-attachment":"scroll","background-type":"","background-media":"","overlay-type":"","overlay-color":"","overlay-opacity":"","overlay-gradient":""}},"ast-content-background-meta":{"desktop":{"background-color":"var(--ast-global-color-5)","background-image":"","background-repeat":"repeat","background-position":"center center","background-size":"auto","background-attachment":"scroll","background-type":"","background-media":"","overlay-type":"","overlay-color":"","overlay-opacity":"","overlay-gradient":""},"tablet":{"background-color":"var(--ast-global-color-5)","background-image":"","background-repeat":"repeat","background-position":"center center","background-size":"auto","background-attachment":"scroll","background-type":"","background-media":"","overlay-type":"","overlay-color":"","overlay-opacity":"","overlay-gradient":""},"mobile":{"background-color":"var(--ast-global-color-5)","background-image":"","background-repeat":"repeat","background-position":"center center","background-size":"auto","background-attachment":"scroll","background-type":"","background-media":"","overlay-type":"","overlay-color":"","overlay-opacity":"","overlay-gradient":""}},"footnotes":""},"class_list":["post-7232","page","type-page","status-publish","hentry"],"acf":[],"featured_image_src_large":false,"author_info":{"display_name":"desarrollo","author_link":"https:\/\/ecoforest.com\/pt-pt\/author\/desarrollo\/"},"comment_info":0,"taxonomy_info":[],"_links":{"self":[{"href":"https:\/\/ecoforest.com\/pt-pt\/wp-json\/wp\/v2\/pages\/7232","targetHints":{"allow":["GET"]}}],"collection":[{"href":"https:\/\/ecoforest.com\/pt-pt\/wp-json\/wp\/v2\/pages"}],"about":[{"href":"https:\/\/ecoforest.com\/pt-pt\/wp-json\/wp\/v2\/types\/page"}],"author":[{"embeddable":true,"href":"https:\/\/ecoforest.com\/pt-pt\/wp-json\/wp\/v2\/users\/1"}],"replies":[{"embeddable":true,"href":"https:\/\/ecoforest.com\/pt-pt\/wp-json\/wp\/v2\/comments?post=7232"}],"version-history":[{"count":5,"href":"https:\/\/ecoforest.com\/pt-pt\/wp-json\/wp\/v2\/pages\/7232\/revisions"}],"predecessor-version":[{"id":42037,"href":"https:\/\/ecoforest.com\/pt-pt\/wp-json\/wp\/v2\/pages\/7232\/revisions\/42037"}],"up":[{"embeddable":true,"href":"https:\/\/ecoforest.com\/pt-pt\/wp-json\/wp\/v2\/pages\/33250"}],"wp:attachment":[{"href":"https:\/\/ecoforest.com\/pt-pt\/wp-json\/wp\/v2\/media?parent=7232"}],"curies":[{"name":"wp","href":"https:\/\/api.w.org\/{rel}","templated":true}]}}