{"id":8614,"date":"2021-06-16T15:37:10","date_gmt":"2021-06-16T14:37:10","guid":{"rendered":"https:\/\/ecoforest.com\/accesorios-para-calderas-de-pellets\/"},"modified":"2023-10-18T09:04:56","modified_gmt":"2023-10-18T08:04:56","slug":"acessorios-caldeiras","status":"publish","type":"page","link":"https:\/\/ecoforest.com\/pt-pt\/pellets\/acessorios-caldeiras\/","title":{"rendered":"Acess\u00f3rios"},"content":{"rendered":"<style id=\"kt-blocks_61b789-27\">.kt-post-loop_61b789-27 .kadence-post-image{padding-top:0px;padding-right:100px;padding-bottom:0px;padding-left:100px;}.kt-post-loop_61b789-27 .kt-post-grid-wrap{gap:0px 30px;}.kt-post-loop_61b789-27 .kt-blocks-post-grid-item{border-top-width:0px;border-right-width:0px;border-bottom-width:0px;border-left-width:0px;border-top-left-radius:0px;border-top-right-radius:0px;border-bottom-right-radius:0px;border-bottom-left-radius:0px;}.kt-post-loop_61b789-27 .kt-blocks-post-grid-item .kt-blocks-post-grid-item-inner{padding-top:0px;padding-right:0px;padding-bottom:0px;padding-left:0px;}.kt-post-loop_61b789-27 .kt-blocks-post-grid-item .kt-blocks-post-grid-item-inner{text-align:left;}.kt-post-loop_61b789-27 .kt-blocks-post-grid-item header{background-color:#ffffff;padding-top:10px;padding-right:0px;padding-bottom:10px;padding-left:0px;margin-top:0px;margin-right:0px;margin-bottom:0px;margin-left:0px;}.kt-post-loop_61b789-27 .kt-blocks-post-grid-item .kt-blocks-above-categories{font-size:13px;line-height:20px;text-transform:uppercase;}.kt-post-loop_61b789-27 .kt-blocks-post-grid-item .entry-title{padding-top:5px;padding-right:0px;padding-bottom:0px;padding-left:0px;margin-top:0px;margin-right:0px;margin-bottom:0px;margin-left:0px;font-size:24px;line-height:30px;}.kt-post-loop_61b789-27 .entry-content{padding-top:0px;padding-right:0px;padding-bottom:0px;padding-left:0px;margin-top:0px;margin-right:0px;margin-bottom:0px;margin-left:0px;}.kt-post-loop_61b789-27 .kt-blocks-post-footer{border-color:#aaaaaa;color:#aaaaaa;border-top-width:2px;border-right-width:0px;border-bottom-width:0px;border-left-width:0px;padding-top:5px;padding-right:0px;padding-bottom:0px;padding-left:0px;margin-top:20px;margin-right:0px;margin-bottom:0px;margin-left:0px;font-size:12px;line-height:20px;text-transform:uppercase;}.kt-post-loop_61b789-27 .entry-content:after{height:20px;}.kt-post-loop_61b789-27 .kt-blocks-post-footer a{color:#aaaaaa;}.kt-post-loop_61b789-27 .kt-blocks-post-footer a:hover{color:#7f7f7f;}.kt-post-loop_61b789-27 .kb-filter-item{border-top-width:0px;border-right-width:0px;border-bottom-width:2px;border-left-width:0px;padding-top:5px;padding-right:8px;padding-bottom:5px;padding-left:8px;margin-top:0px;margin-right:10px;margin-bottom:0px;margin-left:0px;}<\/style><div class=\"wp-block-kadence-postgrid kt-blocks-post-loop-block alignnone kt-post-loop_61b789-27 kt-post-grid-layout-grid \"><div class=\"kt-post-grid-layout-grid-wrap kt-post-grid-wrap\" data-columns-xxl=\"2\" data-columns-xl=\"2\" data-columns-md=\"2\" data-columns-sm=\"2\" data-columns-xs=\"1\" data-columns-ss=\"1\"data-item-selector=\".kt-post-masonry-item\"><article class=\"kt-blocks-post-grid-item post-25749 ecoforest_product type-ecoforest_product status-publish has-post-thumbnail hentry category-acessorios-caldeiras ast-grid-common-col ast-full-width ast-article-post\"><div class=\"kt-blocks-post-grid-item-inner-wrap kt-feat-image-align-top kt-feat-image-mobile-align-top\"><div class=\"kadence-post-image\"><div class=\"kadence-post-image-intrisic kt-image-ratio-66-67\" style=\"padding-bottom:66.67%\"><div class=\"kadence-post-image-inner-intrisic\"><a href=\"https:\/\/ecoforest.com\/pt-pt\/produtos\/biomassa\/pellets\/acessorios-caldeiras\/kit-silo\/\" class=\"kadence-post-image-inner-wrap\"><img loading=\"lazy\" decoding=\"async\" width=\"870\" height=\"601\" src=\"https:\/\/ecoforest.com\/wp-content\/uploads\/2022\/10\/silos_web.png\" class=\"attachment-2048x2048 size-2048x2048 wp-post-image\" alt=\"\" srcset=\"https:\/\/ecoforest.com\/wp-content\/uploads\/2022\/10\/silos_web.png 870w, https:\/\/ecoforest.com\/wp-content\/uploads\/2022\/10\/silos_web-300x207.png 300w, https:\/\/ecoforest.com\/wp-content\/uploads\/2022\/10\/silos_web-768x531.png 768w\" sizes=\"auto, (max-width: 870px) 100vw, 870px\" title=\"\"><\/a><\/div><\/div><\/div><div class=\"kt-blocks-post-grid-item-inner\"><header><h2 class=\"entry-title\"><a href=\"https:\/\/ecoforest.com\/pt-pt\/produtos\/biomassa\/pellets\/acessorios-caldeiras\/kit-silo\/\">Kit Silo<\/a><\/h2><div class=\"kt-blocks-post-top-meta\"><\/div><\/header><div class=\"entry-content\">Kit Silo, automatize a sua instala\u00e7\u00e3o Para fornecer um servi\u00e7o completo para instala\u00e7\u00f5es de caldeiras de peletiza\u00e7\u00e3o, a Ecoforest renovou a sua gama de silos: leves, resistentes, de alta capacidade e com alimenta\u00e7\u00e3o autom\u00e1tica \u00e0 caldeira inclu\u00edda. Os silos Ecoforest est\u00e3o ligados a um sistema de extrac\u00e7\u00e3o pneum\u00e1tico por meio de aspira\u00e7\u00e3o de pellets e [&hellip;]<\/div><footer class=\"kt-blocks-post-footer\"><div class=\"kt-blocks-post-footer-left\"><\/div><div class=\"kt-blocks-post-footer-right\"><\/div><\/footer><\/div><\/div><\/article><article class=\"kt-blocks-post-grid-item post-26154 ecoforest_product type-ecoforest_product status-publish has-post-thumbnail hentry category-acessorios-caldeiras ast-grid-common-col ast-full-width ast-article-post\"><div class=\"kt-blocks-post-grid-item-inner-wrap kt-feat-image-align-top kt-feat-image-mobile-align-top\"><div class=\"kadence-post-image\"><div class=\"kadence-post-image-intrisic kt-image-ratio-66-67\" style=\"padding-bottom:66.67%\"><div class=\"kadence-post-image-inner-intrisic\"><a href=\"https:\/\/ecoforest.com\/pt-pt\/produtos\/biomassa\/pellets\/acessorios-caldeiras\/gestor-de-zonas\/\" class=\"kadence-post-image-inner-wrap\"><img loading=\"lazy\" decoding=\"async\" width=\"1140\" height=\"540\" src=\"https:\/\/ecoforest.com\/wp-content\/uploads\/2021\/06\/Gestor-de-zonas-general.png\" class=\"attachment-2048x2048 size-2048x2048 wp-post-image\" alt=\"\" srcset=\"https:\/\/ecoforest.com\/wp-content\/uploads\/2021\/06\/Gestor-de-zonas-general.png 1140w, https:\/\/ecoforest.com\/wp-content\/uploads\/2021\/06\/Gestor-de-zonas-general-300x142.png 300w, https:\/\/ecoforest.com\/wp-content\/uploads\/2021\/06\/Gestor-de-zonas-general-1024x485.png 1024w, https:\/\/ecoforest.com\/wp-content\/uploads\/2021\/06\/Gestor-de-zonas-general-768x364.png 768w\" sizes=\"auto, (max-width: 1140px) 100vw, 1140px\" title=\"\"><\/a><\/div><\/div><\/div><div class=\"kt-blocks-post-grid-item-inner\"><header><h2 class=\"entry-title\"><a href=\"https:\/\/ecoforest.com\/pt-pt\/produtos\/biomassa\/pellets\/acessorios-caldeiras\/gestor-de-zonas\/\">Gestor de zonas<\/a><\/h2><div class=\"kt-blocks-post-top-meta\"><\/div><\/header><div class=\"entry-content\">Gestor de zonas &#8211; Caldeiras de pellets A tecnologia Ecoforest permite que a sa\u00edda da caldeira seja adaptada independentemente para cada servi\u00e7o. Gra\u00e7as ao gestor da zona, podemos agora controlar at\u00e9 3 zonas diferentes com a caldeira de pellets. Gestor de zona para caldeiras de pellets VAP Controlo de tr\u00eas temperaturas de fluxo As estrat\u00e9gias [&hellip;]<\/div><footer class=\"kt-blocks-post-footer\"><div class=\"kt-blocks-post-footer-left\"><\/div><div class=\"kt-blocks-post-footer-right\"><\/div><\/footer><\/div><\/div><\/article><article class=\"kt-blocks-post-grid-item post-27340 ecoforest_product type-ecoforest_product status-publish has-post-thumbnail hentry category-acessorios-caldeiras ast-grid-common-col ast-full-width ast-article-post\"><div class=\"kt-blocks-post-grid-item-inner-wrap kt-feat-image-align-top kt-feat-image-mobile-align-top\"><div class=\"kadence-post-image\"><div class=\"kadence-post-image-intrisic kt-image-ratio-66-67\" style=\"padding-bottom:66.67%\"><div class=\"kadence-post-image-inner-intrisic\"><a href=\"https:\/\/ecoforest.com\/pt-pt\/produtos\/biomassa\/pellets\/acessorios-caldeiras\/tanques-de-aqs-316-em-aco-inox-aisi\/\" class=\"kadence-post-image-inner-wrap\"><img loading=\"lazy\" decoding=\"async\" width=\"1024\" height=\"485\" src=\"https:\/\/ecoforest.com\/wp-content\/uploads\/2022\/10\/Depositos-ACS-general-1024x485-1.png\" class=\"attachment-2048x2048 size-2048x2048 wp-post-image\" alt=\"\" srcset=\"https:\/\/ecoforest.com\/wp-content\/uploads\/2022\/10\/Depositos-ACS-general-1024x485-1.png 1024w, https:\/\/ecoforest.com\/wp-content\/uploads\/2022\/10\/Depositos-ACS-general-1024x485-1-300x142.png 300w, https:\/\/ecoforest.com\/wp-content\/uploads\/2022\/10\/Depositos-ACS-general-1024x485-1-768x364.png 768w\" sizes=\"auto, (max-width: 1024px) 100vw, 1024px\" title=\"\"><\/a><\/div><\/div><\/div><div class=\"kt-blocks-post-grid-item-inner\"><header><h2 class=\"entry-title\"><a href=\"https:\/\/ecoforest.com\/pt-pt\/produtos\/biomassa\/pellets\/acessorios-caldeiras\/tanques-de-aqs-316-em-aco-inox-aisi\/\">Tanques de AQS 316 em a\u00e7o inox AISI<\/a><\/h2><div class=\"kt-blocks-post-top-meta\"><\/div><\/header><div class=\"entry-content\">Tanques de AQS 316 em a\u00e7o inox AISI Dep\u00f3sitos dom\u00e9sticos de \u00e1gua quente em a\u00e7o inoxid\u00e1vel AISI 316 especificamente concebidos para caldeiras Ecoforest.Bobina espiral ondulada flex\u00edvel com \u00f3ptima superf\u00edcie de contacto e melhor transmiss\u00e3o de calor.Isolamento t\u00e9rmico em espuma r\u00edgida de poliuretano injectado sem HCFC e acabamento exterior em PVC semi-r\u00edgido.<\/div><footer class=\"kt-blocks-post-footer\"><div class=\"kt-blocks-post-footer-left\"><\/div><div class=\"kt-blocks-post-footer-right\"><\/div><\/footer><\/div><\/div><\/article><article class=\"kt-blocks-post-grid-item post-27318 ecoforest_product type-ecoforest_product status-publish has-post-thumbnail hentry category-acessorios-caldeiras ast-grid-common-col ast-full-width ast-article-post\"><div class=\"kt-blocks-post-grid-item-inner-wrap kt-feat-image-align-top kt-feat-image-mobile-align-top\"><div class=\"kadence-post-image\"><div class=\"kadence-post-image-intrisic kt-image-ratio-66-67\" style=\"padding-bottom:66.67%\"><div class=\"kadence-post-image-inner-intrisic\"><a href=\"https:\/\/ecoforest.com\/pt-pt\/produtos\/biomassa\/pellets\/acessorios-caldeiras\/deposito-de-inercia\/\" class=\"kadence-post-image-inner-wrap\"><img loading=\"lazy\" decoding=\"async\" width=\"1024\" height=\"485\" src=\"https:\/\/ecoforest.com\/wp-content\/uploads\/2022\/11\/Depositos-inercia-general-ecoforest-6.png\" class=\"attachment-2048x2048 size-2048x2048 wp-post-image\" alt=\"\" srcset=\"https:\/\/ecoforest.com\/wp-content\/uploads\/2022\/11\/Depositos-inercia-general-ecoforest-6.png 1024w, https:\/\/ecoforest.com\/wp-content\/uploads\/2022\/11\/Depositos-inercia-general-ecoforest-6-300x142.png 300w, https:\/\/ecoforest.com\/wp-content\/uploads\/2022\/11\/Depositos-inercia-general-ecoforest-6-768x364.png 768w\" sizes=\"auto, (max-width: 1024px) 100vw, 1024px\" title=\"\"><\/a><\/div><\/div><\/div><div class=\"kt-blocks-post-grid-item-inner\"><header><h2 class=\"entry-title\"><a href=\"https:\/\/ecoforest.com\/pt-pt\/produtos\/biomassa\/pellets\/acessorios-caldeiras\/deposito-de-inercia\/\">Dep\u00f3sitos de in\u00e9rcia<\/a><\/h2><div class=\"kt-blocks-post-top-meta\"><\/div><\/header><div class=\"entry-content\">Dep\u00f3sitos de in\u00e9rcia para caldeiras Na Ecoforest procuramos fornecer o m\u00e1ximo conforto aos nossos clientes, por isso disponibilizamos uma vasta gama de dep\u00f3sitos de in\u00e9rcia de alta qualidade, especialmente concebidos para funcionamento com as caldeiras Ecoforest. Estes dep\u00f3sitos de in\u00e9rcia funcionam tanto para a acumula\u00e7\u00e3o de \u00e1gua quente como \u00e1gua fria, e o seu excelente [&hellip;]<\/div><footer class=\"kt-blocks-post-footer\"><div class=\"kt-blocks-post-footer-left\"><\/div><div class=\"kt-blocks-post-footer-right\"><\/div><\/footer><\/div><\/div><\/article><\/div><\/div><!-- .wp-block-kadence-postgrid -->\n\n<style>.wp-block-kadence-spacer.kt-block-spacer-_5fc411-20 .kt-block-spacer{height:60px;}.wp-block-kadence-spacer.kt-block-spacer-_5fc411-20 .kt-divider{border-top-width:1px;height:1px;border-top-color:#eee;width:80%;border-top-style:solid;}<\/style>\n<div class=\"wp-block-kadence-spacer aligncenter kt-block-spacer-_5fc411-20\"><div class=\"kt-block-spacer kt-block-spacer-halign-center\"><\/div><\/div>\n","protected":false},"excerpt":{"rendered":"","protected":false},"author":1,"featured_media":0,"parent":6409,"menu_order":0,"comment_status":"closed","ping_status":"closed","template":"","meta":{"_acf_changed":false,"_kad_blocks_custom_css":"","_kad_blocks_head_custom_js":"","_kad_blocks_body_custom_js":"","_kad_blocks_footer_custom_js":"","site-sidebar-layout":"default","site-content-layout":"plain-container","ast-site-content-layout":"default","site-content-style":"default","site-sidebar-style":"default","ast-global-header-display":"","ast-banner-title-visibility":"","ast-main-header-display":"","ast-hfb-above-header-display":"","ast-hfb-below-header-display":"","ast-hfb-mobile-header-display":"","site-post-title":"","ast-breadcrumbs-content":"","ast-featured-img":"","footer-sml-layout":"","ast-disable-related-posts":"","theme-transparent-header-meta":"default","adv-header-id-meta":"","stick-header-meta":"default","header-above-stick-meta":"","header-main-stick-meta":"","header-below-stick-meta":"","astra-migrate-meta-layouts":"default","ast-page-background-enabled":"default","ast-page-background-meta":{"desktop":{"background-color":"","background-image":"","background-repeat":"repeat","background-position":"center center","background-size":"auto","background-attachment":"scroll","background-type":"","background-media":"","overlay-type":"","overlay-color":"","overlay-opacity":"","overlay-gradient":""},"tablet":{"background-color":"","background-image":"","background-repeat":"repeat","background-position":"center center","background-size":"auto","background-attachment":"scroll","background-type":"","background-media":"","overlay-type":"","overlay-color":"","overlay-opacity":"","overlay-gradient":""},"mobile":{"background-color":"","background-image":"","background-repeat":"repeat","background-position":"center center","background-size":"auto","background-attachment":"scroll","background-type":"","background-media":"","overlay-type":"","overlay-color":"","overlay-opacity":"","overlay-gradient":""}},"ast-content-background-meta":{"desktop":{"background-color":"var(--ast-global-color-5)","background-image":"","background-repeat":"repeat","background-position":"center center","background-size":"auto","background-attachment":"scroll","background-type":"","background-media":"","overlay-type":"","overlay-color":"","overlay-opacity":"","overlay-gradient":""},"tablet":{"background-color":"var(--ast-global-color-5)","background-image":"","background-repeat":"repeat","background-position":"center center","background-size":"auto","background-attachment":"scroll","background-type":"","background-media":"","overlay-type":"","overlay-color":"","overlay-opacity":"","overlay-gradient":""},"mobile":{"background-color":"var(--ast-global-color-5)","background-image":"","background-repeat":"repeat","background-position":"center center","background-size":"auto","background-attachment":"scroll","background-type":"","background-media":"","overlay-type":"","overlay-color":"","overlay-opacity":"","overlay-gradient":""}},"footnotes":""},"class_list":["post-8614","page","type-page","status-publish","hentry"],"acf":[],"featured_image_src_large":false,"author_info":{"display_name":"desarrollo","author_link":"https:\/\/ecoforest.com\/pt-pt\/author\/desarrollo\/"},"comment_info":0,"taxonomy_info":[],"_links":{"self":[{"href":"https:\/\/ecoforest.com\/pt-pt\/wp-json\/wp\/v2\/pages\/8614","targetHints":{"allow":["GET"]}}],"collection":[{"href":"https:\/\/ecoforest.com\/pt-pt\/wp-json\/wp\/v2\/pages"}],"about":[{"href":"https:\/\/ecoforest.com\/pt-pt\/wp-json\/wp\/v2\/types\/page"}],"author":[{"embeddable":true,"href":"https:\/\/ecoforest.com\/pt-pt\/wp-json\/wp\/v2\/users\/1"}],"replies":[{"embeddable":true,"href":"https:\/\/ecoforest.com\/pt-pt\/wp-json\/wp\/v2\/comments?post=8614"}],"version-history":[{"count":4,"href":"https:\/\/ecoforest.com\/pt-pt\/wp-json\/wp\/v2\/pages\/8614\/revisions"}],"predecessor-version":[{"id":27559,"href":"https:\/\/ecoforest.com\/pt-pt\/wp-json\/wp\/v2\/pages\/8614\/revisions\/27559"}],"up":[{"embeddable":true,"href":"https:\/\/ecoforest.com\/pt-pt\/wp-json\/wp\/v2\/pages\/6409"}],"wp:attachment":[{"href":"https:\/\/ecoforest.com\/pt-pt\/wp-json\/wp\/v2\/media?parent=8614"}],"curies":[{"name":"wp","href":"https:\/\/api.w.org\/{rel}","templated":true}]}}